{"id":240692,"date":"2022-04-19T18:43:58","date_gmt":"2022-04-19T18:43:58","guid":{"rendered":"https:\/\/whistlesystem.com\/kontakt\/"},"modified":"2023-06-12T05:38:33","modified_gmt":"2023-06-12T05:38:33","slug":"kontakt","status":"publish","type":"page","link":"https:\/\/whistlesystem.com\/de\/kontakt\/","title":{"rendered":"Kontakt"},"content":{"rendered":"<p>[et_pb_section fb_built=&#8220;1&#8243; _builder_version=&#8220;4.16.0&#8243; _module_preset=&#8220;default&#8220; background_color=&#8220;#2B1E6B&#8220; custom_padding=&#8220;||34px|||&#8220; global_colors_info=&#8220;{}&#8220;][et_pb_row make_equal=&#8220;on&#8220; _builder_version=&#8220;4.16.0&#8243; _module_preset=&#8220;default&#8220; max_width=&#8220;900px&#8220; module_alignment=&#8220;center&#8220; custom_padding=&#8220;||0px|||&#8220; global_colors_info=&#8220;{}&#8220;][et_pb_column type=&#8220;4_4&#8243; module_class=&#8220;vertical-align&#8220; _builder_version=&#8220;4.16&#8243; _module_preset=&#8220;default&#8220; global_colors_info=&#8220;{}&#8220;][et_pb_text module_class=&#8220;intro&#8220; _builder_version=&#8220;4.18.0&#8243; _module_preset=&#8220;default&#8220; text_orientation=&#8220;center&#8220; background_layout=&#8220;dark&#8220; custom_padding=&#8220;||0px|||&#8220; hover_enabled=&#8220;0&#8243; global_colors_info=&#8220;{}&#8220; sticky_enabled=&#8220;0&#8243;]<\/p>\n<h1 class=\"preheader\">Kontakt<\/h1>\n<p class=\"title-hero\"><strong>Wie k\u00f6nnen wir helfen<\/strong>?<\/p>\n<p>Haben Sie Fragen zur Whistleblower-Richtlinie, zu WhistleSystem oder zu etwas anderem? Wir sind f\u00fcr Sie da![\/et_pb_text][\/et_pb_column][\/et_pb_row][\/et_pb_section][et_pb_section fb_built=&#8220;1&#8243; _builder_version=&#8220;4.16.0&#8243; _module_preset=&#8220;default&#8220; background_color=&#8220;#2B1E6B&#8220; use_background_color_gradient=&#8220;on&#8220; background_color_gradient_stops=&#8220;#2b1e6b 50%|#ffffff 50%&#8220; custom_padding=&#8220;0px||0px|||&#8220; global_colors_info=&#8220;{}&#8220;][et_pb_row use_custom_gutter=&#8220;on&#8220; gutter_width=&#8220;2&#8243; make_equal=&#8220;on&#8220; _builder_version=&#8220;4.16.0&#8243; _module_preset=&#8220;default&#8220; custom_padding=&#8220;34px||0px||false|false&#8220; global_colors_info=&#8220;{}&#8220;][et_pb_column type=&#8220;4_4&#8243; module_class=&#8220;box-outline&#8220; _builder_version=&#8220;4.16&#8243; _module_preset=&#8220;default&#8220; global_colors_info=&#8220;{}&#8220;][et_pb_text _builder_version=&#8220;4.18.0&#8243; _module_preset=&#8220;default&#8220; text_orientation=&#8220;center&#8220; global_colors_info=&#8220;{}&#8220;]<\/p>\n<h2>Senden Sie eine E-Mail<\/h2>\n<p class=\"title-medium\" style=\"font-size: 30px; height: 40px;\"><a href=\"mailto:support@whistlesystem.dk\">support@whistlesystem.com<\/a><\/p>\n<p>[\/et_pb_text][et_pb_blurb title=&#8220;Montag &#8211; Sonntag&#8220; use_icon=&#8220;on&#8220; font_icon=&#8220;&#x7d;||divi||400&#8243; image_icon_background_color=&#8220;#EBE7F8&#8243; icon_placement=&#8220;left&#8220; image_icon_width=&#8220;26px&#8220; _builder_version=&#8220;4.18.0&#8243; _module_preset=&#8220;default&#8220; header_level=&#8220;h6&#8243; header_text_color=&#8220;rgba(15,2,54,0.6)&#8220; body_text_color=&#8220;#0F0236&#8243; image_icon_custom_padding=&#8220;15px|15px|15px|15px|false|false&#8220; width=&#8220;250px&#8220; module_alignment=&#8220;center&#8220; custom_margin=&#8220;50px||||false|false&#8220; hover_enabled=&#8220;0&#8243; custom_css_blurb_title=&#8220;padding-bottom: 10px !important;&#8220; border_radii_image=&#8220;on|200px|200px|200px|200px&#8220; global_colors_info=&#8220;{}&#8220; sticky_enabled=&#8220;0&#8243;]<\/p>\n<p>Innerhalb von 24 Stunden<\/p>\n<p>[\/et_pb_blurb][\/et_pb_column][\/et_pb_row][\/et_pb_section][et_pb_section fb_built=&#8220;1&#8243; _builder_version=&#8220;4.16.0&#8243; _module_preset=&#8220;default&#8220; global_colors_info=&#8220;{}&#8220; disabled_on=&#8220;on|on|on&#8220; disabled=&#8220;on&#8220;][et_pb_row column_structure=&#8220;1_2,1_2&#8243; _builder_version=&#8220;4.16.0&#8243; _module_preset=&#8220;default&#8220; global_colors_info=&#8220;{}&#8220;][et_pb_column type=&#8220;1_2&#8243; _builder_version=&#8220;4.16.0&#8243; _module_preset=&#8220;default&#8220; global_colors_info=&#8220;{}&#8220;][et_pb_text _builder_version=&#8220;4.18.0&#8243; _module_preset=&#8220;default&#8220; hover_enabled=&#8220;0&#8243; global_colors_info=&#8220;{}&#8220; sticky_enabled=&#8220;0&#8243;]<\/p>\n<h2 class=\"title-big\">Haben Sie Fragen oder m\u00f6chten Sie mehr wissen?<\/h2>\n<p>[\/et_pb_text][et_pb_code _builder_version=&#8220;4.16.0&#8243; _module_preset=&#8220;default&#8220; global_colors_info=&#8220;{}&#8220;]<script><!-- [et_pb_line_break_holder] -->  hbspt.forms.create({<!-- [et_pb_line_break_holder] -->                             region: \"eu1\",<!-- [et_pb_line_break_holder] -->                             portalId: \"25264574\",<!-- [et_pb_line_break_holder] -->                             formId: \"b6ac59ee-01f3-4269-926d-72b5bc11cf0f\"<!-- [et_pb_line_break_holder] -->});<!-- [et_pb_line_break_holder] --><\/script>[\/et_pb_code][\/et_pb_column][et_pb_column type=&#8220;1_2&#8243; _builder_version=&#8220;4.16.0&#8243; _module_preset=&#8220;default&#8220; global_colors_info=&#8220;{}&#8220;][et_pb_image src=&#8220;https:\/\/whistlesystem.com\/wp-content\/uploads\/2022\/04\/whistleblower-system-42.jpg&#8220; title_text=&#8220;whistleblower-system-42&#8243; align=&#8220;right&#8220; _builder_version=&#8220;4.16.0&#8243; _module_preset=&#8220;default&#8220; max_width=&#8220;82%&#8220; global_colors_info=&#8220;{}&#8220;][\/et_pb_image][et_pb_image src=&#8220;https:\/\/whistlesystem.com\/wp-content\/uploads\/2022\/05\/dk-hej.png&#8220; title_text=&#8220;dk-hej&#8220; _builder_version=&#8220;4.16.0&#8243; _module_preset=&#8220;default&#8220; positioning=&#8220;absolute&#8220; vertical_offset=&#8220;34px&#8220; horizontal_offset=&#8220;34px&#8220; width=&#8220;100%&#8220; max_width=&#8220;180px&#8220; global_colors_info=&#8220;{}&#8220;][\/et_pb_image][\/et_pb_column][\/et_pb_row][\/et_pb_section][et_pb_section fb_built=&#8220;1&#8243; _builder_version=&#8220;4.16&#8243; _module_preset=&#8220;default&#8220; background_color=&#8220;#F5F4F9&#8243; global_module=&#8220;236592&#8243; saved_tabs=&#8220;all&#8220; global_colors_info=&#8220;{}&#8220;][et_pb_row column_structure=&#8220;1_3,2_3&#8243; _builder_version=&#8220;4.16&#8243; _module_preset=&#8220;default&#8220; custom_padding=&#8220;34px||||false|false&#8220; global_colors_info=&#8220;{}&#8220;][et_pb_column type=&#8220;1_3&#8243; _builder_version=&#8220;4.16&#8243; _module_preset=&#8220;default&#8220; global_colors_info=&#8220;{}&#8220;][et_pb_text _builder_version=&#8220;4.18.0&#8243; _module_preset=&#8220;default&#8220; global_colors_info=&#8220;{}&#8220;]<\/p>\n<h2 class=\"title-hero\">FAQ<\/h2>\n<p class=\"intro\">Bei Fragen helfen wir Ihnen gerne weiter. Hier finden Sie Antworten auf einige dieser Fragen, die Sie vielleicht schon kennen.<\/p>\n<p>[\/et_pb_text][et_pb_button button_url=&#8220;\/kontakt\/&#8220; button_text=&#8220;Haben Sie noch weitere Fragen?&#8220; module_class=&#8220;btn-outline&#8220; _builder_version=&#8220;4.18.0&#8243; _module_preset=&#8220;default&#8220; global_colors_info=&#8220;{}&#8220;][\/et_pb_button][\/et_pb_column][et_pb_column type=&#8220;2_3&#8243; _builder_version=&#8220;4.16&#8243; _module_preset=&#8220;default&#8220; global_colors_info=&#8220;{}&#8220;][et_pb_toggle title=&#8220;Was ist eine Whistleblower-L\u00f6sung?&#8220; _builder_version=&#8220;4.18.0&#8243; _module_preset=&#8220;default&#8220; global_colors_info=&#8220;{}&#8220;]<\/p>\n<p>Eine Whistleblower-L\u00f6sung ist einfach die Summe Ihrer Whistleblower-Richtlinien, -Verfahren und eines Systems zur Bearbeitung von Whistleblower-Berichten innerhalb des Unternehmens. Die Whistleblower-Gesetzgebung geht auf die EU-Richtlinie 2019\/1937 zur\u00fcck &#8211; die sogenannte Whistleblower-Richtlinie.<\/p>\n<p>[\/et_pb_toggle][et_pb_toggle title=&#8220;Wodurch zeichnet sich WhistleSystem aus?&#8220; _builder_version=&#8220;4.18.0&#8243; _module_preset=&#8220;default&#8220; global_colors_info=&#8220;{}&#8220;]<\/p>\n<p>WhistleSystem zeichnet sich durch eine einzigartige Kombination aus marktf\u00fchrender Benutzerfreundlichkeit, Sicherheit und Implementierung aus und ist gleichzeitig eine \u00e4u\u00dferst kosteng\u00fcnstige L\u00f6sung.<\/p>\n<p>&nbsp;<\/p>\n<p>Wir haben die Benutzerfreundlichkeit sichergestellt, indem wir das System f\u00fcr und mit unseren Kunden entwickelt haben. Wir haben mit Hunderten von Kunden gesprochen und ihre Fragen und W\u00fcnsche auf genau die Funktionen reduziert, die ein einfaches und intuitives Hinweisgebersystem ben\u00f6tigt. Von einem Tag auf den anderen h\u00f6rten unsere neuen Kunden auf, Fragen zu dem System zu stellen, und wir hatten genau das System, das unsere Kunden verlangen.<\/p>\n<p>&nbsp;<\/p>\n<p>F\u00fcr uns ist es wichtig, dass sich unsere Kunden sicher f\u00fchlen. Aus diesem Grund sind wir nach ISO 27001 und ISO 27701 sowohl f\u00fcr die Informationssicherheit als auch f\u00fcr den Datenschutz zertifiziert. Zugleich ist unsere technische Sicherheit marktf\u00fchrend und basiert auf der neuesten und st\u00e4rksten Sicherheitstechnologie. Wenn Sie Interesse an unserem Wei\u00dfbuch zur Sicherheit haben, k\u00f6nnen Sie es uns gerne zusenden.<\/p>\n<p>&nbsp;<\/p>\n<p>Unser Ziel ist es, die Implementierung f\u00fcr unsere Kunden so einfach wie m\u00f6glich zu gestalten. Deshalb haben wir einen Einf\u00fchrungsprozess entwickelt, der alle notwendigen Materialien enth\u00e4lt, die an Ihr Unternehmen angepasst sind. Dies reicht von einem verschl\u00fcsselten Hinweisgebersystem und Benutzerhandb\u00fcchern bis hin zu einer Hinweisgeberrichtlinie und Vorlagen zur Information der Mitarbeiter \u00fcber Ihre neue Hinweisgebersoftware.<\/p>\n<p>&nbsp;<\/p>\n<p>Unser Ansatz bei der Entwicklung von Funktionen und Prozessen hat es uns erm\u00f6glicht, WhistleSystem so erschwinglich zu halten, wie es ist.<\/p>\n<p>&nbsp;<\/p>\n<p>Diese Kombination sieht man nicht oft &#8211; aber wir freuen uns darauf, sie Ihnen zu zeigen.<\/p>\n<p>[\/et_pb_toggle][et_pb_toggle title=&#8220;Was kostet eine Whistleblower-L\u00f6sung?&#8220; _builder_version=&#8220;4.18.0&#8243; _module_preset=&#8220;default&#8220; global_colors_info=&#8220;{}&#8220;]<\/p>\n<p>Die Kosten f\u00fcr ein Whistleblower-System sind sehr unterschiedlich. Wenn Sie eine Whistleblower-Software mit vielen komplizierten Funktionen und Bereitschaftsanw\u00e4lten oder Buchhaltern w\u00e4hlen, k\u00f6nnen die Kosten hoch sein. Wenn Sie sich jedoch f\u00fcr ein intuitives, einfaches und sicheres System wie WhistleSystem entscheiden, k\u00f6nnen die Kosten f\u00fcr eine Plug-and-Play-L\u00f6sung mit allem, was Sie f\u00fcr eine gut funktionierende und gesetzeskonforme Whistleblower-L\u00f6sung ben\u00f6tigen, bei 800 EUR\/Jahr und 200 EUR f\u00fcr die Einrichtung liegen, wenn Sie weniger als 250 Mitarbeiter haben. Alle unsere Preise finden Sie <a href=\"https:\/\/whistlesystem.com\/priser\">hier<\/a>.<\/p>\n<p>[\/et_pb_toggle][et_pb_toggle title=&#8220;Kann ich das System ausprobieren, bevor ich mich entscheide?&#8220; _builder_version=&#8220;4.18.0&#8243; _module_preset=&#8220;default&#8220; global_colors_info=&#8220;{}&#8220;]<\/p>\n<p>Ja. Wir bieten eine kostenlose Testphase an, in der Sie das System ausprobieren und sich die Materialien f\u00fcr die Einrichtung ansehen k\u00f6nnen. Sie k\u00f6nnen die Testphase nutzen, indem Sie eine Demo des Systems buchen.<\/p>\n<p>[\/et_pb_toggle][et_pb_toggle title=&#8220;Kann ich von meinem Widerrufsrecht Gebrauch machen?&#8220; _builder_version=&#8220;4.18.0&#8243; _module_preset=&#8220;default&#8220; global_colors_info=&#8220;{}&#8220;]<\/p>\n<p>Ja. Es besteht ein 14-t\u00e4giges Widerrufsrecht und w\u00e4hrend der einj\u00e4hrigen Laufzeit des Abonnements ist die Stornierung kostenlos.<\/p>\n<p>[\/et_pb_toggle][\/et_pb_column][\/et_pb_row][\/et_pb_section]<\/p>\n","protected":false},"excerpt":{"rendered":"<p>Kontakt Wie k\u00f6nnen wir helfen? Haben Sie Fragen zur Whistleblower-Richtlinie, zu WhistleSystem oder zu etwas anderem? Wir sind f\u00fcr Sie da!Senden Sie eine E-Mail support@whistlesystem.comInnerhalb von 24 StundenHaben Sie Fragen oder m\u00f6chten Sie mehr wissen?FAQ Bei Fragen helfen wir Ihnen gerne weiter. Hier finden Sie Antworten auf einige dieser Fragen, die Sie vielleicht schon kennen.Eine Whistleblower-L\u00f6sung ist einfach die Summe Ihrer Whistleblower-Richtlinien, -Verfahren und eines Systems zur Bearbeitung von Whistleblower-Berichten innerhalb des Unternehmens. Die Whistleblower-Gesetzgebung geht auf die EU-Richtlinie 2019\/1937 zur\u00fcck &#8211; die sogenannte Whistleblower-Richtlinie.WhistleSystem zeichnet sich durch eine einzigartige Kombination aus marktf\u00fchrender Benutzerfreundlichkeit, Sicherheit und Implementierung aus und ist gleichzeitig eine \u00e4u\u00dferst kosteng\u00fcnstige L\u00f6sung. &nbsp; Wir haben die Benutzerfreundlichkeit sichergestellt, indem wir das System f\u00fcr und mit unseren Kunden entwickelt haben. Wir haben mit Hunderten von Kunden gesprochen und ihre Fragen und W\u00fcnsche auf genau die Funktionen reduziert, die ein einfaches und intuitives Hinweisgebersystem ben\u00f6tigt. Von einem Tag auf den anderen h\u00f6rten unsere neuen Kunden auf, Fragen zu dem System zu stellen, und wir hatten genau das System, das unsere Kunden verlangen. &nbsp; F\u00fcr uns ist es wichtig, dass sich unsere Kunden sicher f\u00fchlen. Aus diesem Grund sind wir nach ISO 27001 und ISO 27701 sowohl f\u00fcr die Informationssicherheit [&hellip;]<\/p>\n","protected":false},"author":2,"featured_media":0,"parent":0,"menu_order":0,"comment_status":"closed","ping_status":"closed","template":"","meta":{"_et_pb_use_builder":"on","_et_pb_old_content":"","_et_gb_content_width":"","footnotes":""},"yoast_head":"<!-- This site is optimized with the Yoast SEO Premium plugin v24.0 (Yoast SEO v24.0) - https:\/\/yoast.com\/wordpress\/plugins\/seo\/ -->\n<title>Kontakt - WhistleSystem<\/title>\n<meta name=\"description\" content=\"Nehmen Sie Kontakt mit uns auf und erfahren Sie mehr \u00fcber WhistleSystem und seine Vorteile.\" \/>\n<meta name=\"robots\" content=\"index, follow, max-snippet:-1, max-image-preview:large, max-video-preview:-1\" \/>\n<link rel=\"canonical\" href=\"https:\/\/whistlesystem.com\/de\/kontakt\/\" \/>\n<meta property=\"og:locale\" content=\"de_DE\" \/>\n<meta property=\"og:type\" content=\"article\" \/>\n<meta property=\"og:title\" content=\"Kontakt\" \/>\n<meta property=\"og:description\" content=\"Nehmen Sie Kontakt mit uns auf und erfahren Sie mehr \u00fcber WhistleSystem und seine Vorteile.\" \/>\n<meta property=\"og:url\" content=\"https:\/\/whistlesystem.com\/de\/kontakt\/\" \/>\n<meta property=\"og:site_name\" content=\"WhistleSystem\" \/>\n<meta property=\"article:modified_time\" content=\"2023-06-12T05:38:33+00:00\" \/>\n<meta property=\"og:image\" content=\"https:\/\/whistlesystem.com\/wp-content\/uploads\/2022\/08\/Social-image.png\" \/>\n\t<meta property=\"og:image:width\" content=\"1080\" \/>\n\t<meta property=\"og:image:height\" content=\"1350\" \/>\n\t<meta property=\"og:image:type\" content=\"image\/png\" \/>\n<meta name=\"twitter:card\" content=\"summary_large_image\" \/>\n<meta name=\"twitter:label1\" content=\"Gesch\u00e4tzte Lesezeit\" \/>\n\t<meta name=\"twitter:data1\" content=\"3 Minuten\" \/>\n<script type=\"application\/ld+json\" class=\"yoast-schema-graph\">{\"@context\":\"https:\/\/schema.org\",\"@graph\":[{\"@type\":\"WebPage\",\"@id\":\"https:\/\/whistlesystem.com\/de\/kontakt\/\",\"url\":\"https:\/\/whistlesystem.com\/de\/kontakt\/\",\"name\":\"Kontakt - WhistleSystem\",\"isPartOf\":{\"@id\":\"https:\/\/whistlesystem.com\/#website\"},\"datePublished\":\"2022-04-19T18:43:58+00:00\",\"dateModified\":\"2023-06-12T05:38:33+00:00\",\"description\":\"Nehmen Sie Kontakt mit uns auf und erfahren Sie mehr \u00fcber WhistleSystem und seine Vorteile.\",\"breadcrumb\":{\"@id\":\"https:\/\/whistlesystem.com\/de\/kontakt\/#breadcrumb\"},\"inLanguage\":\"de-DE\",\"potentialAction\":[{\"@type\":\"ReadAction\",\"target\":[\"https:\/\/whistlesystem.com\/de\/kontakt\/\"]}]},{\"@type\":\"BreadcrumbList\",\"@id\":\"https:\/\/whistlesystem.com\/de\/kontakt\/#breadcrumb\",\"itemListElement\":[{\"@type\":\"ListItem\",\"position\":1,\"name\":\"Hjem\",\"item\":\"https:\/\/whistlesystem.com\/de\/\"},{\"@type\":\"ListItem\",\"position\":2,\"name\":\"Kontakt\"}]},{\"@type\":\"WebSite\",\"@id\":\"https:\/\/whistlesystem.com\/#website\",\"url\":\"https:\/\/whistlesystem.com\/\",\"name\":\"WhistleSystem\",\"description\":\"WhistleSystem ApS - En sikker, simpel og compliant whistleblowerordning\",\"publisher\":{\"@id\":\"https:\/\/whistlesystem.com\/#organization\"},\"potentialAction\":[{\"@type\":\"SearchAction\",\"target\":{\"@type\":\"EntryPoint\",\"urlTemplate\":\"https:\/\/whistlesystem.com\/?s={search_term_string}\"},\"query-input\":{\"@type\":\"PropertyValueSpecification\",\"valueRequired\":true,\"valueName\":\"search_term_string\"}}],\"inLanguage\":\"de-DE\"},{\"@type\":\"Organization\",\"@id\":\"https:\/\/whistlesystem.com\/#organization\",\"name\":\"WhistleSystem ApS\",\"url\":\"https:\/\/whistlesystem.com\/\",\"logo\":{\"@type\":\"ImageObject\",\"inLanguage\":\"de-DE\",\"@id\":\"https:\/\/whistlesystem.com\/#\/schema\/logo\/image\/\",\"url\":\"https:\/\/whistlesystem.com\/wp-content\/uploads\/2022\/05\/whistle-logo-dark.svg\",\"contentUrl\":\"https:\/\/whistlesystem.com\/wp-content\/uploads\/2022\/05\/whistle-logo-dark.svg\",\"width\":\"1024\",\"height\":\"1024\",\"caption\":\"WhistleSystem ApS\"},\"image\":{\"@id\":\"https:\/\/whistlesystem.com\/#\/schema\/logo\/image\/\"}}]}<\/script>\n<!-- \/ Yoast SEO Premium plugin. -->","yoast_head_json":{"title":"Kontakt - WhistleSystem","description":"Nehmen Sie Kontakt mit uns auf und erfahren Sie mehr \u00fcber WhistleSystem und seine Vorteile.","robots":{"index":"index","follow":"follow","max-snippet":"max-snippet:-1","max-image-preview":"max-image-preview:large","max-video-preview":"max-video-preview:-1"},"canonical":"https:\/\/whistlesystem.com\/de\/kontakt\/","og_locale":"de_DE","og_type":"article","og_title":"Kontakt","og_description":"Nehmen Sie Kontakt mit uns auf und erfahren Sie mehr \u00fcber WhistleSystem und seine Vorteile.","og_url":"https:\/\/whistlesystem.com\/de\/kontakt\/","og_site_name":"WhistleSystem","article_modified_time":"2023-06-12T05:38:33+00:00","og_image":[{"width":1080,"height":1350,"url":"https:\/\/whistlesystem.com\/wp-content\/uploads\/2022\/08\/Social-image.png","type":"image\/png"}],"twitter_card":"summary_large_image","twitter_misc":{"Gesch\u00e4tzte Lesezeit":"3 Minuten"},"schema":{"@context":"https:\/\/schema.org","@graph":[{"@type":"WebPage","@id":"https:\/\/whistlesystem.com\/de\/kontakt\/","url":"https:\/\/whistlesystem.com\/de\/kontakt\/","name":"Kontakt - WhistleSystem","isPartOf":{"@id":"https:\/\/whistlesystem.com\/#website"},"datePublished":"2022-04-19T18:43:58+00:00","dateModified":"2023-06-12T05:38:33+00:00","description":"Nehmen Sie Kontakt mit uns auf und erfahren Sie mehr \u00fcber WhistleSystem und seine Vorteile.","breadcrumb":{"@id":"https:\/\/whistlesystem.com\/de\/kontakt\/#breadcrumb"},"inLanguage":"de-DE","potentialAction":[{"@type":"ReadAction","target":["https:\/\/whistlesystem.com\/de\/kontakt\/"]}]},{"@type":"BreadcrumbList","@id":"https:\/\/whistlesystem.com\/de\/kontakt\/#breadcrumb","itemListElement":[{"@type":"ListItem","position":1,"name":"Hjem","item":"https:\/\/whistlesystem.com\/de\/"},{"@type":"ListItem","position":2,"name":"Kontakt"}]},{"@type":"WebSite","@id":"https:\/\/whistlesystem.com\/#website","url":"https:\/\/whistlesystem.com\/","name":"WhistleSystem","description":"WhistleSystem ApS - En sikker, simpel og compliant whistleblowerordning","publisher":{"@id":"https:\/\/whistlesystem.com\/#organization"},"potentialAction":[{"@type":"SearchAction","target":{"@type":"EntryPoint","urlTemplate":"https:\/\/whistlesystem.com\/?s={search_term_string}"},"query-input":{"@type":"PropertyValueSpecification","valueRequired":true,"valueName":"search_term_string"}}],"inLanguage":"de-DE"},{"@type":"Organization","@id":"https:\/\/whistlesystem.com\/#organization","name":"WhistleSystem ApS","url":"https:\/\/whistlesystem.com\/","logo":{"@type":"ImageObject","inLanguage":"de-DE","@id":"https:\/\/whistlesystem.com\/#\/schema\/logo\/image\/","url":"https:\/\/whistlesystem.com\/wp-content\/uploads\/2022\/05\/whistle-logo-dark.svg","contentUrl":"https:\/\/whistlesystem.com\/wp-content\/uploads\/2022\/05\/whistle-logo-dark.svg","width":"1024","height":"1024","caption":"WhistleSystem ApS"},"image":{"@id":"https:\/\/whistlesystem.com\/#\/schema\/logo\/image\/"}}]}},"_links":{"self":[{"href":"https:\/\/whistlesystem.com\/de\/wp-json\/wp\/v2\/pages\/240692"}],"collection":[{"href":"https:\/\/whistlesystem.com\/de\/wp-json\/wp\/v2\/pages"}],"about":[{"href":"https:\/\/whistlesystem.com\/de\/wp-json\/wp\/v2\/types\/page"}],"author":[{"embeddable":true,"href":"https:\/\/whistlesystem.com\/de\/wp-json\/wp\/v2\/users\/2"}],"replies":[{"embeddable":true,"href":"https:\/\/whistlesystem.com\/de\/wp-json\/wp\/v2\/comments?post=240692"}],"version-history":[{"count":5,"href":"https:\/\/whistlesystem.com\/de\/wp-json\/wp\/v2\/pages\/240692\/revisions"}],"predecessor-version":[{"id":242476,"href":"https:\/\/whistlesystem.com\/de\/wp-json\/wp\/v2\/pages\/240692\/revisions\/242476"}],"wp:attachment":[{"href":"https:\/\/whistlesystem.com\/de\/wp-json\/wp\/v2\/media?parent=240692"}],"curies":[{"name":"wp","href":"https:\/\/api.w.org\/{rel}","templated":true}]}}