{"id":244412,"date":"2022-04-19T18:43:58","date_gmt":"2022-04-19T18:43:58","guid":{"rendered":"https:\/\/whistlesystem.com\/contact\/"},"modified":"2023-12-07T15:46:22","modified_gmt":"2023-12-07T15:46:22","slug":"contacto","status":"publish","type":"page","link":"https:\/\/whistlesystem.com\/es\/contacto\/","title":{"rendered":"Contacto"},"content":{"rendered":"<p>[et_pb_section fb_built=\u00bb1&#8243; _builder_version=\u00bb4.16.0&#8243; _module_preset=\u00bbdefault\u00bb background_color=\u00bb#2B1E6B\u00bb custom_padding=\u00bb||34px|||\u00bb global_colors_info=\u00bb{}\u00bb][et_pb_row make_equal=\u00bbon\u00bb _builder_version=\u00bb4.16.0&#8243; _module_preset=\u00bbdefault\u00bb max_width=\u00bb900px\u00bb module_alignment=\u00bbcenter\u00bb custom_padding=\u00bb||0px|||\u00bb global_colors_info=\u00bb{}\u00bb][et_pb_column type=\u00bb4_4&#8243; module_class=\u00bbvertical-align\u00bb _builder_version=\u00bb4.16&#8243; _module_preset=\u00bbdefault\u00bb global_colors_info=\u00bb{}\u00bb][et_pb_text module_class=\u00bbintro\u00bb _builder_version=\u00bb4.21.0&#8243; _module_preset=\u00bbdefault\u00bb text_orientation=\u00bbcenter\u00bb background_layout=\u00bbdark\u00bb custom_padding=\u00bb||0px|||\u00bb global_colors_info=\u00bb{}\u00bb]<\/p>\n<h1 class=\"preheader\">Contacto<\/h1>\n<p class=\"title-hero\">\u00bfEn qu\u00e9 podemos ayudarle?<\/p>\n<p>\u00bfTiene alguna pregunta sobre la Directiva de denuncia de irregularidades, el WhistleSystem u otra cuesti\u00f3n?<br \/>Estamos a su disposici\u00f3n.<\/p>\n<p>[\/et_pb_text][\/et_pb_column][\/et_pb_row][\/et_pb_section][et_pb_section fb_built=\u00bb1&#8243; _builder_version=\u00bb4.16.0&#8243; _module_preset=\u00bbdefault\u00bb background_color=\u00bb#2B1E6B\u00bb use_background_color_gradient=\u00bbon\u00bb background_color_gradient_stops=\u00bb#2b1e6b 50%|#ffffff 50%\u00bb custom_padding=\u00bb0px||0px|||\u00bb global_colors_info=\u00bb{}\u00bb][et_pb_row column_structure=\u00bb1_2,1_2&#8243; use_custom_gutter=\u00bbon\u00bb gutter_width=\u00bb2&#8243; make_equal=\u00bbon\u00bb _builder_version=\u00bb4.16.0&#8243; _module_preset=\u00bbdefault\u00bb custom_padding=\u00bb34px||0px||false|false\u00bb global_colors_info=\u00bb{}\u00bb][et_pb_column type=\u00bb1_2&#8243; module_class=\u00bbbox-outline\u00bb _builder_version=\u00bb4.16&#8243; _module_preset=\u00bbdefault\u00bb global_colors_info=\u00bb{}\u00bb][et_pb_text _builder_version=\u00bb4.21.0&#8243; _module_preset=\u00bbdefault\u00bb text_orientation=\u00bbcenter\u00bb global_colors_info=\u00bb{}\u00bb]<\/p>\n<h2>Ll\u00e1manos<\/h2>\n<p class=\"title-medium\" style=\"font-size: 30px; height: 40px;\"><a href=\"tel:61108892\">+45 61 10 88 92<\/a><\/p>\n<p>[\/et_pb_text][et_pb_blurb title=\u00bbDe lunes a viernes\u00bb use_icon=\u00bbon\u00bb font_icon=\u00bb&#x7d;||divi||400&#8243; image_icon_background_color=\u00bb#EBE7F8&#8243; icon_placement=\u00bbleft\u00bb image_icon_width=\u00bb26px\u00bb _builder_version=\u00bb4.21.0&#8243; _module_preset=\u00bbdefault\u00bb header_level=\u00bbh6&#8243; header_text_color=\u00bbrgba(15,2,54,0.6)\u00bb body_text_color=\u00bb#0F0236&#8243; image_icon_custom_padding=\u00bb15px|15px|15px|15px|false|false\u00bb width=\u00bb250px\u00bb module_alignment=\u00bbcenter\u00bb custom_margin=\u00bb50px||||false|false\u00bb custom_css_blurb_title=\u00bbpadding-bottom: 10px !important;\u00bb border_radii_image=\u00bbon|200px|200px|200px|200px\u00bb global_colors_info=\u00bb{}\u00bb]<\/p>\n<p>09:00 &#8211; 16:00<\/p>\n<p>[\/et_pb_blurb][\/et_pb_column][et_pb_column type=\u00bb1_2&#8243; module_class=\u00bbbox-outline\u00bb _builder_version=\u00bb4.16&#8243; _module_preset=\u00bbdefault\u00bb global_colors_info=\u00bb{}\u00bb][et_pb_text _builder_version=\u00bb4.21.0&#8243; _module_preset=\u00bbdefault\u00bb text_orientation=\u00bbcenter\u00bb global_colors_info=\u00bb{}\u00bb]<\/p>\n<h2>Enviar un e-mail<\/h2>\n<p class=\"title-medium\" style=\"font-size: 30px; height: 40px;\"><a href=\"mailto:support@whistlesystem.dk\">support@whistlesystem.com<\/a><\/p>\n<p>[\/et_pb_text][et_pb_blurb title=\u00bbDe lunes a domingo\u00bb use_icon=\u00bbon\u00bb font_icon=\u00bb&#x7d;||divi||400&#8243; image_icon_background_color=\u00bb#EBE7F8&#8243; icon_placement=\u00bbleft\u00bb image_icon_width=\u00bb26px\u00bb _builder_version=\u00bb4.21.0&#8243; _module_preset=\u00bbdefault\u00bb header_level=\u00bbh6&#8243; header_text_color=\u00bbrgba(15,2,54,0.6)\u00bb body_text_color=\u00bb#0F0236&#8243; image_icon_custom_padding=\u00bb15px|15px|15px|15px|false|false\u00bb width=\u00bb250px\u00bb module_alignment=\u00bbcenter\u00bb custom_margin=\u00bb50px||||false|false\u00bb custom_css_blurb_title=\u00bbpadding-bottom: 10px !important;\u00bb border_radii_image=\u00bbon|200px|200px|200px|200px\u00bb global_colors_info=\u00bb{}\u00bb]<\/p>\n<p>En 24 horas<\/p>\n<p>[\/et_pb_blurb][\/et_pb_column][\/et_pb_row][\/et_pb_section][et_pb_section fb_built=\u00bb1&#8243; _builder_version=\u00bb4.16.0&#8243; _module_preset=\u00bbdefault\u00bb global_colors_info=\u00bb{}\u00bb][et_pb_row column_structure=\u00bb1_2,1_2&#8243; _builder_version=\u00bb4.16.0&#8243; _module_preset=\u00bbdefault\u00bb global_colors_info=\u00bb{}\u00bb][et_pb_column type=\u00bb1_2&#8243; _builder_version=\u00bb4.16.0&#8243; _module_preset=\u00bbdefault\u00bb global_colors_info=\u00bb{}\u00bb][et_pb_text _builder_version=\u00bb4.21.0&#8243; _module_preset=\u00bbdefault\u00bb global_colors_info=\u00bb{}\u00bb]<\/p>\n<h2 class=\"title-big\">\u00bfTiene alguna pregunta o quiere saber m\u00e1s?<\/h2>\n<p>[\/et_pb_text][et_pb_code _builder_version=\u00bb4.18.0&#8243; _module_preset=\u00bbdefault\u00bb global_colors_info=\u00bb{}\u00bb]<script charset=\"utf-8\" type=\"text\/javascript\" src=\"\/\/js-eu1.hsforms.net\/forms\/embed\/v2.js\"><\/script><!-- [et_pb_line_break_holder] --><script><!-- [et_pb_line_break_holder] -->  hbspt.forms.create({<!-- [et_pb_line_break_holder] -->    region: \"eu1\",<!-- [et_pb_line_break_holder] -->    portalId: \"25264574\",<!-- [et_pb_line_break_holder] -->    formId: \"c06cce3a-4b0d-4760-b7a3-0601cf0fd5d4\"<!-- [et_pb_line_break_holder] -->  });<!-- [et_pb_line_break_holder] --><\/script>[\/et_pb_code][\/et_pb_column][et_pb_column type=\u00bb1_2&#8243; _builder_version=\u00bb4.16.0&#8243; _module_preset=\u00bbdefault\u00bb global_colors_info=\u00bb{}\u00bb][et_pb_image src=\u00bbhttps:\/\/whistlesystem.com\/wp-content\/uploads\/2022\/04\/whistleblower-system-42.jpg\u00bb title_text=\u00bbwhistleblower-system-42&#8243; align=\u00bbright\u00bb _builder_version=\u00bb4.16.0&#8243; _module_preset=\u00bbdefault\u00bb max_width=\u00bb82%\u00bb global_colors_info=\u00bb{}\u00bb][\/et_pb_image][\/et_pb_column][\/et_pb_row][\/et_pb_section][et_pb_section fb_built=\u00bb1&#8243; _builder_version=\u00bb4.16&#8243; _module_preset=\u00bbdefault\u00bb background_color=\u00bb#F5F4F9&#8243; global_module=\u00bb236592&#8243; saved_tabs=\u00bball\u00bb global_colors_info=\u00bb{}\u00bb][et_pb_row column_structure=\u00bb1_3,2_3&#8243; _builder_version=\u00bb4.16&#8243; _module_preset=\u00bbdefault\u00bb custom_padding=\u00bb34px||||false|false\u00bb global_colors_info=\u00bb{}\u00bb][et_pb_column type=\u00bb1_3&#8243; _builder_version=\u00bb4.16&#8243; _module_preset=\u00bbdefault\u00bb global_colors_info=\u00bb{}\u00bb][et_pb_text _builder_version=\u00bb4.21.0&#8243; _module_preset=\u00bbdefault\u00bb global_colors_info=\u00bb{}\u00bb]<\/p>\n<h2 class=\"title-hero\">FAQ<\/h2>\n<p class=\"intro\">Siempre estamos dispuestos a ayudarle con sus preguntas. Aqu\u00ed encontrar\u00e1 respuestas a algunas de las que quiz\u00e1 ya tenga.<\/p>\n<p>[\/et_pb_text][et_pb_button button_url=\u00bb\/es\/contacto\/\u00bb button_text=\u00bb\u00bfTiene alguna otra pregunta?\u00bb module_class=\u00bbbtn-outline\u00bb _builder_version=\u00bb4.21.0&#8243; _module_preset=\u00bbdefault\u00bb global_colors_info=\u00bb{}\u00bb][\/et_pb_button][\/et_pb_column][et_pb_column type=\u00bb2_3&#8243; _builder_version=\u00bb4.16&#8243; _module_preset=\u00bbdefault\u00bb global_colors_info=\u00bb{}\u00bb][et_pb_toggle title=\u00bb\u00bfQu\u00e9 es un sistema de denuncia de irregularidades?\u00bb _builder_version=\u00bb4.21.0&#8243; _module_preset=\u00bbdefault\u00bb global_colors_info=\u00bb{}\u00bb]Una pol\u00edtica de denuncia de irregularidades es un resumen de su pol\u00edtica, procedimientos y sistema de gesti\u00f3n de denuncias graves dentro de su organizaci\u00f3n. El sistema de denuncia de irregularidades es el resultado de la Directiva 2019\/1937 de la UE, la denominada Directiva de denuncia de irregularidades.[\/et_pb_toggle][et_pb_toggle title=\u00bb\u00bfEn qu\u00e9 destaca WhistleSystem?\u00bb _builder_version=\u00bb4.21.0&#8243; _module_preset=\u00bbdefault\u00bb global_colors_info=\u00bb{}\u00bb]WhistleSystem destaca por su combinaci\u00f3n \u00fanica de facilidad de uso, seguridad e implantaci\u00f3n, l\u00edder en el mercado, y por ser una soluci\u00f3n muy asequible.<\/p>\n<p>Hemos garantizado esta facilidad de uso creando el sistema para y con nuestros clientes. Hemos hablado literalmente con cientos de clientes y hemos reducido sus preguntas y peticiones a las caracter\u00edsticas exactas que requiere un sistema de denuncia f\u00e1cil e intuitivo. De la noche a la ma\u00f1ana, nuestros nuevos clientes dejaron de hacer preguntas sobre el sistema y nos quedamos exactamente con el sistema que nuestros clientes exigen.<\/p>\n<p>Para nosotros es importante que nuestros clientes se sientan seguros. Por eso estamos certificados en seguridad de la informaci\u00f3n y protecci\u00f3n de la privacidad con las normas ISO 27001 e ISO 27701. Al mismo tiempo, nuestra seguridad t\u00e9cnica es l\u00edder en el mercado y se basa en la tecnolog\u00eda de seguridad m\u00e1s reciente y s\u00f3lida. Si est\u00e1 interesado, estaremos encantados de enviarle nuestro Libro Blanco sobre seguridad.<\/p>\n<p>Nuestro objetivo es facilitar al m\u00e1ximo la implantaci\u00f3n a nuestros clientes. Por eso hemos desarrollado un proceso de implantaci\u00f3n en el que se incluye todo el material necesario y se adapta a su empresa. Esto abarca desde un sistema de denuncia de irregularidades encriptado y manuales hasta una pol\u00edtica de denuncia de irregularidades y una plantilla para informar a los empleados sobre su nuevo programa de denuncia de irregularidades.<\/p>\n<p>Nuestro enfoque de las funciones y el desarrollo de procesos nos ha permitido mantener WhistleSystem a un precio asequible.<\/p>\n<p>Esta combinaci\u00f3n no se ve en muchos sitios, pero nosotros s\u00ed.[\/et_pb_toggle][et_pb_toggle title=\u00bb\u00bfCu\u00e1nto cuesta un sistema de denuncia?\u00bb _builder_version=\u00bb4.21.0&#8243; _module_preset=\u00bbdefault\u00bb global_colors_info=\u00bb{}\u00bb]<\/p>\n<p>Los costes de un programa de denuncia de irregularidades son muy variados. Si elige un sistema de denuncia de irregularidades con muchas funciones complicadas y abogados o contables de reserva, los costes pueden ser elevados. Por otro lado, si elige un sistema intuitivo, f\u00e1cil y seguro como WhistleSystem, el coste de una soluci\u00f3n plug-and-play con todo lo necesario para tener un programa de denuncia que funcione bien y cumpla la normativa puede ser tan bajo como 67 EUR\/mes facturadas anualmente y 200 EUR en concepto de instalaci\u00f3n si tiene menos de 250 empleados. Consulte nuestros precios <a href=\"https:\/\/whistlesystem.com\/es\/precios\/\">aqu\u00ed<\/a>.<\/p>\n<p>[\/et_pb_toggle][et_pb_toggle title=\u00bb\u00bfPuedo probar el sistema antes de decidirme?\u00bb _builder_version=\u00bb4.21.0&#8243; _module_preset=\u00bbdefault\u00bb global_colors_info=\u00bb{}\u00bb]<\/p>\n<p>Pues s\u00ed. Ofrecemos un periodo de prueba gratuito y sin compromiso en el que puede probar el sistema y ver el material de configuraci\u00f3n. Puede acceder a la prueba reservando una demostraci\u00f3n del sistema.<\/p>\n<p>[\/et_pb_toggle][et_pb_toggle title=\u00bb\u00bfPuedo hacer uso del derecho de cancelaci\u00f3n?\u00bb _builder_version=\u00bb4.21.0&#8243; _module_preset=\u00bbdefault\u00bb global_colors_info=\u00bb{}\u00bb]<\/p>\n<p>S\u00ed, puede hacerlo. Hay un derecho de cancelaci\u00f3n de 14 d\u00edas y cancelaci\u00f3n gratuita durante cada periodo de suscripci\u00f3n de un a\u00f1o cada vez.<\/p>\n<p>[\/et_pb_toggle][\/et_pb_column][\/et_pb_row][\/et_pb_section]<\/p>\n","protected":false},"excerpt":{"rendered":"<p>Contacto \u00bfEn qu\u00e9 podemos ayudarle? \u00bfTiene alguna pregunta sobre la Directiva de denuncia de irregularidades, el WhistleSystem u otra cuesti\u00f3n?Estamos a su disposici\u00f3n.Ll\u00e1manos +45 61 10 88 9209:00 &#8211; 16:00Enviar un e-mail support@whistlesystem.comEn 24 horas\u00bfTiene alguna pregunta o quiere saber m\u00e1s?FAQ Siempre estamos dispuestos a ayudarle con sus preguntas. Aqu\u00ed encontrar\u00e1 respuestas a algunas de las que quiz\u00e1 ya tenga.Una pol\u00edtica de denuncia de irregularidades es un resumen de su pol\u00edtica, procedimientos y sistema de gesti\u00f3n de denuncias graves dentro de su organizaci\u00f3n. El sistema de denuncia de irregularidades es el resultado de la Directiva 2019\/1937 de la UE, la denominada Directiva de denuncia de irregularidades.WhistleSystem destaca por su combinaci\u00f3n \u00fanica de facilidad de uso, seguridad e implantaci\u00f3n, l\u00edder en el mercado, y por ser una soluci\u00f3n muy asequible. Hemos garantizado esta facilidad de uso creando el sistema para y con nuestros clientes. Hemos hablado literalmente con cientos de clientes y hemos reducido sus preguntas y peticiones a las caracter\u00edsticas exactas que requiere un sistema de denuncia f\u00e1cil e intuitivo. De la noche a la ma\u00f1ana, nuestros nuevos clientes dejaron de hacer preguntas sobre el sistema y nos quedamos exactamente con el sistema que nuestros clientes exigen. Para nosotros es [&hellip;]<\/p>\n","protected":false},"author":2,"featured_media":0,"parent":0,"menu_order":0,"comment_status":"closed","ping_status":"closed","template":"","meta":{"_et_pb_use_builder":"on","_et_pb_old_content":"","_et_gb_content_width":"","footnotes":""},"yoast_head":"<!-- This site is optimized with the Yoast SEO Premium plugin v24.0 (Yoast SEO v24.0) - https:\/\/yoast.com\/wordpress\/plugins\/seo\/ -->\n<title>Contacto - WhistleSystem<\/title>\n<meta name=\"description\" content=\"P\u00f3ngase en contacto con nuestro equipo para realizar consultas y descubra las ventajas de WhistleSystem para su empresa.\" \/>\n<meta name=\"robots\" content=\"index, follow, max-snippet:-1, max-image-preview:large, max-video-preview:-1\" \/>\n<link rel=\"canonical\" href=\"https:\/\/whistlesystem.com\/es\/contacto\/\" \/>\n<meta property=\"og:locale\" content=\"es_ES\" \/>\n<meta property=\"og:type\" content=\"article\" \/>\n<meta property=\"og:title\" content=\"Contacto\" \/>\n<meta property=\"og:description\" content=\"P\u00f3ngase en contacto con nuestro equipo para realizar consultas y descubra las ventajas de WhistleSystem para su empresa.\" \/>\n<meta property=\"og:url\" content=\"https:\/\/whistlesystem.com\/es\/contacto\/\" \/>\n<meta property=\"og:site_name\" content=\"WhistleSystem\" \/>\n<meta property=\"article:modified_time\" content=\"2023-12-07T15:46:22+00:00\" \/>\n<meta property=\"og:image\" content=\"https:\/\/whistlesystem.com\/wp-content\/uploads\/2022\/08\/Social-image.png\" \/>\n\t<meta property=\"og:image:width\" content=\"1080\" \/>\n\t<meta property=\"og:image:height\" content=\"1350\" \/>\n\t<meta property=\"og:image:type\" content=\"image\/png\" \/>\n<meta name=\"twitter:card\" content=\"summary_large_image\" \/>\n<meta name=\"twitter:label1\" content=\"Tiempo de lectura\" \/>\n\t<meta name=\"twitter:data1\" content=\"4 minutos\" \/>\n<script type=\"application\/ld+json\" class=\"yoast-schema-graph\">{\"@context\":\"https:\/\/schema.org\",\"@graph\":[{\"@type\":\"WebPage\",\"@id\":\"https:\/\/whistlesystem.com\/es\/contacto\/\",\"url\":\"https:\/\/whistlesystem.com\/es\/contacto\/\",\"name\":\"Contacto - WhistleSystem\",\"isPartOf\":{\"@id\":\"https:\/\/whistlesystem.com\/#website\"},\"datePublished\":\"2022-04-19T18:43:58+00:00\",\"dateModified\":\"2023-12-07T15:46:22+00:00\",\"description\":\"P\u00f3ngase en contacto con nuestro equipo para realizar consultas y descubra las ventajas de WhistleSystem para su empresa.\",\"breadcrumb\":{\"@id\":\"https:\/\/whistlesystem.com\/es\/contacto\/#breadcrumb\"},\"inLanguage\":\"es\",\"potentialAction\":[{\"@type\":\"ReadAction\",\"target\":[\"https:\/\/whistlesystem.com\/es\/contacto\/\"]}]},{\"@type\":\"BreadcrumbList\",\"@id\":\"https:\/\/whistlesystem.com\/es\/contacto\/#breadcrumb\",\"itemListElement\":[{\"@type\":\"ListItem\",\"position\":1,\"name\":\"Hjem\",\"item\":\"https:\/\/whistlesystem.com\/es\/\"},{\"@type\":\"ListItem\",\"position\":2,\"name\":\"Contacto\"}]},{\"@type\":\"WebSite\",\"@id\":\"https:\/\/whistlesystem.com\/#website\",\"url\":\"https:\/\/whistlesystem.com\/\",\"name\":\"WhistleSystem\",\"description\":\"WhistleSystem ApS - En sikker, simpel og compliant whistleblowerordning\",\"publisher\":{\"@id\":\"https:\/\/whistlesystem.com\/#organization\"},\"potentialAction\":[{\"@type\":\"SearchAction\",\"target\":{\"@type\":\"EntryPoint\",\"urlTemplate\":\"https:\/\/whistlesystem.com\/?s={search_term_string}\"},\"query-input\":{\"@type\":\"PropertyValueSpecification\",\"valueRequired\":true,\"valueName\":\"search_term_string\"}}],\"inLanguage\":\"es\"},{\"@type\":\"Organization\",\"@id\":\"https:\/\/whistlesystem.com\/#organization\",\"name\":\"WhistleSystem ApS\",\"url\":\"https:\/\/whistlesystem.com\/\",\"logo\":{\"@type\":\"ImageObject\",\"inLanguage\":\"es\",\"@id\":\"https:\/\/whistlesystem.com\/#\/schema\/logo\/image\/\",\"url\":\"https:\/\/whistlesystem.com\/wp-content\/uploads\/2022\/05\/whistle-logo-dark.svg\",\"contentUrl\":\"https:\/\/whistlesystem.com\/wp-content\/uploads\/2022\/05\/whistle-logo-dark.svg\",\"width\":\"1024\",\"height\":\"1024\",\"caption\":\"WhistleSystem ApS\"},\"image\":{\"@id\":\"https:\/\/whistlesystem.com\/#\/schema\/logo\/image\/\"}}]}<\/script>\n<!-- \/ Yoast SEO Premium plugin. -->","yoast_head_json":{"title":"Contacto - WhistleSystem","description":"P\u00f3ngase en contacto con nuestro equipo para realizar consultas y descubra las ventajas de WhistleSystem para su empresa.","robots":{"index":"index","follow":"follow","max-snippet":"max-snippet:-1","max-image-preview":"max-image-preview:large","max-video-preview":"max-video-preview:-1"},"canonical":"https:\/\/whistlesystem.com\/es\/contacto\/","og_locale":"es_ES","og_type":"article","og_title":"Contacto","og_description":"P\u00f3ngase en contacto con nuestro equipo para realizar consultas y descubra las ventajas de WhistleSystem para su empresa.","og_url":"https:\/\/whistlesystem.com\/es\/contacto\/","og_site_name":"WhistleSystem","article_modified_time":"2023-12-07T15:46:22+00:00","og_image":[{"width":1080,"height":1350,"url":"https:\/\/whistlesystem.com\/wp-content\/uploads\/2022\/08\/Social-image.png","type":"image\/png"}],"twitter_card":"summary_large_image","twitter_misc":{"Tiempo de lectura":"4 minutos"},"schema":{"@context":"https:\/\/schema.org","@graph":[{"@type":"WebPage","@id":"https:\/\/whistlesystem.com\/es\/contacto\/","url":"https:\/\/whistlesystem.com\/es\/contacto\/","name":"Contacto - WhistleSystem","isPartOf":{"@id":"https:\/\/whistlesystem.com\/#website"},"datePublished":"2022-04-19T18:43:58+00:00","dateModified":"2023-12-07T15:46:22+00:00","description":"P\u00f3ngase en contacto con nuestro equipo para realizar consultas y descubra las ventajas de WhistleSystem para su empresa.","breadcrumb":{"@id":"https:\/\/whistlesystem.com\/es\/contacto\/#breadcrumb"},"inLanguage":"es","potentialAction":[{"@type":"ReadAction","target":["https:\/\/whistlesystem.com\/es\/contacto\/"]}]},{"@type":"BreadcrumbList","@id":"https:\/\/whistlesystem.com\/es\/contacto\/#breadcrumb","itemListElement":[{"@type":"ListItem","position":1,"name":"Hjem","item":"https:\/\/whistlesystem.com\/es\/"},{"@type":"ListItem","position":2,"name":"Contacto"}]},{"@type":"WebSite","@id":"https:\/\/whistlesystem.com\/#website","url":"https:\/\/whistlesystem.com\/","name":"WhistleSystem","description":"WhistleSystem ApS - En sikker, simpel og compliant whistleblowerordning","publisher":{"@id":"https:\/\/whistlesystem.com\/#organization"},"potentialAction":[{"@type":"SearchAction","target":{"@type":"EntryPoint","urlTemplate":"https:\/\/whistlesystem.com\/?s={search_term_string}"},"query-input":{"@type":"PropertyValueSpecification","valueRequired":true,"valueName":"search_term_string"}}],"inLanguage":"es"},{"@type":"Organization","@id":"https:\/\/whistlesystem.com\/#organization","name":"WhistleSystem ApS","url":"https:\/\/whistlesystem.com\/","logo":{"@type":"ImageObject","inLanguage":"es","@id":"https:\/\/whistlesystem.com\/#\/schema\/logo\/image\/","url":"https:\/\/whistlesystem.com\/wp-content\/uploads\/2022\/05\/whistle-logo-dark.svg","contentUrl":"https:\/\/whistlesystem.com\/wp-content\/uploads\/2022\/05\/whistle-logo-dark.svg","width":"1024","height":"1024","caption":"WhistleSystem ApS"},"image":{"@id":"https:\/\/whistlesystem.com\/#\/schema\/logo\/image\/"}}]}},"_links":{"self":[{"href":"https:\/\/whistlesystem.com\/es\/wp-json\/wp\/v2\/pages\/244412"}],"collection":[{"href":"https:\/\/whistlesystem.com\/es\/wp-json\/wp\/v2\/pages"}],"about":[{"href":"https:\/\/whistlesystem.com\/es\/wp-json\/wp\/v2\/types\/page"}],"author":[{"embeddable":true,"href":"https:\/\/whistlesystem.com\/es\/wp-json\/wp\/v2\/users\/2"}],"replies":[{"embeddable":true,"href":"https:\/\/whistlesystem.com\/es\/wp-json\/wp\/v2\/comments?post=244412"}],"version-history":[{"count":4,"href":"https:\/\/whistlesystem.com\/es\/wp-json\/wp\/v2\/pages\/244412\/revisions"}],"predecessor-version":[{"id":244417,"href":"https:\/\/whistlesystem.com\/es\/wp-json\/wp\/v2\/pages\/244412\/revisions\/244417"}],"wp:attachment":[{"href":"https:\/\/whistlesystem.com\/es\/wp-json\/wp\/v2\/media?parent=244412"}],"curies":[{"name":"wp","href":"https:\/\/api.w.org\/{rel}","templated":true}]}}