{"id":244426,"date":"2022-05-05T11:53:06","date_gmt":"2022-05-05T11:53:06","guid":{"rendered":"https:\/\/whistlesystem.com\/order\/"},"modified":"2023-12-07T15:53:49","modified_gmt":"2023-12-07T15:53:49","slug":"pida","status":"publish","type":"page","link":"https:\/\/whistlesystem.com\/es\/pida\/","title":{"rendered":"Pida"},"content":{"rendered":"<p>[et_pb_section fb_built=\u00bb1&#8243; _builder_version=\u00bb4.16.0&#8243; _module_preset=\u00bbdefault\u00bb global_colors_info=\u00bb{}\u00bb][et_pb_row column_structure=\u00bb1_5,3_5,1_5&#8243; _builder_version=\u00bb4.16.0&#8243; _module_preset=\u00bbdefault\u00bb custom_padding=\u00bb||0px|||\u00bb global_colors_info=\u00bb{}\u00bb][et_pb_column type=\u00bb1_5&#8243; _builder_version=\u00bb4.16.0&#8243; _module_preset=\u00bbdefault\u00bb global_colors_info=\u00bb{}\u00bb][\/et_pb_column][et_pb_column type=\u00bb3_5&#8243; _builder_version=\u00bb4.16.0&#8243; _module_preset=\u00bbdefault\u00bb global_colors_info=\u00bb{}\u00bb][et_pb_text module_class=\u00bbintro\u00bb _builder_version=\u00bb4.21.0&#8243; _module_preset=\u00bbdefault\u00bb hover_enabled=\u00bb0&#8243; global_colors_info=\u00bb{}\u00bb sticky_enabled=\u00bb0&#8243;]<\/p>\n<h1 class=\"preheader\">Pedir<\/h1>\n<p class=\"title-hero\">Obtenga su WhistleSystem<\/p>\n<p>Env\u00ede el formulario para iniciar la instalaci\u00f3n.<\/p>\n<p>[\/et_pb_text][et_pb_code _builder_version=\u00bb4.16.0&#8243; _module_preset=\u00bbdefault\u00bb global_colors_info=\u00bb{}\u00bb]<script charset=\"utf-8\" type=\"text\/javascript\" src=\"\/\/js-eu1.hsforms.net\/forms\/embed\/v2.js\"><\/script><!-- [et_pb_line_break_holder] --><script><!-- [et_pb_line_break_holder] -->  hbspt.forms.create({<!-- [et_pb_line_break_holder] -->    region: \"eu1\",<!-- [et_pb_line_break_holder] -->    portalId: \"25264574\",<!-- [et_pb_line_break_holder] -->    formId: \"5d9dfe66-ca9c-450b-8644-a012c240c835\"<!-- [et_pb_line_break_holder] -->  });<!-- [et_pb_line_break_holder] --><\/script>[\/et_pb_code][\/et_pb_column][et_pb_column type=\u00bb1_5&#8243; _builder_version=\u00bb4.16.0&#8243; _module_preset=\u00bbdefault\u00bb global_colors_info=\u00bb{}\u00bb][\/et_pb_column][\/et_pb_row][\/et_pb_section][et_pb_section fb_built=\u00bb1&#8243; module_class=\u00bbkundeudtalelser\u00bb _builder_version=\u00bb4.16&#8243; _module_preset=\u00bbdefault\u00bb background_color=\u00bb#F5F4F9&#8243; background_color_gradient_direction=\u00bb90deg\u00bb background_color_gradient_start=\u00bb#f5e9dc\u00bb background_color_gradient_end=\u00bb#f6f1ec\u00bb global_module=\u00bb237570&#8243; saved_tabs=\u00bball\u00bb global_colors_info=\u00bb{}\u00bb][et_pb_row column_structure=\u00bb1_2,1_2&#8243; module_class=\u00bbcases\u00bb _builder_version=\u00bb4.16&#8243; _module_preset=\u00bbdefault\u00bb custom_padding=\u00bb||10px||false|false\u00bb animation_intensity_slide=\u00bb2%\u00bb global_colors_info=\u00bb{}\u00bb][et_pb_column type=\u00bb1_2&#8243; _builder_version=\u00bb4.16&#8243; _module_preset=\u00bbdefault\u00bb global_colors_info=\u00bb{}\u00bb][et_pb_text module_class=\u00bbtitle-big\u00bb _builder_version=\u00bb4.21.0&#8243; _module_preset=\u00bbdefault\u00bb custom_margin=\u00bb||0px||false|false\u00bb custom_padding=\u00bb||0px||false|false\u00bb global_colors_info=\u00bb{}\u00bb]<\/p>\n<p class=\"preheader\">Los clientes tienen la palabra<\/p>\n<h2>Dise\u00f1ado para sus necesidades<\/h2>\n<p>[\/et_pb_text][\/et_pb_column][et_pb_column type=\u00bb1_2&#8243; _builder_version=\u00bb4.16&#8243; _module_preset=\u00bbdefault\u00bb global_colors_info=\u00bb{}\u00bb][\/et_pb_column][\/et_pb_row][et_pb_row _builder_version=\u00bb4.16&#8243; _module_preset=\u00bbdefault\u00bb custom_margin=\u00bb10px||||false|false\u00bb custom_padding=\u00bb0px||0px|||\u00bb animation_intensity_slide=\u00bb2%\u00bb global_colors_info=\u00bb{}\u00bb][et_pb_column type=\u00bb4_4&#8243; _builder_version=\u00bb4.16&#8243; _module_preset=\u00bbdefault\u00bb global_colors_info=\u00bb{}\u00bb][dsm_card_carousel slide_to_show=\u00bb2&#8243; autoplay=\u00bboff\u00bb space_between=\u00bb34&#8243; arrow_size=\u00bb30px\u00bb dots_active_color=\u00bb#4B22DD\u00bb slide_to_show_tablet=\u00bb\u00bb slide_to_show_phone=\u00bb1&#8243; slide_to_show_last_edited=\u00bbon|phone\u00bb _builder_version=\u00bb4.21.0&#8243; _module_preset=\u00bbdefault\u00bb global_colors_info=\u00bb{}\u00bb][dsm_card_carousel_child title=\u00bbKristian Skov Petersen\u00bb subtitle=\u00bbGerente propietario en  Viggo Petersens EFTF\u00bb image=\u00bbhttps:\/\/whistlesystem.com\/wp-content\/uploads\/2022\/03\/5-stjerner-purple.png\u00bb image_as_background=\u00bboff\u00bb image_alignment=\u00bbleft\u00bb content_padding=\u00bb|40px|40px|40px|false|false\u00bb button_url_new_window=\u00bb1&#8243; _builder_version=\u00bb4.21.0&#8243; _module_preset=\u00bbdefault\u00bb background_color=\u00bb#FFFFFF\u00bb background_enable_color=\u00bbon\u00bb border_radii=\u00bbon|8px|8px|8px|8px\u00bb border_radii_image=\u00bbon|0px|0px|0px|0px\u00bb box_shadow_style=\u00bbpreset1&#8243; box_shadow_color=\u00bbrgba(0,0,0,0.1)\u00bb global_colors_info=\u00bb{}\u00bb parent_button=\u00bboff\u00bb parent_header_level=\u00bbh4&#8243;]<\/p>\n<p>Busc\u00e1bamos una alternativa a una soluci\u00f3n cara que nos hab\u00edan ofrecido. Elegimos WhistleSystem porque el sistema satisfac\u00eda nuestras necesidades a un precio completamente distinto.<\/p>\n<p>[\/dsm_card_carousel_child][dsm_card_carousel_child title=\u00bbKim Eriksen\u00bb subtitle=\u00bbConsejero Delegado de ParsePort\u00bb image=\u00bbhttps:\/\/whistlesystem.com\/wp-content\/uploads\/2022\/03\/5-stjerner-purple.png\u00bb image_as_background=\u00bboff\u00bb image_alignment=\u00bbleft\u00bb content_padding=\u00bb|40px|40px|40px|false|false\u00bb button_url_new_window=\u00bb1&#8243; _builder_version=\u00bb4.21.0&#8243; _module_preset=\u00bbdefault\u00bb background_color=\u00bb#FFFFFF\u00bb background_enable_color=\u00bbon\u00bb border_radii=\u00bbon|8px|8px|8px|8px\u00bb border_radii_image=\u00bbon|0px|0px|0px|0px\u00bb box_shadow_style=\u00bbpreset1&#8243; box_shadow_color=\u00bbrgba(0,0,0,0.1)\u00bb global_colors_info=\u00bb{}\u00bb parent_button=\u00bboff\u00bb parent_header_level=\u00bbh4&#8243;]<\/p>\n<p>WhistleSystem nos permite controlar las notificaciones. Al mismo tiempo, nuestro responsable inform\u00e1tico qued\u00f3 satisfecho con el nivel de seguridad.<\/p>\n<p>[\/dsm_card_carousel_child][dsm_card_carousel_child title=\u00bb Peter Flensted\u00bb subtitle=\u00bbDirector de Flyers ApS\u00bb image=\u00bbhttps:\/\/whistlesystem.com\/wp-content\/uploads\/2022\/03\/5-stjerner-purple.png\u00bb image_as_background=\u00bboff\u00bb image_alignment=\u00bbleft\u00bb content_padding=\u00bb|40px|40px|40px|false|false\u00bb button_url_new_window=\u00bb1&#8243; _builder_version=\u00bb4.21.0&#8243; _module_preset=\u00bbdefault\u00bb background_color=\u00bb#FFFFFF\u00bb background_enable_color=\u00bbon\u00bb border_radii=\u00bbon|8px|8px|8px|8px\u00bb border_radii_image=\u00bbon|0px|0px|0px|0px\u00bb box_shadow_style=\u00bbpreset1&#8243; box_shadow_color=\u00bbrgba(0,0,0,0.1)\u00bb global_colors_info=\u00bb{}\u00bb parent_button=\u00bboff\u00bb parent_header_level=\u00bbh4&#8243;]<\/p>\n<p>Estudiamos varias soluciones, pero nos decidimos por WhistleSystem porque el sistema es sencillo y directo.<\/p>\n<p>[\/dsm_card_carousel_child][\/dsm_card_carousel][\/et_pb_column][\/et_pb_row][\/et_pb_section]<\/p>\n","protected":false},"excerpt":{"rendered":"<p>Pedir Obtenga su WhistleSystem Env\u00ede el formulario para iniciar la instalaci\u00f3n.Los clientes tienen la palabra Dise\u00f1ado para sus necesidades<div class=\"et_pb_module dsm_card_carousel dsm_card_carousel_0 dsm_card_carousel_layout_stacked  dsm_card_carousel_arrow_outside dsm_card_carousel_arrow_mobile_inside\">\n\t\t\t\t\n\t\t\t\t\n\t\t\t\t\n\t\t\t\t\n\t\t\t\t\n\t\t\t\t\n\t\t\t\t<div class=\"et_pb_module_inner\">\n\t\t\t\t\t\n\t\t\t\n\t\t\t<div class=\"swiper-container dsm_card_carousel_wrapper\" dir=\"ltr\" data-params=\"[{&quot;direction&quot;:&quot;horizontal&quot;,&quot;effect&quot;:&quot;default&quot;,&quot;slider_effect_shadows&quot;:false,&quot;slider_effect_coverflow_rotate&quot;:&quot;30&quot;,&quot;slider_effect_coverflow_depth&quot;:&quot;0&quot;,&quot;loop&quot;:true,&quot;slide_to_show&quot;:&quot;2&quot;,&quot;slide_to_show_tablet&quot;:&quot;1&quot;,&quot;slide_to_show_phone&quot;:&quot;1&quot;,&quot;slide_to_scroll&quot;:&quot;1&quot;,&quot;slide_to_scroll_tablet&quot;:&quot;1&quot;,&quot;slide_to_scroll_phone&quot;:&quot;1&quot;,&quot;space_between&quot;:&quot;34&quot;,&quot;space_between_tablet&quot;:&quot;34&quot;,&quot;space_between_phone&quot;:&quot;34&quot;,&quot;centered_slides&quot;:false,&quot;slide_row&quot;:&quot;1&quot;,&quot;slide_row_tablet&quot;:&quot;1&quot;,&quot;slide_row_phone&quot;:&quot;1&quot;,&quot;speed&quot;:&quot;300&quot;,&quot;autoplay&quot;:false,&quot;autoplay_speed&quot;:&quot;3000&quot;,&quot;autoplay_viewport&quot;:&quot;&quot;,&quot;touch_move&quot;:true,&quot;grab&quot;:true,&quot;pause_on_hover&quot;:false,&quot;mousewheel&quot;:false,&quot;auto_height&quot;:true,&quot;equal_height_tablet&quot;:true,&quot;equal_height_phone&quot;:true}]\">\n\t\t\t<div class=\"swiper-wrapper\"><div class=\"dsm_card_carousel_child dsm_card_carousel_child_0 swiper-slide\">\n\t\t\t\t\n\t\t\t\t\n\t\t\t\t\n\t\t\t\t\n\t\t\t\t\n\t\t\t\t\n\t\t\t\t<div class=\"et_pb_module_inner\">\n\t\t\t\t\t\n\t\t\t\n\t\t\t<figure class=\"dsm_card_carousel_child_image_wrapper dsm_card_carousel_child_badge_top_right\"><img decoding=\"async\" src=\"https:\/\/whistlesystem.com\/wp-content\/uploads\/2022\/03\/5-stjerner-purple.png\" alt=\"\" srcset=\"https:\/\/whistlesystem.com\/wp-content\/uploads\/2022\/03\/5-stjerner-purple.png 320w, https:\/\/whistlesystem.com\/wp-content\/uploads\/2022\/03\/5-stjerner-purple-300x53.png 300w\" sizes=\"(max-width: 320px) 100vw, 320px\" class=\"dsm_card_carousel_child_img  dsm_card_carousel_image_stretch skip-lazy\" \/><\/figure>\n\t\t\t<div class=\"dsm_card_wrapper et_pb_text_align_left et_pb_bg_layout_light\">\n\t\t\t\t\t<h4 class=\"dsm_card_title et_pb_module_header\">Kristian Skov Petersen<\/h4>\n\t\t\t\t\t<div class=\"dsm_card_carousel_child_subtitle\">Gerente propietario en Viggo Petersens EFTF<\/div>\n\t\t\t\t\t<div class=\"dsm_card_carousel_child_description\">Busc\u00e1bamos una alternativa a una soluci\u00f3n cara que nos hab\u00edan ofrecido. Elegimos WhistleSystem porque el sistema satisfac\u00eda nuestras necesidades a un precio completamente distinto.<\/div>\n\t\t\t\t\t\n\t\t\t\t<\/div>\n\t\t\t\t<\/div>\n\t\t\t<\/div><div class=\"dsm_card_carousel_child dsm_card_carousel_child_1 swiper-slide\">\n\t\t\t\t\n\t\t\t\t\n\t\t\t\t\n\t\t\t\t\n\t\t\t\t\n\t\t\t\t\n\t\t\t\t<div class=\"et_pb_module_inner\">\n\t\t\t\t\t\n\t\t\t\n\t\t\t<figure class=\"dsm_card_carousel_child_image_wrapper dsm_card_carousel_child_badge_top_right\"><img decoding=\"async\" src=\"https:\/\/whistlesystem.com\/wp-content\/uploads\/2022\/03\/5-stjerner-purple.png\" alt=\"\" srcset=\"https:\/\/whistlesystem.com\/wp-content\/uploads\/2022\/03\/5-stjerner-purple.png 320w, https:\/\/whistlesystem.com\/wp-content\/uploads\/2022\/03\/5-stjerner-purple-300x53.png 300w\" sizes=\"(max-width: 320px) 100vw, 320px\" class=\"dsm_card_carousel_child_img  dsm_card_carousel_image_stretch skip-lazy\" \/><\/figure>\n\t\t\t<div class=\"dsm_card_wrapper et_pb_text_align_left et_pb_bg_layout_light\">\n\t\t\t\t\t<h4 class=\"dsm_card_title et_pb_module_header\">Kim Eriksen<\/h4>\n\t\t\t\t\t<div class=\"dsm_card_carousel_child_subtitle\">Consejero Delegado de ParsePort<\/div>\n\t\t\t\t\t<div class=\"dsm_card_carousel_child_description\">WhistleSystem nos permite controlar las notificaciones. Al mismo tiempo, nuestro responsable inform\u00e1tico qued\u00f3 satisfecho con el nivel de seguridad.<\/div>\n\t\t\t\t\t\n\t\t\t\t<\/div>\n\t\t\t\t<\/div>\n\t\t\t<\/div><div class=\"dsm_card_carousel_child dsm_card_carousel_child_2 swiper-slide\">\n\t\t\t\t\n\t\t\t\t\n\t\t\t\t\n\t\t\t\t\n\t\t\t\t\n\t\t\t\t\n\t\t\t\t<div class=\"et_pb_module_inner\">\n\t\t\t\t\t\n\t\t\t\n\t\t\t<figure class=\"dsm_card_carousel_child_image_wrapper dsm_card_carousel_child_badge_top_right\"><img decoding=\"async\" src=\"https:\/\/whistlesystem.com\/wp-content\/uploads\/2022\/03\/5-stjerner-purple.png\" alt=\"\" srcset=\"https:\/\/whistlesystem.com\/wp-content\/uploads\/2022\/03\/5-stjerner-purple.png 320w, https:\/\/whistlesystem.com\/wp-content\/uploads\/2022\/03\/5-stjerner-purple-300x53.png 300w\" sizes=\"(max-width: 320px) 100vw, 320px\" class=\"dsm_card_carousel_child_img  dsm_card_carousel_image_stretch skip-lazy\" \/><\/figure>\n\t\t\t<div class=\"dsm_card_wrapper et_pb_text_align_left et_pb_bg_layout_light\">\n\t\t\t\t\t<h4 class=\"dsm_card_title et_pb_module_header\"> Peter Flensted<\/h4>\n\t\t\t\t\t<div class=\"dsm_card_carousel_child_subtitle\">Director de Flyers ApS<\/div>\n\t\t\t\t\t<div class=\"dsm_card_carousel_child_description\">Estudiamos varias soluciones, pero nos decidimos por WhistleSystem porque el sistema es sencillo y directo.<\/div>\n\t\t\t\t\t\n\t\t\t\t<\/div>\n\t\t\t\t<\/div>\n\t\t\t<\/div><\/div>\n\t\t\t<\/div><div class=\"swiper-button-prev dsm_card_carousel_arrow\" data-icon=\"4\"><\/div><div class=\"swiper-button-next dsm_card_carousel_arrow\" data-icon=\"5\"><\/div><div class=\"swiper-pagination dsm_card_carousel_pagination\"><\/div>\n\t\t\t\t<\/div>\n\t\t\t<\/div><\/p>\n","protected":false},"author":2,"featured_media":244115,"parent":0,"menu_order":0,"comment_status":"closed","ping_status":"closed","template":"","meta":{"_et_pb_use_builder":"on","_et_pb_old_content":"","_et_gb_content_width":"","footnotes":""},"yoast_head":"<!-- This site is optimized with the Yoast SEO Premium plugin v24.0 (Yoast SEO v24.0) - https:\/\/yoast.com\/wordpress\/plugins\/seo\/ -->\n<title>Pida - WhistleSystem<\/title>\n<meta name=\"description\" content=\"Solicite aqu\u00ed su sistema de denuncia enviando el formulario\" \/>\n<meta name=\"robots\" content=\"index, follow, max-snippet:-1, max-image-preview:large, max-video-preview:-1\" \/>\n<link rel=\"canonical\" href=\"https:\/\/whistlesystem.com\/es\/pida\/\" \/>\n<meta property=\"og:locale\" content=\"es_ES\" \/>\n<meta property=\"og:type\" content=\"article\" \/>\n<meta property=\"og:title\" content=\"Pida\" \/>\n<meta property=\"og:description\" content=\"Solicite aqu\u00ed su sistema de denuncia enviando el formulario\" \/>\n<meta property=\"og:url\" content=\"https:\/\/whistlesystem.com\/es\/pida\/\" \/>\n<meta property=\"og:site_name\" content=\"WhistleSystem\" \/>\n<meta property=\"article:modified_time\" content=\"2023-12-07T15:53:49+00:00\" \/>\n<meta property=\"og:image\" content=\"https:\/\/whistlesystem.com\/wp-content\/uploads\/2022\/05\/platform-whistleblower-4.jpg\" \/>\n\t<meta property=\"og:image:width\" content=\"2360\" \/>\n\t<meta property=\"og:image:height\" content=\"2528\" \/>\n\t<meta property=\"og:image:type\" content=\"image\/jpeg\" \/>\n<meta name=\"twitter:card\" content=\"summary_large_image\" \/>\n<meta name=\"twitter:label1\" content=\"Tiempo de lectura\" \/>\n\t<meta name=\"twitter:data1\" content=\"2 minutos\" \/>\n<script type=\"application\/ld+json\" class=\"yoast-schema-graph\">{\"@context\":\"https:\/\/schema.org\",\"@graph\":[{\"@type\":\"WebPage\",\"@id\":\"https:\/\/whistlesystem.com\/es\/pida\/\",\"url\":\"https:\/\/whistlesystem.com\/es\/pida\/\",\"name\":\"Pida - WhistleSystem\",\"isPartOf\":{\"@id\":\"https:\/\/whistlesystem.com\/#website\"},\"primaryImageOfPage\":{\"@id\":\"https:\/\/whistlesystem.com\/es\/pida\/#primaryimage\"},\"image\":{\"@id\":\"https:\/\/whistlesystem.com\/es\/pida\/#primaryimage\"},\"thumbnailUrl\":\"https:\/\/whistlesystem.com\/wp-content\/uploads\/2022\/05\/platform-whistleblower-4.jpg\",\"datePublished\":\"2022-05-05T11:53:06+00:00\",\"dateModified\":\"2023-12-07T15:53:49+00:00\",\"description\":\"Solicite aqu\u00ed su sistema de denuncia enviando el formulario\",\"breadcrumb\":{\"@id\":\"https:\/\/whistlesystem.com\/es\/pida\/#breadcrumb\"},\"inLanguage\":\"es\",\"potentialAction\":[{\"@type\":\"ReadAction\",\"target\":[\"https:\/\/whistlesystem.com\/es\/pida\/\"]}]},{\"@type\":\"ImageObject\",\"inLanguage\":\"es\",\"@id\":\"https:\/\/whistlesystem.com\/es\/pida\/#primaryimage\",\"url\":\"https:\/\/whistlesystem.com\/wp-content\/uploads\/2022\/05\/platform-whistleblower-4.jpg\",\"contentUrl\":\"https:\/\/whistlesystem.com\/wp-content\/uploads\/2022\/05\/platform-whistleblower-4.jpg\",\"width\":2360,\"height\":2528},{\"@type\":\"BreadcrumbList\",\"@id\":\"https:\/\/whistlesystem.com\/es\/pida\/#breadcrumb\",\"itemListElement\":[{\"@type\":\"ListItem\",\"position\":1,\"name\":\"Hjem\",\"item\":\"https:\/\/whistlesystem.com\/es\/\"},{\"@type\":\"ListItem\",\"position\":2,\"name\":\"Pida\"}]},{\"@type\":\"WebSite\",\"@id\":\"https:\/\/whistlesystem.com\/#website\",\"url\":\"https:\/\/whistlesystem.com\/\",\"name\":\"WhistleSystem\",\"description\":\"WhistleSystem ApS - En sikker, simpel og compliant whistleblowerordning\",\"publisher\":{\"@id\":\"https:\/\/whistlesystem.com\/#organization\"},\"potentialAction\":[{\"@type\":\"SearchAction\",\"target\":{\"@type\":\"EntryPoint\",\"urlTemplate\":\"https:\/\/whistlesystem.com\/?s={search_term_string}\"},\"query-input\":{\"@type\":\"PropertyValueSpecification\",\"valueRequired\":true,\"valueName\":\"search_term_string\"}}],\"inLanguage\":\"es\"},{\"@type\":\"Organization\",\"@id\":\"https:\/\/whistlesystem.com\/#organization\",\"name\":\"WhistleSystem ApS\",\"url\":\"https:\/\/whistlesystem.com\/\",\"logo\":{\"@type\":\"ImageObject\",\"inLanguage\":\"es\",\"@id\":\"https:\/\/whistlesystem.com\/#\/schema\/logo\/image\/\",\"url\":\"https:\/\/whistlesystem.com\/wp-content\/uploads\/2022\/05\/whistle-logo-dark.svg\",\"contentUrl\":\"https:\/\/whistlesystem.com\/wp-content\/uploads\/2022\/05\/whistle-logo-dark.svg\",\"width\":\"1024\",\"height\":\"1024\",\"caption\":\"WhistleSystem ApS\"},\"image\":{\"@id\":\"https:\/\/whistlesystem.com\/#\/schema\/logo\/image\/\"}}]}<\/script>\n<!-- \/ Yoast SEO Premium plugin. -->","yoast_head_json":{"title":"Pida - WhistleSystem","description":"Solicite aqu\u00ed su sistema de denuncia enviando el formulario","robots":{"index":"index","follow":"follow","max-snippet":"max-snippet:-1","max-image-preview":"max-image-preview:large","max-video-preview":"max-video-preview:-1"},"canonical":"https:\/\/whistlesystem.com\/es\/pida\/","og_locale":"es_ES","og_type":"article","og_title":"Pida","og_description":"Solicite aqu\u00ed su sistema de denuncia enviando el formulario","og_url":"https:\/\/whistlesystem.com\/es\/pida\/","og_site_name":"WhistleSystem","article_modified_time":"2023-12-07T15:53:49+00:00","og_image":[{"width":2360,"height":2528,"url":"https:\/\/whistlesystem.com\/wp-content\/uploads\/2022\/05\/platform-whistleblower-4.jpg","type":"image\/jpeg"}],"twitter_card":"summary_large_image","twitter_misc":{"Tiempo de lectura":"2 minutos"},"schema":{"@context":"https:\/\/schema.org","@graph":[{"@type":"WebPage","@id":"https:\/\/whistlesystem.com\/es\/pida\/","url":"https:\/\/whistlesystem.com\/es\/pida\/","name":"Pida - WhistleSystem","isPartOf":{"@id":"https:\/\/whistlesystem.com\/#website"},"primaryImageOfPage":{"@id":"https:\/\/whistlesystem.com\/es\/pida\/#primaryimage"},"image":{"@id":"https:\/\/whistlesystem.com\/es\/pida\/#primaryimage"},"thumbnailUrl":"https:\/\/whistlesystem.com\/wp-content\/uploads\/2022\/05\/platform-whistleblower-4.jpg","datePublished":"2022-05-05T11:53:06+00:00","dateModified":"2023-12-07T15:53:49+00:00","description":"Solicite aqu\u00ed su sistema de denuncia enviando el formulario","breadcrumb":{"@id":"https:\/\/whistlesystem.com\/es\/pida\/#breadcrumb"},"inLanguage":"es","potentialAction":[{"@type":"ReadAction","target":["https:\/\/whistlesystem.com\/es\/pida\/"]}]},{"@type":"ImageObject","inLanguage":"es","@id":"https:\/\/whistlesystem.com\/es\/pida\/#primaryimage","url":"https:\/\/whistlesystem.com\/wp-content\/uploads\/2022\/05\/platform-whistleblower-4.jpg","contentUrl":"https:\/\/whistlesystem.com\/wp-content\/uploads\/2022\/05\/platform-whistleblower-4.jpg","width":2360,"height":2528},{"@type":"BreadcrumbList","@id":"https:\/\/whistlesystem.com\/es\/pida\/#breadcrumb","itemListElement":[{"@type":"ListItem","position":1,"name":"Hjem","item":"https:\/\/whistlesystem.com\/es\/"},{"@type":"ListItem","position":2,"name":"Pida"}]},{"@type":"WebSite","@id":"https:\/\/whistlesystem.com\/#website","url":"https:\/\/whistlesystem.com\/","name":"WhistleSystem","description":"WhistleSystem ApS - En sikker, simpel og compliant whistleblowerordning","publisher":{"@id":"https:\/\/whistlesystem.com\/#organization"},"potentialAction":[{"@type":"SearchAction","target":{"@type":"EntryPoint","urlTemplate":"https:\/\/whistlesystem.com\/?s={search_term_string}"},"query-input":{"@type":"PropertyValueSpecification","valueRequired":true,"valueName":"search_term_string"}}],"inLanguage":"es"},{"@type":"Organization","@id":"https:\/\/whistlesystem.com\/#organization","name":"WhistleSystem ApS","url":"https:\/\/whistlesystem.com\/","logo":{"@type":"ImageObject","inLanguage":"es","@id":"https:\/\/whistlesystem.com\/#\/schema\/logo\/image\/","url":"https:\/\/whistlesystem.com\/wp-content\/uploads\/2022\/05\/whistle-logo-dark.svg","contentUrl":"https:\/\/whistlesystem.com\/wp-content\/uploads\/2022\/05\/whistle-logo-dark.svg","width":"1024","height":"1024","caption":"WhistleSystem ApS"},"image":{"@id":"https:\/\/whistlesystem.com\/#\/schema\/logo\/image\/"}}]}},"_links":{"self":[{"href":"https:\/\/whistlesystem.com\/es\/wp-json\/wp\/v2\/pages\/244426"}],"collection":[{"href":"https:\/\/whistlesystem.com\/es\/wp-json\/wp\/v2\/pages"}],"about":[{"href":"https:\/\/whistlesystem.com\/es\/wp-json\/wp\/v2\/types\/page"}],"author":[{"embeddable":true,"href":"https:\/\/whistlesystem.com\/es\/wp-json\/wp\/v2\/users\/2"}],"replies":[{"embeddable":true,"href":"https:\/\/whistlesystem.com\/es\/wp-json\/wp\/v2\/comments?post=244426"}],"version-history":[{"count":4,"href":"https:\/\/whistlesystem.com\/es\/wp-json\/wp\/v2\/pages\/244426\/revisions"}],"predecessor-version":[{"id":244430,"href":"https:\/\/whistlesystem.com\/es\/wp-json\/wp\/v2\/pages\/244426\/revisions\/244430"}],"wp:featuredmedia":[{"embeddable":true,"href":"https:\/\/whistlesystem.com\/es\/wp-json\/wp\/v2\/media\/244115"}],"wp:attachment":[{"href":"https:\/\/whistlesystem.com\/es\/wp-json\/wp\/v2\/media?parent=244426"}],"curies":[{"name":"wp","href":"https:\/\/api.w.org\/{rel}","templated":true}]}}