{"id":241504,"date":"2022-04-19T18:43:58","date_gmt":"2022-04-19T18:43:58","guid":{"rendered":"https:\/\/whistlesystem.com\/kontakt\/"},"modified":"2023-06-12T06:36:41","modified_gmt":"2023-06-12T06:36:41","slug":"ota-yhteytta","status":"publish","type":"page","link":"https:\/\/whistlesystem.com\/fi\/ota-yhteytta\/","title":{"rendered":"Ota yhteytt\u00e4"},"content":{"rendered":"<p>[et_pb_section fb_built=&#8221;1&#8243; _builder_version=&#8221;4.16.0&#8243; _module_preset=&#8221;default&#8221; background_color=&#8221;#2B1E6B&#8221; custom_padding=&#8221;||34px|||&#8221; global_colors_info=&#8221;{}&#8221;][et_pb_row make_equal=&#8221;on&#8221; _builder_version=&#8221;4.16.0&#8243; _module_preset=&#8221;default&#8221; max_width=&#8221;900px&#8221; module_alignment=&#8221;center&#8221; custom_padding=&#8221;||0px|||&#8221; global_colors_info=&#8221;{}&#8221;][et_pb_column type=&#8221;4_4&#8243; module_class=&#8221;vertical-align&#8221; _builder_version=&#8221;4.16&#8243; _module_preset=&#8221;default&#8221; global_colors_info=&#8221;{}&#8221;][et_pb_text module_class=&#8221;intro&#8221; _builder_version=&#8221;4.19.4&#8243; _module_preset=&#8221;default&#8221; text_orientation=&#8221;center&#8221; background_layout=&#8221;dark&#8221; custom_padding=&#8221;||0px|||&#8221; hover_enabled=&#8221;0&#8243; global_colors_info=&#8221;{}&#8221; sticky_enabled=&#8221;0&#8243;]<\/p>\n<h1 class=\"preheader\">Ota yhteytt\u00e4<\/h1>\n<p class=\"title-hero\"><strong>Kuinka voimme auttaa?<\/p>\n<p>Onko sinulla kysytt\u00e4v\u00e4\u00e4 ilmiantodirektiivist\u00e4, WhistleSystemist\u00e4 tai jostain muusta? Olemme apunasi![\/et_pb_text][\/et_pb_column][\/et_pb_row][\/et_pb_section][et_pb_section fb_built=&#8221;1&#8243; _builder_version=&#8221;4.16.0&#8243; _module_preset=&#8221;default&#8221; background_color=&#8221;#2B1E6B&#8221; use_background_color_gradient=&#8221;on&#8221; background_color_gradient_stops=&#8221;#2b1e6b 50%|#ffffff 50%&#8221; custom_padding=&#8221;0px||0px|||&#8221; global_colors_info=&#8221;{}&#8221;][et_pb_row use_custom_gutter=&#8221;on&#8221; gutter_width=&#8221;2&#8243; make_equal=&#8221;on&#8221; _builder_version=&#8221;4.16.0&#8243; _module_preset=&#8221;default&#8221; custom_padding=&#8221;34px||0px||false|false&#8221; global_colors_info=&#8221;{}&#8221;][et_pb_column type=&#8221;4_4&#8243; module_class=&#8221;box-outline&#8221; _builder_version=&#8221;4.16&#8243; _module_preset=&#8221;default&#8221; global_colors_info=&#8221;{}&#8221;][et_pb_text _builder_version=&#8221;4.19.4&#8243; _module_preset=&#8221;default&#8221; text_orientation=&#8221;center&#8221; hover_enabled=&#8221;0&#8243; global_colors_info=&#8221;{}&#8221; sticky_enabled=&#8221;0&#8243;]<\/p>\n<h2>L\u00e4het\u00e4 s\u00e4hk\u00f6postia<\/h2>\n<p class=\"title-medium\" style=\"font-size: 30px; height: 40px;\"><a href=\"mailto:support@whistlesystem.dk\">support@whistlesystem.com<\/a><\/p>\n<p>[\/et_pb_text][et_pb_blurb title=&#8221;Maanantaista perjantaihin&#8221; use_icon=&#8221;on&#8221; font_icon=&#8221;&#x7d;||divi||400&#8243; image_icon_background_color=&#8221;#EBE7F8&#8243; icon_placement=&#8221;left&#8221; image_icon_width=&#8221;26px&#8221; _builder_version=&#8221;4.19.4&#8243; _module_preset=&#8221;default&#8221; header_level=&#8221;h6&#8243; header_text_color=&#8221;rgba(15,2,54,0.6)&#8221; body_text_color=&#8221;#0F0236&#8243; image_icon_custom_padding=&#8221;15px|15px|15px|15px|false|false&#8221; width=&#8221;250px&#8221; module_alignment=&#8221;center&#8221; custom_margin=&#8221;50px||||false|false&#8221; hover_enabled=&#8221;0&#8243; custom_css_blurb_title=&#8221;padding-bottom: 10px !important;&#8221; border_radii_image=&#8221;on|200px|200px|200px|200px&#8221; global_colors_info=&#8221;{}&#8221; sticky_enabled=&#8221;0&#8243;]<\/p>\n<p>Innerhalb von 24 Stunden<\/p>\n<p>[\/et_pb_blurb][\/et_pb_column][\/et_pb_row][\/et_pb_section][et_pb_section fb_built=&#8221;1&#8243; disabled_on=&#8221;on|on|on&#8221; _builder_version=&#8221;4.16.0&#8243; _module_preset=&#8221;default&#8221; disabled=&#8221;on&#8221; global_colors_info=&#8221;{}&#8221;][et_pb_row column_structure=&#8221;1_2,1_2&#8243; _builder_version=&#8221;4.16.0&#8243; _module_preset=&#8221;default&#8221; global_colors_info=&#8221;{}&#8221;][et_pb_column type=&#8221;1_2&#8243; _builder_version=&#8221;4.16.0&#8243; _module_preset=&#8221;default&#8221; global_colors_info=&#8221;{}&#8221;][et_pb_text _builder_version=&#8221;4.18.0&#8243; _module_preset=&#8221;default&#8221; global_colors_info=&#8221;{}&#8221;]<\/p>\n<h2 class=\"title-big\">Haben Sie Fragen oder m\u00f6chten Sie mehr wissen?<\/h2>\n<p>[\/et_pb_text][et_pb_code _builder_version=&#8221;4.16.0&#8243; _module_preset=&#8221;default&#8221; global_colors_info=&#8221;{}&#8221;]<script><!-- [et_pb_line_break_holder] -->  hbspt.forms.create({<!-- [et_pb_line_break_holder] -->                             region: \"eu1\",<!-- [et_pb_line_break_holder] -->                             portalId: \"25264574\",<!-- [et_pb_line_break_holder] -->                             formId: \"b6ac59ee-01f3-4269-926d-72b5bc11cf0f\"<!-- [et_pb_line_break_holder] -->});<!-- [et_pb_line_break_holder] --><\/script>[\/et_pb_code][\/et_pb_column][et_pb_column type=&#8221;1_2&#8243; _builder_version=&#8221;4.16.0&#8243; _module_preset=&#8221;default&#8221; global_colors_info=&#8221;{}&#8221;][et_pb_image src=&#8221;https:\/\/whistlesystem.com\/wp-content\/uploads\/2022\/04\/whistleblower-system-42.jpg&#8221; title_text=&#8221;whistleblower-system-42&#8243; align=&#8221;right&#8221; _builder_version=&#8221;4.16.0&#8243; _module_preset=&#8221;default&#8221; max_width=&#8221;82%&#8221; global_colors_info=&#8221;{}&#8221;][\/et_pb_image][et_pb_image src=&#8221;https:\/\/whistlesystem.com\/wp-content\/uploads\/2022\/05\/dk-hej.png&#8221; title_text=&#8221;dk-hej&#8221; _builder_version=&#8221;4.16.0&#8243; _module_preset=&#8221;default&#8221; positioning=&#8221;absolute&#8221; vertical_offset=&#8221;34px&#8221; horizontal_offset=&#8221;34px&#8221; width=&#8221;100%&#8221; max_width=&#8221;180px&#8221; global_colors_info=&#8221;{}&#8221;][\/et_pb_image][\/et_pb_column][\/et_pb_row][\/et_pb_section][et_pb_section fb_built=&#8221;1&#8243; _builder_version=&#8221;4.16&#8243; _module_preset=&#8221;default&#8221; background_color=&#8221;#F5F4F9&#8243; global_module=&#8221;236592&#8243; saved_tabs=&#8221;all&#8221; global_colors_info=&#8221;{}&#8221;][et_pb_row column_structure=&#8221;1_3,2_3&#8243; _builder_version=&#8221;4.16&#8243; _module_preset=&#8221;default&#8221; custom_padding=&#8221;34px||||false|false&#8221; global_colors_info=&#8221;{}&#8221;][et_pb_column type=&#8221;1_3&#8243; _builder_version=&#8221;4.16&#8243; _module_preset=&#8221;default&#8221; global_colors_info=&#8221;{}&#8221;][et_pb_text _builder_version=&#8221;4.18.0&#8243; _module_preset=&#8221;default&#8221; global_colors_info=&#8221;{}&#8221;]<\/p>\n<h2 class=\"title-hero\">UKK<\/h2>\n<p class=\"intro\">Autamme aina mielell\u00e4mme kysymyksiss\u00e4. T\u00e4ss\u00e4 on vastauksia joihinkin, joita sinulla saattaa jo olla.<\/p>\n<p>[\/et_pb_text][et_pb_button button_url=&#8221;\/fi\/demo\/&#8221; button_text=&#8221;Onko sinulla muuta kysytt\u00e4v\u00e4\u00e4?&#8221; module_class=&#8221;btn-outline&#8221; _builder_version=&#8221;4.18.0&#8243; _module_preset=&#8221;default&#8221; global_colors_info=&#8221;{}&#8221;][\/et_pb_button][\/et_pb_column][et_pb_column type=&#8221;2_3&#8243; _builder_version=&#8221;4.16&#8243; _module_preset=&#8221;default&#8221; global_colors_info=&#8221;{}&#8221;][et_pb_toggle title=&#8221;Mik\u00e4 on ilmiantoratkaisu?&#8221; _builder_version=&#8221;4.18.0&#8243; _module_preset=&#8221;default&#8221; global_colors_info=&#8221;{}&#8221;]Ilmiantoj\u00e4rjestelm\u00e4 on yksinkertaisesti yrityksesi ilmoitusk\u00e4yt\u00e4nt\u00f6jen, toimintatapojen ja ilmiantojen k\u00e4sittelyj\u00e4rjestelm\u00e4n muodostama kokonaisuus. Ilmiantajia koskeva lains\u00e4\u00e4d\u00e4nt\u00f6 perustuu EU:n direktiiviin 2019\/1937, joka on unionin oikeuden rikkomisesta ilmoittavien henkil\u00f6iden suojelusta m\u00e4\u00e4r\u00e4\u00e4v\u00e4 direktiivi.[\/et_pb_toggle][et_pb_toggle title=&#8221;Kuinka WhistleSystem erottuu muista?&#8221; _builder_version=&#8221;4.18.0&#8243; _module_preset=&#8221;default&#8221; global_colors_info=&#8221;{}&#8221;]WhistleSystem erottuu joukosta ainutlaatuisella yhdistelm\u00e4ll\u00e4\u00e4n markkinoiden johtavaa k\u00e4ytett\u00e4vyytt\u00e4, tietoturvaa ja k\u00e4ytt\u00f6\u00f6nottoa. Se on my\u00f6s eritt\u00e4in edullinen ratkaisu.<\/p>\n<p>Olemme varmistaneet k\u00e4ytett\u00e4vyyden luomalla j\u00e4rjestelm\u00e4n paitsi asiakkaillemme my\u00f6s yhdess\u00e4 heid\u00e4n kanssaan. Olemme keskustelleet satojen asiakkaiden kanssa ja tiivist\u00e4neet heid\u00e4n kysymyksens\u00e4 ja pyynt\u00f6ns\u00e4 juuri niihin ominaisuuksiin, joita helppo ja intuitiivinen ilmiantoj\u00e4rjestelm\u00e4 vaatii. Yhdess\u00e4 y\u00f6ss\u00e4 uudet asiakkaamme lakkasivat kysym\u00e4st\u00e4 kysymyksi\u00e4 j\u00e4rjestelm\u00e4st\u00e4, ja meille j\u00e4i juuri asiakkaidemme tarvitsema j\u00e4rjestelm\u00e4.<\/p>\n<p>Meille on t\u00e4rke\u00e4\u00e4, ett\u00e4 asiakkaamme tuntevat olonsa turvalliseksi. Siksi meill\u00e4 on sek\u00e4 tietoturva- ett\u00e4 yksityisyyssertifiointi ISO 27001- ja ISO 27701 -standardien mukaisesti. Samalla tekninen tietoturvamme on markkinoiden johtavaa tasoa ja perustuu viimeisimp\u00e4\u00e4n ja vahvimpaan turvallisuusteknologiaan. L\u00e4het\u00e4mme mielell\u00e4mme tietoturvaa k\u00e4sittelev\u00e4n artikkelimme, jos haluat tiet\u00e4\u00e4 asiasta enemm\u00e4n.<\/p>\n<p>Tavoitteenamme on tehd\u00e4 k\u00e4ytt\u00f6\u00f6notosta asiakkaillemme mahdollisimman helppoa. Siksi olemme kehitt\u00e4neet k\u00e4ytt\u00f6\u00f6nottoprosessin, joka sis\u00e4lt\u00e4\u00e4 kaiken tarvittavan materiaalin yrityksesi tarpeisiin mukautettuna. T\u00e4m\u00e4 kattaa kaiken salatusta ilmiantoj\u00e4rjestelm\u00e4st\u00e4 ja k\u00e4ytt\u00f6ohjeista ilmoitusk\u00e4yt\u00e4nt\u00f6\u00f6n ja malleihin, joilla uudesta ilmianto-ohjelmistosta tiedotetaan ty\u00f6ntekij\u00f6ille.<\/p>\n<p>L\u00e4hestymistapamme ominaisuuksiin ja prosessien kehitt\u00e4miseen on auttanut meit\u00e4 pit\u00e4m\u00e4\u00e4n WhistleSystemin niin edullisena kuin se on.<\/p>\n<p>Et n\u00e4e t\u00e4t\u00e4 yhdistelm\u00e4\u00e4 monissa paikoissa &#8211; mutta odotamme innolla, ett\u00e4 voimme esitell\u00e4 sen sinulle.[\/et_pb_toggle][et_pb_toggle title=&#8221;Mit\u00e4 ilmiantoratkaisu maksaa?&#8221; _builder_version=&#8221;4.18.0&#8243; _module_preset=&#8221;default&#8221; global_colors_info=&#8221;{}&#8221;]Ilmiantoj\u00e4rjestelm\u00e4n kustannukset vaihtelevat laajasti. Jos valitset ilmianto-ohjelmiston, jossa on useita monimutkaisia toimintoja ja valmiudessa olevia juristeja tai kirjanpit\u00e4ji\u00e4, kustannukset voivat olla korkeat. Jos sen sijaan valitset intuitiivisen, helpon ja turvallisen j\u00e4rjestelm\u00e4n, kuten WhistleSystemin, plug-and-play-ratkaisu, joka sis\u00e4lt\u00e4\u00e4 kaiken, mit\u00e4 tarvitset hyvin toimivaan ja vaatimustenmukaiseen ilmiantoratkaisuun, voi maksaa jopa vain 67 euroa\/kk, joka laskutetaan vuosittain, ja 200 euroa asentamisesta, jos sinulla on alle 250 ty\u00f6ntekij\u00e4\u00e4. Katso kaikki hintamme <a href=\"https:\/\/whistlesystem.com\/fi\/hintamme\">t\u00e4\u00e4lt\u00e4<\/a>.<\/p>\n<p>[\/et_pb_toggle][et_pb_toggle title=&#8221;Voinko kokeilla j\u00e4rjestelm\u00e4\u00e4 ennen kuin teen p\u00e4\u00e4t\u00f6kseni?&#8221; _builder_version=&#8221;4.18.0&#8243; _module_preset=&#8221;default&#8221; global_colors_info=&#8221;{}&#8221;]Kyll\u00e4. Tarjoamme ilmaisen kokeilujakson, jonka aikana voit kokeilla j\u00e4rjestelm\u00e4\u00e4 ja tutustua m\u00e4\u00e4rittelymateriaaliin. P\u00e4\u00e4set kokeilujaksoon tilaamalla j\u00e4rjestelm\u00e4n demon.[\/et_pb_toggle][et_pb_toggle title=&#8221;Voinko k\u00e4ytt\u00e4\u00e4 peruuttamisoikeuttani?&#8221; _builder_version=&#8221;4.18.0&#8243; _module_preset=&#8221;default&#8221; global_colors_info=&#8221;{}&#8221;]Kyll\u00e4. Jokaisella vuoden tilausjaksolla on 14 p\u00e4iv\u00e4n peruuttamisoikeus ja ilmainen peruutus.[\/et_pb_toggle][\/et_pb_column][\/et_pb_row][\/et_pb_section]<\/p>\n","protected":false},"excerpt":{"rendered":"<p>Ota yhteytt\u00e4 Kuinka voimme auttaa? Onko sinulla kysytt\u00e4v\u00e4\u00e4 ilmiantodirektiivist\u00e4, WhistleSystemist\u00e4 tai jostain muusta? Olemme apunasi!L\u00e4het\u00e4 s\u00e4hk\u00f6postia support@whistlesystem.comInnerhalb von 24 StundenHaben Sie Fragen oder m\u00f6chten Sie mehr wissen?UKK Autamme aina mielell\u00e4mme kysymyksiss\u00e4. T\u00e4ss\u00e4 on vastauksia joihinkin, joita sinulla saattaa jo olla.Ilmiantoj\u00e4rjestelm\u00e4 on yksinkertaisesti yrityksesi ilmoitusk\u00e4yt\u00e4nt\u00f6jen, toimintatapojen ja ilmiantojen k\u00e4sittelyj\u00e4rjestelm\u00e4n muodostama kokonaisuus. Ilmiantajia koskeva lains\u00e4\u00e4d\u00e4nt\u00f6 perustuu EU:n direktiiviin 2019\/1937, joka on unionin oikeuden rikkomisesta ilmoittavien henkil\u00f6iden suojelusta m\u00e4\u00e4r\u00e4\u00e4v\u00e4 direktiivi.WhistleSystem erottuu joukosta ainutlaatuisella yhdistelm\u00e4ll\u00e4\u00e4n markkinoiden johtavaa k\u00e4ytett\u00e4vyytt\u00e4, tietoturvaa ja k\u00e4ytt\u00f6\u00f6nottoa. Se on my\u00f6s eritt\u00e4in edullinen ratkaisu. Olemme varmistaneet k\u00e4ytett\u00e4vyyden luomalla j\u00e4rjestelm\u00e4n paitsi asiakkaillemme my\u00f6s yhdess\u00e4 heid\u00e4n kanssaan. Olemme keskustelleet satojen asiakkaiden kanssa ja tiivist\u00e4neet heid\u00e4n kysymyksens\u00e4 ja pyynt\u00f6ns\u00e4 juuri niihin ominaisuuksiin, joita helppo ja intuitiivinen ilmiantoj\u00e4rjestelm\u00e4 vaatii. Yhdess\u00e4 y\u00f6ss\u00e4 uudet asiakkaamme lakkasivat kysym\u00e4st\u00e4 kysymyksi\u00e4 j\u00e4rjestelm\u00e4st\u00e4, ja meille j\u00e4i juuri asiakkaidemme tarvitsema j\u00e4rjestelm\u00e4. Meille on t\u00e4rke\u00e4\u00e4, ett\u00e4 asiakkaamme tuntevat olonsa turvalliseksi. Siksi meill\u00e4 on sek\u00e4 tietoturva- ett\u00e4 yksityisyyssertifiointi ISO 27001- ja ISO 27701 -standardien mukaisesti. Samalla tekninen tietoturvamme on markkinoiden johtavaa tasoa ja perustuu viimeisimp\u00e4\u00e4n ja vahvimpaan turvallisuusteknologiaan. L\u00e4het\u00e4mme mielell\u00e4mme tietoturvaa k\u00e4sittelev\u00e4n artikkelimme, jos haluat tiet\u00e4\u00e4 asiasta enemm\u00e4n. Tavoitteenamme on tehd\u00e4 k\u00e4ytt\u00f6\u00f6notosta asiakkaillemme mahdollisimman helppoa. Siksi olemme kehitt\u00e4neet k\u00e4ytt\u00f6\u00f6nottoprosessin, joka sis\u00e4lt\u00e4\u00e4 kaiken tarvittavan materiaalin yrityksesi tarpeisiin mukautettuna. T\u00e4m\u00e4 kattaa kaiken salatusta ilmiantoj\u00e4rjestelm\u00e4st\u00e4 ja k\u00e4ytt\u00f6ohjeista [&hellip;]<\/p>\n","protected":false},"author":2,"featured_media":0,"parent":0,"menu_order":0,"comment_status":"closed","ping_status":"closed","template":"","meta":{"_et_pb_use_builder":"on","_et_pb_old_content":"","_et_gb_content_width":"","footnotes":""},"yoast_head":"<!-- This site is optimized with the Yoast SEO Premium plugin v24.0 (Yoast SEO v24.0) - https:\/\/yoast.com\/wordpress\/plugins\/seo\/ -->\n<title>Ota yhteytt\u00e4 - WhistleSystem<\/title>\n<meta name=\"description\" content=\"Ota yhteytt\u00e4 tiimiimme\" \/>\n<meta name=\"robots\" content=\"index, follow, max-snippet:-1, max-image-preview:large, max-video-preview:-1\" \/>\n<link rel=\"canonical\" href=\"https:\/\/whistlesystem.com\/fi\/ota-yhteytta\/\" \/>\n<meta property=\"og:locale\" content=\"fi_FI\" \/>\n<meta property=\"og:type\" content=\"article\" \/>\n<meta property=\"og:title\" content=\"Ota yhteytt\u00e4\" \/>\n<meta property=\"og:description\" content=\"Ota yhteytt\u00e4 tiimiimme\" \/>\n<meta property=\"og:url\" content=\"https:\/\/whistlesystem.com\/fi\/ota-yhteytta\/\" \/>\n<meta property=\"og:site_name\" content=\"WhistleSystem\" \/>\n<meta property=\"article:modified_time\" content=\"2023-06-12T06:36:41+00:00\" \/>\n<meta property=\"og:image\" content=\"https:\/\/whistlesystem.com\/wp-content\/uploads\/2022\/08\/Social-image.png\" \/>\n\t<meta property=\"og:image:width\" content=\"1080\" \/>\n\t<meta property=\"og:image:height\" content=\"1350\" \/>\n\t<meta property=\"og:image:type\" content=\"image\/png\" \/>\n<meta name=\"twitter:card\" content=\"summary_large_image\" \/>\n<meta name=\"twitter:label1\" content=\"Arvioitu lukuaika\" \/>\n\t<meta name=\"twitter:data1\" content=\"3 minuuttia\" \/>\n<script type=\"application\/ld+json\" class=\"yoast-schema-graph\">{\"@context\":\"https:\/\/schema.org\",\"@graph\":[{\"@type\":\"WebPage\",\"@id\":\"https:\/\/whistlesystem.com\/fi\/ota-yhteytta\/\",\"url\":\"https:\/\/whistlesystem.com\/fi\/ota-yhteytta\/\",\"name\":\"Ota yhteytt\u00e4 - WhistleSystem\",\"isPartOf\":{\"@id\":\"https:\/\/whistlesystem.com\/#website\"},\"datePublished\":\"2022-04-19T18:43:58+00:00\",\"dateModified\":\"2023-06-12T06:36:41+00:00\",\"description\":\"Ota yhteytt\u00e4 tiimiimme\",\"breadcrumb\":{\"@id\":\"https:\/\/whistlesystem.com\/fi\/ota-yhteytta\/#breadcrumb\"},\"inLanguage\":\"fi\",\"potentialAction\":[{\"@type\":\"ReadAction\",\"target\":[\"https:\/\/whistlesystem.com\/fi\/ota-yhteytta\/\"]}]},{\"@type\":\"BreadcrumbList\",\"@id\":\"https:\/\/whistlesystem.com\/fi\/ota-yhteytta\/#breadcrumb\",\"itemListElement\":[{\"@type\":\"ListItem\",\"position\":1,\"name\":\"Hjem\",\"item\":\"https:\/\/whistlesystem.com\/fi\/\"},{\"@type\":\"ListItem\",\"position\":2,\"name\":\"Ota yhteytt\u00e4\"}]},{\"@type\":\"WebSite\",\"@id\":\"https:\/\/whistlesystem.com\/#website\",\"url\":\"https:\/\/whistlesystem.com\/\",\"name\":\"WhistleSystem\",\"description\":\"WhistleSystem ApS - En sikker, simpel og compliant whistleblowerordning\",\"publisher\":{\"@id\":\"https:\/\/whistlesystem.com\/#organization\"},\"potentialAction\":[{\"@type\":\"SearchAction\",\"target\":{\"@type\":\"EntryPoint\",\"urlTemplate\":\"https:\/\/whistlesystem.com\/?s={search_term_string}\"},\"query-input\":{\"@type\":\"PropertyValueSpecification\",\"valueRequired\":true,\"valueName\":\"search_term_string\"}}],\"inLanguage\":\"fi\"},{\"@type\":\"Organization\",\"@id\":\"https:\/\/whistlesystem.com\/#organization\",\"name\":\"WhistleSystem ApS\",\"url\":\"https:\/\/whistlesystem.com\/\",\"logo\":{\"@type\":\"ImageObject\",\"inLanguage\":\"fi\",\"@id\":\"https:\/\/whistlesystem.com\/#\/schema\/logo\/image\/\",\"url\":\"https:\/\/whistlesystem.com\/wp-content\/uploads\/2022\/05\/whistle-logo-dark.svg\",\"contentUrl\":\"https:\/\/whistlesystem.com\/wp-content\/uploads\/2022\/05\/whistle-logo-dark.svg\",\"width\":\"1024\",\"height\":\"1024\",\"caption\":\"WhistleSystem ApS\"},\"image\":{\"@id\":\"https:\/\/whistlesystem.com\/#\/schema\/logo\/image\/\"}}]}<\/script>\n<!-- \/ Yoast SEO Premium plugin. -->","yoast_head_json":{"title":"Ota yhteytt\u00e4 - WhistleSystem","description":"Ota yhteytt\u00e4 tiimiimme","robots":{"index":"index","follow":"follow","max-snippet":"max-snippet:-1","max-image-preview":"max-image-preview:large","max-video-preview":"max-video-preview:-1"},"canonical":"https:\/\/whistlesystem.com\/fi\/ota-yhteytta\/","og_locale":"fi_FI","og_type":"article","og_title":"Ota yhteytt\u00e4","og_description":"Ota yhteytt\u00e4 tiimiimme","og_url":"https:\/\/whistlesystem.com\/fi\/ota-yhteytta\/","og_site_name":"WhistleSystem","article_modified_time":"2023-06-12T06:36:41+00:00","og_image":[{"width":1080,"height":1350,"url":"https:\/\/whistlesystem.com\/wp-content\/uploads\/2022\/08\/Social-image.png","type":"image\/png"}],"twitter_card":"summary_large_image","twitter_misc":{"Arvioitu lukuaika":"3 minuuttia"},"schema":{"@context":"https:\/\/schema.org","@graph":[{"@type":"WebPage","@id":"https:\/\/whistlesystem.com\/fi\/ota-yhteytta\/","url":"https:\/\/whistlesystem.com\/fi\/ota-yhteytta\/","name":"Ota yhteytt\u00e4 - WhistleSystem","isPartOf":{"@id":"https:\/\/whistlesystem.com\/#website"},"datePublished":"2022-04-19T18:43:58+00:00","dateModified":"2023-06-12T06:36:41+00:00","description":"Ota yhteytt\u00e4 tiimiimme","breadcrumb":{"@id":"https:\/\/whistlesystem.com\/fi\/ota-yhteytta\/#breadcrumb"},"inLanguage":"fi","potentialAction":[{"@type":"ReadAction","target":["https:\/\/whistlesystem.com\/fi\/ota-yhteytta\/"]}]},{"@type":"BreadcrumbList","@id":"https:\/\/whistlesystem.com\/fi\/ota-yhteytta\/#breadcrumb","itemListElement":[{"@type":"ListItem","position":1,"name":"Hjem","item":"https:\/\/whistlesystem.com\/fi\/"},{"@type":"ListItem","position":2,"name":"Ota yhteytt\u00e4"}]},{"@type":"WebSite","@id":"https:\/\/whistlesystem.com\/#website","url":"https:\/\/whistlesystem.com\/","name":"WhistleSystem","description":"WhistleSystem ApS - En sikker, simpel og compliant whistleblowerordning","publisher":{"@id":"https:\/\/whistlesystem.com\/#organization"},"potentialAction":[{"@type":"SearchAction","target":{"@type":"EntryPoint","urlTemplate":"https:\/\/whistlesystem.com\/?s={search_term_string}"},"query-input":{"@type":"PropertyValueSpecification","valueRequired":true,"valueName":"search_term_string"}}],"inLanguage":"fi"},{"@type":"Organization","@id":"https:\/\/whistlesystem.com\/#organization","name":"WhistleSystem ApS","url":"https:\/\/whistlesystem.com\/","logo":{"@type":"ImageObject","inLanguage":"fi","@id":"https:\/\/whistlesystem.com\/#\/schema\/logo\/image\/","url":"https:\/\/whistlesystem.com\/wp-content\/uploads\/2022\/05\/whistle-logo-dark.svg","contentUrl":"https:\/\/whistlesystem.com\/wp-content\/uploads\/2022\/05\/whistle-logo-dark.svg","width":"1024","height":"1024","caption":"WhistleSystem ApS"},"image":{"@id":"https:\/\/whistlesystem.com\/#\/schema\/logo\/image\/"}}]}},"_links":{"self":[{"href":"https:\/\/whistlesystem.com\/fi\/wp-json\/wp\/v2\/pages\/241504"}],"collection":[{"href":"https:\/\/whistlesystem.com\/fi\/wp-json\/wp\/v2\/pages"}],"about":[{"href":"https:\/\/whistlesystem.com\/fi\/wp-json\/wp\/v2\/types\/page"}],"author":[{"embeddable":true,"href":"https:\/\/whistlesystem.com\/fi\/wp-json\/wp\/v2\/users\/2"}],"replies":[{"embeddable":true,"href":"https:\/\/whistlesystem.com\/fi\/wp-json\/wp\/v2\/comments?post=241504"}],"version-history":[{"count":6,"href":"https:\/\/whistlesystem.com\/fi\/wp-json\/wp\/v2\/pages\/241504\/revisions"}],"predecessor-version":[{"id":242583,"href":"https:\/\/whistlesystem.com\/fi\/wp-json\/wp\/v2\/pages\/241504\/revisions\/242583"}],"wp:attachment":[{"href":"https:\/\/whistlesystem.com\/fi\/wp-json\/wp\/v2\/media?parent=241504"}],"curies":[{"name":"wp","href":"https:\/\/api.w.org\/{rel}","templated":true}]}}