{"id":245616,"date":"2022-04-19T18:43:58","date_gmt":"2022-04-19T18:43:58","guid":{"rendered":"https:\/\/whistlesystem.com\/contact\/"},"modified":"2024-01-31T11:36:14","modified_gmt":"2024-01-31T11:36:14","slug":"contact","status":"publish","type":"page","link":"https:\/\/whistlesystem.com\/fr\/contact\/","title":{"rendered":"Contact"},"content":{"rendered":"<p>[et_pb_section fb_built=\u00a0\u00bb1&Prime; _builder_version=\u00a0\u00bb4.16.0&Prime; _module_preset=\u00a0\u00bbdefault\u00a0\u00bb background_color=\u00a0\u00bb#2B1E6B\u00a0\u00bb custom_padding=\u00a0\u00bb||34px|||\u00a0\u00bb global_colors_info=\u00a0\u00bb{}\u00a0\u00bb][et_pb_row make_equal=\u00a0\u00bbon\u00a0\u00bb _builder_version=\u00a0\u00bb4.16.0&Prime; _module_preset=\u00a0\u00bbdefault\u00a0\u00bb max_width=\u00a0\u00bb900px\u00a0\u00bb module_alignment=\u00a0\u00bbcenter\u00a0\u00bb custom_padding=\u00a0\u00bb||0px|||\u00a0\u00bb global_colors_info=\u00a0\u00bb{}\u00a0\u00bb][et_pb_column type=\u00a0\u00bb4_4&Prime; module_class=\u00a0\u00bbvertical-align\u00a0\u00bb _builder_version=\u00a0\u00bb4.16&Prime; _module_preset=\u00a0\u00bbdefault\u00a0\u00bb global_colors_info=\u00a0\u00bb{}\u00a0\u00bb][et_pb_text module_class=\u00a0\u00bbintro\u00a0\u00bb _builder_version=\u00a0\u00bb4.21.0&Prime; _module_preset=\u00a0\u00bbdefault\u00a0\u00bb text_orientation=\u00a0\u00bbcenter\u00a0\u00bb background_layout=\u00a0\u00bbdark\u00a0\u00bb custom_padding=\u00a0\u00bb||0px|||\u00a0\u00bb global_colors_info=\u00a0\u00bb{}\u00a0\u00bb]<\/p>\n<h1 class=\"preheader\">Contact<\/h1>\n<p class=\"title-hero\">Comment pouvons-nous vous aider?<\/p>\n<p>Vous avez des questions sur la directive sur les d\u00e9nonciateurs, sur WhistleSystem ou sur d&rsquo;autres sujets ?<br \/>Nous sommes l\u00e0 pour vous aider !<\/p>\n<p>[\/et_pb_text][\/et_pb_column][\/et_pb_row][\/et_pb_section][et_pb_section fb_built=\u00a0\u00bb1&Prime; _builder_version=\u00a0\u00bb4.16.0&Prime; _module_preset=\u00a0\u00bbdefault\u00a0\u00bb background_color=\u00a0\u00bb#2B1E6B\u00a0\u00bb use_background_color_gradient=\u00a0\u00bbon\u00a0\u00bb background_color_gradient_stops=\u00a0\u00bb#2b1e6b 50%|#ffffff 50%\u00a0\u00bb custom_padding=\u00a0\u00bb0px||0px|||\u00a0\u00bb global_colors_info=\u00a0\u00bb{}\u00a0\u00bb][et_pb_row column_structure=\u00a0\u00bb1_2,1_2&Prime; use_custom_gutter=\u00a0\u00bbon\u00a0\u00bb gutter_width=\u00a0\u00bb2&Prime; make_equal=\u00a0\u00bbon\u00a0\u00bb _builder_version=\u00a0\u00bb4.16.0&Prime; _module_preset=\u00a0\u00bbdefault\u00a0\u00bb custom_padding=\u00a0\u00bb34px||0px||false|false\u00a0\u00bb global_colors_info=\u00a0\u00bb{}\u00a0\u00bb][et_pb_column type=\u00a0\u00bb1_2&Prime; module_class=\u00a0\u00bbbox-outline\u00a0\u00bb _builder_version=\u00a0\u00bb4.16&Prime; _module_preset=\u00a0\u00bbdefault\u00a0\u00bb global_colors_info=\u00a0\u00bb{}\u00a0\u00bb][et_pb_text _builder_version=\u00a0\u00bb4.21.0&Prime; _module_preset=\u00a0\u00bbdefault\u00a0\u00bb text_orientation=\u00a0\u00bbcenter\u00a0\u00bb global_colors_info=\u00a0\u00bb{}\u00a0\u00bb]<\/p>\n<h2>Appelez-nous<\/h2>\n<p class=\"title-medium\" style=\"font-size: 30px; height: 40px;\"><a href=\"tel:61108892\">+45 61 10 88 92<\/a><\/p>\n<p>[\/et_pb_text][et_pb_blurb title=\u00a0\u00bbDu lundi au vendredi\u00a0\u00bb use_icon=\u00a0\u00bbon\u00a0\u00bb font_icon=\u00a0\u00bb&#x7d;||divi||400&Prime; image_icon_background_color=\u00a0\u00bb#EBE7F8&Prime; icon_placement=\u00a0\u00bbleft\u00a0\u00bb image_icon_width=\u00a0\u00bb26px\u00a0\u00bb _builder_version=\u00a0\u00bb4.21.0&Prime; _module_preset=\u00a0\u00bbdefault\u00a0\u00bb header_level=\u00a0\u00bbh6&Prime; header_text_color=\u00a0\u00bbrgba(15,2,54,0.6)\u00a0\u00bb body_text_color=\u00a0\u00bb#0F0236&Prime; image_icon_custom_padding=\u00a0\u00bb15px|15px|15px|15px|false|false\u00a0\u00bb width=\u00a0\u00bb250px\u00a0\u00bb module_alignment=\u00a0\u00bbcenter\u00a0\u00bb custom_margin=\u00a0\u00bb50px||||false|false\u00a0\u00bb custom_css_blurb_title=\u00a0\u00bbpadding-bottom: 10px !important;\u00a0\u00bb border_radii_image=\u00a0\u00bbon|200px|200px|200px|200px\u00a0\u00bb global_colors_info=\u00a0\u00bb{}\u00a0\u00bb]<\/p>\n<p>09:00 &#8211; 16:00<\/p>\n<p>[\/et_pb_blurb][\/et_pb_column][et_pb_column type=\u00a0\u00bb1_2&Prime; module_class=\u00a0\u00bbbox-outline\u00a0\u00bb _builder_version=\u00a0\u00bb4.16&Prime; _module_preset=\u00a0\u00bbdefault\u00a0\u00bb global_colors_info=\u00a0\u00bb{}\u00a0\u00bb][et_pb_text _builder_version=\u00a0\u00bb4.21.0&Prime; _module_preset=\u00a0\u00bbdefault\u00a0\u00bb text_orientation=\u00a0\u00bbcenter\u00a0\u00bb global_colors_info=\u00a0\u00bb{}\u00a0\u00bb]<\/p>\n<h2>Envoyer un e-mail<\/h2>\n<p class=\"title-medium\" style=\"font-size: 30px; height: 40px;\"><a href=\"mailto:support@whistlesystem.dk\">support@whistlesystem.com<\/a><\/p>\n<p>[\/et_pb_text][et_pb_blurb title=\u00a0\u00bbDu lundi au dimanche\u00a0\u00bb use_icon=\u00a0\u00bbon\u00a0\u00bb font_icon=\u00a0\u00bb&#x7d;||divi||400&Prime; image_icon_background_color=\u00a0\u00bb#EBE7F8&Prime; icon_placement=\u00a0\u00bbleft\u00a0\u00bb image_icon_width=\u00a0\u00bb26px\u00a0\u00bb _builder_version=\u00a0\u00bb4.21.0&Prime; _module_preset=\u00a0\u00bbdefault\u00a0\u00bb header_level=\u00a0\u00bbh6&Prime; header_text_color=\u00a0\u00bbrgba(15,2,54,0.6)\u00a0\u00bb body_text_color=\u00a0\u00bb#0F0236&Prime; image_icon_custom_padding=\u00a0\u00bb15px|15px|15px|15px|false|false\u00a0\u00bb width=\u00a0\u00bb250px\u00a0\u00bb module_alignment=\u00a0\u00bbcenter\u00a0\u00bb custom_margin=\u00a0\u00bb50px||||false|false\u00a0\u00bb custom_css_blurb_title=\u00a0\u00bbpadding-bottom: 10px !important;\u00a0\u00bb border_radii_image=\u00a0\u00bbon|200px|200px|200px|200px\u00a0\u00bb global_colors_info=\u00a0\u00bb{}\u00a0\u00bb]<\/p>\n<p>Dans les 24 heures<\/p>\n<p>[\/et_pb_blurb][\/et_pb_column][\/et_pb_row][\/et_pb_section][et_pb_section fb_built=\u00a0\u00bb1&Prime; _builder_version=\u00a0\u00bb4.16.0&Prime; _module_preset=\u00a0\u00bbdefault\u00a0\u00bb global_colors_info=\u00a0\u00bb{}\u00a0\u00bb][et_pb_row column_structure=\u00a0\u00bb1_2,1_2&Prime; _builder_version=\u00a0\u00bb4.16.0&Prime; _module_preset=\u00a0\u00bbdefault\u00a0\u00bb hover_enabled=\u00a0\u00bb0&Prime; global_colors_info=\u00a0\u00bb{}\u00a0\u00bb sticky_enabled=\u00a0\u00bb0&Prime;][et_pb_column type=\u00a0\u00bb1_2&Prime; _builder_version=\u00a0\u00bb4.16.0&Prime; _module_preset=\u00a0\u00bbdefault\u00a0\u00bb global_colors_info=\u00a0\u00bb{}\u00a0\u00bb][et_pb_text _builder_version=\u00a0\u00bb4.18.0&Prime; _module_preset=\u00a0\u00bbdefault\u00a0\u00bb global_colors_info=\u00a0\u00bb{}\u00a0\u00bb]<\/p>\n<h2 class=\"title-big\">Vous avez des questions ou souhaitez en savoir plus ?<\/h2>\n<p>[\/et_pb_text][et_pb_code _builder_version=\u00a0\u00bb4.18.0&Prime; _module_preset=\u00a0\u00bbdefault\u00a0\u00bb global_colors_info=\u00a0\u00bb{}\u00a0\u00bb]<script charset=\"utf-8\" type=\"text\/javascript\" src=\"\/\/js-eu1.hsforms.net\/forms\/embed\/v2.js\"><\/script><!-- [et_pb_line_break_holder] --><script><!-- [et_pb_line_break_holder] -->  hbspt.forms.create({<!-- [et_pb_line_break_holder] -->    region: \"eu1\",<!-- [et_pb_line_break_holder] -->    portalId: \"25264574\",<!-- [et_pb_line_break_holder] -->    formId: \"6855d198-d14e-42ed-a12c-313983f68bf9\"<!-- [et_pb_line_break_holder] -->  });<!-- [et_pb_line_break_holder] --><\/script>[\/et_pb_code][\/et_pb_column][et_pb_column type=\u00a0\u00bb1_2&Prime; _builder_version=\u00a0\u00bb4.16.0&Prime; _module_preset=\u00a0\u00bbdefault\u00a0\u00bb global_colors_info=\u00a0\u00bb{}\u00a0\u00bb][et_pb_image src=\u00a0\u00bbhttps:\/\/whistlesystem.com\/wp-content\/uploads\/2022\/04\/whistleblower-system-42.jpg\u00a0\u00bb title_text=\u00a0\u00bbwhistleblower-system-42&Prime; align=\u00a0\u00bbright\u00a0\u00bb _builder_version=\u00a0\u00bb4.21.0&Prime; _module_preset=\u00a0\u00bbdefault\u00a0\u00bb max_width=\u00a0\u00bb82%\u00a0\u00bb global_colors_info=\u00a0\u00bb{}\u00a0\u00bb][\/et_pb_image][et_pb_image title_text=\u00a0\u00bbdot-en\u00a0\u00bb _builder_version=\u00a0\u00bb4.21.0&Prime; _module_preset=\u00a0\u00bbdefault\u00a0\u00bb positioning=\u00a0\u00bbabsolute\u00a0\u00bb vertical_offset=\u00a0\u00bb34px\u00a0\u00bb horizontal_offset=\u00a0\u00bb34px\u00a0\u00bb width=\u00a0\u00bb100%\u00a0\u00bb max_width=\u00a0\u00bb180px\u00a0\u00bb hover_enabled=\u00a0\u00bb0&Prime; global_colors_info=\u00a0\u00bb{}\u00a0\u00bb sticky_enabled=\u00a0\u00bb0&Prime;][\/et_pb_image][\/et_pb_column][\/et_pb_row][\/et_pb_section][et_pb_section fb_built=\u00a0\u00bb1&Prime; _builder_version=\u00a0\u00bb4.16&Prime; _module_preset=\u00a0\u00bbdefault\u00a0\u00bb background_color=\u00a0\u00bb#F5F4F9&Prime; global_module=\u00a0\u00bb236592&Prime; saved_tabs=\u00a0\u00bball\u00a0\u00bb global_colors_info=\u00a0\u00bb{}\u00a0\u00bb][et_pb_row column_structure=\u00a0\u00bb1_3,2_3&Prime; _builder_version=\u00a0\u00bb4.21.0&Prime; _module_preset=\u00a0\u00bbdefault\u00a0\u00bb custom_padding=\u00a0\u00bb34px||||false|false\u00a0\u00bb global_colors_info=\u00a0\u00bb{}\u00a0\u00bb][et_pb_column type=\u00a0\u00bb1_3&Prime; _builder_version=\u00a0\u00bb4.16&Prime; _module_preset=\u00a0\u00bbdefault\u00a0\u00bb global_colors_info=\u00a0\u00bb{}\u00a0\u00bb][et_pb_text _builder_version=\u00a0\u00bb4.21.0&Prime; _module_preset=\u00a0\u00bbdefault\u00a0\u00bb global_colors_info=\u00a0\u00bb{}\u00a0\u00bb]<\/p>\n<h2 class=\"title-hero\">FAQ<\/h2>\n<p class=\"intro\">Nous sommes toujours heureux de r\u00e9pondre \u00e0 vos questions. Voici les r\u00e9ponses \u00e0 certaines de celles que vous vous posez peut-\u00eatre d\u00e9j\u00e0.<\/p>\n<p>[\/et_pb_text][et_pb_button button_url=\u00a0\u00bb\/fr\/contact\/\u00a0\u00bb button_text=\u00a0\u00bbAvez-vous d&rsquo;autres questions?\u00a0\u00bb module_class=\u00a0\u00bbbtn-outline\u00a0\u00bb _builder_version=\u00a0\u00bb4.21.0&Prime; _module_preset=\u00a0\u00bbdefault\u00a0\u00bb global_colors_info=\u00a0\u00bb{}\u00a0\u00bb][\/et_pb_button][\/et_pb_column][et_pb_column type=\u00a0\u00bb2_3&Prime; _builder_version=\u00a0\u00bb4.16&Prime; _module_preset=\u00a0\u00bbdefault\u00a0\u00bb global_colors_info=\u00a0\u00bb{}\u00a0\u00bb][et_pb_toggle title=\u00a0\u00bbQu&rsquo;est-ce qu&rsquo;un syst\u00e8me de d\u00e9nonciation?\u00a0\u00bb _builder_version=\u00a0\u00bb4.21.0&Prime; _module_preset=\u00a0\u00bbdefault\u00a0\u00bb global_colors_info=\u00a0\u00bb{}\u00a0\u00bb]Une politique de d\u00e9nonciation est un r\u00e9sum\u00e9 de votre politique, de vos proc\u00e9dures et de votre syst\u00e8me de traitement des signalements graves en interne au sein de votre organisation. Le syst\u00e8me de d\u00e9nonciation est le r\u00e9sultat de la directive europ\u00e9enne 2019\/1937, dite directive sur les d\u00e9nonciations.[\/et_pb_toggle][et_pb_toggle title=\u00a0\u00bbComment WhistleSystem se distingue-t-il?\u00a0\u00bb _builder_version=\u00a0\u00bb4.21.0&Prime; _module_preset=\u00a0\u00bbdefault\u00a0\u00bb global_colors_info=\u00a0\u00bb{}\u00a0\u00bb]WhistleSystem se distingue par une combinaison unique de facilit\u00e9 d&rsquo;utilisation, de s\u00e9curit\u00e9 et de mise en \u0153uvre, tout en \u00e9tant une solution tr\u00e8s abordable.<\/p>\n<p>Nous avons assur\u00e9 cette facilit\u00e9 d&rsquo;utilisation en cr\u00e9ant le syst\u00e8me pour et avec nos clients. Nous avons discut\u00e9 avec des centaines de clients et r\u00e9duit leurs questions et leurs demandes aux caract\u00e9ristiques exactes qu&rsquo;exige un syst\u00e8me de d\u00e9nonciation simple et intuitif. Du jour au lendemain, nos nouveaux clients ont cess\u00e9 de poser des questions sur le syst\u00e8me et nous nous sommes retrouv\u00e9s avec exactement le syst\u00e8me que nos clients exigent.<\/p>\n<p>Il est important pour nous que nos clients se sentent en s\u00e9curit\u00e9. C&rsquo;est pourquoi nous sommes certifi\u00e9s ISO 27001 et ISO 27701 pour la s\u00e9curit\u00e9 de l&rsquo;information et la protection de la vie priv\u00e9e. En m\u00eame temps, notre s\u00e9curit\u00e9 technique est \u00e0 la pointe du march\u00e9 et repose sur les technologies de s\u00e9curit\u00e9 les plus r\u00e9centes et les plus solides. Nous serions heureux de vous envoyer notre livre blanc sur la s\u00e9curit\u00e9 si vous le souhaitez.<\/p>\n<p>Notre objectif est de rendre la mise en \u0153uvre aussi facile que possible pour nos clients. C&rsquo;est pourquoi nous avons mis au point un processus de mise en \u0153uvre dans lequel tout le mat\u00e9riel n\u00e9cessaire est inclus et adapt\u00e9 \u00e0 votre entreprise. Cela va d&rsquo;un syst\u00e8me d&rsquo;alerte crypt\u00e9 et de manuels \u00e0 une politique d&rsquo;alerte et \u00e0 un mod\u00e8le pour informer les employ\u00e9s de votre nouveau programme d&rsquo;alerte.<\/p>\n<p>Notre approche des fonctionnalit\u00e9s et du d\u00e9veloppement des processus nous a permis de maintenir WhistleSystem \u00e0 un niveau de prix abordable.<\/p>\n<p>C&rsquo;est une combinaison que l&rsquo;on ne voit pas souvent &#8211; mais nous sommes ravis de la pr\u00e9senter ici.[\/et_pb_toggle][et_pb_toggle title=\u00a0\u00bbQuel est le co\u00fbt d&rsquo;un syst\u00e8me de d\u00e9nonciation?\u00a0\u00bb _builder_version=\u00a0\u00bb4.21.0&Prime; _module_preset=\u00a0\u00bbdefault\u00a0\u00bb global_colors_info=\u00a0\u00bb{}\u00a0\u00bb]Les co\u00fbts d&rsquo;un programme de d\u00e9nonciation sont tr\u00e8s variables. Si vous choisissez un syst\u00e8me de d\u00e9nonciation avec de nombreuses fonctions compliqu\u00e9es et des avocats ou comptables de r\u00e9serve, les co\u00fbts peuvent \u00eatre \u00e9lev\u00e9s. En revanche, si vous choisissez un syst\u00e8me intuitif, facile et s\u00e9curis\u00e9 comme WhistleSystem, le co\u00fbt d&rsquo;une solution plug-and-play avec tout ce dont vous avez besoin pour avoir un programme de d\u00e9nonciation qui fonctionne bien et qui est conforme peut \u00eatre aussi bas que 67 EUR\/mois factur\u00e9 annuellement et 200 EUR pour la mise en place si vous avez moins de 250 employ\u00e9s. Voir nos tarifs  <a href=\"https:\/\/whistlesystem.com\/fr\/prix\">ici<\/a>.[\/et_pb_toggle][et_pb_toggle title=\u00a0\u00bbPuis-je essayer le syst\u00e8me avant de prendre une d\u00e9cision?\u00a0\u00bb _builder_version=\u00a0\u00bb4.21.0&Prime; _module_preset=\u00a0\u00bbdefault\u00a0\u00bb global_colors_info=\u00a0\u00bb{}\u00a0\u00bb]Oui, nous le faisons. Nous proposons une p\u00e9riode d&rsquo;essai gratuite et sans engagement au cours de laquelle vous pouvez essayer le syst\u00e8me et consulter le mat\u00e9riel d&rsquo;installation. Vous pouvez acc\u00e9der \u00e0 cette p\u00e9riode d&rsquo;essai en r\u00e9servant une d\u00e9monstration du syst\u00e8me.[\/et_pb_toggle][et_pb_toggle title=\u00a0\u00bbPuis-je faire usage du droit de r\u00e9tractation?\u00a0\u00bb _builder_version=\u00a0\u00bb4.21.0&Prime; _module_preset=\u00a0\u00bbdefault\u00a0\u00bb global_colors_info=\u00a0\u00bb{}\u00a0\u00bb]Oui, c&rsquo;est possible. Vous disposez d&rsquo;un droit de r\u00e9siliation de 14 jours et d&rsquo;une r\u00e9siliation gratuite pendant chaque p\u00e9riode d&rsquo;abonnement d&rsquo;un an.[\/et_pb_toggle][\/et_pb_column][\/et_pb_row][\/et_pb_section]<\/p>\n","protected":false},"excerpt":{"rendered":"<p>Contact Comment pouvons-nous vous aider? Vous avez des questions sur la directive sur les d\u00e9nonciateurs, sur WhistleSystem ou sur d&rsquo;autres sujets ?Nous sommes l\u00e0 pour vous aider !Appelez-nous +45 61 10 88 9209:00 &#8211; 16:00Envoyer un e-mail support@whistlesystem.comDans les 24 heuresVous avez des questions ou souhaitez en savoir plus ?FAQ Nous sommes toujours heureux de r\u00e9pondre \u00e0 vos questions. Voici les r\u00e9ponses \u00e0 certaines de celles que vous vous posez peut-\u00eatre d\u00e9j\u00e0.Une politique de d\u00e9nonciation est un r\u00e9sum\u00e9 de votre politique, de vos proc\u00e9dures et de votre syst\u00e8me de traitement des signalements graves en interne au sein de votre organisation. Le syst\u00e8me de d\u00e9nonciation est le r\u00e9sultat de la directive europ\u00e9enne 2019\/1937, dite directive sur les d\u00e9nonciations.WhistleSystem se distingue par une combinaison unique de facilit\u00e9 d&rsquo;utilisation, de s\u00e9curit\u00e9 et de mise en \u0153uvre, tout en \u00e9tant une solution tr\u00e8s abordable. Nous avons assur\u00e9 cette facilit\u00e9 d&rsquo;utilisation en cr\u00e9ant le syst\u00e8me pour et avec nos clients. Nous avons discut\u00e9 avec des centaines de clients et r\u00e9duit leurs questions et leurs demandes aux caract\u00e9ristiques exactes qu&rsquo;exige un syst\u00e8me de d\u00e9nonciation simple et intuitif. Du jour au lendemain, nos nouveaux clients ont cess\u00e9 de poser des questions sur le syst\u00e8me et nous nous [&hellip;]<\/p>\n","protected":false},"author":2,"featured_media":0,"parent":0,"menu_order":0,"comment_status":"closed","ping_status":"closed","template":"","meta":{"_et_pb_use_builder":"on","_et_pb_old_content":"","_et_gb_content_width":"","footnotes":""},"yoast_head":"<!-- This site is optimized with the Yoast SEO Premium plugin v24.0 (Yoast SEO v24.0) - https:\/\/yoast.com\/wordpress\/plugins\/seo\/ -->\n<title>Contact - WhistleSystem<\/title>\n<meta name=\"description\" content=\"Contact our team for inquiries and discover the benefits of WhistleSystem for your business.\" \/>\n<meta name=\"robots\" content=\"index, follow, max-snippet:-1, max-image-preview:large, max-video-preview:-1\" \/>\n<link rel=\"canonical\" href=\"https:\/\/whistlesystem.com\/fr\/contact\/\" \/>\n<meta property=\"og:locale\" content=\"fr_FR\" \/>\n<meta property=\"og:type\" content=\"article\" \/>\n<meta property=\"og:title\" content=\"Contact\" \/>\n<meta property=\"og:description\" content=\"Contact our team for inquiries and discover the benefits of WhistleSystem for your business.\" \/>\n<meta property=\"og:url\" content=\"https:\/\/whistlesystem.com\/fr\/contact\/\" \/>\n<meta property=\"og:site_name\" content=\"WhistleSystem\" \/>\n<meta property=\"article:modified_time\" content=\"2024-01-31T11:36:14+00:00\" \/>\n<meta property=\"og:image\" content=\"https:\/\/whistlesystem.com\/wp-content\/uploads\/2022\/08\/Social-image.png\" \/>\n\t<meta property=\"og:image:width\" content=\"1080\" \/>\n\t<meta property=\"og:image:height\" content=\"1350\" \/>\n\t<meta property=\"og:image:type\" content=\"image\/png\" \/>\n<meta name=\"twitter:card\" content=\"summary_large_image\" \/>\n<meta name=\"twitter:label1\" content=\"Dur\u00e9e de lecture estim\u00e9e\" \/>\n\t<meta name=\"twitter:data1\" content=\"4 minutes\" \/>\n<script type=\"application\/ld+json\" class=\"yoast-schema-graph\">{\"@context\":\"https:\/\/schema.org\",\"@graph\":[{\"@type\":\"WebPage\",\"@id\":\"https:\/\/whistlesystem.com\/fr\/contact\/\",\"url\":\"https:\/\/whistlesystem.com\/fr\/contact\/\",\"name\":\"Contact - WhistleSystem\",\"isPartOf\":{\"@id\":\"https:\/\/whistlesystem.com\/#website\"},\"datePublished\":\"2022-04-19T18:43:58+00:00\",\"dateModified\":\"2024-01-31T11:36:14+00:00\",\"description\":\"Contact our team for inquiries and discover the benefits of WhistleSystem for your business.\",\"breadcrumb\":{\"@id\":\"https:\/\/whistlesystem.com\/fr\/contact\/#breadcrumb\"},\"inLanguage\":\"fr-FR\",\"potentialAction\":[{\"@type\":\"ReadAction\",\"target\":[\"https:\/\/whistlesystem.com\/fr\/contact\/\"]}]},{\"@type\":\"BreadcrumbList\",\"@id\":\"https:\/\/whistlesystem.com\/fr\/contact\/#breadcrumb\",\"itemListElement\":[{\"@type\":\"ListItem\",\"position\":1,\"name\":\"Hjem\",\"item\":\"https:\/\/whistlesystem.com\/fr\/\"},{\"@type\":\"ListItem\",\"position\":2,\"name\":\"Contact\"}]},{\"@type\":\"WebSite\",\"@id\":\"https:\/\/whistlesystem.com\/#website\",\"url\":\"https:\/\/whistlesystem.com\/\",\"name\":\"WhistleSystem\",\"description\":\"WhistleSystem ApS - En sikker, simpel og compliant whistleblowerordning\",\"publisher\":{\"@id\":\"https:\/\/whistlesystem.com\/#organization\"},\"potentialAction\":[{\"@type\":\"SearchAction\",\"target\":{\"@type\":\"EntryPoint\",\"urlTemplate\":\"https:\/\/whistlesystem.com\/?s={search_term_string}\"},\"query-input\":{\"@type\":\"PropertyValueSpecification\",\"valueRequired\":true,\"valueName\":\"search_term_string\"}}],\"inLanguage\":\"fr-FR\"},{\"@type\":\"Organization\",\"@id\":\"https:\/\/whistlesystem.com\/#organization\",\"name\":\"WhistleSystem ApS\",\"url\":\"https:\/\/whistlesystem.com\/\",\"logo\":{\"@type\":\"ImageObject\",\"inLanguage\":\"fr-FR\",\"@id\":\"https:\/\/whistlesystem.com\/#\/schema\/logo\/image\/\",\"url\":\"https:\/\/whistlesystem.com\/wp-content\/uploads\/2022\/05\/whistle-logo-dark.svg\",\"contentUrl\":\"https:\/\/whistlesystem.com\/wp-content\/uploads\/2022\/05\/whistle-logo-dark.svg\",\"width\":\"1024\",\"height\":\"1024\",\"caption\":\"WhistleSystem ApS\"},\"image\":{\"@id\":\"https:\/\/whistlesystem.com\/#\/schema\/logo\/image\/\"}}]}<\/script>\n<!-- \/ Yoast SEO Premium plugin. -->","yoast_head_json":{"title":"Contact - WhistleSystem","description":"Contact our team for inquiries and discover the benefits of WhistleSystem for your business.","robots":{"index":"index","follow":"follow","max-snippet":"max-snippet:-1","max-image-preview":"max-image-preview:large","max-video-preview":"max-video-preview:-1"},"canonical":"https:\/\/whistlesystem.com\/fr\/contact\/","og_locale":"fr_FR","og_type":"article","og_title":"Contact","og_description":"Contact our team for inquiries and discover the benefits of WhistleSystem for your business.","og_url":"https:\/\/whistlesystem.com\/fr\/contact\/","og_site_name":"WhistleSystem","article_modified_time":"2024-01-31T11:36:14+00:00","og_image":[{"width":1080,"height":1350,"url":"https:\/\/whistlesystem.com\/wp-content\/uploads\/2022\/08\/Social-image.png","type":"image\/png"}],"twitter_card":"summary_large_image","twitter_misc":{"Dur\u00e9e de lecture estim\u00e9e":"4 minutes"},"schema":{"@context":"https:\/\/schema.org","@graph":[{"@type":"WebPage","@id":"https:\/\/whistlesystem.com\/fr\/contact\/","url":"https:\/\/whistlesystem.com\/fr\/contact\/","name":"Contact - WhistleSystem","isPartOf":{"@id":"https:\/\/whistlesystem.com\/#website"},"datePublished":"2022-04-19T18:43:58+00:00","dateModified":"2024-01-31T11:36:14+00:00","description":"Contact our team for inquiries and discover the benefits of WhistleSystem for your business.","breadcrumb":{"@id":"https:\/\/whistlesystem.com\/fr\/contact\/#breadcrumb"},"inLanguage":"fr-FR","potentialAction":[{"@type":"ReadAction","target":["https:\/\/whistlesystem.com\/fr\/contact\/"]}]},{"@type":"BreadcrumbList","@id":"https:\/\/whistlesystem.com\/fr\/contact\/#breadcrumb","itemListElement":[{"@type":"ListItem","position":1,"name":"Hjem","item":"https:\/\/whistlesystem.com\/fr\/"},{"@type":"ListItem","position":2,"name":"Contact"}]},{"@type":"WebSite","@id":"https:\/\/whistlesystem.com\/#website","url":"https:\/\/whistlesystem.com\/","name":"WhistleSystem","description":"WhistleSystem ApS - En sikker, simpel og compliant whistleblowerordning","publisher":{"@id":"https:\/\/whistlesystem.com\/#organization"},"potentialAction":[{"@type":"SearchAction","target":{"@type":"EntryPoint","urlTemplate":"https:\/\/whistlesystem.com\/?s={search_term_string}"},"query-input":{"@type":"PropertyValueSpecification","valueRequired":true,"valueName":"search_term_string"}}],"inLanguage":"fr-FR"},{"@type":"Organization","@id":"https:\/\/whistlesystem.com\/#organization","name":"WhistleSystem ApS","url":"https:\/\/whistlesystem.com\/","logo":{"@type":"ImageObject","inLanguage":"fr-FR","@id":"https:\/\/whistlesystem.com\/#\/schema\/logo\/image\/","url":"https:\/\/whistlesystem.com\/wp-content\/uploads\/2022\/05\/whistle-logo-dark.svg","contentUrl":"https:\/\/whistlesystem.com\/wp-content\/uploads\/2022\/05\/whistle-logo-dark.svg","width":"1024","height":"1024","caption":"WhistleSystem ApS"},"image":{"@id":"https:\/\/whistlesystem.com\/#\/schema\/logo\/image\/"}}]}},"_links":{"self":[{"href":"https:\/\/whistlesystem.com\/fr\/wp-json\/wp\/v2\/pages\/245616"}],"collection":[{"href":"https:\/\/whistlesystem.com\/fr\/wp-json\/wp\/v2\/pages"}],"about":[{"href":"https:\/\/whistlesystem.com\/fr\/wp-json\/wp\/v2\/types\/page"}],"author":[{"embeddable":true,"href":"https:\/\/whistlesystem.com\/fr\/wp-json\/wp\/v2\/users\/2"}],"replies":[{"embeddable":true,"href":"https:\/\/whistlesystem.com\/fr\/wp-json\/wp\/v2\/comments?post=245616"}],"version-history":[{"count":2,"href":"https:\/\/whistlesystem.com\/fr\/wp-json\/wp\/v2\/pages\/245616\/revisions"}],"predecessor-version":[{"id":245619,"href":"https:\/\/whistlesystem.com\/fr\/wp-json\/wp\/v2\/pages\/245616\/revisions\/245619"}],"wp:attachment":[{"href":"https:\/\/whistlesystem.com\/fr\/wp-json\/wp\/v2\/media?parent=245616"}],"curies":[{"name":"wp","href":"https:\/\/api.w.org\/{rel}","templated":true}]}}