{"id":245625,"date":"2022-05-05T11:53:06","date_gmt":"2022-05-05T11:53:06","guid":{"rendered":"https:\/\/whistlesystem.com\/order\/"},"modified":"2024-01-31T12:07:55","modified_gmt":"2024-01-31T12:07:55","slug":"commande","status":"publish","type":"page","link":"https:\/\/whistlesystem.com\/fr\/commande\/","title":{"rendered":"Commande"},"content":{"rendered":"<p>[et_pb_section fb_built=\u00a0\u00bb1&Prime; _builder_version=\u00a0\u00bb4.16.0&Prime; _module_preset=\u00a0\u00bbdefault\u00a0\u00bb global_colors_info=\u00a0\u00bb{}\u00a0\u00bb][et_pb_row column_structure=\u00a0\u00bb1_5,3_5,1_5&Prime; _builder_version=\u00a0\u00bb4.16.0&Prime; _module_preset=\u00a0\u00bbdefault\u00a0\u00bb custom_padding=\u00a0\u00bb||0px|||\u00a0\u00bb global_colors_info=\u00a0\u00bb{}\u00a0\u00bb][et_pb_column type=\u00a0\u00bb1_5&Prime; _builder_version=\u00a0\u00bb4.16.0&Prime; _module_preset=\u00a0\u00bbdefault\u00a0\u00bb global_colors_info=\u00a0\u00bb{}\u00a0\u00bb][\/et_pb_column][et_pb_column type=\u00a0\u00bb3_5&Prime; _builder_version=\u00a0\u00bb4.16.0&Prime; _module_preset=\u00a0\u00bbdefault\u00a0\u00bb global_colors_info=\u00a0\u00bb{}\u00a0\u00bb][et_pb_text module_class=\u00a0\u00bbintro\u00a0\u00bb _builder_version=\u00a0\u00bb4.21.0&Prime; _module_preset=\u00a0\u00bbdefault\u00a0\u00bb hover_enabled=\u00a0\u00bb0&Prime; global_colors_info=\u00a0\u00bb{}\u00a0\u00bb sticky_enabled=\u00a0\u00bb0&Prime;]<\/p>\n<h1 class=\"preheader\">Commande<\/h1>\n<p class=\"title-hero\">Obtenez votre WhistleSystem<\/p>\n<p>Soumettre le formulaire pour d\u00e9marrer l&rsquo;installation.<\/p>\n<p>[\/et_pb_text][et_pb_code _builder_version=\u00a0\u00bb4.16.0&Prime; _module_preset=\u00a0\u00bbdefault\u00a0\u00bb global_colors_info=\u00a0\u00bb{}\u00a0\u00bb]<script charset=\"utf-8\" type=\"text\/javascript\" src=\"\/\/js-eu1.hsforms.net\/forms\/v2.js\"><\/script><!-- [et_pb_line_break_holder] --><script><!-- [et_pb_line_break_holder] -->  hbspt.forms.create({<!-- [et_pb_line_break_holder] -->    region: \"eu1\",<!-- [et_pb_line_break_holder] -->    portalId: \"25264574\",<!-- [et_pb_line_break_holder] -->    formId: \"31d36804-f040-4783-b703-16627fb8cf95\"<!-- [et_pb_line_break_holder] -->  });<!-- [et_pb_line_break_holder] --><\/script>[\/et_pb_code][\/et_pb_column][et_pb_column type=\u00a0\u00bb1_5&Prime; _builder_version=\u00a0\u00bb4.16.0&Prime; _module_preset=\u00a0\u00bbdefault\u00a0\u00bb global_colors_info=\u00a0\u00bb{}\u00a0\u00bb][\/et_pb_column][\/et_pb_row][\/et_pb_section][et_pb_section fb_built=\u00a0\u00bb1&Prime; module_class=\u00a0\u00bbkundeudtalelser\u00a0\u00bb _builder_version=\u00a0\u00bb4.16&Prime; _module_preset=\u00a0\u00bbdefault\u00a0\u00bb background_color=\u00a0\u00bb#F5F4F9&Prime; background_color_gradient_direction=\u00a0\u00bb90deg\u00a0\u00bb background_color_gradient_start=\u00a0\u00bb#f5e9dc\u00a0\u00bb background_color_gradient_end=\u00a0\u00bb#f6f1ec\u00a0\u00bb global_module=\u00a0\u00bb237570&Prime; saved_tabs=\u00a0\u00bball\u00a0\u00bb global_colors_info=\u00a0\u00bb{}\u00a0\u00bb][et_pb_row column_structure=\u00a0\u00bb1_2,1_2&Prime; module_class=\u00a0\u00bbcases\u00a0\u00bb _builder_version=\u00a0\u00bb4.16&Prime; _module_preset=\u00a0\u00bbdefault\u00a0\u00bb custom_padding=\u00a0\u00bb||10px||false|false\u00a0\u00bb animation_intensity_slide=\u00a0\u00bb2%\u00a0\u00bb global_colors_info=\u00a0\u00bb{}\u00a0\u00bb][et_pb_column type=\u00a0\u00bb1_2&Prime; _builder_version=\u00a0\u00bb4.16&Prime; _module_preset=\u00a0\u00bbdefault\u00a0\u00bb global_colors_info=\u00a0\u00bb{}\u00a0\u00bb][et_pb_text module_class=\u00a0\u00bbtitle-big\u00a0\u00bb _builder_version=\u00a0\u00bb4.21.0&Prime; _module_preset=\u00a0\u00bbdefault\u00a0\u00bb custom_margin=\u00a0\u00bb||0px||false|false\u00a0\u00bb custom_padding=\u00a0\u00bb||0px||false|false\u00a0\u00bb global_colors_info=\u00a0\u00bb{}\u00a0\u00bb]<\/p>\n<p class=\"preheader\">Les clients ont la parole<\/p>\n<h2>Con\u00e7u pour vos besoins<\/h2>\n<p>[\/et_pb_text][\/et_pb_column][et_pb_column type=\u00a0\u00bb1_2&Prime; _builder_version=\u00a0\u00bb4.16&Prime; _module_preset=\u00a0\u00bbdefault\u00a0\u00bb global_colors_info=\u00a0\u00bb{}\u00a0\u00bb][\/et_pb_column][\/et_pb_row][et_pb_row _builder_version=\u00a0\u00bb4.16&Prime; _module_preset=\u00a0\u00bbdefault\u00a0\u00bb custom_margin=\u00a0\u00bb10px||||false|false\u00a0\u00bb custom_padding=\u00a0\u00bb0px||0px|||\u00a0\u00bb animation_intensity_slide=\u00a0\u00bb2%\u00a0\u00bb global_colors_info=\u00a0\u00bb{}\u00a0\u00bb][et_pb_column type=\u00a0\u00bb4_4&Prime; _builder_version=\u00a0\u00bb4.16&Prime; _module_preset=\u00a0\u00bbdefault\u00a0\u00bb global_colors_info=\u00a0\u00bb{}\u00a0\u00bb][dsm_card_carousel slide_to_show=\u00a0\u00bb2&Prime; autoplay=\u00a0\u00bboff\u00a0\u00bb space_between=\u00a0\u00bb34&Prime; arrow_size=\u00a0\u00bb30px\u00a0\u00bb dots_active_color=\u00a0\u00bb#4B22DD\u00a0\u00bb slide_to_show_tablet=\u00a0\u00bb\u00a0\u00bb slide_to_show_phone=\u00a0\u00bb1&Prime; slide_to_show_last_edited=\u00a0\u00bbon|phone\u00a0\u00bb _builder_version=\u00a0\u00bb4.21.0&Prime; _module_preset=\u00a0\u00bbdefault\u00a0\u00bb global_colors_info=\u00a0\u00bb{}\u00a0\u00bb][dsm_card_carousel_child title=\u00a0\u00bbKristian Skov Petersen\u00a0\u00bb subtitle=\u00a0\u00bbPropri\u00e9taire-g\u00e9rant de l&rsquo;EFTF de Viggo Petersen\u00a0\u00bb image=\u00a0\u00bbhttps:\/\/whistlesystem.com\/wp-content\/uploads\/2022\/03\/5-stjerner-purple.png\u00a0\u00bb image_as_background=\u00a0\u00bboff\u00a0\u00bb image_alignment=\u00a0\u00bbleft\u00a0\u00bb content_padding=\u00a0\u00bb|40px|40px|40px|false|false\u00a0\u00bb button_url_new_window=\u00a0\u00bb1&Prime; _builder_version=\u00a0\u00bb4.21.0&Prime; _module_preset=\u00a0\u00bbdefault\u00a0\u00bb background_color=\u00a0\u00bb#FFFFFF\u00a0\u00bb background_enable_color=\u00a0\u00bbon\u00a0\u00bb border_radii=\u00a0\u00bbon|8px|8px|8px|8px\u00a0\u00bb border_radii_image=\u00a0\u00bbon|0px|0px|0px|0px\u00a0\u00bb box_shadow_style=\u00a0\u00bbpreset1&Prime; box_shadow_color=\u00a0\u00bbrgba(0,0,0,0.1)\u00a0\u00bb global_colors_info=\u00a0\u00bb{}\u00a0\u00bb parent_button=\u00a0\u00bboff\u00a0\u00bb parent_header_level=\u00a0\u00bbh4&Prime;]Nous \u00e9tions \u00e0 la recherche d&rsquo;une alternative \u00e0 une solution co\u00fbteuse qui nous avait \u00e9t\u00e9 propos\u00e9e. Nous avons choisi WhistleSystem car le syst\u00e8me r\u00e9pondait \u00e0 nos exigences avec un prix compl\u00e8tement diff\u00e9rent.[\/dsm_card_carousel_child][dsm_card_carousel_child title=\u00a0\u00bbKim Eriksen\u00a0\u00bb subtitle=\u00a0\u00bbPDG de ParsePort\u00a0\u00bb image=\u00a0\u00bbhttps:\/\/whistlesystem.com\/wp-content\/uploads\/2022\/03\/5-stjerner-purple.png\u00a0\u00bb image_as_background=\u00a0\u00bboff\u00a0\u00bb image_alignment=\u00a0\u00bbleft\u00a0\u00bb content_padding=\u00a0\u00bb|40px|40px|40px|false|false\u00a0\u00bb button_url_new_window=\u00a0\u00bb1&Prime; _builder_version=\u00a0\u00bb4.21.0&Prime; _module_preset=\u00a0\u00bbdefault\u00a0\u00bb background_color=\u00a0\u00bb#FFFFFF\u00a0\u00bb background_enable_color=\u00a0\u00bbon\u00a0\u00bb border_radii=\u00a0\u00bbon|8px|8px|8px|8px\u00a0\u00bb border_radii_image=\u00a0\u00bbon|0px|0px|0px|0px\u00a0\u00bb box_shadow_style=\u00a0\u00bbpreset1&Prime; box_shadow_color=\u00a0\u00bbrgba(0,0,0,0.1)\u00a0\u00bb global_colors_info=\u00a0\u00bb{}\u00a0\u00bb parent_button=\u00a0\u00bboff\u00a0\u00bb parent_header_level=\u00a0\u00bbh4&Prime;]WhistleSystem nous permet de contr\u00f4ler les notifications. En m\u00eame temps, notre responsable informatique a \u00e9t\u00e9 satisfait du niveau de s\u00e9curit\u00e9..[\/dsm_card_carousel_child][dsm_card_carousel_child title=\u00a0\u00bb Peter Flensted\u00a0\u00bb subtitle=\u00a0\u00bbDirecteur de Flyers ApS\u00a0\u00bb image=\u00a0\u00bbhttps:\/\/whistlesystem.com\/wp-content\/uploads\/2022\/03\/5-stjerner-purple.png\u00a0\u00bb image_as_background=\u00a0\u00bboff\u00a0\u00bb image_alignment=\u00a0\u00bbleft\u00a0\u00bb content_padding=\u00a0\u00bb|40px|40px|40px|false|false\u00a0\u00bb button_url_new_window=\u00a0\u00bb1&Prime; _builder_version=\u00a0\u00bb4.21.0&Prime; _module_preset=\u00a0\u00bbdefault\u00a0\u00bb background_color=\u00a0\u00bb#FFFFFF\u00a0\u00bb background_enable_color=\u00a0\u00bbon\u00a0\u00bb border_radii=\u00a0\u00bbon|8px|8px|8px|8px\u00a0\u00bb border_radii_image=\u00a0\u00bbon|0px|0px|0px|0px\u00a0\u00bb box_shadow_style=\u00a0\u00bbpreset1&Prime; box_shadow_color=\u00a0\u00bbrgba(0,0,0,0.1)\u00a0\u00bb global_colors_info=\u00a0\u00bb{}\u00a0\u00bb parent_button=\u00a0\u00bboff\u00a0\u00bb parent_header_level=\u00a0\u00bbh4&Prime;]Nous avons examin\u00e9 plusieurs solutions diff\u00e9rentes, mais nous avons d\u00e9cid\u00e9 d&rsquo;opter pour WhistleSystem parce que le syst\u00e8me est simple et direct.[\/dsm_card_carousel_child][\/dsm_card_carousel][\/et_pb_column][\/et_pb_row][\/et_pb_section]<\/p>\n","protected":false},"excerpt":{"rendered":"<p>Commande Obtenez votre WhistleSystem Soumettre le formulaire pour d\u00e9marrer l&rsquo;installation.Les clients ont la parole Con\u00e7u pour vos besoins<div class=\"et_pb_module dsm_card_carousel dsm_card_carousel_0 dsm_card_carousel_layout_stacked  dsm_card_carousel_arrow_outside dsm_card_carousel_arrow_mobile_inside\">\n\t\t\t\t\n\t\t\t\t\n\t\t\t\t\n\t\t\t\t\n\t\t\t\t\n\t\t\t\t\n\t\t\t\t<div class=\"et_pb_module_inner\">\n\t\t\t\t\t\n\t\t\t\n\t\t\t<div class=\"swiper-container dsm_card_carousel_wrapper\" dir=\"ltr\" data-params=\"[{&quot;direction&quot;:&quot;horizontal&quot;,&quot;effect&quot;:&quot;default&quot;,&quot;slider_effect_shadows&quot;:false,&quot;slider_effect_coverflow_rotate&quot;:&quot;30&quot;,&quot;slider_effect_coverflow_depth&quot;:&quot;0&quot;,&quot;loop&quot;:true,&quot;slide_to_show&quot;:&quot;2&quot;,&quot;slide_to_show_tablet&quot;:&quot;1&quot;,&quot;slide_to_show_phone&quot;:&quot;1&quot;,&quot;slide_to_scroll&quot;:&quot;1&quot;,&quot;slide_to_scroll_tablet&quot;:&quot;1&quot;,&quot;slide_to_scroll_phone&quot;:&quot;1&quot;,&quot;space_between&quot;:&quot;34&quot;,&quot;space_between_tablet&quot;:&quot;34&quot;,&quot;space_between_phone&quot;:&quot;34&quot;,&quot;centered_slides&quot;:false,&quot;slide_row&quot;:&quot;1&quot;,&quot;slide_row_tablet&quot;:&quot;1&quot;,&quot;slide_row_phone&quot;:&quot;1&quot;,&quot;speed&quot;:&quot;300&quot;,&quot;autoplay&quot;:false,&quot;autoplay_speed&quot;:&quot;3000&quot;,&quot;autoplay_viewport&quot;:&quot;&quot;,&quot;touch_move&quot;:true,&quot;grab&quot;:true,&quot;pause_on_hover&quot;:false,&quot;mousewheel&quot;:false,&quot;auto_height&quot;:true,&quot;equal_height_tablet&quot;:true,&quot;equal_height_phone&quot;:true}]\">\n\t\t\t<div class=\"swiper-wrapper\"><div class=\"dsm_card_carousel_child dsm_card_carousel_child_0 swiper-slide\">\n\t\t\t\t\n\t\t\t\t\n\t\t\t\t\n\t\t\t\t\n\t\t\t\t\n\t\t\t\t\n\t\t\t\t<div class=\"et_pb_module_inner\">\n\t\t\t\t\t\n\t\t\t\n\t\t\t<figure class=\"dsm_card_carousel_child_image_wrapper dsm_card_carousel_child_badge_top_right\"><img decoding=\"async\" src=\"https:\/\/whistlesystem.com\/wp-content\/uploads\/2022\/03\/5-stjerner-purple.png\" alt=\"\" srcset=\"https:\/\/whistlesystem.com\/wp-content\/uploads\/2022\/03\/5-stjerner-purple.png 320w, https:\/\/whistlesystem.com\/wp-content\/uploads\/2022\/03\/5-stjerner-purple-300x53.png 300w\" sizes=\"(max-width: 320px) 100vw, 320px\" class=\"dsm_card_carousel_child_img  dsm_card_carousel_image_stretch skip-lazy\" \/><\/figure>\n\t\t\t<div class=\"dsm_card_wrapper et_pb_text_align_left et_pb_bg_layout_light\">\n\t\t\t\t\t<h4 class=\"dsm_card_title et_pb_module_header\">Kristian Skov Petersen<\/h4>\n\t\t\t\t\t<div class=\"dsm_card_carousel_child_subtitle\">Propri\u00e9taire-g\u00e9rant de l'EFTF de Viggo Petersen<\/div>\n\t\t\t\t\t<div class=\"dsm_card_carousel_child_description\">Nous \u00e9tions \u00e0 la recherche d&rsquo;une alternative \u00e0 une solution co\u00fbteuse qui nous avait \u00e9t\u00e9 propos\u00e9e. Nous avons choisi WhistleSystem car le syst\u00e8me r\u00e9pondait \u00e0 nos exigences avec un prix compl\u00e8tement diff\u00e9rent.<\/div>\n\t\t\t\t\t\n\t\t\t\t<\/div>\n\t\t\t\t<\/div>\n\t\t\t<\/div><div class=\"dsm_card_carousel_child dsm_card_carousel_child_1 swiper-slide\">\n\t\t\t\t\n\t\t\t\t\n\t\t\t\t\n\t\t\t\t\n\t\t\t\t\n\t\t\t\t\n\t\t\t\t<div class=\"et_pb_module_inner\">\n\t\t\t\t\t\n\t\t\t\n\t\t\t<figure class=\"dsm_card_carousel_child_image_wrapper dsm_card_carousel_child_badge_top_right\"><img decoding=\"async\" src=\"https:\/\/whistlesystem.com\/wp-content\/uploads\/2022\/03\/5-stjerner-purple.png\" alt=\"\" srcset=\"https:\/\/whistlesystem.com\/wp-content\/uploads\/2022\/03\/5-stjerner-purple.png 320w, https:\/\/whistlesystem.com\/wp-content\/uploads\/2022\/03\/5-stjerner-purple-300x53.png 300w\" sizes=\"(max-width: 320px) 100vw, 320px\" class=\"dsm_card_carousel_child_img  dsm_card_carousel_image_stretch skip-lazy\" \/><\/figure>\n\t\t\t<div class=\"dsm_card_wrapper et_pb_text_align_left et_pb_bg_layout_light\">\n\t\t\t\t\t<h4 class=\"dsm_card_title et_pb_module_header\">Kim Eriksen<\/h4>\n\t\t\t\t\t<div class=\"dsm_card_carousel_child_subtitle\">PDG de ParsePort<\/div>\n\t\t\t\t\t<div class=\"dsm_card_carousel_child_description\">WhistleSystem nous permet de contr\u00f4ler les notifications. En m\u00eame temps, notre responsable informatique a \u00e9t\u00e9 satisfait du niveau de s\u00e9curit\u00e9..<\/div>\n\t\t\t\t\t\n\t\t\t\t<\/div>\n\t\t\t\t<\/div>\n\t\t\t<\/div><div class=\"dsm_card_carousel_child dsm_card_carousel_child_2 swiper-slide\">\n\t\t\t\t\n\t\t\t\t\n\t\t\t\t\n\t\t\t\t\n\t\t\t\t\n\t\t\t\t\n\t\t\t\t<div class=\"et_pb_module_inner\">\n\t\t\t\t\t\n\t\t\t\n\t\t\t<figure class=\"dsm_card_carousel_child_image_wrapper dsm_card_carousel_child_badge_top_right\"><img decoding=\"async\" src=\"https:\/\/whistlesystem.com\/wp-content\/uploads\/2022\/03\/5-stjerner-purple.png\" alt=\"\" srcset=\"https:\/\/whistlesystem.com\/wp-content\/uploads\/2022\/03\/5-stjerner-purple.png 320w, https:\/\/whistlesystem.com\/wp-content\/uploads\/2022\/03\/5-stjerner-purple-300x53.png 300w\" sizes=\"(max-width: 320px) 100vw, 320px\" class=\"dsm_card_carousel_child_img  dsm_card_carousel_image_stretch skip-lazy\" \/><\/figure>\n\t\t\t<div class=\"dsm_card_wrapper et_pb_text_align_left et_pb_bg_layout_light\">\n\t\t\t\t\t<h4 class=\"dsm_card_title et_pb_module_header\"> Peter Flensted<\/h4>\n\t\t\t\t\t<div class=\"dsm_card_carousel_child_subtitle\">Directeur de Flyers ApS<\/div>\n\t\t\t\t\t<div class=\"dsm_card_carousel_child_description\">Nous avons examin\u00e9 plusieurs solutions diff\u00e9rentes, mais nous avons d\u00e9cid\u00e9 d&rsquo;opter pour WhistleSystem parce que le syst\u00e8me est simple et direct.<\/div>\n\t\t\t\t\t\n\t\t\t\t<\/div>\n\t\t\t\t<\/div>\n\t\t\t<\/div><\/div>\n\t\t\t<\/div><div class=\"swiper-button-prev dsm_card_carousel_arrow\" data-icon=\"4\"><\/div><div class=\"swiper-button-next dsm_card_carousel_arrow\" data-icon=\"5\"><\/div><div class=\"swiper-pagination dsm_card_carousel_pagination\"><\/div>\n\t\t\t\t<\/div>\n\t\t\t<\/div><\/p>\n","protected":false},"author":2,"featured_media":245304,"parent":0,"menu_order":0,"comment_status":"closed","ping_status":"closed","template":"","meta":{"_et_pb_use_builder":"on","_et_pb_old_content":"","_et_gb_content_width":"","footnotes":""},"yoast_head":"<!-- This site is optimized with the Yoast SEO Premium plugin v24.0 (Yoast SEO v24.0) - https:\/\/yoast.com\/wordpress\/plugins\/seo\/ -->\n<title>Commande - WhistleSystem<\/title>\n<meta name=\"robots\" content=\"index, follow, max-snippet:-1, max-image-preview:large, max-video-preview:-1\" \/>\n<link rel=\"canonical\" href=\"https:\/\/whistlesystem.com\/fr\/commande\/\" \/>\n<meta property=\"og:locale\" content=\"fr_FR\" \/>\n<meta property=\"og:type\" content=\"article\" \/>\n<meta property=\"og:title\" content=\"Commande\" \/>\n<meta property=\"og:description\" content=\"Commande Obtenez votre WhistleSystem Soumettre le formulaire pour d\u00e9marrer l&#039;installation.Les clients ont la parole Con\u00e7u pour vos besoins\" \/>\n<meta property=\"og:url\" content=\"https:\/\/whistlesystem.com\/fr\/commande\/\" \/>\n<meta property=\"og:site_name\" content=\"WhistleSystem\" \/>\n<meta property=\"article:modified_time\" content=\"2024-01-31T12:07:55+00:00\" \/>\n<meta property=\"og:image\" content=\"https:\/\/whistlesystem.com\/wp-content\/uploads\/2022\/05\/platform-whistleblower-4.jpg\" \/>\n\t<meta property=\"og:image:width\" content=\"2360\" \/>\n\t<meta property=\"og:image:height\" content=\"2528\" \/>\n\t<meta property=\"og:image:type\" content=\"image\/jpeg\" \/>\n<meta name=\"twitter:card\" content=\"summary_large_image\" \/>\n<meta name=\"twitter:label1\" content=\"Dur\u00e9e de lecture estim\u00e9e\" \/>\n\t<meta name=\"twitter:data1\" content=\"2 minutes\" \/>\n<script type=\"application\/ld+json\" class=\"yoast-schema-graph\">{\"@context\":\"https:\/\/schema.org\",\"@graph\":[{\"@type\":\"WebPage\",\"@id\":\"https:\/\/whistlesystem.com\/fr\/commande\/\",\"url\":\"https:\/\/whistlesystem.com\/fr\/commande\/\",\"name\":\"Commande - WhistleSystem\",\"isPartOf\":{\"@id\":\"https:\/\/whistlesystem.com\/#website\"},\"primaryImageOfPage\":{\"@id\":\"https:\/\/whistlesystem.com\/fr\/commande\/#primaryimage\"},\"image\":{\"@id\":\"https:\/\/whistlesystem.com\/fr\/commande\/#primaryimage\"},\"thumbnailUrl\":\"https:\/\/whistlesystem.com\/wp-content\/uploads\/2022\/05\/platform-whistleblower-4.jpg\",\"datePublished\":\"2022-05-05T11:53:06+00:00\",\"dateModified\":\"2024-01-31T12:07:55+00:00\",\"breadcrumb\":{\"@id\":\"https:\/\/whistlesystem.com\/fr\/commande\/#breadcrumb\"},\"inLanguage\":\"fr-FR\",\"potentialAction\":[{\"@type\":\"ReadAction\",\"target\":[\"https:\/\/whistlesystem.com\/fr\/commande\/\"]}]},{\"@type\":\"ImageObject\",\"inLanguage\":\"fr-FR\",\"@id\":\"https:\/\/whistlesystem.com\/fr\/commande\/#primaryimage\",\"url\":\"https:\/\/whistlesystem.com\/wp-content\/uploads\/2022\/05\/platform-whistleblower-4.jpg\",\"contentUrl\":\"https:\/\/whistlesystem.com\/wp-content\/uploads\/2022\/05\/platform-whistleblower-4.jpg\",\"width\":2360,\"height\":2528},{\"@type\":\"BreadcrumbList\",\"@id\":\"https:\/\/whistlesystem.com\/fr\/commande\/#breadcrumb\",\"itemListElement\":[{\"@type\":\"ListItem\",\"position\":1,\"name\":\"Hjem\",\"item\":\"https:\/\/whistlesystem.com\/fr\/\"},{\"@type\":\"ListItem\",\"position\":2,\"name\":\"Commande\"}]},{\"@type\":\"WebSite\",\"@id\":\"https:\/\/whistlesystem.com\/#website\",\"url\":\"https:\/\/whistlesystem.com\/\",\"name\":\"WhistleSystem\",\"description\":\"WhistleSystem ApS - En sikker, simpel og compliant whistleblowerordning\",\"publisher\":{\"@id\":\"https:\/\/whistlesystem.com\/#organization\"},\"potentialAction\":[{\"@type\":\"SearchAction\",\"target\":{\"@type\":\"EntryPoint\",\"urlTemplate\":\"https:\/\/whistlesystem.com\/?s={search_term_string}\"},\"query-input\":{\"@type\":\"PropertyValueSpecification\",\"valueRequired\":true,\"valueName\":\"search_term_string\"}}],\"inLanguage\":\"fr-FR\"},{\"@type\":\"Organization\",\"@id\":\"https:\/\/whistlesystem.com\/#organization\",\"name\":\"WhistleSystem ApS\",\"url\":\"https:\/\/whistlesystem.com\/\",\"logo\":{\"@type\":\"ImageObject\",\"inLanguage\":\"fr-FR\",\"@id\":\"https:\/\/whistlesystem.com\/#\/schema\/logo\/image\/\",\"url\":\"https:\/\/whistlesystem.com\/wp-content\/uploads\/2022\/05\/whistle-logo-dark.svg\",\"contentUrl\":\"https:\/\/whistlesystem.com\/wp-content\/uploads\/2022\/05\/whistle-logo-dark.svg\",\"width\":\"1024\",\"height\":\"1024\",\"caption\":\"WhistleSystem ApS\"},\"image\":{\"@id\":\"https:\/\/whistlesystem.com\/#\/schema\/logo\/image\/\"}}]}<\/script>\n<!-- \/ Yoast SEO Premium plugin. -->","yoast_head_json":{"title":"Commande - WhistleSystem","robots":{"index":"index","follow":"follow","max-snippet":"max-snippet:-1","max-image-preview":"max-image-preview:large","max-video-preview":"max-video-preview:-1"},"canonical":"https:\/\/whistlesystem.com\/fr\/commande\/","og_locale":"fr_FR","og_type":"article","og_title":"Commande","og_description":"Commande Obtenez votre WhistleSystem Soumettre le formulaire pour d\u00e9marrer l'installation.Les clients ont la parole Con\u00e7u pour vos besoins","og_url":"https:\/\/whistlesystem.com\/fr\/commande\/","og_site_name":"WhistleSystem","article_modified_time":"2024-01-31T12:07:55+00:00","og_image":[{"width":2360,"height":2528,"url":"https:\/\/whistlesystem.com\/wp-content\/uploads\/2022\/05\/platform-whistleblower-4.jpg","type":"image\/jpeg"}],"twitter_card":"summary_large_image","twitter_misc":{"Dur\u00e9e de lecture estim\u00e9e":"2 minutes"},"schema":{"@context":"https:\/\/schema.org","@graph":[{"@type":"WebPage","@id":"https:\/\/whistlesystem.com\/fr\/commande\/","url":"https:\/\/whistlesystem.com\/fr\/commande\/","name":"Commande - WhistleSystem","isPartOf":{"@id":"https:\/\/whistlesystem.com\/#website"},"primaryImageOfPage":{"@id":"https:\/\/whistlesystem.com\/fr\/commande\/#primaryimage"},"image":{"@id":"https:\/\/whistlesystem.com\/fr\/commande\/#primaryimage"},"thumbnailUrl":"https:\/\/whistlesystem.com\/wp-content\/uploads\/2022\/05\/platform-whistleblower-4.jpg","datePublished":"2022-05-05T11:53:06+00:00","dateModified":"2024-01-31T12:07:55+00:00","breadcrumb":{"@id":"https:\/\/whistlesystem.com\/fr\/commande\/#breadcrumb"},"inLanguage":"fr-FR","potentialAction":[{"@type":"ReadAction","target":["https:\/\/whistlesystem.com\/fr\/commande\/"]}]},{"@type":"ImageObject","inLanguage":"fr-FR","@id":"https:\/\/whistlesystem.com\/fr\/commande\/#primaryimage","url":"https:\/\/whistlesystem.com\/wp-content\/uploads\/2022\/05\/platform-whistleblower-4.jpg","contentUrl":"https:\/\/whistlesystem.com\/wp-content\/uploads\/2022\/05\/platform-whistleblower-4.jpg","width":2360,"height":2528},{"@type":"BreadcrumbList","@id":"https:\/\/whistlesystem.com\/fr\/commande\/#breadcrumb","itemListElement":[{"@type":"ListItem","position":1,"name":"Hjem","item":"https:\/\/whistlesystem.com\/fr\/"},{"@type":"ListItem","position":2,"name":"Commande"}]},{"@type":"WebSite","@id":"https:\/\/whistlesystem.com\/#website","url":"https:\/\/whistlesystem.com\/","name":"WhistleSystem","description":"WhistleSystem ApS - En sikker, simpel og compliant whistleblowerordning","publisher":{"@id":"https:\/\/whistlesystem.com\/#organization"},"potentialAction":[{"@type":"SearchAction","target":{"@type":"EntryPoint","urlTemplate":"https:\/\/whistlesystem.com\/?s={search_term_string}"},"query-input":{"@type":"PropertyValueSpecification","valueRequired":true,"valueName":"search_term_string"}}],"inLanguage":"fr-FR"},{"@type":"Organization","@id":"https:\/\/whistlesystem.com\/#organization","name":"WhistleSystem ApS","url":"https:\/\/whistlesystem.com\/","logo":{"@type":"ImageObject","inLanguage":"fr-FR","@id":"https:\/\/whistlesystem.com\/#\/schema\/logo\/image\/","url":"https:\/\/whistlesystem.com\/wp-content\/uploads\/2022\/05\/whistle-logo-dark.svg","contentUrl":"https:\/\/whistlesystem.com\/wp-content\/uploads\/2022\/05\/whistle-logo-dark.svg","width":"1024","height":"1024","caption":"WhistleSystem ApS"},"image":{"@id":"https:\/\/whistlesystem.com\/#\/schema\/logo\/image\/"}}]}},"_links":{"self":[{"href":"https:\/\/whistlesystem.com\/fr\/wp-json\/wp\/v2\/pages\/245625"}],"collection":[{"href":"https:\/\/whistlesystem.com\/fr\/wp-json\/wp\/v2\/pages"}],"about":[{"href":"https:\/\/whistlesystem.com\/fr\/wp-json\/wp\/v2\/types\/page"}],"author":[{"embeddable":true,"href":"https:\/\/whistlesystem.com\/fr\/wp-json\/wp\/v2\/users\/2"}],"replies":[{"embeddable":true,"href":"https:\/\/whistlesystem.com\/fr\/wp-json\/wp\/v2\/comments?post=245625"}],"version-history":[{"count":4,"href":"https:\/\/whistlesystem.com\/fr\/wp-json\/wp\/v2\/pages\/245625\/revisions"}],"predecessor-version":[{"id":245629,"href":"https:\/\/whistlesystem.com\/fr\/wp-json\/wp\/v2\/pages\/245625\/revisions\/245629"}],"wp:featuredmedia":[{"embeddable":true,"href":"https:\/\/whistlesystem.com\/fr\/wp-json\/wp\/v2\/media\/245304"}],"wp:attachment":[{"href":"https:\/\/whistlesystem.com\/fr\/wp-json\/wp\/v2\/media?parent=245625"}],"curies":[{"name":"wp","href":"https:\/\/api.w.org\/{rel}","templated":true}]}}