{"id":243799,"date":"2022-04-19T18:43:58","date_gmt":"2022-04-19T18:43:58","guid":{"rendered":"https:\/\/whistlesystem.com\/contact\/"},"modified":"2023-12-07T10:06:07","modified_gmt":"2023-12-07T10:06:07","slug":"contatto","status":"publish","type":"page","link":"https:\/\/whistlesystem.com\/it\/contatto\/","title":{"rendered":"Contatto"},"content":{"rendered":"<p>[et_pb_section fb_built=&#8221;1&#8243; _builder_version=&#8221;4.16.0&#8243; _module_preset=&#8221;default&#8221; background_color=&#8221;#2B1E6B&#8221; custom_padding=&#8221;||34px|||&#8221; global_colors_info=&#8221;{}&#8221;][et_pb_row make_equal=&#8221;on&#8221; _builder_version=&#8221;4.16.0&#8243; _module_preset=&#8221;default&#8221; max_width=&#8221;900px&#8221; module_alignment=&#8221;center&#8221; custom_padding=&#8221;||0px|||&#8221; global_colors_info=&#8221;{}&#8221;][et_pb_column type=&#8221;4_4&#8243; module_class=&#8221;vertical-align&#8221; _builder_version=&#8221;4.16&#8243; _module_preset=&#8221;default&#8221; global_colors_info=&#8221;{}&#8221;][et_pb_text module_class=&#8221;intro&#8221; _builder_version=&#8221;4.21.0&#8243; _module_preset=&#8221;default&#8221; text_orientation=&#8221;center&#8221; background_layout=&#8221;dark&#8221; custom_padding=&#8221;||0px|||&#8221; global_colors_info=&#8221;{}&#8221;]<\/p>\n<h1 class=\"preheader\">Contatto<\/h1>\n<p class=\"title-hero\">Come possiamo aiutarvi?<\/p>\n<p>Avete domande sulla direttiva sugli informatori, su WhistleSystem o su altro?<br \/>Siamo qui per voi!<\/p>\n<p>[\/et_pb_text][\/et_pb_column][\/et_pb_row][\/et_pb_section][et_pb_section fb_built=&#8221;1&#8243; _builder_version=&#8221;4.16.0&#8243; _module_preset=&#8221;default&#8221; background_color=&#8221;#2B1E6B&#8221; use_background_color_gradient=&#8221;on&#8221; background_color_gradient_stops=&#8221;#2b1e6b 50%|#ffffff 50%&#8221; custom_padding=&#8221;0px||0px|||&#8221; global_colors_info=&#8221;{}&#8221;][et_pb_row column_structure=&#8221;1_2,1_2&#8243; use_custom_gutter=&#8221;on&#8221; gutter_width=&#8221;2&#8243; make_equal=&#8221;on&#8221; _builder_version=&#8221;4.16.0&#8243; _module_preset=&#8221;default&#8221; custom_padding=&#8221;34px||0px||false|false&#8221; global_colors_info=&#8221;{}&#8221;][et_pb_column type=&#8221;1_2&#8243; module_class=&#8221;box-outline&#8221; _builder_version=&#8221;4.16&#8243; _module_preset=&#8221;default&#8221; global_colors_info=&#8221;{}&#8221;][et_pb_text _builder_version=&#8221;4.21.0&#8243; _module_preset=&#8221;default&#8221; text_orientation=&#8221;center&#8221; global_colors_info=&#8221;{}&#8221;]<\/p>\n<h2>Chiamateci<\/h2>\n<p class=\"title-medium\" style=\"font-size: 30px; height: 40px;\"><a href=\"tel:61108892\">+45 61 10 88 92<\/a><\/p>\n<p>[\/et_pb_text][et_pb_blurb title=&#8221;Luned\u00ec &#8211; Venerd\u00ec&#8221; use_icon=&#8221;on&#8221; font_icon=&#8221;&#x7d;||divi||400&#8243; image_icon_background_color=&#8221;#EBE7F8&#8243; icon_placement=&#8221;left&#8221; image_icon_width=&#8221;26px&#8221; _builder_version=&#8221;4.21.0&#8243; _module_preset=&#8221;default&#8221; header_level=&#8221;h6&#8243; header_text_color=&#8221;rgba(15,2,54,0.6)&#8221; body_text_color=&#8221;#0F0236&#8243; image_icon_custom_padding=&#8221;15px|15px|15px|15px|false|false&#8221; width=&#8221;250px&#8221; module_alignment=&#8221;center&#8221; custom_margin=&#8221;50px||||false|false&#8221; custom_css_blurb_title=&#8221;padding-bottom: 10px !important;&#8221; border_radii_image=&#8221;on|200px|200px|200px|200px&#8221; global_colors_info=&#8221;{}&#8221;]<\/p>\n<p>09:00 &#8211; 16:00<\/p>\n<p>[\/et_pb_blurb][\/et_pb_column][et_pb_column type=&#8221;1_2&#8243; module_class=&#8221;box-outline&#8221; _builder_version=&#8221;4.16&#8243; _module_preset=&#8221;default&#8221; global_colors_info=&#8221;{}&#8221;][et_pb_text _builder_version=&#8221;4.21.0&#8243; _module_preset=&#8221;default&#8221; text_orientation=&#8221;center&#8221; global_colors_info=&#8221;{}&#8221;]<\/p>\n<h2>Inviare un&#8217;e-mail<\/h2>\n<p class=\"title-medium\" style=\"font-size: 30px; height: 40px;\"><a href=\"mailto:support@whistlesystem.dk\">support@whistlesystem.com<\/a><\/p>\n<p>[\/et_pb_text][et_pb_blurb title=&#8221;Luned\u00ec &#8211; Domenica&#8221; use_icon=&#8221;on&#8221; font_icon=&#8221;&#x7d;||divi||400&#8243; image_icon_background_color=&#8221;#EBE7F8&#8243; icon_placement=&#8221;left&#8221; image_icon_width=&#8221;26px&#8221; _builder_version=&#8221;4.21.0&#8243; _module_preset=&#8221;default&#8221; header_level=&#8221;h6&#8243; header_text_color=&#8221;rgba(15,2,54,0.6)&#8221; body_text_color=&#8221;#0F0236&#8243; image_icon_custom_padding=&#8221;15px|15px|15px|15px|false|false&#8221; width=&#8221;250px&#8221; module_alignment=&#8221;center&#8221; custom_margin=&#8221;50px||||false|false&#8221; custom_css_blurb_title=&#8221;padding-bottom: 10px !important;&#8221; border_radii_image=&#8221;on|200px|200px|200px|200px&#8221; global_colors_info=&#8221;{}&#8221;]Entro 24 ore[\/et_pb_blurb][\/et_pb_column][\/et_pb_row][\/et_pb_section][et_pb_section fb_built=&#8221;1&#8243; _builder_version=&#8221;4.16.0&#8243; _module_preset=&#8221;default&#8221; global_colors_info=&#8221;{}&#8221;][et_pb_row column_structure=&#8221;1_2,1_2&#8243; _builder_version=&#8221;4.16.0&#8243; _module_preset=&#8221;default&#8221; global_colors_info=&#8221;{}&#8221;][et_pb_column type=&#8221;1_2&#8243; _builder_version=&#8221;4.16.0&#8243; _module_preset=&#8221;default&#8221; global_colors_info=&#8221;{}&#8221;][et_pb_text _builder_version=&#8221;4.21.0&#8243; _module_preset=&#8221;default&#8221; global_colors_info=&#8221;{}&#8221;]<\/p>\n<h2 class=\"title-big\"><strong>Avete domande o volete saperne di pi\u00f9<\/strong>?<\/h2>\n<p>[\/et_pb_text][et_pb_code _builder_version=&#8221;4.21.0&#8243; _module_preset=&#8221;default&#8221; global_colors_info=&#8221;{}&#8221;]<script charset=\"utf-8\" type=\"text\/javascript\" src=\"\/\/js-eu1.hsforms.net\/forms\/embed\/v2.js\"><\/script><!-- [et_pb_line_break_holder] --><script><!-- [et_pb_line_break_holder] -->  hbspt.forms.create({<!-- [et_pb_line_break_holder] -->    region: \"eu1\",<!-- [et_pb_line_break_holder] -->    portalId: \"25264574\",<!-- [et_pb_line_break_holder] -->    formId: \"cb396806-0a3b-41ea-98f5-2a20c29f40c9\"<!-- [et_pb_line_break_holder] -->  });<!-- [et_pb_line_break_holder] --><\/script>[\/et_pb_code][\/et_pb_column][et_pb_column type=&#8221;1_2&#8243; _builder_version=&#8221;4.16.0&#8243; _module_preset=&#8221;default&#8221; global_colors_info=&#8221;{}&#8221;][et_pb_image src=&#8221;https:\/\/whistlesystem.com\/wp-content\/uploads\/2022\/04\/whistleblower-system-42.jpg&#8221; title_text=&#8221;whistleblower-system-42&#8243; align=&#8221;right&#8221; _builder_version=&#8221;4.21.0&#8243; _module_preset=&#8221;default&#8221; max_width=&#8221;82%&#8221; global_colors_info=&#8221;{}&#8221;][\/et_pb_image][et_pb_image title_text=&#8221;dot-en&#8221; _builder_version=&#8221;4.21.0&#8243; _module_preset=&#8221;default&#8221; positioning=&#8221;absolute&#8221; vertical_offset=&#8221;34px&#8221; horizontal_offset=&#8221;34px&#8221; width=&#8221;100%&#8221; max_width=&#8221;180px&#8221; hover_enabled=&#8221;0&#8243; global_colors_info=&#8221;{}&#8221; sticky_enabled=&#8221;0&#8243;][\/et_pb_image][\/et_pb_column][\/et_pb_row][\/et_pb_section][et_pb_section fb_built=&#8221;1&#8243; _builder_version=&#8221;4.16&#8243; _module_preset=&#8221;default&#8221; background_color=&#8221;#F5F4F9&#8243; global_module=&#8221;236592&#8243; saved_tabs=&#8221;all&#8221; global_colors_info=&#8221;{}&#8221;][et_pb_row column_structure=&#8221;1_3,2_3&#8243; _builder_version=&#8221;4.16&#8243; _module_preset=&#8221;default&#8221; custom_padding=&#8221;34px||||false|false&#8221; global_colors_info=&#8221;{}&#8221;][et_pb_column type=&#8221;1_3&#8243; _builder_version=&#8221;4.16&#8243; _module_preset=&#8221;default&#8221; global_colors_info=&#8221;{}&#8221;][et_pb_text _builder_version=&#8221;4.21.0&#8243; _module_preset=&#8221;default&#8221; global_colors_info=&#8221;{}&#8221;]<\/p>\n<h2 class=\"title-hero\">FAQ<\/h2>\n<p class=\"intro\">Siamo sempre felici di aiutarvi con le domande. Ecco le risposte ad alcune di esse che potreste gi\u00e0 avere.<\/p>\n<p>[\/et_pb_text][et_pb_button button_url=&#8221;\/it\/dimostrazione\/&#8221; button_text=&#8221;Avete altre domande?&#8221; module_class=&#8221;btn-outline&#8221; _builder_version=&#8221;4.21.0&#8243; _module_preset=&#8221;default&#8221; global_colors_info=&#8221;{}&#8221;][\/et_pb_button][\/et_pb_column][et_pb_column type=&#8221;2_3&#8243; _builder_version=&#8221;4.16&#8243; _module_preset=&#8221;default&#8221; global_colors_info=&#8221;{}&#8221;][et_pb_toggle title=&#8221;Che cos&#8217;\u00e8 una soluzione Whistleblower?&#8221; _builder_version=&#8221;4.21.0&#8243; _module_preset=&#8221;default&#8221; global_colors_info=&#8221;{}&#8221;]<\/p>\n<p>Una soluzione per i whistleblower \u00e8 semplicemente la somma delle politiche, delle procedure e del sistema di gestione delle segnalazioni all\u2019interno dell\u2019azienda. La legislazione in materia di whistleblower deriva dalla Direttiva UE 2019\/1937, la cosiddetta Direttiva Whistleblower.<\/p>\n<p>[\/et_pb_toggle][et_pb_toggle title=&#8221;Come si distingue WhistleSystem?&#8221; _builder_version=&#8221;4.21.0&#8243; _module_preset=&#8221;default&#8221; global_colors_info=&#8221;{}&#8221;]<\/p>\n<p>WhistleSystem si distingue per una combinazione unica di usabilit\u00e0, sicurezza e implementazione leader di mercato, oltre a essere una soluzione altamente conveniente.<\/p>\n<p>Abbiamo garantito l\u2019usabilit\u00e0 creando il sistema per e con i nostri clienti. Abbiamo parlato con centinaia di clienti e abbiamo ridotto le loro domande e richieste esattamente alle funzioni necessarie per un sistema di denuncia facile e intuitivo. Da un giorno all\u2019altro, i nostri nuovi clienti hanno smesso di fare domande sul sistema e noi abbiamo ottenuto esattamente il sistema richiesto dai nostri clienti.<\/p>\n<p>Per noi \u00e8 importante che i nostri clienti si sentano al sicuro. Per questo abbiamo ottenuto la certificazione ISO 27001 e ISO 27701 per la sicurezza delle informazioni e la privacy. Allo stesso tempo, la nostra sicurezza tecnica \u00e8 leader di mercato e si basa sulle pi\u00f9 recenti e solide tecnologie di sicurezza. Saremo lieti di inoltrare il nostro Libro Bianco sulla Sicurezza, se di interesse.<\/p>\n<p>Il nostro obiettivo \u00e8 quello di rendere l\u2019implementazione il pi\u00f9 semplice possibile per i nostri clienti. Per questo abbiamo sviluppato un processo di implementazione che comprende tutto il materiale necessario, adattato alla vostra azienda. Questo comprende tutto, da un sistema di whistleblower criptato e manuali d\u2019uso a una politica di whistleblower e a modelli per informare i dipendenti sul vostro nuovo software di whistleblower.<\/p>\n<p>Il nostro approccio allo sviluppo delle funzionalit\u00e0 e dei processi ci ha permesso di mantenere WhistleSystem cos\u00ec conveniente.<\/p>\n<p>Questa combinazione non si trova in molti posti, ma non vediamo l\u2019ora di mostrarvela.<\/p>\n<p>[\/et_pb_toggle][et_pb_toggle title=&#8221;Quanto costa una soluzione Whistleblower?&#8221; _builder_version=&#8221;4.21.0&#8243; _module_preset=&#8221;default&#8221; global_colors_info=&#8221;{}&#8221;]<\/p>\n<p>I costi di un sistema di whistleblower sono molto variabili. Se si sceglie un software di whistleblower con molte funzioni complicate e avvocati o commercialisti in attesa, i costi possono essere elevati. Tuttavia, se si sceglie un sistema intuitivo, facile e sicuro come WhistleSystem, il costo per una soluzione plug-and-play con tutto il necessario per una soluzione di whistleblower ben funzionante e conforme pu\u00f2 essere di soli 67 euro al mese fatturati annualmente e 200 euro per la configurazione se si hanno meno di 250 dipendenti.\u00a0<a href=\"https:\/\/whistlesystem.com\/it\/prezzi\/\" target=\"_blank\" rel=\"noopener\">Consultate tutti i nostri prezzi qui<\/a>.<\/p>\n<p>[\/et_pb_toggle][et_pb_toggle title=&#8221;Posso provare il sistema prima di decidere?&#8221; _builder_version=&#8221;4.21.0&#8243; _module_preset=&#8221;default&#8221; global_colors_info=&#8221;{}&#8221;]<\/p>\n<p>S\u00ec. Offriamo un periodo di prova gratuito per provare il sistema e vedere il materiale di configurazione. \u00c8 possibile accedere al periodo di prova prenotando una demo del sistema.<\/p>\n<p>[\/et_pb_toggle][et_pb_toggle title=&#8221;Posso esercitare il mio diritto di recesso?&#8221; _builder_version=&#8221;4.21.0&#8243; _module_preset=&#8221;default&#8221; global_colors_info=&#8221;{}&#8221;]<\/p>\n<p>S\u00ec. \u00c8 previsto un diritto di recesso di 14 giorni e la cancellazione gratuita per ogni periodo di abbonamento di un anno.<\/p>\n<p>[\/et_pb_toggle][\/et_pb_column][\/et_pb_row][\/et_pb_section]<\/p>\n","protected":false},"excerpt":{"rendered":"<p>Contatto Come possiamo aiutarvi? Avete domande sulla direttiva sugli informatori, su WhistleSystem o su altro?Siamo qui per voi!Chiamateci +45 61 10 88 9209:00 &#8211; 16:00Inviare un&#8217;e-mail support@whistlesystem.comEntro 24 oreAvete domande o volete saperne di pi\u00f9?FAQ Siamo sempre felici di aiutarvi con le domande. Ecco le risposte ad alcune di esse che potreste gi\u00e0 avere.Una soluzione per i whistleblower \u00e8 semplicemente la somma delle politiche, delle procedure e del sistema di gestione delle segnalazioni all\u2019interno dell\u2019azienda. La legislazione in materia di whistleblower deriva dalla Direttiva UE 2019\/1937, la cosiddetta Direttiva Whistleblower.WhistleSystem si distingue per una combinazione unica di usabilit\u00e0, sicurezza e implementazione leader di mercato, oltre a essere una soluzione altamente conveniente. Abbiamo garantito l\u2019usabilit\u00e0 creando il sistema per e con i nostri clienti. Abbiamo parlato con centinaia di clienti e abbiamo ridotto le loro domande e richieste esattamente alle funzioni necessarie per un sistema di denuncia facile e intuitivo. Da un giorno all\u2019altro, i nostri nuovi clienti hanno smesso di fare domande sul sistema e noi abbiamo ottenuto esattamente il sistema richiesto dai nostri clienti. Per noi \u00e8 importante che i nostri clienti si sentano al sicuro. Per questo abbiamo ottenuto la certificazione ISO 27001 e ISO 27701 per la [&hellip;]<\/p>\n","protected":false},"author":2,"featured_media":0,"parent":0,"menu_order":0,"comment_status":"closed","ping_status":"closed","template":"","meta":{"_et_pb_use_builder":"on","_et_pb_old_content":"","_et_gb_content_width":"","footnotes":""},"yoast_head":"<!-- This site is optimized with the Yoast SEO Premium plugin v24.0 (Yoast SEO v24.0) - https:\/\/yoast.com\/wordpress\/plugins\/seo\/ -->\n<title>Contatto - WhistleSystem<\/title>\n<meta name=\"description\" content=\"Contattate il nostro team per richiedere informazioni e scoprire i vantaggi di WhistleSystem per la vostra azienda.\" \/>\n<meta name=\"robots\" content=\"index, follow, max-snippet:-1, max-image-preview:large, max-video-preview:-1\" \/>\n<link rel=\"canonical\" href=\"https:\/\/whistlesystem.com\/it\/contatto\/\" \/>\n<meta property=\"og:locale\" content=\"it_IT\" \/>\n<meta property=\"og:type\" content=\"article\" \/>\n<meta property=\"og:title\" content=\"Contatto\" \/>\n<meta property=\"og:description\" content=\"Contattate il nostro team per richiedere informazioni e scoprire i vantaggi di WhistleSystem per la vostra azienda.\" \/>\n<meta property=\"og:url\" content=\"https:\/\/whistlesystem.com\/it\/contatto\/\" \/>\n<meta property=\"og:site_name\" content=\"WhistleSystem\" \/>\n<meta property=\"article:modified_time\" content=\"2023-12-07T10:06:07+00:00\" \/>\n<meta property=\"og:image\" content=\"https:\/\/whistlesystem.com\/wp-content\/uploads\/2022\/08\/Social-image.png\" \/>\n\t<meta property=\"og:image:width\" content=\"1080\" \/>\n\t<meta property=\"og:image:height\" content=\"1350\" \/>\n\t<meta property=\"og:image:type\" content=\"image\/png\" \/>\n<meta name=\"twitter:card\" content=\"summary_large_image\" \/>\n<meta name=\"twitter:label1\" content=\"Tempo di lettura stimato\" \/>\n\t<meta name=\"twitter:data1\" content=\"4 minuti\" \/>\n<script type=\"application\/ld+json\" class=\"yoast-schema-graph\">{\"@context\":\"https:\/\/schema.org\",\"@graph\":[{\"@type\":\"WebPage\",\"@id\":\"https:\/\/whistlesystem.com\/it\/contatto\/\",\"url\":\"https:\/\/whistlesystem.com\/it\/contatto\/\",\"name\":\"Contatto - WhistleSystem\",\"isPartOf\":{\"@id\":\"https:\/\/whistlesystem.com\/#website\"},\"datePublished\":\"2022-04-19T18:43:58+00:00\",\"dateModified\":\"2023-12-07T10:06:07+00:00\",\"description\":\"Contattate il nostro team per richiedere informazioni e scoprire i vantaggi di WhistleSystem per la vostra azienda.\",\"breadcrumb\":{\"@id\":\"https:\/\/whistlesystem.com\/it\/contatto\/#breadcrumb\"},\"inLanguage\":\"it-IT\",\"potentialAction\":[{\"@type\":\"ReadAction\",\"target\":[\"https:\/\/whistlesystem.com\/it\/contatto\/\"]}]},{\"@type\":\"BreadcrumbList\",\"@id\":\"https:\/\/whistlesystem.com\/it\/contatto\/#breadcrumb\",\"itemListElement\":[{\"@type\":\"ListItem\",\"position\":1,\"name\":\"Hjem\",\"item\":\"https:\/\/whistlesystem.com\/it\/\"},{\"@type\":\"ListItem\",\"position\":2,\"name\":\"Contatto\"}]},{\"@type\":\"WebSite\",\"@id\":\"https:\/\/whistlesystem.com\/#website\",\"url\":\"https:\/\/whistlesystem.com\/\",\"name\":\"WhistleSystem\",\"description\":\"WhistleSystem ApS - En sikker, simpel og compliant whistleblowerordning\",\"publisher\":{\"@id\":\"https:\/\/whistlesystem.com\/#organization\"},\"potentialAction\":[{\"@type\":\"SearchAction\",\"target\":{\"@type\":\"EntryPoint\",\"urlTemplate\":\"https:\/\/whistlesystem.com\/?s={search_term_string}\"},\"query-input\":{\"@type\":\"PropertyValueSpecification\",\"valueRequired\":true,\"valueName\":\"search_term_string\"}}],\"inLanguage\":\"it-IT\"},{\"@type\":\"Organization\",\"@id\":\"https:\/\/whistlesystem.com\/#organization\",\"name\":\"WhistleSystem ApS\",\"url\":\"https:\/\/whistlesystem.com\/\",\"logo\":{\"@type\":\"ImageObject\",\"inLanguage\":\"it-IT\",\"@id\":\"https:\/\/whistlesystem.com\/#\/schema\/logo\/image\/\",\"url\":\"https:\/\/whistlesystem.com\/wp-content\/uploads\/2022\/05\/whistle-logo-dark.svg\",\"contentUrl\":\"https:\/\/whistlesystem.com\/wp-content\/uploads\/2022\/05\/whistle-logo-dark.svg\",\"width\":\"1024\",\"height\":\"1024\",\"caption\":\"WhistleSystem ApS\"},\"image\":{\"@id\":\"https:\/\/whistlesystem.com\/#\/schema\/logo\/image\/\"}}]}<\/script>\n<!-- \/ Yoast SEO Premium plugin. -->","yoast_head_json":{"title":"Contatto - WhistleSystem","description":"Contattate il nostro team per richiedere informazioni e scoprire i vantaggi di WhistleSystem per la vostra azienda.","robots":{"index":"index","follow":"follow","max-snippet":"max-snippet:-1","max-image-preview":"max-image-preview:large","max-video-preview":"max-video-preview:-1"},"canonical":"https:\/\/whistlesystem.com\/it\/contatto\/","og_locale":"it_IT","og_type":"article","og_title":"Contatto","og_description":"Contattate il nostro team per richiedere informazioni e scoprire i vantaggi di WhistleSystem per la vostra azienda.","og_url":"https:\/\/whistlesystem.com\/it\/contatto\/","og_site_name":"WhistleSystem","article_modified_time":"2023-12-07T10:06:07+00:00","og_image":[{"width":1080,"height":1350,"url":"https:\/\/whistlesystem.com\/wp-content\/uploads\/2022\/08\/Social-image.png","type":"image\/png"}],"twitter_card":"summary_large_image","twitter_misc":{"Tempo di lettura stimato":"4 minuti"},"schema":{"@context":"https:\/\/schema.org","@graph":[{"@type":"WebPage","@id":"https:\/\/whistlesystem.com\/it\/contatto\/","url":"https:\/\/whistlesystem.com\/it\/contatto\/","name":"Contatto - WhistleSystem","isPartOf":{"@id":"https:\/\/whistlesystem.com\/#website"},"datePublished":"2022-04-19T18:43:58+00:00","dateModified":"2023-12-07T10:06:07+00:00","description":"Contattate il nostro team per richiedere informazioni e scoprire i vantaggi di WhistleSystem per la vostra azienda.","breadcrumb":{"@id":"https:\/\/whistlesystem.com\/it\/contatto\/#breadcrumb"},"inLanguage":"it-IT","potentialAction":[{"@type":"ReadAction","target":["https:\/\/whistlesystem.com\/it\/contatto\/"]}]},{"@type":"BreadcrumbList","@id":"https:\/\/whistlesystem.com\/it\/contatto\/#breadcrumb","itemListElement":[{"@type":"ListItem","position":1,"name":"Hjem","item":"https:\/\/whistlesystem.com\/it\/"},{"@type":"ListItem","position":2,"name":"Contatto"}]},{"@type":"WebSite","@id":"https:\/\/whistlesystem.com\/#website","url":"https:\/\/whistlesystem.com\/","name":"WhistleSystem","description":"WhistleSystem ApS - En sikker, simpel og compliant whistleblowerordning","publisher":{"@id":"https:\/\/whistlesystem.com\/#organization"},"potentialAction":[{"@type":"SearchAction","target":{"@type":"EntryPoint","urlTemplate":"https:\/\/whistlesystem.com\/?s={search_term_string}"},"query-input":{"@type":"PropertyValueSpecification","valueRequired":true,"valueName":"search_term_string"}}],"inLanguage":"it-IT"},{"@type":"Organization","@id":"https:\/\/whistlesystem.com\/#organization","name":"WhistleSystem ApS","url":"https:\/\/whistlesystem.com\/","logo":{"@type":"ImageObject","inLanguage":"it-IT","@id":"https:\/\/whistlesystem.com\/#\/schema\/logo\/image\/","url":"https:\/\/whistlesystem.com\/wp-content\/uploads\/2022\/05\/whistle-logo-dark.svg","contentUrl":"https:\/\/whistlesystem.com\/wp-content\/uploads\/2022\/05\/whistle-logo-dark.svg","width":"1024","height":"1024","caption":"WhistleSystem ApS"},"image":{"@id":"https:\/\/whistlesystem.com\/#\/schema\/logo\/image\/"}}]}},"_links":{"self":[{"href":"https:\/\/whistlesystem.com\/it\/wp-json\/wp\/v2\/pages\/243799"}],"collection":[{"href":"https:\/\/whistlesystem.com\/it\/wp-json\/wp\/v2\/pages"}],"about":[{"href":"https:\/\/whistlesystem.com\/it\/wp-json\/wp\/v2\/types\/page"}],"author":[{"embeddable":true,"href":"https:\/\/whistlesystem.com\/it\/wp-json\/wp\/v2\/users\/2"}],"replies":[{"embeddable":true,"href":"https:\/\/whistlesystem.com\/it\/wp-json\/wp\/v2\/comments?post=243799"}],"version-history":[{"count":4,"href":"https:\/\/whistlesystem.com\/it\/wp-json\/wp\/v2\/pages\/243799\/revisions"}],"predecessor-version":[{"id":243805,"href":"https:\/\/whistlesystem.com\/it\/wp-json\/wp\/v2\/pages\/243799\/revisions\/243805"}],"wp:attachment":[{"href":"https:\/\/whistlesystem.com\/it\/wp-json\/wp\/v2\/media?parent=243799"}],"curies":[{"name":"wp","href":"https:\/\/api.w.org\/{rel}","templated":true}]}}