{"id":239397,"date":"2022-05-05T11:53:06","date_gmt":"2022-05-05T11:53:06","guid":{"rendered":"https:\/\/whistlesystem.com\/bestilling\/"},"modified":"2022-11-23T14:06:49","modified_gmt":"2022-11-23T14:06:49","slug":"zamowienie","status":"publish","type":"page","link":"https:\/\/whistlesystem.com\/pl\/zamowienie\/","title":{"rendered":"Ordering PL"},"content":{"rendered":"<p>[et_pb_section fb_built=&#8221;1&#8243; _builder_version=&#8221;4.16.0&#8243; _module_preset=&#8221;default&#8221; global_colors_info=&#8221;{}&#8221;][et_pb_row column_structure=&#8221;1_5,3_5,1_5&#8243; _builder_version=&#8221;4.16.0&#8243; _module_preset=&#8221;default&#8221; custom_padding=&#8221;||0px|||&#8221; global_colors_info=&#8221;{}&#8221;][et_pb_column type=&#8221;1_5&#8243; _builder_version=&#8221;4.16.0&#8243; _module_preset=&#8221;default&#8221; global_colors_info=&#8221;{}&#8221;][\/et_pb_column][et_pb_column type=&#8221;3_5&#8243; _builder_version=&#8221;4.16.0&#8243; _module_preset=&#8221;default&#8221; global_colors_info=&#8221;{}&#8221;][et_pb_text module_class=&#8221;intro&#8221; _builder_version=&#8221;4.18.0&#8243; _module_preset=&#8221;default&#8221; global_colors_info=&#8221;{}&#8221;]<\/p>\n<h1 class=\"preheader\">SK\u0141ADANIE ZAM\u00d3WIENIA<\/h1>\n<p class=\"title-hero\">Uruchom WhistleSystem w swojej firmie<\/p>\n<p>Prze\u015blij formularz, aby rozpocz\u0105\u0107 konfiguracj\u0119 systemu dla sygnalist\u00f3w.<\/p>\n<p>[\/et_pb_text][et_pb_code _builder_version=&#8221;4.18.0&#8243; _module_preset=&#8221;default&#8221; global_colors_info=&#8221;{}&#8221;]<script charset=\"utf-8\" type=\"text\/javascript\" src=\"\/\/js-eu1.hsforms.net\/forms\/v2.js\"><\/script><!-- [et_pb_line_break_holder] --><script><!-- [et_pb_line_break_holder] -->  hbspt.forms.create({<!-- [et_pb_line_break_holder] -->    region: \"eu1\",<!-- [et_pb_line_break_holder] -->    portalId: \"25264574\",<!-- [et_pb_line_break_holder] -->    formId: \"d7b483ee-4ace-445e-84fa-967b37e84aac\",<!-- [et_pb_line_break_holder] -->    version: \"V2_PRERELEASE\"<!-- [et_pb_line_break_holder] -->  });<!-- [et_pb_line_break_holder] --><\/script>[\/et_pb_code][\/et_pb_column][et_pb_column type=&#8221;1_5&#8243; _builder_version=&#8221;4.16.0&#8243; _module_preset=&#8221;default&#8221; global_colors_info=&#8221;{}&#8221;][\/et_pb_column][\/et_pb_row][\/et_pb_section][et_pb_section fb_built=&#8221;1&#8243; module_class=&#8221;kundeudtalelser&#8221; _builder_version=&#8221;4.16&#8243; _module_preset=&#8221;default&#8221; background_color=&#8221;#F5F4F9&#8243; background_color_gradient_direction=&#8221;90deg&#8221; background_color_gradient_start=&#8221;#f5e9dc&#8221; background_color_gradient_end=&#8221;#f6f1ec&#8221; global_module=&#8221;235204&#8243; saved_tabs=&#8221;all&#8221; global_colors_info=&#8221;{}&#8221;][et_pb_row column_structure=&#8221;1_2,1_2&#8243; module_class=&#8221;cases&#8221; _builder_version=&#8221;4.16&#8243; _module_preset=&#8221;default&#8221; custom_padding=&#8221;||10px||false|false&#8221; animation_intensity_slide=&#8221;2%&#8221; global_colors_info=&#8221;{}&#8221;][et_pb_column type=&#8221;1_2&#8243; _builder_version=&#8221;4.16&#8243; _module_preset=&#8221;default&#8221; global_colors_info=&#8221;{}&#8221;][et_pb_text module_class=&#8221;title-big&#8221; _builder_version=&#8221;4.18.0&#8243; _module_preset=&#8221;default&#8221; custom_margin=&#8221;||0px||false|false&#8221; custom_padding=&#8221;||0px||false|false&#8221; global_colors_info=&#8221;{}&#8221;]<\/p>\n<p class=\"preheader\">Wyb\u00f3r nale\u017cy do naszych klinet\u00f3w<\/p>\n<h2>Zaprojektowany z my\u015bl\u0105 o Twoich potrzebach<\/h2>\n<p>[\/et_pb_text][\/et_pb_column][et_pb_column type=&#8221;1_2&#8243; _builder_version=&#8221;4.16&#8243; _module_preset=&#8221;default&#8221; global_colors_info=&#8221;{}&#8221;][\/et_pb_column][\/et_pb_row][et_pb_row _builder_version=&#8221;4.16&#8243; _module_preset=&#8221;default&#8221; custom_margin=&#8221;10px||||false|false&#8221; custom_padding=&#8221;0px||0px|||&#8221; animation_intensity_slide=&#8221;2%&#8221; global_colors_info=&#8221;{}&#8221;][et_pb_column type=&#8221;4_4&#8243; _builder_version=&#8221;4.16&#8243; _module_preset=&#8221;default&#8221; global_colors_info=&#8221;{}&#8221;][dsm_card_carousel slide_to_show=&#8221;2&#8243; autoplay=&#8221;off&#8221; space_between=&#8221;34&#8243; arrow_size=&#8221;30px&#8221; dots_active_color=&#8221;#4B22DD&#8221; slide_to_show_tablet=&#8221;&#8221; slide_to_show_phone=&#8221;1&#8243; slide_to_show_last_edited=&#8221;on|phone&#8221; _builder_version=&#8221;4.18.0&#8243; _module_preset=&#8221;default&#8221; global_colors_info=&#8221;{}&#8221;][dsm_card_carousel_child title=&#8221;Kristian Skov Petersen&#8221; subtitle=&#8221;Kierownik w\u0142a\u015bciciela w Viggo Petersens EFTF&#8221; image=&#8221;https:\/\/whistlesystem.com\/wp-content\/uploads\/2022\/03\/5-stjerner-purple.png&#8221; image_as_background=&#8221;off&#8221; image_alignment=&#8221;left&#8221; content_padding=&#8221;|40px|40px|40px|false|false&#8221; button_url_new_window=&#8221;1&#8243; _builder_version=&#8221;4.18.0&#8243; _module_preset=&#8221;default&#8221; background_color=&#8221;#FFFFFF&#8221; background_enable_color=&#8221;on&#8221; border_radii=&#8221;on|8px|8px|8px|8px&#8221; border_radii_image=&#8221;on|0px|0px|0px|0px&#8221; box_shadow_style=&#8221;preset1&#8243; box_shadow_color=&#8221;rgba(0,0,0,0.1)&#8221; global_colors_info=&#8221;{}&#8221; parent_button=&#8221;off&#8221; parent_header_level=&#8221;h4&#8243;]<\/p>\n<div class=\"card mb-4\">\n<div class=\"card-body\">\n<div>\n<div id=\"collapse-1ab5b1f47-95a9-48fc-a6c7-cd5802d09411\" class=\"my-2 mb-5 collapse show\">\n<div class=\"card card-body small\">Szukali\u015bmy alternatywy dla drogiego rozwi\u0105zania, kt\u00f3re nam zaoferowano. Wybrali\u015bmy WhistleSystem, poniewa\u017c system spe\u0142nia\u0142 nasze wymagania z zupe\u0142nie inn\u0105 cen\u0105.<\/div>\n<\/div>\n<\/div>\n<\/div>\n<\/div>\n<p>[\/dsm_card_carousel_child][dsm_card_carousel_child title=&#8221;Kim Eriksen&#8221; subtitle=&#8221;CEO w ParsePort&#8221; image=&#8221;https:\/\/whistlesystem.com\/wp-content\/uploads\/2022\/03\/5-stjerner-purple.png&#8221; image_as_background=&#8221;off&#8221; image_alignment=&#8221;left&#8221; content_padding=&#8221;|40px|40px|40px|false|false&#8221; button_url_new_window=&#8221;1&#8243; _builder_version=&#8221;4.18.0&#8243; _module_preset=&#8221;default&#8221; background_color=&#8221;#FFFFFF&#8221; background_enable_color=&#8221;on&#8221; border_radii=&#8221;on|8px|8px|8px|8px&#8221; border_radii_image=&#8221;on|0px|0px|0px|0px&#8221; box_shadow_style=&#8221;preset1&#8243; box_shadow_color=&#8221;rgba(0,0,0,0.1)&#8221; global_colors_info=&#8221;{}&#8221; parent_button=&#8221;off&#8221; parent_header_level=&#8221;h4&#8243;]<\/p>\n<p>WhistleSystem sprawia, \u017ce znamy dobrze opinie pracownik\u00f3w. Jednocze\u015bnie nasz menad\u017cer IT jest bardzo zadowolony z poziomu bezpiecze\u0144stwa systemu.<\/p>\n<p>[\/dsm_card_carousel_child][dsm_card_carousel_child title=&#8221; Peter Flensted&#8221; subtitle=&#8221;CEO w Flyers ApS&#8221; image=&#8221;https:\/\/whistlesystem.com\/wp-content\/uploads\/2022\/03\/5-stjerner-purple.png&#8221; image_as_background=&#8221;off&#8221; image_alignment=&#8221;left&#8221; content_padding=&#8221;|40px|40px|40px|false|false&#8221; button_url_new_window=&#8221;1&#8243; _builder_version=&#8221;4.18.0&#8243; _module_preset=&#8221;default&#8221; background_color=&#8221;#FFFFFF&#8221; background_enable_color=&#8221;on&#8221; border_radii=&#8221;on|8px|8px|8px|8px&#8221; border_radii_image=&#8221;on|0px|0px|0px|0px&#8221; box_shadow_style=&#8221;preset1&#8243; box_shadow_color=&#8221;rgba(0,0,0,0.1)&#8221; global_colors_info=&#8221;{}&#8221; parent_button=&#8221;off&#8221; parent_header_level=&#8221;h4&#8243;]<\/p>\n<p>Przyjrzeli\u015bmy si\u0119 kilku r\u00f3\u017cnym rozwi\u0105zaniom, ale zdecydowali\u015bmy si\u0119 na WhistleSystem, poniewa\u017c system jest prosty i bezpo\u015bredni.<\/p>\n<p>[\/dsm_card_carousel_child][\/dsm_card_carousel][\/et_pb_column][\/et_pb_row][\/et_pb_section]<\/p>\n","protected":false},"excerpt":{"rendered":"<p>SK\u0141ADANIE ZAM\u00d3WIENIA Uruchom WhistleSystem w swojej firmie Prze\u015blij formularz, aby rozpocz\u0105\u0107 konfiguracj\u0119 systemu dla sygnalist\u00f3w.Wyb\u00f3r nale\u017cy do naszych klinet\u00f3w Zaprojektowany z my\u015bl\u0105 o Twoich potrzebach<div class=\"et_pb_module dsm_card_carousel dsm_card_carousel_0 dsm_card_carousel_layout_stacked  dsm_card_carousel_arrow_outside dsm_card_carousel_arrow_mobile_inside\">\n\t\t\t\t\n\t\t\t\t\n\t\t\t\t\n\t\t\t\t\n\t\t\t\t\n\t\t\t\t\n\t\t\t\t<div class=\"et_pb_module_inner\">\n\t\t\t\t\t\n\t\t\t\n\t\t\t<div class=\"swiper-container dsm_card_carousel_wrapper\" dir=\"ltr\" data-params=\"[{&quot;direction&quot;:&quot;horizontal&quot;,&quot;effect&quot;:&quot;default&quot;,&quot;slider_effect_shadows&quot;:false,&quot;slider_effect_coverflow_rotate&quot;:&quot;30&quot;,&quot;slider_effect_coverflow_depth&quot;:&quot;0&quot;,&quot;loop&quot;:true,&quot;slide_to_show&quot;:&quot;2&quot;,&quot;slide_to_show_tablet&quot;:&quot;1&quot;,&quot;slide_to_show_phone&quot;:&quot;1&quot;,&quot;slide_to_scroll&quot;:&quot;1&quot;,&quot;slide_to_scroll_tablet&quot;:&quot;1&quot;,&quot;slide_to_scroll_phone&quot;:&quot;1&quot;,&quot;space_between&quot;:&quot;34&quot;,&quot;space_between_tablet&quot;:&quot;34&quot;,&quot;space_between_phone&quot;:&quot;34&quot;,&quot;centered_slides&quot;:false,&quot;slide_row&quot;:&quot;1&quot;,&quot;slide_row_tablet&quot;:&quot;1&quot;,&quot;slide_row_phone&quot;:&quot;1&quot;,&quot;speed&quot;:&quot;300&quot;,&quot;autoplay&quot;:false,&quot;autoplay_speed&quot;:&quot;3000&quot;,&quot;autoplay_viewport&quot;:&quot;&quot;,&quot;touch_move&quot;:true,&quot;grab&quot;:true,&quot;pause_on_hover&quot;:false,&quot;mousewheel&quot;:false,&quot;auto_height&quot;:true,&quot;equal_height_tablet&quot;:true,&quot;equal_height_phone&quot;:true}]\">\n\t\t\t<div class=\"swiper-wrapper\"><div class=\"dsm_card_carousel_child dsm_card_carousel_child_0 swiper-slide\">\n\t\t\t\t\n\t\t\t\t\n\t\t\t\t\n\t\t\t\t\n\t\t\t\t\n\t\t\t\t\n\t\t\t\t<div class=\"et_pb_module_inner\">\n\t\t\t\t\t\n\t\t\t\n\t\t\t<figure class=\"dsm_card_carousel_child_image_wrapper dsm_card_carousel_child_badge_top_right\"><img decoding=\"async\" src=\"https:\/\/whistlesystem.com\/wp-content\/uploads\/2022\/03\/5-stjerner-purple.png\" alt=\"\" srcset=\"https:\/\/whistlesystem.com\/wp-content\/uploads\/2022\/03\/5-stjerner-purple.png 320w, https:\/\/whistlesystem.com\/wp-content\/uploads\/2022\/03\/5-stjerner-purple-300x53.png 300w\" sizes=\"(max-width: 320px) 100vw, 320px\" class=\"dsm_card_carousel_child_img  dsm_card_carousel_image_stretch skip-lazy\" \/><\/figure>\n\t\t\t<div class=\"dsm_card_wrapper et_pb_text_align_left et_pb_bg_layout_light\">\n\t\t\t\t\t<h4 class=\"dsm_card_title et_pb_module_header\">Kristian Skov Petersen<\/h4>\n\t\t\t\t\t<div class=\"dsm_card_carousel_child_subtitle\">Kierownik w\u0142a\u015bciciela w Viggo Petersens EFTF<\/div>\n\t\t\t\t\t<div class=\"dsm_card_carousel_child_description\"> Szukali\u015bmy alternatywy dla drogiego rozwi\u0105zania, kt\u00f3re nam zaoferowano. Wybrali\u015bmy WhistleSystem, poniewa\u017c system spe\u0142nia\u0142 nasze wymagania z zupe\u0142nie inn\u0105 cen\u0105. <\/div>\n\t\t\t\t\t\n\t\t\t\t<\/div>\n\t\t\t\t<\/div>\n\t\t\t<\/div><div class=\"dsm_card_carousel_child dsm_card_carousel_child_1 swiper-slide\">\n\t\t\t\t\n\t\t\t\t\n\t\t\t\t\n\t\t\t\t\n\t\t\t\t\n\t\t\t\t\n\t\t\t\t<div class=\"et_pb_module_inner\">\n\t\t\t\t\t\n\t\t\t\n\t\t\t<figure class=\"dsm_card_carousel_child_image_wrapper dsm_card_carousel_child_badge_top_right\"><img decoding=\"async\" src=\"https:\/\/whistlesystem.com\/wp-content\/uploads\/2022\/03\/5-stjerner-purple.png\" alt=\"\" srcset=\"https:\/\/whistlesystem.com\/wp-content\/uploads\/2022\/03\/5-stjerner-purple.png 320w, https:\/\/whistlesystem.com\/wp-content\/uploads\/2022\/03\/5-stjerner-purple-300x53.png 300w\" sizes=\"(max-width: 320px) 100vw, 320px\" class=\"dsm_card_carousel_child_img  dsm_card_carousel_image_stretch skip-lazy\" \/><\/figure>\n\t\t\t<div class=\"dsm_card_wrapper et_pb_text_align_left et_pb_bg_layout_light\">\n\t\t\t\t\t<h4 class=\"dsm_card_title et_pb_module_header\">Kim Eriksen<\/h4>\n\t\t\t\t\t<div class=\"dsm_card_carousel_child_subtitle\">CEO w ParsePort<\/div>\n\t\t\t\t\t<div class=\"dsm_card_carousel_child_description\">WhistleSystem sprawia, \u017ce znamy dobrze opinie pracownik\u00f3w. Jednocze\u015bnie nasz menad\u017cer IT jest bardzo zadowolony z poziomu bezpiecze\u0144stwa systemu.<\/div>\n\t\t\t\t\t\n\t\t\t\t<\/div>\n\t\t\t\t<\/div>\n\t\t\t<\/div><div class=\"dsm_card_carousel_child dsm_card_carousel_child_2 swiper-slide\">\n\t\t\t\t\n\t\t\t\t\n\t\t\t\t\n\t\t\t\t\n\t\t\t\t\n\t\t\t\t\n\t\t\t\t<div class=\"et_pb_module_inner\">\n\t\t\t\t\t\n\t\t\t\n\t\t\t<figure class=\"dsm_card_carousel_child_image_wrapper dsm_card_carousel_child_badge_top_right\"><img decoding=\"async\" src=\"https:\/\/whistlesystem.com\/wp-content\/uploads\/2022\/03\/5-stjerner-purple.png\" alt=\"\" srcset=\"https:\/\/whistlesystem.com\/wp-content\/uploads\/2022\/03\/5-stjerner-purple.png 320w, https:\/\/whistlesystem.com\/wp-content\/uploads\/2022\/03\/5-stjerner-purple-300x53.png 300w\" sizes=\"(max-width: 320px) 100vw, 320px\" class=\"dsm_card_carousel_child_img  dsm_card_carousel_image_stretch skip-lazy\" \/><\/figure>\n\t\t\t<div class=\"dsm_card_wrapper et_pb_text_align_left et_pb_bg_layout_light\">\n\t\t\t\t\t<h4 class=\"dsm_card_title et_pb_module_header\"> Peter Flensted<\/h4>\n\t\t\t\t\t<div class=\"dsm_card_carousel_child_subtitle\">CEO w Flyers ApS<\/div>\n\t\t\t\t\t<div class=\"dsm_card_carousel_child_description\">Przyjrzeli\u015bmy si\u0119 kilku r\u00f3\u017cnym rozwi\u0105zaniom, ale zdecydowali\u015bmy si\u0119 na WhistleSystem, poniewa\u017c system jest prosty i bezpo\u015bredni.<\/div>\n\t\t\t\t\t\n\t\t\t\t<\/div>\n\t\t\t\t<\/div>\n\t\t\t<\/div><\/div>\n\t\t\t<\/div><div class=\"swiper-button-prev dsm_card_carousel_arrow\" data-icon=\"4\"><\/div><div class=\"swiper-button-next dsm_card_carousel_arrow\" data-icon=\"5\"><\/div><div class=\"swiper-pagination dsm_card_carousel_pagination\"><\/div>\n\t\t\t\t<\/div>\n\t\t\t<\/div><\/p>\n","protected":false},"author":2,"featured_media":239251,"parent":0,"menu_order":0,"comment_status":"closed","ping_status":"closed","template":"","meta":{"_et_pb_use_builder":"on","_et_pb_old_content":"","_et_gb_content_width":"","footnotes":""},"yoast_head":"<!-- This site is optimized with the Yoast SEO Premium plugin v24.0 (Yoast SEO v24.0) - https:\/\/yoast.com\/wordpress\/plugins\/seo\/ -->\n<title>Zam\u00f3w System dla Sygnalist\u00f3w<\/title>\n<meta name=\"description\" content=\"Wdro\u017cenie systemu sygnalisty mo\u017ce trwa\u0107 zaledwie 20 minut - kup system wraz z pe\u0142nym pakietem dokumentacji i wsparciem ekspert\u00f3w.\" \/>\n<meta name=\"robots\" content=\"index, follow, max-snippet:-1, max-image-preview:large, max-video-preview:-1\" \/>\n<link rel=\"canonical\" href=\"https:\/\/whistlesystem.com\/pl\/zamowienie\/\" \/>\n<meta property=\"og:locale\" content=\"pl_PL\" \/>\n<meta property=\"og:type\" content=\"article\" \/>\n<meta property=\"og:title\" content=\"Ordering PL\" \/>\n<meta property=\"og:description\" content=\"Wdro\u017cenie systemu sygnalisty mo\u017ce trwa\u0107 zaledwie 20 minut - kup system wraz z pe\u0142nym pakietem dokumentacji i wsparciem ekspert\u00f3w.\" \/>\n<meta property=\"og:url\" content=\"https:\/\/whistlesystem.com\/pl\/zamowienie\/\" \/>\n<meta property=\"og:site_name\" content=\"WhistleSystem\" \/>\n<meta property=\"article:modified_time\" content=\"2022-11-23T14:06:49+00:00\" \/>\n<meta property=\"og:image\" content=\"https:\/\/whistlesystem.com\/wp-content\/uploads\/2022\/04\/two-happy-men-working-together-new-business-project-scaled.jpg\" \/>\n\t<meta property=\"og:image:width\" content=\"2560\" \/>\n\t<meta property=\"og:image:height\" content=\"1707\" \/>\n\t<meta property=\"og:image:type\" content=\"image\/jpeg\" \/>\n<meta name=\"twitter:card\" content=\"summary_large_image\" \/>\n<meta name=\"twitter:label1\" content=\"Szacowany czas czytania\" \/>\n\t<meta name=\"twitter:data1\" content=\"2 minuty\" \/>\n<script type=\"application\/ld+json\" class=\"yoast-schema-graph\">{\"@context\":\"https:\/\/schema.org\",\"@graph\":[{\"@type\":\"WebPage\",\"@id\":\"https:\/\/whistlesystem.com\/pl\/zamowienie\/\",\"url\":\"https:\/\/whistlesystem.com\/pl\/zamowienie\/\",\"name\":\"Zam\u00f3w System dla Sygnalist\u00f3w\",\"isPartOf\":{\"@id\":\"https:\/\/whistlesystem.com\/#website\"},\"primaryImageOfPage\":{\"@id\":\"https:\/\/whistlesystem.com\/pl\/zamowienie\/#primaryimage\"},\"image\":{\"@id\":\"https:\/\/whistlesystem.com\/pl\/zamowienie\/#primaryimage\"},\"thumbnailUrl\":\"https:\/\/whistlesystem.com\/wp-content\/uploads\/2022\/05\/platform-whistleblower-4.jpg\",\"datePublished\":\"2022-05-05T11:53:06+00:00\",\"dateModified\":\"2022-11-23T14:06:49+00:00\",\"description\":\"Wdro\u017cenie systemu sygnalisty mo\u017ce trwa\u0107 zaledwie 20 minut - kup system wraz z pe\u0142nym pakietem dokumentacji i wsparciem ekspert\u00f3w.\",\"breadcrumb\":{\"@id\":\"https:\/\/whistlesystem.com\/pl\/zamowienie\/#breadcrumb\"},\"inLanguage\":\"pl-PL\",\"potentialAction\":[{\"@type\":\"ReadAction\",\"target\":[\"https:\/\/whistlesystem.com\/pl\/zamowienie\/\"]}]},{\"@type\":\"ImageObject\",\"inLanguage\":\"pl-PL\",\"@id\":\"https:\/\/whistlesystem.com\/pl\/zamowienie\/#primaryimage\",\"url\":\"https:\/\/whistlesystem.com\/wp-content\/uploads\/2022\/05\/platform-whistleblower-4.jpg\",\"contentUrl\":\"https:\/\/whistlesystem.com\/wp-content\/uploads\/2022\/05\/platform-whistleblower-4.jpg\",\"width\":2360,\"height\":2528},{\"@type\":\"BreadcrumbList\",\"@id\":\"https:\/\/whistlesystem.com\/pl\/zamowienie\/#breadcrumb\",\"itemListElement\":[{\"@type\":\"ListItem\",\"position\":1,\"name\":\"Hjem\",\"item\":\"https:\/\/whistlesystem.com\/pl\/\"},{\"@type\":\"ListItem\",\"position\":2,\"name\":\"Ordering PL\"}]},{\"@type\":\"WebSite\",\"@id\":\"https:\/\/whistlesystem.com\/#website\",\"url\":\"https:\/\/whistlesystem.com\/\",\"name\":\"WhistleSystem\",\"description\":\"WhistleSystem ApS - En sikker, simpel og compliant whistleblowerordning\",\"publisher\":{\"@id\":\"https:\/\/whistlesystem.com\/#organization\"},\"potentialAction\":[{\"@type\":\"SearchAction\",\"target\":{\"@type\":\"EntryPoint\",\"urlTemplate\":\"https:\/\/whistlesystem.com\/?s={search_term_string}\"},\"query-input\":{\"@type\":\"PropertyValueSpecification\",\"valueRequired\":true,\"valueName\":\"search_term_string\"}}],\"inLanguage\":\"pl-PL\"},{\"@type\":\"Organization\",\"@id\":\"https:\/\/whistlesystem.com\/#organization\",\"name\":\"WhistleSystem ApS\",\"url\":\"https:\/\/whistlesystem.com\/\",\"logo\":{\"@type\":\"ImageObject\",\"inLanguage\":\"pl-PL\",\"@id\":\"https:\/\/whistlesystem.com\/#\/schema\/logo\/image\/\",\"url\":\"https:\/\/whistlesystem.com\/wp-content\/uploads\/2022\/05\/whistle-logo-dark.svg\",\"contentUrl\":\"https:\/\/whistlesystem.com\/wp-content\/uploads\/2022\/05\/whistle-logo-dark.svg\",\"width\":\"1024\",\"height\":\"1024\",\"caption\":\"WhistleSystem ApS\"},\"image\":{\"@id\":\"https:\/\/whistlesystem.com\/#\/schema\/logo\/image\/\"}}]}<\/script>\n<!-- \/ Yoast SEO Premium plugin. -->","yoast_head_json":{"title":"Zam\u00f3w System dla Sygnalist\u00f3w","description":"Wdro\u017cenie systemu sygnalisty mo\u017ce trwa\u0107 zaledwie 20 minut - kup system wraz z pe\u0142nym pakietem dokumentacji i wsparciem ekspert\u00f3w.","robots":{"index":"index","follow":"follow","max-snippet":"max-snippet:-1","max-image-preview":"max-image-preview:large","max-video-preview":"max-video-preview:-1"},"canonical":"https:\/\/whistlesystem.com\/pl\/zamowienie\/","og_locale":"pl_PL","og_type":"article","og_title":"Ordering PL","og_description":"Wdro\u017cenie systemu sygnalisty mo\u017ce trwa\u0107 zaledwie 20 minut - kup system wraz z pe\u0142nym pakietem dokumentacji i wsparciem ekspert\u00f3w.","og_url":"https:\/\/whistlesystem.com\/pl\/zamowienie\/","og_site_name":"WhistleSystem","article_modified_time":"2022-11-23T14:06:49+00:00","og_image":[{"width":2560,"height":1707,"url":"https:\/\/whistlesystem.com\/wp-content\/uploads\/2022\/04\/two-happy-men-working-together-new-business-project-scaled.jpg","type":"image\/jpeg"}],"twitter_card":"summary_large_image","twitter_misc":{"Szacowany czas czytania":"2 minuty"},"schema":{"@context":"https:\/\/schema.org","@graph":[{"@type":"WebPage","@id":"https:\/\/whistlesystem.com\/pl\/zamowienie\/","url":"https:\/\/whistlesystem.com\/pl\/zamowienie\/","name":"Zam\u00f3w System dla Sygnalist\u00f3w","isPartOf":{"@id":"https:\/\/whistlesystem.com\/#website"},"primaryImageOfPage":{"@id":"https:\/\/whistlesystem.com\/pl\/zamowienie\/#primaryimage"},"image":{"@id":"https:\/\/whistlesystem.com\/pl\/zamowienie\/#primaryimage"},"thumbnailUrl":"https:\/\/whistlesystem.com\/wp-content\/uploads\/2022\/05\/platform-whistleblower-4.jpg","datePublished":"2022-05-05T11:53:06+00:00","dateModified":"2022-11-23T14:06:49+00:00","description":"Wdro\u017cenie systemu sygnalisty mo\u017ce trwa\u0107 zaledwie 20 minut - kup system wraz z pe\u0142nym pakietem dokumentacji i wsparciem ekspert\u00f3w.","breadcrumb":{"@id":"https:\/\/whistlesystem.com\/pl\/zamowienie\/#breadcrumb"},"inLanguage":"pl-PL","potentialAction":[{"@type":"ReadAction","target":["https:\/\/whistlesystem.com\/pl\/zamowienie\/"]}]},{"@type":"ImageObject","inLanguage":"pl-PL","@id":"https:\/\/whistlesystem.com\/pl\/zamowienie\/#primaryimage","url":"https:\/\/whistlesystem.com\/wp-content\/uploads\/2022\/05\/platform-whistleblower-4.jpg","contentUrl":"https:\/\/whistlesystem.com\/wp-content\/uploads\/2022\/05\/platform-whistleblower-4.jpg","width":2360,"height":2528},{"@type":"BreadcrumbList","@id":"https:\/\/whistlesystem.com\/pl\/zamowienie\/#breadcrumb","itemListElement":[{"@type":"ListItem","position":1,"name":"Hjem","item":"https:\/\/whistlesystem.com\/pl\/"},{"@type":"ListItem","position":2,"name":"Ordering PL"}]},{"@type":"WebSite","@id":"https:\/\/whistlesystem.com\/#website","url":"https:\/\/whistlesystem.com\/","name":"WhistleSystem","description":"WhistleSystem ApS - En sikker, simpel og compliant whistleblowerordning","publisher":{"@id":"https:\/\/whistlesystem.com\/#organization"},"potentialAction":[{"@type":"SearchAction","target":{"@type":"EntryPoint","urlTemplate":"https:\/\/whistlesystem.com\/?s={search_term_string}"},"query-input":{"@type":"PropertyValueSpecification","valueRequired":true,"valueName":"search_term_string"}}],"inLanguage":"pl-PL"},{"@type":"Organization","@id":"https:\/\/whistlesystem.com\/#organization","name":"WhistleSystem ApS","url":"https:\/\/whistlesystem.com\/","logo":{"@type":"ImageObject","inLanguage":"pl-PL","@id":"https:\/\/whistlesystem.com\/#\/schema\/logo\/image\/","url":"https:\/\/whistlesystem.com\/wp-content\/uploads\/2022\/05\/whistle-logo-dark.svg","contentUrl":"https:\/\/whistlesystem.com\/wp-content\/uploads\/2022\/05\/whistle-logo-dark.svg","width":"1024","height":"1024","caption":"WhistleSystem ApS"},"image":{"@id":"https:\/\/whistlesystem.com\/#\/schema\/logo\/image\/"}}]}},"_links":{"self":[{"href":"https:\/\/whistlesystem.com\/pl\/wp-json\/wp\/v2\/pages\/239397"}],"collection":[{"href":"https:\/\/whistlesystem.com\/pl\/wp-json\/wp\/v2\/pages"}],"about":[{"href":"https:\/\/whistlesystem.com\/pl\/wp-json\/wp\/v2\/types\/page"}],"author":[{"embeddable":true,"href":"https:\/\/whistlesystem.com\/pl\/wp-json\/wp\/v2\/users\/2"}],"replies":[{"embeddable":true,"href":"https:\/\/whistlesystem.com\/pl\/wp-json\/wp\/v2\/comments?post=239397"}],"version-history":[{"count":10,"href":"https:\/\/whistlesystem.com\/pl\/wp-json\/wp\/v2\/pages\/239397\/revisions"}],"predecessor-version":[{"id":240281,"href":"https:\/\/whistlesystem.com\/pl\/wp-json\/wp\/v2\/pages\/239397\/revisions\/240281"}],"wp:featuredmedia":[{"embeddable":true,"href":"https:\/\/whistlesystem.com\/pl\/wp-json\/wp\/v2\/media\/239251"}],"wp:attachment":[{"href":"https:\/\/whistlesystem.com\/pl\/wp-json\/wp\/v2\/media?parent=239397"}],"curies":[{"name":"wp","href":"https:\/\/api.w.org\/{rel}","templated":true}]}}