{"id":239408,"date":"2022-04-19T18:43:58","date_gmt":"2022-04-19T18:43:58","guid":{"rendered":"https:\/\/whistlesystem.com\/kontakt\/"},"modified":"2024-06-11T13:37:31","modified_gmt":"2024-06-11T13:37:31","slug":"kontakt","status":"publish","type":"page","link":"https:\/\/whistlesystem.com\/pl\/kontakt\/","title":{"rendered":"Contact PL"},"content":{"rendered":"<p>[et_pb_section fb_built=&#8221;1&#8243; _builder_version=&#8221;4.16.0&#8243; _module_preset=&#8221;default&#8221; background_color=&#8221;#2B1E6B&#8221; custom_padding=&#8221;||34px|||&#8221; global_colors_info=&#8221;{}&#8221;][et_pb_row make_equal=&#8221;on&#8221; _builder_version=&#8221;4.16.0&#8243; _module_preset=&#8221;default&#8221; max_width=&#8221;900px&#8221; module_alignment=&#8221;center&#8221; custom_padding=&#8221;||0px|||&#8221; global_colors_info=&#8221;{}&#8221;][et_pb_column type=&#8221;4_4&#8243; module_class=&#8221;vertical-align&#8221; _builder_version=&#8221;4.16&#8243; _module_preset=&#8221;default&#8221; global_colors_info=&#8221;{}&#8221;][et_pb_text module_class=&#8221;intro&#8221; _builder_version=&#8221;4.18.0&#8243; _module_preset=&#8221;default&#8221; text_orientation=&#8221;center&#8221; background_layout=&#8221;dark&#8221; custom_padding=&#8221;||0px|||&#8221; global_colors_info=&#8221;{}&#8221;]<\/p>\n<h1 class=\"preheader\">Kontakt<\/h1>\n<p class=\"title-hero\">Jak mo\u017cemy pom\u00f3c?<\/p>\n<p>Z ch\u0119ci\u0105 odpowiemy na wszystkie pytania dotycz\u0105ce dyrektywy sygnalist\u00f3w.<\/p>\n<p>[\/et_pb_text][\/et_pb_column][\/et_pb_row][\/et_pb_section][et_pb_section fb_built=&#8221;1&#8243; _builder_version=&#8221;4.16.0&#8243; _module_preset=&#8221;default&#8221; background_color=&#8221;#2B1E6B&#8221; use_background_color_gradient=&#8221;on&#8221; background_color_gradient_stops=&#8221;#2b1e6b 50%|#ffffff 50%&#8221; custom_padding=&#8221;0px||0px|||&#8221; global_colors_info=&#8221;{}&#8221;][et_pb_row use_custom_gutter=&#8221;on&#8221; gutter_width=&#8221;2&#8243; make_equal=&#8221;on&#8221; _builder_version=&#8221;4.16.0&#8243; _module_preset=&#8221;default&#8221; custom_padding=&#8221;34px||0px||false|false&#8221; global_colors_info=&#8221;{}&#8221;][et_pb_column type=&#8221;4_4&#8243; module_class=&#8221;box-outline&#8221; _builder_version=&#8221;4.16&#8243; _module_preset=&#8221;default&#8221; global_colors_info=&#8221;{}&#8221;][et_pb_text _builder_version=&#8221;4.18.0&#8243; _module_preset=&#8221;default&#8221; text_orientation=&#8221;center&#8221; global_colors_info=&#8221;{}&#8221;]<\/p>\n<h2>Kontakt mailowy<\/h2>\n<p class=\"title-medium\" style=\"font-size: 30px; height: 40px;\"><a href=\"mailto:biuro@whistlesystem.dk\">biuro@whistlesystem.com<\/a><\/p>\n<p>[\/et_pb_text][et_pb_blurb title=&#8221;Poniedzia\u0142ek &#8211; Pi\u0105tek&#8221; use_icon=&#8221;on&#8221; font_icon=&#8221;&#x7d;||divi||400&#8243; image_icon_background_color=&#8221;#EBE7F8&#8243; icon_placement=&#8221;left&#8221; image_icon_width=&#8221;26px&#8221; _builder_version=&#8221;4.18.0&#8243; _module_preset=&#8221;default&#8221; header_level=&#8221;h6&#8243; header_text_color=&#8221;rgba(15,2,54,0.6)&#8221; body_text_color=&#8221;#0F0236&#8243; image_icon_custom_padding=&#8221;15px|15px|15px|15px|false|false&#8221; width=&#8221;250px&#8221; module_alignment=&#8221;center&#8221; custom_margin=&#8221;50px||||false|false&#8221; custom_css_blurb_title=&#8221;padding-bottom: 10px !important;&#8221; border_radii_image=&#8221;on|200px|200px|200px|200px&#8221; global_colors_info=&#8221;{}&#8221;]<\/p>\n<p>w ci\u0105gu 24 godzin<\/p>\n<p>[\/et_pb_blurb][\/et_pb_column][\/et_pb_row][\/et_pb_section][et_pb_section fb_built=&#8221;1&#8243; _builder_version=&#8221;4.16.0&#8243; _module_preset=&#8221;default&#8221; global_colors_info=&#8221;{}&#8221;][et_pb_row column_structure=&#8221;1_2,1_2&#8243; _builder_version=&#8221;4.16.0&#8243; _module_preset=&#8221;default&#8221; global_colors_info=&#8221;{}&#8221;][et_pb_column type=&#8221;1_2&#8243; _builder_version=&#8221;4.16.0&#8243; _module_preset=&#8221;default&#8221; global_colors_info=&#8221;{}&#8221;][et_pb_text _builder_version=&#8221;4.18.0&#8243; _module_preset=&#8221;default&#8221; global_colors_info=&#8221;{}&#8221;]<\/p>\n<h2 class=\"title-big\">Masz pytania lub chcesz dowiedzie\u0107 si\u0119 wi\u0119cej? Skontaktuj si\u0119 z nami!<\/h2>\n<p>[\/et_pb_text][et_pb_code _builder_version=&#8221;4.18.0&#8243; _module_preset=&#8221;default&#8221; global_colors_info=&#8221;{}&#8221;]<script charset=\"utf-8\" type=\"text\/javascript\" src=\"\/\/js-eu1.hsforms.net\/forms\/v2.js\"><\/script><!-- [et_pb_line_break_holder] --><script><!-- [et_pb_line_break_holder] -->  hbspt.forms.create({<!-- [et_pb_line_break_holder] -->    region: \"eu1\",<!-- [et_pb_line_break_holder] -->    portalId: \"25264574\",<!-- [et_pb_line_break_holder] -->    formId: \"6a09a429-e217-4752-9e0c-4169410cc8f2\",<!-- [et_pb_line_break_holder] -->    version: \"V2_PRERELEASE\"<!-- [et_pb_line_break_holder] -->  });<!-- [et_pb_line_break_holder] --><\/script>[\/et_pb_code][\/et_pb_column][et_pb_column type=&#8221;1_2&#8243; _builder_version=&#8221;4.16.0&#8243; _module_preset=&#8221;default&#8221; global_colors_info=&#8221;{}&#8221;][et_pb_image src=&#8221;https:\/\/whistlesystem.com\/wp-content\/uploads\/2022\/04\/whistleblower-system-42.jpg&#8221; title_text=&#8221;whistleblower-system-42&#8243; align=&#8221;right&#8221; _builder_version=&#8221;4.16.0&#8243; _module_preset=&#8221;default&#8221; max_width=&#8221;82%&#8221; global_colors_info=&#8221;{}&#8221;][\/et_pb_image][\/et_pb_column][\/et_pb_row][\/et_pb_section][et_pb_section fb_built=&#8221;1&#8243; _builder_version=&#8221;4.18.0&#8243; _module_preset=&#8221;default&#8221; background_color=&#8221;#F5F4F9&#8243; global_module=&#8221;236592&#8243; saved_tabs=&#8221;all&#8221; global_colors_info=&#8221;{}&#8221;][et_pb_row column_structure=&#8221;1_3,2_3&#8243; _builder_version=&#8221;4.18.0&#8243; _module_preset=&#8221;default&#8221; custom_padding=&#8221;34px||||false|false&#8221; global_colors_info=&#8221;{}&#8221;][et_pb_column type=&#8221;1_3&#8243; _builder_version=&#8221;4.16&#8243; _module_preset=&#8221;default&#8221; global_colors_info=&#8221;{}&#8221;][et_pb_text _builder_version=&#8221;4.18.0&#8243; _module_preset=&#8221;default&#8221; global_colors_info=&#8221;{}&#8221;]<\/p>\n<h2 class=\"title-hero\">FAQ<\/h2>\n<p>Zawsze ch\u0119tnie odpowiemy na pytania. Oto odpowiedzi na najcz\u0119sciej zadawane pytania.<\/p>\n<p>[\/et_pb_text][et_pb_button button_url=&#8221;\/pl\/kontakt\/&#8221; button_text=&#8221;Masz inne pytania, napisz do nas!&#8221; module_class=&#8221;btn-outline&#8221; _builder_version=&#8221;4.18.0&#8243; _module_preset=&#8221;default&#8221; global_colors_info=&#8221;{}&#8221;][\/et_pb_button][\/et_pb_column][et_pb_column type=&#8221;2_3&#8243; _builder_version=&#8221;4.16&#8243; _module_preset=&#8221;default&#8221; global_colors_info=&#8221;{}&#8221;][et_pb_toggle title=&#8221;Czym jest ustawa dla sygnalist\u00f3w?&#8221; _builder_version=&#8221;4.18.0&#8243; _module_preset=&#8221;default&#8221; global_colors_info=&#8221;{}&#8221;]<\/p>\n<p>Ustawa dla sygnalist\u00f3w \u00a0to po prostu suma zasad, procedur i \u00a0systemu obs\u0142ugi zg\u0142osze\u0144 sygnalist\u00f3w w firmie. Przepisy dotycz\u0105ce sygnalist\u00f3w wynikaj\u0105 z unijnej dyrektywy 2019\/1937 \u2013 tzw. dyrektywy sygnalist\u00f3w.<\/p>\n<p>[\/et_pb_toggle][et_pb_toggle title=&#8221;Czym wyr\u00f3\u017cnia si\u0119 WhistleSystem?&#8221; _builder_version=&#8221;4.18.0&#8243; _module_preset=&#8221;default&#8221; global_colors_info=&#8221;{}&#8221;]<\/p>\n<p>WhistleSystem wyr\u00f3\u017cnia si\u0119 unikalnym po\u0142\u0105czeniem wiod\u0105cej na rynku niezale\u017cno\u015bci, bezpiecze\u0144stwa i prostoty wdro\u017cenia, b\u0119d\u0105c jednocze\u015bnie bardzo przyst\u0119pnym cenowo rozwi\u0105zaniem.<\/p>\n<p>Zapewnili\u015bmy u\u017cyteczno\u015b\u0107, tworz\u0105c system z naszymi klientami. Rozmawiali\u015bmy z setkami firm i sprawdzili\u015bmy ich pytania i pro\u015bby, wprowadzaj\u0105c dok\u0142adnie takich funkcje jakich wymaga \u0142atwy i intuicyjny system sygnalist\u00f3w. Z dnia na dzie\u0144 nasi nowi klienci zacz\u0119li z \u0142atwo\u015bci\u0105 korzysta\u0107 z systemu, a my tym samym zbudowali\u015bmy dok\u0142adnie takim systemem, jakiego oczekuj\u0105 nasi klienci.<\/p>\n<p>Wa\u017cne jest dla nas, aby nasi klienci czuli si\u0119 bezpiecznie. Dlatego posiadamy certyfikaty bezpiecze\u0144stwa informacji i prywatno\u015bci, ISO 27001 i ISO 27701. Jednocze\u015bnie nasze bezpiecze\u0144stwo techniczne jest wiod\u0105c\u0119 na rynku i oparte na najnowszej i najsilniejszej technologii bezpiecze\u0144stwa. Z przyjemno\u015bci\u0105 przeka\u017cemy nasz\u0105 Bia\u0142\u0105 Ksi\u0119g\u0119 Bezpiecze\u0144stwa, je\u015bli b\u0119dzie taka potrzeba.<\/p>\n<p>Naszym celem jest, aby wdro\u017cenie systemu dla sygnalist\u00f3w by\u0142o jak naj\u0142atwiejsze dla naszych klient\u00f3w. Dlatego opracowali\u015bmy proces wdro\u017ceniowy, kt\u00f3ry zawiera wszystkie niezb\u0119dne materia\u0142y, kt\u00f3re s\u0105 dostosowane do Twojej firmy. Obejmuje to wszystko, od zaszyfrowanego systemu sygnalist\u00f3w i instrukcji obs\u0142ugi systemu po polityk\u0119 prywatno\u015bci i szablony informuj\u0105ce pracownik\u00f3w o nowych \u00a0materia\u0142ach do zg\u0142aszania nieprawid\u0142owo\u015bci.<\/p>\n<p>Nasze podej\u015bcie do rozwoju funkcji i proces\u00f3w pozwoli\u0142o nam utrzyma\u0107 WhistleSystem w przyst\u0119pnej cenie.<\/p>\n<p>Takiego podej\u015bcia nie mo\u017cna znale\u017a\u0107 w wielu miejscach &#8211; ale my nie mo\u017cemy si\u0119 doczeka\u0107, aby pokaza\u0107 jak zrobi to WhistleSystem w Twojej firmie.<\/p>\n<p>[\/et_pb_toggle][et_pb_toggle title=&#8221;Ile kosztuje wdro\u017cenie systemu dla sygnalist\u00f3w?&#8221; _builder_version=&#8221;4.19.4&#8243; _module_preset=&#8221;default&#8221; global_colors_info=&#8221;{}&#8221;]<\/p>\n<p>Koszty wdro\u017cenia systemu dla sygnalist\u00f3w waha si\u0119 bardzo mocno. Je\u015bli wybierzesz oprogramowanie sygnalisty\u00a0 z wieloma skomplikowanymi funkcjami i obs\u0142ug\u0105 prawn\u0105 oraz ksi\u0119gow\u0105, koszty mog\u0105 by\u0107 bardzo wysokie. Je\u015bli jednak wybierzesz intuicyjny, \u0142atwy i bezpieczny system, taki jak WhistleSystem, to koszt rozwi\u0105zania mo\u017ce wynosi\u0107 zaledwie 315 PLN \/ miesi\u0119cznie w rozliczeniu rocznym oraz 1040 PLN za konfiguracj\u0119. Wszystko to w przypadku gdy Twoja firma liczy mniej ni\u017c 250 pracownik\u00f3w. Zobacz wszystkie nasze ceny <a href=\"https:\/\/whistlesystem.com\/priser\/\">tutaj<\/a>.<\/p>\n<p>[\/et_pb_toggle][et_pb_toggle title=&#8221;Czy mog\u0119 wypr\u00f3bowa\u0107 system, zanim podejm\u0119 decyzj\u0119?&#8221; _builder_version=&#8221;4.18.0&#8243; _module_preset=&#8221;default&#8221; global_colors_info=&#8221;{}&#8221;]<\/p>\n<p>Oczywi\u015bcie! Oferujemy bezp\u0142atny okres pr\u00f3bny, w kt\u00f3rym mo\u017cesz wypr\u00f3bowa\u0107 nasz system sygnalisty zapozna\u0107 si\u0119 z materia\u0142em konfiguracyjnym. Mo\u017cesz uzyska\u0107 dost\u0119p do okresu pr\u00f3bnego, rezerwuj\u0105c spotkanie na kt\u00f3rym zostanie pokazana wersja demonstracyjna systemu.<\/p>\n<p>[\/et_pb_toggle][et_pb_toggle title=&#8221;Czy mog\u0119 skorzysta\u0107 z prawa do odst\u0105pienia od umowy?&#8221; _builder_version=&#8221;4.18.0&#8243; _module_preset=&#8221;default&#8221; global_colors_info=&#8221;{}&#8221;]<\/p>\n<p>Tak. Istnieje 14-dniowe prawo do odst\u0105pienia od umowy i bezp\u0142atnego anulowania podczas ka\u017cdego rocznego okresu subskrypcji.<\/p>\n<p>[\/et_pb_toggle][\/et_pb_column][\/et_pb_row][\/et_pb_section]<\/p>\n","protected":false},"excerpt":{"rendered":"<p>Kontakt Jak mo\u017cemy pom\u00f3c? Z ch\u0119ci\u0105 odpowiemy na wszystkie pytania dotycz\u0105ce dyrektywy sygnalist\u00f3w.Kontakt mailowy biuro@whistlesystem.comw ci\u0105gu 24 godzinMasz pytania lub chcesz dowiedzie\u0107 si\u0119 wi\u0119cej? Skontaktuj si\u0119 z nami!FAQ Zawsze ch\u0119tnie odpowiemy na pytania. Oto odpowiedzi na najcz\u0119sciej zadawane pytania.Ustawa dla sygnalist\u00f3w \u00a0to po prostu suma zasad, procedur i \u00a0systemu obs\u0142ugi zg\u0142osze\u0144 sygnalist\u00f3w w firmie. Przepisy dotycz\u0105ce sygnalist\u00f3w wynikaj\u0105 z unijnej dyrektywy 2019\/1937 \u2013 tzw. dyrektywy sygnalist\u00f3w.WhistleSystem wyr\u00f3\u017cnia si\u0119 unikalnym po\u0142\u0105czeniem wiod\u0105cej na rynku niezale\u017cno\u015bci, bezpiecze\u0144stwa i prostoty wdro\u017cenia, b\u0119d\u0105c jednocze\u015bnie bardzo przyst\u0119pnym cenowo rozwi\u0105zaniem. Zapewnili\u015bmy u\u017cyteczno\u015b\u0107, tworz\u0105c system z naszymi klientami. Rozmawiali\u015bmy z setkami firm i sprawdzili\u015bmy ich pytania i pro\u015bby, wprowadzaj\u0105c dok\u0142adnie takich funkcje jakich wymaga \u0142atwy i intuicyjny system sygnalist\u00f3w. Z dnia na dzie\u0144 nasi nowi klienci zacz\u0119li z \u0142atwo\u015bci\u0105 korzysta\u0107 z systemu, a my tym samym zbudowali\u015bmy dok\u0142adnie takim systemem, jakiego oczekuj\u0105 nasi klienci. Wa\u017cne jest dla nas, aby nasi klienci czuli si\u0119 bezpiecznie. Dlatego posiadamy certyfikaty bezpiecze\u0144stwa informacji i prywatno\u015bci, ISO 27001 i ISO 27701. Jednocze\u015bnie nasze bezpiecze\u0144stwo techniczne jest wiod\u0105c\u0119 na rynku i oparte na najnowszej i najsilniejszej technologii bezpiecze\u0144stwa. Z przyjemno\u015bci\u0105 przeka\u017cemy nasz\u0105 Bia\u0142\u0105 Ksi\u0119g\u0119 Bezpiecze\u0144stwa, je\u015bli b\u0119dzie taka potrzeba. Naszym celem jest, aby wdro\u017cenie systemu dla sygnalist\u00f3w by\u0142o jak naj\u0142atwiejsze dla naszych klient\u00f3w. [&hellip;]<\/p>\n","protected":false},"author":2,"featured_media":0,"parent":0,"menu_order":0,"comment_status":"closed","ping_status":"closed","template":"","meta":{"_et_pb_use_builder":"on","_et_pb_old_content":"","_et_gb_content_width":"","footnotes":""},"yoast_head":"<!-- This site is optimized with the Yoast SEO Premium plugin v24.0 (Yoast SEO v24.0) - https:\/\/yoast.com\/wordpress\/plugins\/seo\/ -->\n<title>Kontakt - WhistleSystem<\/title>\n<meta name=\"description\" content=\"Masz pytania dotycz\u0105ce ustawy o sygnalistach lub sposobu dzia\u0142ania i wdro\u017cenia systemu dla sygnalist\u00f3w? Napisz lub zadzwo\u0144 do nas!\" \/>\n<meta name=\"robots\" content=\"index, follow, max-snippet:-1, max-image-preview:large, max-video-preview:-1\" \/>\n<link rel=\"canonical\" href=\"https:\/\/whistlesystem.com\/kontakt\/\" \/>\n<meta property=\"og:locale\" content=\"pl_PL\" \/>\n<meta property=\"og:type\" content=\"article\" \/>\n<meta property=\"og:title\" content=\"Contact PL\" \/>\n<meta property=\"og:description\" content=\"Masz pytania dotycz\u0105ce ustawy o sygnalistach lub sposobu dzia\u0142ania i wdro\u017cenia systemu dla sygnalist\u00f3w? Napisz lub zadzwo\u0144 do nas!\" \/>\n<meta property=\"og:url\" content=\"https:\/\/whistlesystem.com\/kontakt\/\" \/>\n<meta property=\"og:site_name\" content=\"WhistleSystem\" \/>\n<meta property=\"article:modified_time\" content=\"2024-06-11T13:37:31+00:00\" \/>\n<meta property=\"og:image\" content=\"https:\/\/whistlesystem.com\/wp-content\/uploads\/2022\/08\/Social-image.png\" \/>\n\t<meta property=\"og:image:width\" content=\"1080\" \/>\n\t<meta property=\"og:image:height\" content=\"1350\" \/>\n\t<meta property=\"og:image:type\" content=\"image\/png\" \/>\n<meta name=\"twitter:card\" content=\"summary_large_image\" \/>\n<meta name=\"twitter:label1\" content=\"Szacowany czas czytania\" \/>\n\t<meta name=\"twitter:data1\" content=\"4 minuty\" \/>\n<script type=\"application\/ld+json\" class=\"yoast-schema-graph\">{\"@context\":\"https:\/\/schema.org\",\"@graph\":[{\"@type\":\"WebPage\",\"@id\":\"https:\/\/whistlesystem.com\/kontakt\/\",\"url\":\"https:\/\/whistlesystem.com\/kontakt\/\",\"name\":\"Kontakt - WhistleSystem\",\"isPartOf\":{\"@id\":\"https:\/\/whistlesystem.com\/#website\"},\"datePublished\":\"2022-04-19T18:43:58+00:00\",\"dateModified\":\"2024-06-11T13:37:31+00:00\",\"description\":\"Masz pytania dotycz\u0105ce ustawy o sygnalistach lub sposobu dzia\u0142ania i wdro\u017cenia systemu dla sygnalist\u00f3w? Napisz lub zadzwo\u0144 do nas!\",\"breadcrumb\":{\"@id\":\"https:\/\/whistlesystem.com\/kontakt\/#breadcrumb\"},\"inLanguage\":\"pl-PL\",\"potentialAction\":[{\"@type\":\"ReadAction\",\"target\":[\"https:\/\/whistlesystem.com\/kontakt\/\"]}]},{\"@type\":\"BreadcrumbList\",\"@id\":\"https:\/\/whistlesystem.com\/kontakt\/#breadcrumb\",\"itemListElement\":[{\"@type\":\"ListItem\",\"position\":1,\"name\":\"Hjem\",\"item\":\"https:\/\/whistlesystem.com\/pl\/\"},{\"@type\":\"ListItem\",\"position\":2,\"name\":\"Contact PL\"}]},{\"@type\":\"WebSite\",\"@id\":\"https:\/\/whistlesystem.com\/#website\",\"url\":\"https:\/\/whistlesystem.com\/\",\"name\":\"WhistleSystem\",\"description\":\"WhistleSystem ApS - En sikker, simpel og compliant whistleblowerordning\",\"publisher\":{\"@id\":\"https:\/\/whistlesystem.com\/#organization\"},\"potentialAction\":[{\"@type\":\"SearchAction\",\"target\":{\"@type\":\"EntryPoint\",\"urlTemplate\":\"https:\/\/whistlesystem.com\/?s={search_term_string}\"},\"query-input\":{\"@type\":\"PropertyValueSpecification\",\"valueRequired\":true,\"valueName\":\"search_term_string\"}}],\"inLanguage\":\"pl-PL\"},{\"@type\":\"Organization\",\"@id\":\"https:\/\/whistlesystem.com\/#organization\",\"name\":\"WhistleSystem ApS\",\"url\":\"https:\/\/whistlesystem.com\/\",\"logo\":{\"@type\":\"ImageObject\",\"inLanguage\":\"pl-PL\",\"@id\":\"https:\/\/whistlesystem.com\/#\/schema\/logo\/image\/\",\"url\":\"https:\/\/whistlesystem.com\/wp-content\/uploads\/2022\/05\/whistle-logo-dark.svg\",\"contentUrl\":\"https:\/\/whistlesystem.com\/wp-content\/uploads\/2022\/05\/whistle-logo-dark.svg\",\"width\":\"1024\",\"height\":\"1024\",\"caption\":\"WhistleSystem ApS\"},\"image\":{\"@id\":\"https:\/\/whistlesystem.com\/#\/schema\/logo\/image\/\"}}]}<\/script>\n<!-- \/ Yoast SEO Premium plugin. -->","yoast_head_json":{"title":"Kontakt - WhistleSystem","description":"Masz pytania dotycz\u0105ce ustawy o sygnalistach lub sposobu dzia\u0142ania i wdro\u017cenia systemu dla sygnalist\u00f3w? Napisz lub zadzwo\u0144 do nas!","robots":{"index":"index","follow":"follow","max-snippet":"max-snippet:-1","max-image-preview":"max-image-preview:large","max-video-preview":"max-video-preview:-1"},"canonical":"https:\/\/whistlesystem.com\/kontakt\/","og_locale":"pl_PL","og_type":"article","og_title":"Contact PL","og_description":"Masz pytania dotycz\u0105ce ustawy o sygnalistach lub sposobu dzia\u0142ania i wdro\u017cenia systemu dla sygnalist\u00f3w? Napisz lub zadzwo\u0144 do nas!","og_url":"https:\/\/whistlesystem.com\/kontakt\/","og_site_name":"WhistleSystem","article_modified_time":"2024-06-11T13:37:31+00:00","og_image":[{"width":1080,"height":1350,"url":"https:\/\/whistlesystem.com\/wp-content\/uploads\/2022\/08\/Social-image.png","type":"image\/png"}],"twitter_card":"summary_large_image","twitter_misc":{"Szacowany czas czytania":"4 minuty"},"schema":{"@context":"https:\/\/schema.org","@graph":[{"@type":"WebPage","@id":"https:\/\/whistlesystem.com\/kontakt\/","url":"https:\/\/whistlesystem.com\/kontakt\/","name":"Kontakt - WhistleSystem","isPartOf":{"@id":"https:\/\/whistlesystem.com\/#website"},"datePublished":"2022-04-19T18:43:58+00:00","dateModified":"2024-06-11T13:37:31+00:00","description":"Masz pytania dotycz\u0105ce ustawy o sygnalistach lub sposobu dzia\u0142ania i wdro\u017cenia systemu dla sygnalist\u00f3w? Napisz lub zadzwo\u0144 do nas!","breadcrumb":{"@id":"https:\/\/whistlesystem.com\/kontakt\/#breadcrumb"},"inLanguage":"pl-PL","potentialAction":[{"@type":"ReadAction","target":["https:\/\/whistlesystem.com\/kontakt\/"]}]},{"@type":"BreadcrumbList","@id":"https:\/\/whistlesystem.com\/kontakt\/#breadcrumb","itemListElement":[{"@type":"ListItem","position":1,"name":"Hjem","item":"https:\/\/whistlesystem.com\/pl\/"},{"@type":"ListItem","position":2,"name":"Contact PL"}]},{"@type":"WebSite","@id":"https:\/\/whistlesystem.com\/#website","url":"https:\/\/whistlesystem.com\/","name":"WhistleSystem","description":"WhistleSystem ApS - En sikker, simpel og compliant whistleblowerordning","publisher":{"@id":"https:\/\/whistlesystem.com\/#organization"},"potentialAction":[{"@type":"SearchAction","target":{"@type":"EntryPoint","urlTemplate":"https:\/\/whistlesystem.com\/?s={search_term_string}"},"query-input":{"@type":"PropertyValueSpecification","valueRequired":true,"valueName":"search_term_string"}}],"inLanguage":"pl-PL"},{"@type":"Organization","@id":"https:\/\/whistlesystem.com\/#organization","name":"WhistleSystem ApS","url":"https:\/\/whistlesystem.com\/","logo":{"@type":"ImageObject","inLanguage":"pl-PL","@id":"https:\/\/whistlesystem.com\/#\/schema\/logo\/image\/","url":"https:\/\/whistlesystem.com\/wp-content\/uploads\/2022\/05\/whistle-logo-dark.svg","contentUrl":"https:\/\/whistlesystem.com\/wp-content\/uploads\/2022\/05\/whistle-logo-dark.svg","width":"1024","height":"1024","caption":"WhistleSystem ApS"},"image":{"@id":"https:\/\/whistlesystem.com\/#\/schema\/logo\/image\/"}}]}},"_links":{"self":[{"href":"https:\/\/whistlesystem.com\/pl\/wp-json\/wp\/v2\/pages\/239408"}],"collection":[{"href":"https:\/\/whistlesystem.com\/pl\/wp-json\/wp\/v2\/pages"}],"about":[{"href":"https:\/\/whistlesystem.com\/pl\/wp-json\/wp\/v2\/types\/page"}],"author":[{"embeddable":true,"href":"https:\/\/whistlesystem.com\/pl\/wp-json\/wp\/v2\/users\/2"}],"replies":[{"embeddable":true,"href":"https:\/\/whistlesystem.com\/pl\/wp-json\/wp\/v2\/comments?post=239408"}],"version-history":[{"count":8,"href":"https:\/\/whistlesystem.com\/pl\/wp-json\/wp\/v2\/pages\/239408\/revisions"}],"predecessor-version":[{"id":246180,"href":"https:\/\/whistlesystem.com\/pl\/wp-json\/wp\/v2\/pages\/239408\/revisions\/246180"}],"wp:attachment":[{"href":"https:\/\/whistlesystem.com\/pl\/wp-json\/wp\/v2\/media?parent=239408"}],"curies":[{"name":"wp","href":"https:\/\/api.w.org\/{rel}","templated":true}]}}