{"id":239681,"date":"2022-04-19T12:54:21","date_gmt":"2022-04-19T12:54:21","guid":{"rendered":"https:\/\/whistlesystem.com\/artikler\/"},"modified":"2023-06-12T06:13:59","modified_gmt":"2023-06-12T06:13:59","slug":"blog","status":"publish","type":"page","link":"https:\/\/whistlesystem.com\/pl\/blog\/","title":{"rendered":"Blog"},"content":{"rendered":"<p>[et_pb_section fb_built=&#8221;1&#8243; _builder_version=&#8221;4.16.0&#8243; _module_preset=&#8221;default&#8221; background_color=&#8221;#2B1E6B&#8221; custom_padding=&#8221;||174px|||&#8221; global_colors_info=&#8221;{}&#8221;][et_pb_row make_equal=&#8221;on&#8221; _builder_version=&#8221;4.16.0&#8243; _module_preset=&#8221;default&#8221; max_width=&#8221;900px&#8221; module_alignment=&#8221;center&#8221; custom_padding=&#8221;||0px|||&#8221; global_colors_info=&#8221;{}&#8221;][et_pb_column type=&#8221;4_4&#8243; module_class=&#8221;vertical-align&#8221; _builder_version=&#8221;4.16&#8243; _module_preset=&#8221;default&#8221; global_colors_info=&#8221;{}&#8221;][et_pb_text _builder_version=&#8221;4.18.0&#8243; _module_preset=&#8221;default&#8221; text_orientation=&#8221;center&#8221; background_layout=&#8221;dark&#8221; custom_padding=&#8221;||0px|||&#8221; hover_enabled=&#8221;0&#8243; global_colors_info=&#8221;{}&#8221; sticky_enabled=&#8221;0&#8243;]<\/p>\n<h1 class=\"preheader\">Artyku\u0142y<\/h1>\n<p class=\"title-hero\">Artyku\u0142y i wiedza<\/p>\n<p>[\/et_pb_text][\/et_pb_column][\/et_pb_row][\/et_pb_section][et_pb_section fb_built=&#8221;1&#8243; module_class=&#8221;news&#8221; _builder_version=&#8221;4.17.4&#8243; _module_preset=&#8221;default&#8221; background_enable_color=&#8221;off&#8221; custom_padding=&#8221;0px||||false|false&#8221; global_colors_info=&#8221;{}&#8221;][et_pb_row use_custom_gutter=&#8221;on&#8221; gutter_width=&#8221;2&#8243; make_equal=&#8221;on&#8221; _builder_version=&#8221;4.16.0&#8243; _module_preset=&#8221;default&#8221; custom_margin=&#8221;||||false|false&#8221; custom_padding=&#8221;0px||||false|false&#8221; global_colors_info=&#8221;{}&#8221;][et_pb_column type=&#8221;4_4&#8243; _builder_version=&#8221;4.16.0&#8243; _module_preset=&#8221;default&#8221; custom_css_main_element=&#8221;margin-top: -100px;&#8221; global_colors_info=&#8221;{}&#8221;][dpdfg_filtergrid custom_query=&#8221;advanced&#8221; no_results=&#8221;Ingen resultater&#8221; use_overlay=&#8221;off&#8221; title_link=&#8221;on&#8221; show_author=&#8221;off&#8221; show_date=&#8221;on&#8221; show_filters=&#8221;off&#8221; items_width=&#8221;30%&#8221; _builder_version=&#8221;4.16.0&#8243; _module_preset=&#8221;default&#8221; global_colors_info=&#8221;{}&#8221;][\/dpdfg_filtergrid][\/et_pb_column][\/et_pb_row][\/et_pb_section]<\/p>\n","protected":false},"excerpt":{"rendered":"<p>Artyku\u0142y Artyku\u0142y i wiedza<div class=\"et_pb_module dpdfg_filtergrid dpdfg_filtergrid_0\">\n\t\t\t\t\n\t\t\t\t\n\t\t\t\t\n\t\t\t\t\n\t\t\t\t\n\t\t\t\t\n\t\t\t\t<div class=\"et_pb_module_inner\">\n\t\t\t\t\t<!-- DPDFG Start Main Container --><div class=\"dp-dfg-container dp-dfg-layout-grid dp-dfg-skin-default dp-dfg-skin-top-filters\" data-active-filter=\"all\" data-page=\"1\" data-found-posts=\"8\" data-post-number=\"12\" data-default-filter=\"All\" data-link-filter=\"\" data-cache=\"off\" data-ratio=\"0.71\" data-show-thumb=\"on\" data-action=\"link\" data-new-window=\"off\" data-filters=\"off\" data-multifilter=\"off|OR\" data-multilevel=\"off|AND|off\" data-sorting=\"off\" data-order=\"DESC\" data-orderby=\"date\" data-initorderby=\"date\" data-url-navigation=\"off\" data-url-history=\"on|reload\" data-ajax-filters=\"off\" data-doing-ajax=\"off\" data-module=\"dpdfg_filtergrid_0\" data-search=\"off\" data-search-position=\"above\" data-terms-tags=\"on\" data-pagination=\"on\" data-filter-method=\"default\" data-third-party=\"\" data-lightbox=\"on|||\" data-video-preview=\"off\" data-no-init=\"off\" data-st=\"on\"><div class=\"dp-dfg-items\"><article id=\"post-242367\" class=\"dp-dfg-item post-242367 post type-post status-publish format-standard has-post-thumbnail hentry category-bez-kategorii \"     data-position=\"0\"   data-new-tab=\"off\"   data-action-priority=\"item\"><figure class=\"dp-dfg-image entry-thumb\"><a href=\"https:\/\/whistlesystem.com\/pl\/zwalczanie-oszustw-korporacyjnych-dyrektywa-ue-w-sprawie-informowania-o-nieprawidlowosciach\/\" class=\"dp-dfg-image-link\" ><img loading=\"lazy\" decoding=\"async\" class=\"dp-dfg-featured-image\" src=\"https:\/\/whistlesystem.com\/wp-content\/uploads\/paper-plane.svg\" alt=\"Rola dyrektywy UE w sprawie informowania o nieprawid\u0142owo\u015bciach w zwalczaniu oszustw korporacyjnych\" width=\"1\" height=\"1\" data-ratio=\"1\"\/><\/a><\/figure><div class=\"dp-dfg-header entry-header\"><h2 class=\"entry-title\"><a href=\"https:\/\/whistlesystem.com\/pl\/zwalczanie-oszustw-korporacyjnych-dyrektywa-ue-w-sprawie-informowania-o-nieprawidlowosciach\/\" >Rola dyrektywy UE w sprawie informowania o nieprawid\u0142owo\u015bciach w zwalczaniu oszustw korporacyjnych<\/a><\/h2><\/div><div class=\"dp-dfg-meta entry-meta\"><span class=\"published\">25. maja 2023<\/span><\/div><\/article><!-- DPDFG End Post Item Container --><article id=\"post-242311\" class=\"dp-dfg-item post-242311 post type-post status-publish format-standard has-post-thumbnail hentry category-bez-kategorii \"     data-position=\"1\"   data-new-tab=\"off\"   data-action-priority=\"item\"><figure class=\"dp-dfg-image entry-thumb\"><a href=\"https:\/\/whistlesystem.com\/pl\/dyrektywa-ochrony-sygnalistow\/\" class=\"dp-dfg-image-link\" ><img loading=\"lazy\" decoding=\"async\" class=\"dp-dfg-featured-image\" src=\"https:\/\/whistlesystem.com\/wp-content\/uploads\/2022\/07\/balance.svg\" alt=\"Znaczenie ustawy o ochronie sygnalist\u00f3w w kontek\u015bcie ochrony pracownik\u00f3w\" width=\"284\" height=\"284\" data-ratio=\"1\"\/><\/a><\/figure><div class=\"dp-dfg-header entry-header\"><h2 class=\"entry-title\"><a href=\"https:\/\/whistlesystem.com\/pl\/dyrektywa-ochrony-sygnalistow\/\" >Znaczenie ustawy o ochronie sygnalist\u00f3w w kontek\u015bcie ochrony pracownik\u00f3w<\/a><\/h2><\/div><div class=\"dp-dfg-meta entry-meta\"><span class=\"published\">17. maja 2023<\/span><\/div><\/article><!-- DPDFG End Post Item Container --><article id=\"post-240799\" class=\"dp-dfg-item post-240799 post type-post status-publish format-standard has-post-thumbnail hentry category-bez-kategorii \"     data-position=\"2\"   data-new-tab=\"off\"   data-action-priority=\"item\"><figure class=\"dp-dfg-image entry-thumb\"><a href=\"https:\/\/whistlesystem.com\/pl\/na-co-uwazac-podczas-wybierania-systemu-dla-sygnalisty\/\" class=\"dp-dfg-image-link\" ><img loading=\"lazy\" decoding=\"async\" class=\"dp-dfg-featured-image\" src=\"https:\/\/whistlesystem.com\/wp-content\/uploads\/2022\/07\/paper-plane.svg\" alt=\"Na co uwa\u017ca\u0107 podczas wybierania systemu dla sygnalisty\" width=\"284\" height=\"284\" data-ratio=\"1\"\/><\/a><\/figure><div class=\"dp-dfg-header entry-header\"><h2 class=\"entry-title\"><a href=\"https:\/\/whistlesystem.com\/pl\/na-co-uwazac-podczas-wybierania-systemu-dla-sygnalisty\/\" >Na co uwa\u017ca\u0107 podczas wybierania systemu dla sygnalisty<\/a><\/h2><\/div><div class=\"dp-dfg-meta entry-meta\"><span class=\"published\">15. grudnia 2022<\/span><\/div><\/article><!-- DPDFG End Post Item Container --><article id=\"post-240759\" class=\"dp-dfg-item post-240759 post type-post status-publish format-standard has-post-thumbnail hentry category-bez-kategorii \"     data-position=\"3\"   data-new-tab=\"off\"   data-action-priority=\"item\"><figure class=\"dp-dfg-image entry-thumb\"><a href=\"https:\/\/whistlesystem.com\/pl\/poznaj-5-powodow-dla-ktorych-warto-zainwestowac-w-system-sygnalisty\/\" class=\"dp-dfg-image-link\" ><img loading=\"lazy\" decoding=\"async\" class=\"dp-dfg-featured-image\" src=\"https:\/\/whistlesystem.com\/wp-content\/uploads\/2022\/07\/leadership-1.svg\" alt=\"5 powod\u00f3w dla kt\u00f3rych warto zainwestowa\u0107 w system sygnalisty\" width=\"284\" height=\"284\" data-ratio=\"1\"\/><\/a><\/figure><div class=\"dp-dfg-header entry-header\"><h2 class=\"entry-title\"><a href=\"https:\/\/whistlesystem.com\/pl\/poznaj-5-powodow-dla-ktorych-warto-zainwestowac-w-system-sygnalisty\/\" >5 powod\u00f3w dla kt\u00f3rych warto zainwestowa\u0107 w system sygnalisty<\/a><\/h2><\/div><div class=\"dp-dfg-meta entry-meta\"><span class=\"published\">6. grudnia 2022<\/span><\/div><\/article><!-- DPDFG End Post Item Container --><article id=\"post-240250\" class=\"dp-dfg-item post-240250 post type-post status-publish format-standard has-post-thumbnail hentry category-bez-kategorii \"     data-position=\"4\"   data-new-tab=\"off\"   data-action-priority=\"item\"><figure class=\"dp-dfg-image entry-thumb\"><a href=\"https:\/\/whistlesystem.com\/pl\/czy-sygnalista-jest-donosicielem\/\" class=\"dp-dfg-image-link\" ><img loading=\"lazy\" decoding=\"async\" class=\"dp-dfg-featured-image\" src=\"https:\/\/whistlesystem.com\/wp-content\/uploads\/2022\/07\/notoriety.svg\" alt=\"Czy sygnalista jest donosicielem?\" width=\"284\" height=\"284\" data-ratio=\"1\"\/><\/a><\/figure><div class=\"dp-dfg-header entry-header\"><h2 class=\"entry-title\"><a href=\"https:\/\/whistlesystem.com\/pl\/czy-sygnalista-jest-donosicielem\/\" >Czy sygnalista jest donosicielem?<\/a><\/h2><\/div><div class=\"dp-dfg-meta entry-meta\"><span class=\"published\">28. pa\u017adziernika 2022<\/span><\/div><\/article><!-- DPDFG End Post Item Container --><article id=\"post-239730\" class=\"dp-dfg-item post-239730 post type-post status-publish format-standard has-post-thumbnail hentry category-bez-kategorii \"     data-position=\"5\"   data-new-tab=\"off\"   data-action-priority=\"item\"><figure class=\"dp-dfg-image entry-thumb\"><a href=\"https:\/\/whistlesystem.com\/pl\/kiedy-ustawa-o-sygnalistach-dowiedz-sie-o-czym-warto-wiedziec\/\" class=\"dp-dfg-image-link\" ><img loading=\"lazy\" decoding=\"async\" class=\"dp-dfg-featured-image\" src=\"https:\/\/whistlesystem.com\/wp-content\/uploads\/2022\/07\/legal-document.svg\" alt=\"Kiedy ustawa o sygnalistach? Dowiedz si\u0119 o czym warto wiedzie\u0107.\u00a0\u00a0\" width=\"284\" height=\"284\" data-ratio=\"1\"\/><\/a><\/figure><div class=\"dp-dfg-header entry-header\"><h2 class=\"entry-title\"><a href=\"https:\/\/whistlesystem.com\/pl\/kiedy-ustawa-o-sygnalistach-dowiedz-sie-o-czym-warto-wiedziec\/\" >Kiedy ustawa o sygnalistach? Dowiedz si\u0119 o czym warto wiedzie\u0107.\u00a0\u00a0<\/a><\/h2><\/div><div class=\"dp-dfg-meta entry-meta\"><span class=\"published\">26. wrze\u015bnia 2022<\/span><\/div><\/article><!-- DPDFG End Post Item Container --><article id=\"post-239712\" class=\"dp-dfg-item post-239712 post type-post status-publish format-standard has-post-thumbnail hentry category-bez-kategorii \"     data-position=\"6\"   data-new-tab=\"off\"   data-action-priority=\"item\"><figure class=\"dp-dfg-image entry-thumb\"><a href=\"https:\/\/whistlesystem.com\/pl\/system-sla-sygnlaistow-co-to-jest\/\" class=\"dp-dfg-image-link\" ><img loading=\"lazy\" decoding=\"async\" class=\"dp-dfg-featured-image\" src=\"https:\/\/whistlesystem.com\/wp-content\/uploads\/2022\/07\/protected.svg\" alt=\"System dla sygnalist\u00f3w &#8211; co to jest?\u00a0\u00a0\" width=\"284\" height=\"284\" data-ratio=\"1\"\/><\/a><\/figure><div class=\"dp-dfg-header entry-header\"><h2 class=\"entry-title\"><a href=\"https:\/\/whistlesystem.com\/pl\/system-sla-sygnlaistow-co-to-jest\/\" >System dla sygnalist\u00f3w &#8211; co to jest?\u00a0\u00a0<\/a><\/h2><\/div><div class=\"dp-dfg-meta entry-meta\"><span class=\"published\">26. wrze\u015bnia 2022<\/span><\/div><\/article><!-- DPDFG End Post Item Container --><article id=\"post-239691\" class=\"dp-dfg-item post-239691 post type-post status-publish format-standard has-post-thumbnail hentry category-bez-kategorii \"     data-position=\"7\"   data-new-tab=\"off\"   data-action-priority=\"item\"><figure class=\"dp-dfg-image entry-thumb\"><a href=\"https:\/\/whistlesystem.com\/pl\/kim-jest-sygnalista\/\" class=\"dp-dfg-image-link\" ><img loading=\"lazy\" decoding=\"async\" class=\"dp-dfg-featured-image\" src=\"https:\/\/whistlesystem.com\/wp-content\/uploads\/2022\/07\/balance.svg\" alt=\"Kim jest sygnalista? Wszystko co powiniene\u015b wiedzie\u0107 o ustawie sygnalist\u00f3w\" width=\"284\" height=\"284\" data-ratio=\"1\"\/><\/a><\/figure><div class=\"dp-dfg-header entry-header\"><h2 class=\"entry-title\"><a href=\"https:\/\/whistlesystem.com\/pl\/kim-jest-sygnalista\/\" >Kim jest sygnalista? Wszystko co powiniene\u015b wiedzie\u0107 o ustawie sygnalist\u00f3w<\/a><\/h2><\/div><div class=\"dp-dfg-meta entry-meta\"><span class=\"published\">6. maja 2022<\/span><\/div><\/article><!-- DPDFG End Post Item Container --><\/div><!-- DPDFG End Posts Items Container --><\/div><!-- DPDFG End Main Container -->\n\t\t\t\t<\/div>\n\t\t\t<\/div><\/p>\n","protected":false},"author":2,"featured_media":0,"parent":0,"menu_order":0,"comment_status":"closed","ping_status":"closed","template":"","meta":{"_et_pb_use_builder":"on","_et_pb_old_content":"","_et_gb_content_width":"","footnotes":""},"yoast_head":"<!-- This site is optimized with the Yoast SEO Premium plugin v24.0 (Yoast SEO v24.0) - https:\/\/yoast.com\/wordpress\/plugins\/seo\/ -->\n<title>Blog - WhistleSystem<\/title>\n<meta name=\"description\" content=\"WhistleSystem offers a comprehensive platform for your business needs. Contact us for more information.\" \/>\n<meta name=\"robots\" content=\"index, follow, max-snippet:-1, max-image-preview:large, max-video-preview:-1\" \/>\n<link rel=\"canonical\" href=\"https:\/\/whistlesystem.com\/pl\/blog\/\" \/>\n<meta property=\"og:locale\" content=\"pl_PL\" \/>\n<meta property=\"og:type\" content=\"article\" \/>\n<meta property=\"og:title\" content=\"Blog\" \/>\n<meta property=\"og:description\" content=\"WhistleSystem offers a comprehensive platform for your business needs. Contact us for more information.\" \/>\n<meta property=\"og:url\" content=\"https:\/\/whistlesystem.com\/pl\/blog\/\" \/>\n<meta property=\"og:site_name\" content=\"WhistleSystem\" \/>\n<meta property=\"article:modified_time\" content=\"2023-06-12T06:13:59+00:00\" \/>\n<meta property=\"og:image\" content=\"https:\/\/whistlesystem.com\/wp-content\/uploads\/2022\/08\/Social-image.png\" \/>\n\t<meta property=\"og:image:width\" content=\"1080\" \/>\n\t<meta property=\"og:image:height\" content=\"1350\" \/>\n\t<meta property=\"og:image:type\" content=\"image\/png\" \/>\n<meta name=\"twitter:card\" content=\"summary_large_image\" \/>\n<meta name=\"twitter:label1\" content=\"Szacowany czas czytania\" \/>\n\t<meta name=\"twitter:data1\" content=\"1 minuta\" \/>\n<script type=\"application\/ld+json\" class=\"yoast-schema-graph\">{\"@context\":\"https:\/\/schema.org\",\"@graph\":[{\"@type\":\"WebPage\",\"@id\":\"https:\/\/whistlesystem.com\/pl\/blog\/\",\"url\":\"https:\/\/whistlesystem.com\/pl\/blog\/\",\"name\":\"Blog - WhistleSystem\",\"isPartOf\":{\"@id\":\"https:\/\/whistlesystem.com\/#website\"},\"datePublished\":\"2022-04-19T12:54:21+00:00\",\"dateModified\":\"2023-06-12T06:13:59+00:00\",\"description\":\"WhistleSystem offers a comprehensive platform for your business needs. Contact us for more information.\",\"breadcrumb\":{\"@id\":\"https:\/\/whistlesystem.com\/pl\/blog\/#breadcrumb\"},\"inLanguage\":\"pl-PL\",\"potentialAction\":[{\"@type\":\"ReadAction\",\"target\":[\"https:\/\/whistlesystem.com\/pl\/blog\/\"]}]},{\"@type\":\"BreadcrumbList\",\"@id\":\"https:\/\/whistlesystem.com\/pl\/blog\/#breadcrumb\",\"itemListElement\":[{\"@type\":\"ListItem\",\"position\":1,\"name\":\"Hjem\",\"item\":\"https:\/\/whistlesystem.com\/pl\/\"},{\"@type\":\"ListItem\",\"position\":2,\"name\":\"Blog\"}]},{\"@type\":\"WebSite\",\"@id\":\"https:\/\/whistlesystem.com\/#website\",\"url\":\"https:\/\/whistlesystem.com\/\",\"name\":\"WhistleSystem\",\"description\":\"WhistleSystem ApS - En sikker, simpel og compliant whistleblowerordning\",\"publisher\":{\"@id\":\"https:\/\/whistlesystem.com\/#organization\"},\"potentialAction\":[{\"@type\":\"SearchAction\",\"target\":{\"@type\":\"EntryPoint\",\"urlTemplate\":\"https:\/\/whistlesystem.com\/?s={search_term_string}\"},\"query-input\":{\"@type\":\"PropertyValueSpecification\",\"valueRequired\":true,\"valueName\":\"search_term_string\"}}],\"inLanguage\":\"pl-PL\"},{\"@type\":\"Organization\",\"@id\":\"https:\/\/whistlesystem.com\/#organization\",\"name\":\"WhistleSystem ApS\",\"url\":\"https:\/\/whistlesystem.com\/\",\"logo\":{\"@type\":\"ImageObject\",\"inLanguage\":\"pl-PL\",\"@id\":\"https:\/\/whistlesystem.com\/#\/schema\/logo\/image\/\",\"url\":\"https:\/\/whistlesystem.com\/wp-content\/uploads\/2022\/05\/whistle-logo-dark.svg\",\"contentUrl\":\"https:\/\/whistlesystem.com\/wp-content\/uploads\/2022\/05\/whistle-logo-dark.svg\",\"width\":\"1024\",\"height\":\"1024\",\"caption\":\"WhistleSystem ApS\"},\"image\":{\"@id\":\"https:\/\/whistlesystem.com\/#\/schema\/logo\/image\/\"}}]}<\/script>\n<!-- \/ Yoast SEO Premium plugin. -->","yoast_head_json":{"title":"Blog - WhistleSystem","description":"WhistleSystem offers a comprehensive platform for your business needs. Contact us for more information.","robots":{"index":"index","follow":"follow","max-snippet":"max-snippet:-1","max-image-preview":"max-image-preview:large","max-video-preview":"max-video-preview:-1"},"canonical":"https:\/\/whistlesystem.com\/pl\/blog\/","og_locale":"pl_PL","og_type":"article","og_title":"Blog","og_description":"WhistleSystem offers a comprehensive platform for your business needs. Contact us for more information.","og_url":"https:\/\/whistlesystem.com\/pl\/blog\/","og_site_name":"WhistleSystem","article_modified_time":"2023-06-12T06:13:59+00:00","og_image":[{"width":1080,"height":1350,"url":"https:\/\/whistlesystem.com\/wp-content\/uploads\/2022\/08\/Social-image.png","type":"image\/png"}],"twitter_card":"summary_large_image","twitter_misc":{"Szacowany czas czytania":"1 minuta"},"schema":{"@context":"https:\/\/schema.org","@graph":[{"@type":"WebPage","@id":"https:\/\/whistlesystem.com\/pl\/blog\/","url":"https:\/\/whistlesystem.com\/pl\/blog\/","name":"Blog - WhistleSystem","isPartOf":{"@id":"https:\/\/whistlesystem.com\/#website"},"datePublished":"2022-04-19T12:54:21+00:00","dateModified":"2023-06-12T06:13:59+00:00","description":"WhistleSystem offers a comprehensive platform for your business needs. Contact us for more information.","breadcrumb":{"@id":"https:\/\/whistlesystem.com\/pl\/blog\/#breadcrumb"},"inLanguage":"pl-PL","potentialAction":[{"@type":"ReadAction","target":["https:\/\/whistlesystem.com\/pl\/blog\/"]}]},{"@type":"BreadcrumbList","@id":"https:\/\/whistlesystem.com\/pl\/blog\/#breadcrumb","itemListElement":[{"@type":"ListItem","position":1,"name":"Hjem","item":"https:\/\/whistlesystem.com\/pl\/"},{"@type":"ListItem","position":2,"name":"Blog"}]},{"@type":"WebSite","@id":"https:\/\/whistlesystem.com\/#website","url":"https:\/\/whistlesystem.com\/","name":"WhistleSystem","description":"WhistleSystem ApS - En sikker, simpel og compliant whistleblowerordning","publisher":{"@id":"https:\/\/whistlesystem.com\/#organization"},"potentialAction":[{"@type":"SearchAction","target":{"@type":"EntryPoint","urlTemplate":"https:\/\/whistlesystem.com\/?s={search_term_string}"},"query-input":{"@type":"PropertyValueSpecification","valueRequired":true,"valueName":"search_term_string"}}],"inLanguage":"pl-PL"},{"@type":"Organization","@id":"https:\/\/whistlesystem.com\/#organization","name":"WhistleSystem ApS","url":"https:\/\/whistlesystem.com\/","logo":{"@type":"ImageObject","inLanguage":"pl-PL","@id":"https:\/\/whistlesystem.com\/#\/schema\/logo\/image\/","url":"https:\/\/whistlesystem.com\/wp-content\/uploads\/2022\/05\/whistle-logo-dark.svg","contentUrl":"https:\/\/whistlesystem.com\/wp-content\/uploads\/2022\/05\/whistle-logo-dark.svg","width":"1024","height":"1024","caption":"WhistleSystem ApS"},"image":{"@id":"https:\/\/whistlesystem.com\/#\/schema\/logo\/image\/"}}]}},"_links":{"self":[{"href":"https:\/\/whistlesystem.com\/pl\/wp-json\/wp\/v2\/pages\/239681"}],"collection":[{"href":"https:\/\/whistlesystem.com\/pl\/wp-json\/wp\/v2\/pages"}],"about":[{"href":"https:\/\/whistlesystem.com\/pl\/wp-json\/wp\/v2\/types\/page"}],"author":[{"embeddable":true,"href":"https:\/\/whistlesystem.com\/pl\/wp-json\/wp\/v2\/users\/2"}],"replies":[{"embeddable":true,"href":"https:\/\/whistlesystem.com\/pl\/wp-json\/wp\/v2\/comments?post=239681"}],"version-history":[{"count":6,"href":"https:\/\/whistlesystem.com\/pl\/wp-json\/wp\/v2\/pages\/239681\/revisions"}],"predecessor-version":[{"id":242537,"href":"https:\/\/whistlesystem.com\/pl\/wp-json\/wp\/v2\/pages\/239681\/revisions\/242537"}],"wp:attachment":[{"href":"https:\/\/whistlesystem.com\/pl\/wp-json\/wp\/v2\/media?parent=239681"}],"curies":[{"name":"wp","href":"https:\/\/api.w.org\/{rel}","templated":true}]}}