{"id":240114,"date":"2022-04-19T18:43:58","date_gmt":"2022-04-19T18:43:58","guid":{"rendered":"https:\/\/whistlesystem.com\/kontakt\/"},"modified":"2024-06-11T13:40:15","modified_gmt":"2024-06-11T13:40:15","slug":"contact","status":"publish","type":"page","link":"https:\/\/whistlesystem.com\/ro\/contact\/","title":{"rendered":"Kontakt"},"content":{"rendered":"<p>[et_pb_section fb_built=&#8221;1&#8243; _builder_version=&#8221;4.16.0&#8243; _module_preset=&#8221;default&#8221; background_color=&#8221;#2B1E6B&#8221; custom_padding=&#8221;||34px|||&#8221; global_colors_info=&#8221;{}&#8221;][et_pb_row make_equal=&#8221;on&#8221; _builder_version=&#8221;4.16.0&#8243; _module_preset=&#8221;default&#8221; max_width=&#8221;900px&#8221; module_alignment=&#8221;center&#8221; custom_padding=&#8221;||0px|||&#8221; global_colors_info=&#8221;{}&#8221;][et_pb_column type=&#8221;4_4&#8243; module_class=&#8221;vertical-align&#8221; _builder_version=&#8221;4.16&#8243; _module_preset=&#8221;default&#8221; global_colors_info=&#8221;{}&#8221;][et_pb_text module_class=&#8221;intro&#8221; _builder_version=&#8221;4.18.0&#8243; _module_preset=&#8221;default&#8221; text_orientation=&#8221;center&#8221; background_layout=&#8221;dark&#8221; custom_padding=&#8221;||0px|||&#8221; global_colors_info=&#8221;{}&#8221;]<\/p>\n<h1 class=\"preheader\">A lua legatura<\/h1>\n<p class=\"title-hero\"><strong>Cum v\u0103 putem ajuta<\/strong>?<\/p>\n<p>Ave\u021bi \u00eentreb\u0103ri cu privire la directiva privind denun\u021barea, WhistleSystem sau orice alte neclarit\u0103\u021bi? Suntem aici pentru dumneavoastr\u0103!<\/p>\n<p>[\/et_pb_text][\/et_pb_column][\/et_pb_row][\/et_pb_section][et_pb_section fb_built=&#8221;1&#8243; _builder_version=&#8221;4.16.0&#8243; _module_preset=&#8221;default&#8221; background_color=&#8221;#2B1E6B&#8221; use_background_color_gradient=&#8221;on&#8221; background_color_gradient_stops=&#8221;#2b1e6b 50%|#ffffff 50%&#8221; custom_padding=&#8221;0px||0px|||&#8221; global_colors_info=&#8221;{}&#8221;][et_pb_row use_custom_gutter=&#8221;on&#8221; gutter_width=&#8221;2&#8243; make_equal=&#8221;on&#8221; _builder_version=&#8221;4.16.0&#8243; _module_preset=&#8221;default&#8221; custom_padding=&#8221;34px||0px||false|false&#8221; global_colors_info=&#8221;{}&#8221;][et_pb_column type=&#8221;4_4&#8243; module_class=&#8221;box-outline&#8221; _builder_version=&#8221;4.16&#8243; _module_preset=&#8221;default&#8221; global_colors_info=&#8221;{}&#8221;][et_pb_text _builder_version=&#8221;4.18.0&#8243; _module_preset=&#8221;default&#8221; text_orientation=&#8221;center&#8221; global_colors_info=&#8221;{}&#8221;]<\/p>\n<h2>Trimite\u021bi un e-mail<\/h2>\n<p class=\"title-medium\" style=\"font-size: 30px; height: 40px;\"><a href=\"mailto:support@whistlesystem.dk\">support@whistlesystem.com<\/a><\/p>\n<p>[\/et_pb_text][et_pb_blurb title=&#8221;Luni \u2013 Duminic\u0103&#8221; use_icon=&#8221;on&#8221; font_icon=&#8221;&#x7d;||divi||400&#8243; image_icon_background_color=&#8221;#EBE7F8&#8243; icon_placement=&#8221;left&#8221; image_icon_width=&#8221;26px&#8221; _builder_version=&#8221;4.18.0&#8243; _module_preset=&#8221;default&#8221; header_level=&#8221;h6&#8243; header_text_color=&#8221;rgba(15,2,54,0.6)&#8221; body_text_color=&#8221;#0F0236&#8243; image_icon_custom_padding=&#8221;15px|15px|15px|15px|false|false&#8221; width=&#8221;250px&#8221; module_alignment=&#8221;center&#8221; custom_margin=&#8221;50px||||false|false&#8221; custom_css_blurb_title=&#8221;padding-bottom: 10px !important;&#8221; border_radii_image=&#8221;on|200px|200px|200px|200px&#8221; global_colors_info=&#8221;{}&#8221;]<\/p>\n<p>24 de ore<\/p>\n<p>[\/et_pb_blurb][\/et_pb_column][\/et_pb_row][\/et_pb_section][et_pb_section fb_built=&#8221;1&#8243; _builder_version=&#8221;4.16.0&#8243; _module_preset=&#8221;default&#8221; global_colors_info=&#8221;{}&#8221;][et_pb_row column_structure=&#8221;1_2,1_2&#8243; _builder_version=&#8221;4.16.0&#8243; _module_preset=&#8221;default&#8221; global_colors_info=&#8221;{}&#8221;][et_pb_column type=&#8221;1_2&#8243; _builder_version=&#8221;4.16.0&#8243; _module_preset=&#8221;default&#8221; global_colors_info=&#8221;{}&#8221;][et_pb_text _builder_version=&#8221;4.16.0&#8243; _module_preset=&#8221;default&#8221; global_colors_info=&#8221;{}&#8221;]<\/p>\n<h2 class=\"title-big\"><strong>Ave\u021bi \u00eentreb\u0103ri sau dori\u021bi s\u0103 afla\u021bi mai multe<\/strong>?\u00a0<\/h2>\n<p>[\/et_pb_text][et_pb_code _builder_version=&#8221;4.18.0&#8243; _module_preset=&#8221;default&#8221; global_colors_info=&#8221;{}&#8221;]<script charset=\"utf-8\" type=\"text\/javascript\" src=\"\/\/js-eu1.hsforms.net\/forms\/embed\/v2.js\"><\/script><!-- [et_pb_line_break_holder] --><script><!-- [et_pb_line_break_holder] -->  hbspt.forms.create({<!-- [et_pb_line_break_holder] -->    region: \"eu1\",<!-- [et_pb_line_break_holder] -->    portalId: \"25264574\",<!-- [et_pb_line_break_holder] -->    formId: \"61e4d7cb-8a57-4789-8dcf-c6b3634d30e6\"<!-- [et_pb_line_break_holder] -->  });<!-- [et_pb_line_break_holder] --><\/script>[\/et_pb_code][\/et_pb_column][et_pb_column type=&#8221;1_2&#8243; _builder_version=&#8221;4.16.0&#8243; _module_preset=&#8221;default&#8221; global_colors_info=&#8221;{}&#8221;][et_pb_image src=&#8221;https:\/\/whistlesystem.com\/wp-content\/uploads\/2022\/04\/whistleblower-system-42.jpg&#8221; title_text=&#8221;whistleblower-system-42&#8243; align=&#8221;right&#8221; _builder_version=&#8221;4.16.0&#8243; _module_preset=&#8221;default&#8221; max_width=&#8221;82%&#8221; global_colors_info=&#8221;{}&#8221;][\/et_pb_image][et_pb_image src=&#8221;https:\/\/whistlesystem.com\/wp-content\/uploads\/2022\/05\/dk-hej.png&#8221; title_text=&#8221;dk-hej&#8221; disabled_on=&#8221;on|on|on&#8221; _builder_version=&#8221;4.16.0&#8243; _module_preset=&#8221;default&#8221; positioning=&#8221;absolute&#8221; vertical_offset=&#8221;34px&#8221; horizontal_offset=&#8221;34px&#8221; width=&#8221;100%&#8221; max_width=&#8221;180px&#8221; disabled=&#8221;on&#8221; global_colors_info=&#8221;{}&#8221;][\/et_pb_image][\/et_pb_column][\/et_pb_row][\/et_pb_section][et_pb_section fb_built=&#8221;1&#8243; _builder_version=&#8221;4.16&#8243; _module_preset=&#8221;default&#8221; background_color=&#8221;#F5F4F9&#8243; global_module=&#8221;236592&#8243; saved_tabs=&#8221;all&#8221; global_colors_info=&#8221;{}&#8221;][et_pb_row column_structure=&#8221;1_3,2_3&#8243; _builder_version=&#8221;4.16&#8243; _module_preset=&#8221;default&#8221; custom_padding=&#8221;34px||||false|false&#8221; global_colors_info=&#8221;{}&#8221;][et_pb_column type=&#8221;1_3&#8243; _builder_version=&#8221;4.16&#8243; _module_preset=&#8221;default&#8221; global_colors_info=&#8221;{}&#8221;][et_pb_text _builder_version=&#8221;4.18.0&#8243; _module_preset=&#8221;default&#8221; global_colors_info=&#8221;{}&#8221;]<\/p>\n<h2 class=\"title-hero\">FAQ<\/h2>\n<p class=\"intro\">Suntem \u00eentotdeauna bucuro\u0219i s\u0103 v\u0103 r\u0103spundem la \u00eentreb\u0103ri. Iat\u0103 r\u0103spunsurile la unele dintre cele mai frecvente \u00eentreb\u0103ri pe care este posibil s\u0103 le ave\u021bi deja.<\/p>\n<p>[\/et_pb_text][et_pb_button button_url=&#8221;\/ro\/contact\/&#8221; button_text=&#8221;Ave\u021bi \u0219i alte \u00eentreb\u0103ri?&#8221; module_class=&#8221;btn-outline&#8221; _builder_version=&#8221;4.18.0&#8243; _module_preset=&#8221;default&#8221; global_colors_info=&#8221;{}&#8221;][\/et_pb_button][\/et_pb_column][et_pb_column type=&#8221;2_3&#8243; _builder_version=&#8221;4.16&#8243; _module_preset=&#8221;default&#8221; global_colors_info=&#8221;{}&#8221;][et_pb_toggle title=&#8221;Ce este o solu\u021bie &#8216;whistleblower&#8217;?&#8221; _builder_version=&#8221;4.18.0&#8243; _module_preset=&#8221;default&#8221; global_colors_info=&#8221;{}&#8221;]Sistemul &#8216;whistleblower&#8217;, a\u0219a cum a fost denumit original, este un program folosit pentru denun\u021barea neregulilor \u00eentr-o companie sau o organiza\u021bie. El cuprinde suma politicilor, procedurilor \u0219i sistemul de gestionare a rapoartelor pentru denun\u021bare din cadrul unei companii. Legisla\u021bia privind denun\u021barea neregulilor provine din Directiva UE 2019\/1937 &#8211; a\u0219a numita &#8216;Directiv\u0103 privind denun\u021barea neregulilor&#8217; sau, mai simplu &#8216;avertizori de integritate&#8217;.[\/et_pb_toggle][et_pb_toggle title=&#8221;Prin ce se distinge WhistleSystem?&#8221; _builder_version=&#8221;4.18.0&#8243; _module_preset=&#8221;default&#8221; global_colors_info=&#8221;{}&#8221;]WhistleSystem se remarc\u0103 printr-o combina\u021bie unic\u0103 de utilizare, securitate \u0219i implementare ca lider de top \u00een pia\u021b\u0103, fiind \u00een acela\u0219i timp o solu\u021bie foarte accesibil\u0103 \u0219i foarte intuitiv\u0103.<\/p>\n<p>Prin WhistleSystem noi v\u0103 oferim un sistem foarte u\u0219or de folosit, care a fost dezvoltat cot la cot cu to\u021bi partenerii \u0219i clien\u021bii no\u0219tri, de-a lungul timpului. Am purtat discu\u021bii \u0219i sesiuni de feedback cu sute de clien\u021bi \u021bi am luat toate \u00eentreb\u0103rile lor, toate solicit\u0103rile, \u0219i toate sugestiile, implement\u00e2ndu-le, pas cu pas pentru a avea \u00een prezent un sistem u\u0219or \u0219i intuitiv de folosit.<\/p>\n<p>Este important pentru noi ca to\u021bi clien\u021bii no\u0219tri s\u0103 se simt\u0103 \u00een siguran\u021b\u0103. De aceea, suntem certifica\u021bi at\u00e2t \u00een ceea ce prive\u0219te securitatea informa\u021biilor, c\u00e2t \u0219i confiden\u021bialitatea acestora, prin ISO 27001 \u0219i ISO 27701. \u00cen acela\u0219i timp, securitatea noastr\u0103 tehnic\u0103 este lider de pia\u021b\u0103 \u0219i se bazeaz\u0103 pe cea mai recent\u0103 \u0219i mai puternic\u0103 tehnologie de securitate. Cu bucurie dorim s\u0103 v\u0103 transmitem whitepaper-ul nostru privind securitatea, dac\u0103 acesta prezint\u0103 interes.<\/p>\n<p>Scopul nostru este de a face ca implementarea s\u0103 fie c\u00e2t mai u\u0219oar\u0103 pentru clien\u021bii no\u0219tri. De aceea, am dezvoltat un proces de implementare care include toate materialele necesare \u0219i care este adaptat la compania dumneavoastr\u0103. Acest lucru acoper\u0103 totul, \u00eencep\u00e2nd de la un sistem de alert\u0103 criptat, manuale de utilizare, p\u00e2n\u0103 la o politic\u0103 de alert\u0103 \u0219i \u0219abloane pentru a informa angaja\u021bii cu privire la noul software de alert\u0103.<\/p>\n<p>Abordarea noastr\u0103 \u00een ceea ce prive\u0219te dezvoltarea func\u021biilor \u0219i a proceselor ne-a permis s\u0103 men\u021binem WhistleSystem la un pre\u021b accesibil.[\/et_pb_toggle][et_pb_toggle title=&#8221;C\u00e2t cost\u0103 o solu\u021bie pentru denun\u021barea neregulilor?&#8221; _builder_version=&#8221;4.18.0&#8243; _module_preset=&#8221;default&#8221; global_colors_info=&#8221;{}&#8221;]Costurile unui sistem de denun\u021bare a neregulilor variaz\u0103 foarte mult. Dac\u0103 alege\u021bi un software de denun\u021bare cu multe func\u021bii complicate \u0219i avoca\u021bi sau contabili de rezerv\u0103, costurile pot fi ridicate. Cu toate acestea, dac\u0103 alege\u021bi un sistem intuitiv, u\u0219or \u0219i sigur, precum WhistleSystem, costul unei solu\u021bii de tip plug-and-play cu tot ce ave\u021bi nevoie pentru o solu\u021bie bine pus\u0103 la punct \u0219i conform\u0103 cu normele \u00een vigoare poate fi de doar 330 RON\/lun\u0103 factura\u021bi anual \u0219i 999 RON pentru instalare dac\u0103 ave\u021bi mai pu\u021bin de 250 de angaja\u021bi. Vede\u021bi toate pre\u021burile noastre aici.[\/et_pb_toggle][et_pb_toggle title=&#8221;Pot \u00eencerca sistemul \u00eenainte de a m\u0103 decide?&#8221; _builder_version=&#8221;4.18.0&#8243; _module_preset=&#8221;default&#8221; global_colors_info=&#8221;{}&#8221;]Da. Oferim o perioad\u0103 de prob\u0103 gratuit\u0103 \u00een care pute\u021bi \u00eencerca sistemul \u0219i pute\u021bi vedea materialul de configurare. Pute\u021bi accesa perioada de prob\u0103 prin rezervarea unui demo al sistemului.[\/et_pb_toggle][et_pb_toggle title=&#8221;\u00cemi pot exercita dreptul de a renun\u021ba la acest serviciu?&#8221; _builder_version=&#8221;4.18.0&#8243; _module_preset=&#8221;default&#8221; global_colors_info=&#8221;{}&#8221;]Da. Ave\u021bi dreptul la anulare gratuit\u0103 \u0219i de retragere timp de 14 zile pentru fiecare abonament f\u0103cut pe o perioad\u0103 de un an.[\/et_pb_toggle][\/et_pb_column][\/et_pb_row][\/et_pb_section]<\/p>\n","protected":false},"excerpt":{"rendered":"<p>A lua legatura Cum v\u0103 putem ajuta? Ave\u021bi \u00eentreb\u0103ri cu privire la directiva privind denun\u021barea, WhistleSystem sau orice alte neclarit\u0103\u021bi? Suntem aici pentru dumneavoastr\u0103!Trimite\u021bi un e-mail support@whistlesystem.com24 de oreAve\u021bi \u00eentreb\u0103ri sau dori\u021bi s\u0103 afla\u021bi mai multe?\u00a0FAQ Suntem \u00eentotdeauna bucuro\u0219i s\u0103 v\u0103 r\u0103spundem la \u00eentreb\u0103ri. Iat\u0103 r\u0103spunsurile la unele dintre cele mai frecvente \u00eentreb\u0103ri pe care este posibil s\u0103 le ave\u021bi deja.Sistemul &#8216;whistleblower&#8217;, a\u0219a cum a fost denumit original, este un program folosit pentru denun\u021barea neregulilor \u00eentr-o companie sau o organiza\u021bie. El cuprinde suma politicilor, procedurilor \u0219i sistemul de gestionare a rapoartelor pentru denun\u021bare din cadrul unei companii. Legisla\u021bia privind denun\u021barea neregulilor provine din Directiva UE 2019\/1937 &#8211; a\u0219a numita &#8216;Directiv\u0103 privind denun\u021barea neregulilor&#8217; sau, mai simplu &#8216;avertizori de integritate&#8217;.WhistleSystem se remarc\u0103 printr-o combina\u021bie unic\u0103 de utilizare, securitate \u0219i implementare ca lider de top \u00een pia\u021b\u0103, fiind \u00een acela\u0219i timp o solu\u021bie foarte accesibil\u0103 \u0219i foarte intuitiv\u0103. Prin WhistleSystem noi v\u0103 oferim un sistem foarte u\u0219or de folosit, care a fost dezvoltat cot la cot cu to\u021bi partenerii \u0219i clien\u021bii no\u0219tri, de-a lungul timpului. Am purtat discu\u021bii \u0219i sesiuni de feedback cu sute de clien\u021bi \u021bi am luat toate \u00eentreb\u0103rile lor, toate solicit\u0103rile, \u0219i toate sugestiile, implement\u00e2ndu-le, pas cu pas pentru [&hellip;]<\/p>\n","protected":false},"author":2,"featured_media":0,"parent":0,"menu_order":0,"comment_status":"closed","ping_status":"closed","template":"","meta":{"_et_pb_use_builder":"on","_et_pb_old_content":"","_et_gb_content_width":"","footnotes":""},"yoast_head":"<!-- This site is optimized with the Yoast SEO Premium plugin v24.0 (Yoast SEO v24.0) - https:\/\/yoast.com\/wordpress\/plugins\/seo\/ -->\n<title>Kontakt - WhistleSystem<\/title>\n<meta name=\"description\" content=\"Nehmen Sie Kontakt mit uns auf und erfahren Sie mehr \u00fcber WhistleSystem und seine Vorteile.\" \/>\n<meta name=\"robots\" content=\"index, follow, max-snippet:-1, max-image-preview:large, max-video-preview:-1\" \/>\n<link rel=\"canonical\" href=\"https:\/\/whistlesystem.com\/ro\/contact\/\" \/>\n<meta property=\"og:locale\" content=\"ro_RO\" \/>\n<meta property=\"og:type\" content=\"article\" \/>\n<meta property=\"og:title\" content=\"Kontakt\" \/>\n<meta property=\"og:description\" content=\"Nehmen Sie Kontakt mit uns auf und erfahren Sie mehr \u00fcber WhistleSystem und seine Vorteile.\" \/>\n<meta property=\"og:url\" content=\"https:\/\/whistlesystem.com\/ro\/contact\/\" \/>\n<meta property=\"og:site_name\" content=\"WhistleSystem\" \/>\n<meta property=\"article:modified_time\" content=\"2024-06-11T13:40:15+00:00\" \/>\n<meta property=\"og:image\" content=\"https:\/\/whistlesystem.com\/wp-content\/uploads\/2022\/08\/Social-image.png\" \/>\n\t<meta property=\"og:image:width\" content=\"1080\" \/>\n\t<meta property=\"og:image:height\" content=\"1350\" \/>\n\t<meta property=\"og:image:type\" content=\"image\/png\" \/>\n<meta name=\"twitter:card\" content=\"summary_large_image\" \/>\n<meta name=\"twitter:label1\" content=\"Timp estimat pentru citire\" \/>\n\t<meta name=\"twitter:data1\" content=\"4 minute\" \/>\n<script type=\"application\/ld+json\" class=\"yoast-schema-graph\">{\"@context\":\"https:\/\/schema.org\",\"@graph\":[{\"@type\":\"WebPage\",\"@id\":\"https:\/\/whistlesystem.com\/ro\/contact\/\",\"url\":\"https:\/\/whistlesystem.com\/ro\/contact\/\",\"name\":\"Kontakt - WhistleSystem\",\"isPartOf\":{\"@id\":\"https:\/\/whistlesystem.com\/#website\"},\"datePublished\":\"2022-04-19T18:43:58+00:00\",\"dateModified\":\"2024-06-11T13:40:15+00:00\",\"description\":\"Nehmen Sie Kontakt mit uns auf und erfahren Sie mehr \u00fcber WhistleSystem und seine Vorteile.\",\"breadcrumb\":{\"@id\":\"https:\/\/whistlesystem.com\/ro\/contact\/#breadcrumb\"},\"inLanguage\":\"ro-RO\",\"potentialAction\":[{\"@type\":\"ReadAction\",\"target\":[\"https:\/\/whistlesystem.com\/ro\/contact\/\"]}]},{\"@type\":\"BreadcrumbList\",\"@id\":\"https:\/\/whistlesystem.com\/ro\/contact\/#breadcrumb\",\"itemListElement\":[{\"@type\":\"ListItem\",\"position\":1,\"name\":\"Hjem\",\"item\":\"https:\/\/whistlesystem.com\/ro\/\"},{\"@type\":\"ListItem\",\"position\":2,\"name\":\"Kontakt\"}]},{\"@type\":\"WebSite\",\"@id\":\"https:\/\/whistlesystem.com\/#website\",\"url\":\"https:\/\/whistlesystem.com\/\",\"name\":\"WhistleSystem\",\"description\":\"WhistleSystem ApS - En sikker, simpel og compliant whistleblowerordning\",\"publisher\":{\"@id\":\"https:\/\/whistlesystem.com\/#organization\"},\"potentialAction\":[{\"@type\":\"SearchAction\",\"target\":{\"@type\":\"EntryPoint\",\"urlTemplate\":\"https:\/\/whistlesystem.com\/?s={search_term_string}\"},\"query-input\":{\"@type\":\"PropertyValueSpecification\",\"valueRequired\":true,\"valueName\":\"search_term_string\"}}],\"inLanguage\":\"ro-RO\"},{\"@type\":\"Organization\",\"@id\":\"https:\/\/whistlesystem.com\/#organization\",\"name\":\"WhistleSystem ApS\",\"url\":\"https:\/\/whistlesystem.com\/\",\"logo\":{\"@type\":\"ImageObject\",\"inLanguage\":\"ro-RO\",\"@id\":\"https:\/\/whistlesystem.com\/#\/schema\/logo\/image\/\",\"url\":\"https:\/\/whistlesystem.com\/wp-content\/uploads\/2022\/05\/whistle-logo-dark.svg\",\"contentUrl\":\"https:\/\/whistlesystem.com\/wp-content\/uploads\/2022\/05\/whistle-logo-dark.svg\",\"width\":\"1024\",\"height\":\"1024\",\"caption\":\"WhistleSystem ApS\"},\"image\":{\"@id\":\"https:\/\/whistlesystem.com\/#\/schema\/logo\/image\/\"}}]}<\/script>\n<!-- \/ Yoast SEO Premium plugin. -->","yoast_head_json":{"title":"Kontakt - WhistleSystem","description":"Nehmen Sie Kontakt mit uns auf und erfahren Sie mehr \u00fcber WhistleSystem und seine Vorteile.","robots":{"index":"index","follow":"follow","max-snippet":"max-snippet:-1","max-image-preview":"max-image-preview:large","max-video-preview":"max-video-preview:-1"},"canonical":"https:\/\/whistlesystem.com\/ro\/contact\/","og_locale":"ro_RO","og_type":"article","og_title":"Kontakt","og_description":"Nehmen Sie Kontakt mit uns auf und erfahren Sie mehr \u00fcber WhistleSystem und seine Vorteile.","og_url":"https:\/\/whistlesystem.com\/ro\/contact\/","og_site_name":"WhistleSystem","article_modified_time":"2024-06-11T13:40:15+00:00","og_image":[{"width":1080,"height":1350,"url":"https:\/\/whistlesystem.com\/wp-content\/uploads\/2022\/08\/Social-image.png","type":"image\/png"}],"twitter_card":"summary_large_image","twitter_misc":{"Timp estimat pentru citire":"4 minute"},"schema":{"@context":"https:\/\/schema.org","@graph":[{"@type":"WebPage","@id":"https:\/\/whistlesystem.com\/ro\/contact\/","url":"https:\/\/whistlesystem.com\/ro\/contact\/","name":"Kontakt - WhistleSystem","isPartOf":{"@id":"https:\/\/whistlesystem.com\/#website"},"datePublished":"2022-04-19T18:43:58+00:00","dateModified":"2024-06-11T13:40:15+00:00","description":"Nehmen Sie Kontakt mit uns auf und erfahren Sie mehr \u00fcber WhistleSystem und seine Vorteile.","breadcrumb":{"@id":"https:\/\/whistlesystem.com\/ro\/contact\/#breadcrumb"},"inLanguage":"ro-RO","potentialAction":[{"@type":"ReadAction","target":["https:\/\/whistlesystem.com\/ro\/contact\/"]}]},{"@type":"BreadcrumbList","@id":"https:\/\/whistlesystem.com\/ro\/contact\/#breadcrumb","itemListElement":[{"@type":"ListItem","position":1,"name":"Hjem","item":"https:\/\/whistlesystem.com\/ro\/"},{"@type":"ListItem","position":2,"name":"Kontakt"}]},{"@type":"WebSite","@id":"https:\/\/whistlesystem.com\/#website","url":"https:\/\/whistlesystem.com\/","name":"WhistleSystem","description":"WhistleSystem ApS - En sikker, simpel og compliant whistleblowerordning","publisher":{"@id":"https:\/\/whistlesystem.com\/#organization"},"potentialAction":[{"@type":"SearchAction","target":{"@type":"EntryPoint","urlTemplate":"https:\/\/whistlesystem.com\/?s={search_term_string}"},"query-input":{"@type":"PropertyValueSpecification","valueRequired":true,"valueName":"search_term_string"}}],"inLanguage":"ro-RO"},{"@type":"Organization","@id":"https:\/\/whistlesystem.com\/#organization","name":"WhistleSystem ApS","url":"https:\/\/whistlesystem.com\/","logo":{"@type":"ImageObject","inLanguage":"ro-RO","@id":"https:\/\/whistlesystem.com\/#\/schema\/logo\/image\/","url":"https:\/\/whistlesystem.com\/wp-content\/uploads\/2022\/05\/whistle-logo-dark.svg","contentUrl":"https:\/\/whistlesystem.com\/wp-content\/uploads\/2022\/05\/whistle-logo-dark.svg","width":"1024","height":"1024","caption":"WhistleSystem ApS"},"image":{"@id":"https:\/\/whistlesystem.com\/#\/schema\/logo\/image\/"}}]}},"_links":{"self":[{"href":"https:\/\/whistlesystem.com\/ro\/wp-json\/wp\/v2\/pages\/240114"}],"collection":[{"href":"https:\/\/whistlesystem.com\/ro\/wp-json\/wp\/v2\/pages"}],"about":[{"href":"https:\/\/whistlesystem.com\/ro\/wp-json\/wp\/v2\/types\/page"}],"author":[{"embeddable":true,"href":"https:\/\/whistlesystem.com\/ro\/wp-json\/wp\/v2\/users\/2"}],"replies":[{"embeddable":true,"href":"https:\/\/whistlesystem.com\/ro\/wp-json\/wp\/v2\/comments?post=240114"}],"version-history":[{"count":5,"href":"https:\/\/whistlesystem.com\/ro\/wp-json\/wp\/v2\/pages\/240114\/revisions"}],"predecessor-version":[{"id":246181,"href":"https:\/\/whistlesystem.com\/ro\/wp-json\/wp\/v2\/pages\/240114\/revisions\/246181"}],"wp:attachment":[{"href":"https:\/\/whistlesystem.com\/ro\/wp-json\/wp\/v2\/media?parent=240114"}],"curies":[{"name":"wp","href":"https:\/\/api.w.org\/{rel}","templated":true}]}}