{"id":238293,"date":"2022-04-19T18:43:58","date_gmt":"2022-04-19T18:43:58","guid":{"rendered":"https:\/\/whistlesystem.com\/kontakt\/"},"modified":"2023-06-12T05:42:46","modified_gmt":"2023-06-12T05:42:46","slug":"kontakt","status":"publish","type":"page","link":"https:\/\/whistlesystem.com\/sv\/kontakt\/","title":{"rendered":"Kontakt"},"content":{"rendered":"<p>[et_pb_section fb_built=&#8221;1&#8243; _builder_version=&#8221;4.16.0&#8243; _module_preset=&#8221;default&#8221; background_color=&#8221;#2B1E6B&#8221; custom_padding=&#8221;||34px|||&#8221; global_colors_info=&#8221;{}&#8221;][et_pb_row make_equal=&#8221;on&#8221; _builder_version=&#8221;4.16.0&#8243; _module_preset=&#8221;default&#8221; max_width=&#8221;900px&#8221; module_alignment=&#8221;center&#8221; custom_padding=&#8221;||0px|||&#8221; global_colors_info=&#8221;{}&#8221;][et_pb_column type=&#8221;4_4&#8243; module_class=&#8221;vertical-align&#8221; _builder_version=&#8221;4.16&#8243; _module_preset=&#8221;default&#8221; global_colors_info=&#8221;{}&#8221;][et_pb_text module_class=&#8221;intro&#8221; _builder_version=&#8221;4.17.4&#8243; _module_preset=&#8221;default&#8221; text_orientation=&#8221;center&#8221; background_layout=&#8221;dark&#8221; custom_padding=&#8221;||0px|||&#8221; global_colors_info=&#8221;{}&#8221;]<\/p>\n<h1 class=\"preheader\">Kontakt<\/h1>\n<p class=\"title-hero\">Hur kan vi hj\u00e4lpa dig?<\/p>\n<p>Har du fr\u00e5gor om systemet f\u00f6r visselbl\u00e5sare, WhistleSystem eller annat? Vi finns h\u00e4r f\u00f6r dig![\/et_pb_text][\/et_pb_column][\/et_pb_row][\/et_pb_section][et_pb_section fb_built=&#8221;1&#8243; _builder_version=&#8221;4.16.0&#8243; _module_preset=&#8221;default&#8221; background_color=&#8221;#2B1E6B&#8221; use_background_color_gradient=&#8221;on&#8221; background_color_gradient_stops=&#8221;#2b1e6b 50%|#ffffff 50%&#8221; custom_padding=&#8221;0px||0px|||&#8221; global_colors_info=&#8221;{}&#8221;][et_pb_row column_structure=&#8221;1_2,1_2&#8243; use_custom_gutter=&#8221;on&#8221; gutter_width=&#8221;2&#8243; make_equal=&#8221;on&#8221; _builder_version=&#8221;4.16.0&#8243; _module_preset=&#8221;default&#8221; custom_padding=&#8221;34px||0px||false|false&#8221; global_colors_info=&#8221;{}&#8221;][et_pb_column type=&#8221;1_2&#8243; module_class=&#8221;box-outline&#8221; _builder_version=&#8221;4.16&#8243; _module_preset=&#8221;default&#8221; global_colors_info=&#8221;{}&#8221;][et_pb_text _builder_version=&#8221;4.17.6&#8243; _module_preset=&#8221;default&#8221; text_orientation=&#8221;center&#8221; hover_enabled=&#8221;0&#8243; global_colors_info=&#8221;{}&#8221; sticky_enabled=&#8221;0&#8243;]<\/p>\n<h2>Ring oss<\/h2>\n<p class=\"title-medium\" style=\"font-size: 30px; height: 40px;\"><a href=\"tel:21206018\">+46 72-157 25 10<\/a><\/p>\n<p>[\/et_pb_text][et_pb_blurb title=&#8221;M\u00e5ndag &#8211; fredag&#8221; use_icon=&#8221;on&#8221; font_icon=&#8221;&#x7d;||divi||400&#8243; image_icon_background_color=&#8221;#EBE7F8&#8243; icon_placement=&#8221;left&#8221; image_icon_width=&#8221;26px&#8221; _builder_version=&#8221;4.17.4&#8243; _module_preset=&#8221;default&#8221; header_level=&#8221;h6&#8243; header_text_color=&#8221;rgba(15,2,54,0.6)&#8221; body_text_color=&#8221;#0F0236&#8243; image_icon_custom_padding=&#8221;15px|15px|15px|15px|false|false&#8221; width=&#8221;250px&#8221; module_alignment=&#8221;center&#8221; custom_margin=&#8221;50px||||false|false&#8221; custom_css_blurb_title=&#8221;padding-bottom: 10px !important;&#8221; border_radii_image=&#8221;on|200px|200px|200px|200px&#8221; global_colors_info=&#8221;{}&#8221;]<\/p>\n<p>09:00 &#8211; 16:00<\/p>\n<p>[\/et_pb_blurb][\/et_pb_column][et_pb_column type=&#8221;1_2&#8243; module_class=&#8221;box-outline&#8221; _builder_version=&#8221;4.16&#8243; _module_preset=&#8221;default&#8221; global_colors_info=&#8221;{}&#8221;][et_pb_text _builder_version=&#8221;4.17.4&#8243; _module_preset=&#8221;default&#8221; text_orientation=&#8221;center&#8221; global_colors_info=&#8221;{}&#8221;]<\/p>\n<h2>Skicka e-post<\/h2>\n<p class=\"title-medium\" style=\"font-size: 30px; height: 40px;\"><a href=\"mailto:support@whistlesystem.dk\">support@whistlesystem.com<\/a><\/p>\n<p>[\/et_pb_text][et_pb_blurb title=&#8221;M\u00e5ndag &#8211; fredag&#8221; use_icon=&#8221;on&#8221; font_icon=&#8221;&#x7d;||divi||400&#8243; image_icon_background_color=&#8221;#EBE7F8&#8243; icon_placement=&#8221;left&#8221; image_icon_width=&#8221;26px&#8221; _builder_version=&#8221;4.17.4&#8243; _module_preset=&#8221;default&#8221; header_level=&#8221;h6&#8243; header_text_color=&#8221;rgba(15,2,54,0.6)&#8221; body_text_color=&#8221;#0F0236&#8243; image_icon_custom_padding=&#8221;15px|15px|15px|15px|false|false&#8221; width=&#8221;250px&#8221; module_alignment=&#8221;center&#8221; custom_margin=&#8221;50px||||false|false&#8221; custom_css_blurb_title=&#8221;padding-bottom: 10px !important;&#8221; border_radii_image=&#8221;on|200px|200px|200px|200px&#8221; global_colors_info=&#8221;{}&#8221;]Inom 24 timmar[\/et_pb_blurb][\/et_pb_column][\/et_pb_row][\/et_pb_section][et_pb_section fb_built=&#8221;1&#8243; _builder_version=&#8221;4.16.0&#8243; _module_preset=&#8221;default&#8221; global_colors_info=&#8221;{}&#8221;][et_pb_row column_structure=&#8221;1_2,1_2&#8243; _builder_version=&#8221;4.16.0&#8243; _module_preset=&#8221;default&#8221; global_colors_info=&#8221;{}&#8221;][et_pb_column type=&#8221;1_2&#8243; _builder_version=&#8221;4.16.0&#8243; _module_preset=&#8221;default&#8221; global_colors_info=&#8221;{}&#8221;][et_pb_text _builder_version=&#8221;4.17.4&#8243; _module_preset=&#8221;default&#8221; global_colors_info=&#8221;{}&#8221;]<\/p>\n<h2 class=\"title-big\">Har du fr\u00e5gor eller vill du veta mer? <\/h2>\n<p>[\/et_pb_text][et_pb_code _builder_version=&#8221;4.17.4&#8243; _module_preset=&#8221;default&#8221; global_colors_info=&#8221;{}&#8221;]<script charset=\"utf-8\" type=\"text\/javascript\" src=\"\/\/js-eu1.hsforms.net\/forms\/v2.js\"><\/script><!-- [et_pb_line_break_holder] --><script><!-- [et_pb_line_break_holder] -->  hbspt.forms.create({<!-- [et_pb_line_break_holder] -->    region: \"eu1\",<!-- [et_pb_line_break_holder] -->    portalId: \"25264574\",<!-- [et_pb_line_break_holder] -->    formId: \"1a197426-e3e4-45c9-ac54-8594f6beffb4\"<!-- [et_pb_line_break_holder] -->  });<!-- [et_pb_line_break_holder] --><\/script>[\/et_pb_code][\/et_pb_column][et_pb_column type=&#8221;1_2&#8243; _builder_version=&#8221;4.16.0&#8243; _module_preset=&#8221;default&#8221; global_colors_info=&#8221;{}&#8221;][et_pb_image src=&#8221;https:\/\/whistlesystem.com\/wp-content\/uploads\/2022\/04\/whistleblower-system-42.jpg&#8221; title_text=&#8221;whistleblower-system-42&#8243; align=&#8221;right&#8221; _builder_version=&#8221;4.16.0&#8243; _module_preset=&#8221;default&#8221; max_width=&#8221;82%&#8221; global_colors_info=&#8221;{}&#8221;][\/et_pb_image][et_pb_image src=&#8221;https:\/\/whistlesystem.com\/wp-content\/uploads\/2022\/06\/dot-kontakt-sv.png&#8221; title_text=&#8221;dot-kontakt-sv&#8221; _builder_version=&#8221;4.17.4&#8243; _module_preset=&#8221;default&#8221; positioning=&#8221;absolute&#8221; vertical_offset=&#8221;34px&#8221; horizontal_offset=&#8221;34px&#8221; width=&#8221;100%&#8221; max_width=&#8221;180px&#8221; global_colors_info=&#8221;{}&#8221;][\/et_pb_image][\/et_pb_column][\/et_pb_row][\/et_pb_section][et_pb_section fb_built=&#8221;1&#8243; _builder_version=&#8221;4.16&#8243; _module_preset=&#8221;default&#8221; background_color=&#8221;#F5F4F9&#8243; global_module=&#8221;236592&#8243; saved_tabs=&#8221;all&#8221; global_colors_info=&#8221;{}&#8221;][et_pb_row column_structure=&#8221;1_3,2_3&#8243; _builder_version=&#8221;4.16&#8243; _module_preset=&#8221;default&#8221; custom_padding=&#8221;34px||||false|false&#8221; global_colors_info=&#8221;{}&#8221;][et_pb_column type=&#8221;1_3&#8243; _builder_version=&#8221;4.16&#8243; _module_preset=&#8221;default&#8221; global_colors_info=&#8221;{}&#8221;][et_pb_text _builder_version=&#8221;4.17.4&#8243; _module_preset=&#8221;default&#8221; global_colors_info=&#8221;{}&#8221;]<\/p>\n<h2 class=\"title-hero\">Vanliga fr\u00e5gor<\/h2>\n<p class=\"intro\">Vi hj\u00e4lper g\u00e4rna till med fr\u00e5gor. H\u00e4r \u00e4r svaren p\u00e5 n\u00e5gra av dem som du kanske redan har.<\/p>\n<p>[\/et_pb_text][et_pb_button button_url=&#8221;\/sv\/kontakt\/&#8221; button_text=&#8221;Har du n\u00e5gra andra fr\u00e5gor?&#8221; module_class=&#8221;btn-outline&#8221; _builder_version=&#8221;4.17.4&#8243; _module_preset=&#8221;default&#8221; global_colors_info=&#8221;{}&#8221;][\/et_pb_button][\/et_pb_column][et_pb_column type=&#8221;2_3&#8243; _builder_version=&#8221;4.16&#8243; _module_preset=&#8221;default&#8221; global_colors_info=&#8221;{}&#8221;][et_pb_toggle title=&#8221;Vad \u00e4r ett system f\u00f6r visselbl\u00e5sare?&#8221; _builder_version=&#8221;4.17.4&#8243; _module_preset=&#8221;default&#8221; global_colors_info=&#8221;{}&#8221;]Ett system f\u00f6r visselbl\u00e5sare \u00e4r i konkreta termer en sammanfattning av er visselbl\u00e5sarpolicy, era f\u00f6rfaranden och ert system f\u00f6r att hantera allvarliga visselbl\u00e5sningar inom f\u00f6retaget. Systemet f\u00f6r visselbl\u00e5sare har kommit till som ett resultat av EU-direktiv 2019\/1937 &#8211; det s\u00e5 kallade visselbl\u00e5sardirektivet.[\/et_pb_toggle][et_pb_toggle title=&#8221;Hur utm\u00e4rker sig WhistleSystem?&#8221; _builder_version=&#8221;4.17.4&#8243; _module_preset=&#8221;default&#8221; global_colors_info=&#8221;{}&#8221;]<\/p>\n<p>WhistleSystem utm\u00e4rker sig med en unik kombination av marknadsledande anv\u00e4ndarv\u00e4nlighet, s\u00e4kerhet och implementering, samtidigt som det \u00e4r en mycket prisv\u00e4rd l\u00f6sning.<\/p>\n<p>Vi har s\u00e4kerst\u00e4llt anv\u00e4ndbarheten genom att skapa systemet f\u00f6r och tillsammans med v\u00e5ra kunder. Vi har bokstavligen talat med hundratals kunder och kokat ner deras fr\u00e5gor och \u00f6nskem\u00e5l till exakt de funktioner som ett enkelt och intuitivt system f\u00f6r visselbl\u00e5sare kr\u00e4ver. \u00d6ver en natt slutade v\u00e5ra nya kunder att st\u00e4lla fr\u00e5gor om systemet, och vi hade precis det system som v\u00e5ra kunder efterfr\u00e5gar.<\/p>\n<p>Det \u00e4r viktigt f\u00f6r oss att v\u00e5ra kunder k\u00e4nner sig trygga. D\u00e4rf\u00f6r \u00e4r vi certifierade f\u00f6r b\u00e5de informationss\u00e4kerhet och sekretess enligt ISO 27001 och ISO 27701. Samtidigt \u00e4r v\u00e5r tekniska s\u00e4kerhet marknadsledande och bygger p\u00e5 den senaste och starkaste s\u00e4kerhetstekniken. Vi vidarebefordrar g\u00e4rna v\u00e5r Security White Paper om det \u00e4r av intresse.<\/p>\n<p>V\u00e5rt m\u00e5l \u00e4r att g\u00f6ra implementeringen s\u00e5 enkel som m\u00f6jligt f\u00f6r v\u00e5ra kunder. D\u00e4rf\u00f6r har vi utvecklat en implementeringsprocess som inneh\u00e5ller allt n\u00f6dv\u00e4ndigt material och som \u00e4r skr\u00e4ddarsydd f\u00f6r ditt f\u00f6retag. Den omfattar allt fr\u00e5n ett krypterat system f\u00f6r visselbl\u00e5sare och handb\u00f6cker till policyer f\u00f6r visselbl\u00e5sare och mallar f\u00f6r att informera de anst\u00e4llda om ert nya system f\u00f6r visselbl\u00e5sare.<\/p>\n<p>V\u00e5r strategi f\u00f6r utveckling av funktioner och processer har gjort att vi kan h\u00e5lla WhistleSystem s\u00e5 prisv\u00e4rt som det \u00e4r.<\/p>\n<p>Den kombinationen finns inte p\u00e5 m\u00e5nga st\u00e4llen &#8211; men vi ser fram emot att visa den hos oss.<\/p>\n<p>[\/et_pb_toggle][et_pb_toggle title=&#8221;Vad kostar ett system f\u00f6r visselbl\u00e5sare?&#8221; _builder_version=&#8221;4.17.4&#8243; _module_preset=&#8221;default&#8221; global_colors_info=&#8221;{}&#8221;]<\/p>\n<p>Kostnaderna f\u00f6r ett system f\u00f6r visselbl\u00e5sare varierar kraftigt. Om du v\u00e4ljer ett system f\u00f6r visselbl\u00e5sare med m\u00e5nga komplicerade funktioner och med advokater eller revisorer i beredskap kan kostnaderna bli h\u00f6ga. Men om du v\u00e4ljer ett intuitivt, enkelt och s\u00e4kert system som WhistleSystem kan kostnaden f\u00f6r en plug-and-play-l\u00f6sning med allt du beh\u00f6ver f\u00f6r att ha ett v\u00e4lfungerande och lagligt system f\u00f6r visselbl\u00e5sare vara s\u00e5 l\u00e5g som 67 EUR\/m\u00e5nad med \u00e5rlig fakturering och 200 EUR f\u00f6r installation om ni har mindre \u00e4n 250 anst\u00e4llda. Se v\u00e5ra priser <a href=\"\/sv\/priser\/\">h\u00e4r<\/a>.<\/p>\n<p>[\/et_pb_toggle][et_pb_toggle title=&#8221;Kan jag prova systemet innan jag best\u00e4mmer mig?&#8221; _builder_version=&#8221;4.17.4&#8243; _module_preset=&#8221;default&#8221; global_colors_info=&#8221;{}&#8221;]<\/p>\n<p>Ja. Vi erbjuder en kostnadsfri och ej bindande provperiod d\u00e4r du kan prova systemet och se hur det \u00e4r uppst\u00e4llt. Du kan f\u00e5 tillg\u00e5ng till provperioden genom att boka en demo av systemet.<\/p>\n<p>[\/et_pb_toggle][et_pb_toggle title=&#8221;Kan jag ut\u00f6va min \u00e5ngerr\u00e4tt?&#8221; _builder_version=&#8221;4.17.4&#8243; _module_preset=&#8221;default&#8221; global_colors_info=&#8221;{}&#8221;]<\/p>\n<p>Ja. Det finns en 14-dagars \u00e5ngerr\u00e4tt och gratis upps\u00e4gning under varje ett\u00e5rig prenumerationsperiod.<\/p>\n<p>[\/et_pb_toggle][\/et_pb_column][\/et_pb_row][\/et_pb_section]<\/p>\n","protected":false},"excerpt":{"rendered":"<p>Kontakt Hur kan vi hj\u00e4lpa dig? Har du fr\u00e5gor om systemet f\u00f6r visselbl\u00e5sare, WhistleSystem eller annat? Vi finns h\u00e4r f\u00f6r dig!Ring oss +46 72-157 25 1009:00 &#8211; 16:00Skicka e-post support@whistlesystem.comInom 24 timmarHar du fr\u00e5gor eller vill du veta mer? Vanliga fr\u00e5gor Vi hj\u00e4lper g\u00e4rna till med fr\u00e5gor. H\u00e4r \u00e4r svaren p\u00e5 n\u00e5gra av dem som du kanske redan har.Ett system f\u00f6r visselbl\u00e5sare \u00e4r i konkreta termer en sammanfattning av er visselbl\u00e5sarpolicy, era f\u00f6rfaranden och ert system f\u00f6r att hantera allvarliga visselbl\u00e5sningar inom f\u00f6retaget. Systemet f\u00f6r visselbl\u00e5sare har kommit till som ett resultat av EU-direktiv 2019\/1937 &#8211; det s\u00e5 kallade visselbl\u00e5sardirektivet.WhistleSystem utm\u00e4rker sig med en unik kombination av marknadsledande anv\u00e4ndarv\u00e4nlighet, s\u00e4kerhet och implementering, samtidigt som det \u00e4r en mycket prisv\u00e4rd l\u00f6sning. Vi har s\u00e4kerst\u00e4llt anv\u00e4ndbarheten genom att skapa systemet f\u00f6r och tillsammans med v\u00e5ra kunder. Vi har bokstavligen talat med hundratals kunder och kokat ner deras fr\u00e5gor och \u00f6nskem\u00e5l till exakt de funktioner som ett enkelt och intuitivt system f\u00f6r visselbl\u00e5sare kr\u00e4ver. \u00d6ver en natt slutade v\u00e5ra nya kunder att st\u00e4lla fr\u00e5gor om systemet, och vi hade precis det system som v\u00e5ra kunder efterfr\u00e5gar. Det \u00e4r viktigt f\u00f6r oss att v\u00e5ra kunder k\u00e4nner sig trygga. D\u00e4rf\u00f6r \u00e4r vi certifierade f\u00f6r b\u00e5de [&hellip;]<\/p>\n","protected":false},"author":2,"featured_media":0,"parent":0,"menu_order":0,"comment_status":"closed","ping_status":"closed","template":"","meta":{"_et_pb_use_builder":"on","_et_pb_old_content":"","_et_gb_content_width":"","footnotes":""},"yoast_head":"<!-- This site is optimized with the Yoast SEO Premium plugin v24.0 (Yoast SEO v24.0) - https:\/\/yoast.com\/wordpress\/plugins\/seo\/ -->\n<title>Kontakt - WhistleSystem<\/title>\n<meta name=\"description\" content=\"Nehmen Sie Kontakt mit uns auf und erfahren Sie mehr \u00fcber WhistleSystem und seine Vorteile.\" \/>\n<meta name=\"robots\" content=\"index, follow, max-snippet:-1, max-image-preview:large, max-video-preview:-1\" \/>\n<link rel=\"canonical\" href=\"https:\/\/whistlesystem.com\/sv\/kontakt\/\" \/>\n<meta property=\"og:locale\" content=\"sv_SE\" \/>\n<meta property=\"og:type\" content=\"article\" \/>\n<meta property=\"og:title\" content=\"Kontakt\" \/>\n<meta property=\"og:description\" content=\"Nehmen Sie Kontakt mit uns auf und erfahren Sie mehr \u00fcber WhistleSystem und seine Vorteile.\" \/>\n<meta property=\"og:url\" content=\"https:\/\/whistlesystem.com\/sv\/kontakt\/\" \/>\n<meta property=\"og:site_name\" content=\"WhistleSystem\" \/>\n<meta property=\"article:modified_time\" content=\"2023-06-12T05:42:46+00:00\" \/>\n<meta property=\"og:image\" content=\"https:\/\/whistlesystem.com\/wp-content\/uploads\/2022\/08\/Social-image.png\" \/>\n\t<meta property=\"og:image:width\" content=\"1080\" \/>\n\t<meta property=\"og:image:height\" content=\"1350\" \/>\n\t<meta property=\"og:image:type\" content=\"image\/png\" \/>\n<meta name=\"twitter:card\" content=\"summary_large_image\" \/>\n<meta name=\"twitter:label1\" content=\"Ber\u00e4knad l\u00e4stid\" \/>\n\t<meta name=\"twitter:data1\" content=\"4 minuter\" \/>\n<script type=\"application\/ld+json\" class=\"yoast-schema-graph\">{\"@context\":\"https:\/\/schema.org\",\"@graph\":[{\"@type\":\"WebPage\",\"@id\":\"https:\/\/whistlesystem.com\/sv\/kontakt\/\",\"url\":\"https:\/\/whistlesystem.com\/sv\/kontakt\/\",\"name\":\"Kontakt - WhistleSystem\",\"isPartOf\":{\"@id\":\"https:\/\/whistlesystem.com\/#website\"},\"datePublished\":\"2022-04-19T18:43:58+00:00\",\"dateModified\":\"2023-06-12T05:42:46+00:00\",\"description\":\"Nehmen Sie Kontakt mit uns auf und erfahren Sie mehr \u00fcber WhistleSystem und seine Vorteile.\",\"breadcrumb\":{\"@id\":\"https:\/\/whistlesystem.com\/sv\/kontakt\/#breadcrumb\"},\"inLanguage\":\"sv-SE\",\"potentialAction\":[{\"@type\":\"ReadAction\",\"target\":[\"https:\/\/whistlesystem.com\/sv\/kontakt\/\"]}]},{\"@type\":\"BreadcrumbList\",\"@id\":\"https:\/\/whistlesystem.com\/sv\/kontakt\/#breadcrumb\",\"itemListElement\":[{\"@type\":\"ListItem\",\"position\":1,\"name\":\"Hjem\",\"item\":\"https:\/\/whistlesystem.com\/sv\/\"},{\"@type\":\"ListItem\",\"position\":2,\"name\":\"Kontakt\"}]},{\"@type\":\"WebSite\",\"@id\":\"https:\/\/whistlesystem.com\/#website\",\"url\":\"https:\/\/whistlesystem.com\/\",\"name\":\"WhistleSystem\",\"description\":\"WhistleSystem ApS - En sikker, simpel og compliant whistleblowerordning\",\"publisher\":{\"@id\":\"https:\/\/whistlesystem.com\/#organization\"},\"potentialAction\":[{\"@type\":\"SearchAction\",\"target\":{\"@type\":\"EntryPoint\",\"urlTemplate\":\"https:\/\/whistlesystem.com\/?s={search_term_string}\"},\"query-input\":{\"@type\":\"PropertyValueSpecification\",\"valueRequired\":true,\"valueName\":\"search_term_string\"}}],\"inLanguage\":\"sv-SE\"},{\"@type\":\"Organization\",\"@id\":\"https:\/\/whistlesystem.com\/#organization\",\"name\":\"WhistleSystem ApS\",\"url\":\"https:\/\/whistlesystem.com\/\",\"logo\":{\"@type\":\"ImageObject\",\"inLanguage\":\"sv-SE\",\"@id\":\"https:\/\/whistlesystem.com\/#\/schema\/logo\/image\/\",\"url\":\"https:\/\/whistlesystem.com\/wp-content\/uploads\/2022\/05\/whistle-logo-dark.svg\",\"contentUrl\":\"https:\/\/whistlesystem.com\/wp-content\/uploads\/2022\/05\/whistle-logo-dark.svg\",\"width\":\"1024\",\"height\":\"1024\",\"caption\":\"WhistleSystem ApS\"},\"image\":{\"@id\":\"https:\/\/whistlesystem.com\/#\/schema\/logo\/image\/\"}}]}<\/script>\n<!-- \/ Yoast SEO Premium plugin. -->","yoast_head_json":{"title":"Kontakt - WhistleSystem","description":"Nehmen Sie Kontakt mit uns auf und erfahren Sie mehr \u00fcber WhistleSystem und seine Vorteile.","robots":{"index":"index","follow":"follow","max-snippet":"max-snippet:-1","max-image-preview":"max-image-preview:large","max-video-preview":"max-video-preview:-1"},"canonical":"https:\/\/whistlesystem.com\/sv\/kontakt\/","og_locale":"sv_SE","og_type":"article","og_title":"Kontakt","og_description":"Nehmen Sie Kontakt mit uns auf und erfahren Sie mehr \u00fcber WhistleSystem und seine Vorteile.","og_url":"https:\/\/whistlesystem.com\/sv\/kontakt\/","og_site_name":"WhistleSystem","article_modified_time":"2023-06-12T05:42:46+00:00","og_image":[{"width":1080,"height":1350,"url":"https:\/\/whistlesystem.com\/wp-content\/uploads\/2022\/08\/Social-image.png","type":"image\/png"}],"twitter_card":"summary_large_image","twitter_misc":{"Ber\u00e4knad l\u00e4stid":"4 minuter"},"schema":{"@context":"https:\/\/schema.org","@graph":[{"@type":"WebPage","@id":"https:\/\/whistlesystem.com\/sv\/kontakt\/","url":"https:\/\/whistlesystem.com\/sv\/kontakt\/","name":"Kontakt - WhistleSystem","isPartOf":{"@id":"https:\/\/whistlesystem.com\/#website"},"datePublished":"2022-04-19T18:43:58+00:00","dateModified":"2023-06-12T05:42:46+00:00","description":"Nehmen Sie Kontakt mit uns auf und erfahren Sie mehr \u00fcber WhistleSystem und seine Vorteile.","breadcrumb":{"@id":"https:\/\/whistlesystem.com\/sv\/kontakt\/#breadcrumb"},"inLanguage":"sv-SE","potentialAction":[{"@type":"ReadAction","target":["https:\/\/whistlesystem.com\/sv\/kontakt\/"]}]},{"@type":"BreadcrumbList","@id":"https:\/\/whistlesystem.com\/sv\/kontakt\/#breadcrumb","itemListElement":[{"@type":"ListItem","position":1,"name":"Hjem","item":"https:\/\/whistlesystem.com\/sv\/"},{"@type":"ListItem","position":2,"name":"Kontakt"}]},{"@type":"WebSite","@id":"https:\/\/whistlesystem.com\/#website","url":"https:\/\/whistlesystem.com\/","name":"WhistleSystem","description":"WhistleSystem ApS - En sikker, simpel og compliant whistleblowerordning","publisher":{"@id":"https:\/\/whistlesystem.com\/#organization"},"potentialAction":[{"@type":"SearchAction","target":{"@type":"EntryPoint","urlTemplate":"https:\/\/whistlesystem.com\/?s={search_term_string}"},"query-input":{"@type":"PropertyValueSpecification","valueRequired":true,"valueName":"search_term_string"}}],"inLanguage":"sv-SE"},{"@type":"Organization","@id":"https:\/\/whistlesystem.com\/#organization","name":"WhistleSystem ApS","url":"https:\/\/whistlesystem.com\/","logo":{"@type":"ImageObject","inLanguage":"sv-SE","@id":"https:\/\/whistlesystem.com\/#\/schema\/logo\/image\/","url":"https:\/\/whistlesystem.com\/wp-content\/uploads\/2022\/05\/whistle-logo-dark.svg","contentUrl":"https:\/\/whistlesystem.com\/wp-content\/uploads\/2022\/05\/whistle-logo-dark.svg","width":"1024","height":"1024","caption":"WhistleSystem ApS"},"image":{"@id":"https:\/\/whistlesystem.com\/#\/schema\/logo\/image\/"}}]}},"_links":{"self":[{"href":"https:\/\/whistlesystem.com\/sv\/wp-json\/wp\/v2\/pages\/238293"}],"collection":[{"href":"https:\/\/whistlesystem.com\/sv\/wp-json\/wp\/v2\/pages"}],"about":[{"href":"https:\/\/whistlesystem.com\/sv\/wp-json\/wp\/v2\/types\/page"}],"author":[{"embeddable":true,"href":"https:\/\/whistlesystem.com\/sv\/wp-json\/wp\/v2\/users\/2"}],"replies":[{"embeddable":true,"href":"https:\/\/whistlesystem.com\/sv\/wp-json\/wp\/v2\/comments?post=238293"}],"version-history":[{"count":4,"href":"https:\/\/whistlesystem.com\/sv\/wp-json\/wp\/v2\/pages\/238293\/revisions"}],"predecessor-version":[{"id":242499,"href":"https:\/\/whistlesystem.com\/sv\/wp-json\/wp\/v2\/pages\/238293\/revisions\/242499"}],"wp:attachment":[{"href":"https:\/\/whistlesystem.com\/sv\/wp-json\/wp\/v2\/media?parent=238293"}],"curies":[{"name":"wp","href":"https:\/\/api.w.org\/{rel}","templated":true}]}}