{"id":238333,"date":"2022-05-06T10:40:23","date_gmt":"2022-05-06T10:40:23","guid":{"rendered":"https:\/\/whistlesystem.com\/guide-signup-dk\/"},"modified":"2023-06-12T06:08:56","modified_gmt":"2023-06-12T06:08:56","slug":"guide-signup-sv","status":"publish","type":"page","link":"https:\/\/whistlesystem.com\/sv\/guide-signup-sv\/","title":{"rendered":"Quickguide Signup SV"},"content":{"rendered":"<p>[et_pb_section fb_built=&#8221;1&#8243; custom_padding_last_edited=&#8221;on|phone&#8221; _builder_version=&#8221;4.16.0&#8243; _module_preset=&#8221;default&#8221; background_enable_color=&#8221;off&#8221; custom_padding=&#8221;100px||170px||false|false&#8221; custom_padding_tablet=&#8221;40px||110px||false|false&#8221; custom_padding_phone=&#8221;30px||80px||false|false&#8221; global_colors_info=&#8221;{}&#8221;][et_pb_row _builder_version=&#8221;4.16.0&#8243; _module_preset=&#8221;default&#8221; max_width=&#8221;1000px&#8221; module_alignment=&#8221;center&#8221; custom_padding=&#8221;||0px|||&#8221; global_colors_info=&#8221;{}&#8221;][et_pb_column type=&#8221;4_4&#8243; _builder_version=&#8221;4.16.0&#8243; _module_preset=&#8221;default&#8221; global_colors_info=&#8221;{}&#8221;][et_pb_text _builder_version=&#8221;4.17.4&#8243; _module_preset=&#8221;default&#8221; text_orientation=&#8221;center&#8221; text_orientation_tablet=&#8221;left&#8221; text_orientation_phone=&#8221;left&#8221; text_orientation_last_edited=&#8221;off|desktop&#8221; global_colors_info=&#8221;{}&#8221;]<\/p>\n<p class=\"preheader\">VISSELBL\u00c5SARGUIDEN<\/p>\n<h1 class=\"title-hero\">Beh\u00f6ver du en \u00f6versikt \u00f6ver systemet f\u00f6r visselbl\u00e5sare?<\/h1>\n<p>[\/et_pb_text][\/et_pb_column][\/et_pb_row][et_pb_row _builder_version=&#8221;4.16.0&#8243; _module_preset=&#8221;default&#8221; max_width=&#8221;900px&#8221; module_alignment=&#8221;center&#8221; custom_padding=&#8221;0px||0px|||&#8221; global_colors_info=&#8221;{}&#8221;][et_pb_column type=&#8221;4_4&#8243; _builder_version=&#8221;4.16.0&#8243; _module_preset=&#8221;default&#8221; global_colors_info=&#8221;{}&#8221;][et_pb_text module_class=&#8221;intro&#8221; _builder_version=&#8221;4.17.4&#8243; _module_preset=&#8221;default&#8221; text_orientation=&#8221;center&#8221; custom_margin=&#8221;||100px||false|false&#8221; text_orientation_tablet=&#8221;left&#8221; text_orientation_phone=&#8221;left&#8221; text_orientation_last_edited=&#8221;off|desktop&#8221; global_colors_info=&#8221;{}&#8221;]Fyll i formul\u00e4ret f\u00f6r att f\u00e5 tillg\u00e5ng till snabbguiden, d\u00e4r du kan f\u00e5 en \u00f6versikt och l\u00e4ra dig hur ditt f\u00f6retag enklast kan implementera systemet f\u00f6r visselbl\u00e5sare.[\/et_pb_text][et_pb_code _builder_version=&#8221;4.17.4&#8243; _module_preset=&#8221;default&#8221; hover_enabled=&#8221;0&#8243; global_colors_info=&#8221;{}&#8221; sticky_enabled=&#8221;0&#8243;]<script charset=\"utf-8\" type=\"text\/javascript\" src=\"\/\/js-eu1.hsforms.net\/forms\/v2.js\"><\/script><!-- [et_pb_line_break_holder] --><script><!-- [et_pb_line_break_holder] -->  hbspt.forms.create({<!-- [et_pb_line_break_holder] -->    region: \"eu1\",<!-- [et_pb_line_break_holder] -->    portalId: \"25264574\",<!-- [et_pb_line_break_holder] -->    formId: \"5843e991-0497-462b-a468-b92a52d195da\"<!-- [et_pb_line_break_holder] -->  });<!-- [et_pb_line_break_holder] --><\/script>[\/et_pb_code][\/et_pb_column][\/et_pb_row][\/et_pb_section]<\/p>\n","protected":false},"excerpt":{"rendered":"<p>VISSELBL\u00c5SARGUIDEN Beh\u00f6ver du en \u00f6versikt \u00f6ver systemet f\u00f6r visselbl\u00e5sare?Fyll i formul\u00e4ret f\u00f6r att f\u00e5 tillg\u00e5ng till snabbguiden, d\u00e4r du kan f\u00e5 en \u00f6versikt och l\u00e4ra dig hur ditt f\u00f6retag enklast kan implementera systemet f\u00f6r visselbl\u00e5sare.<\/p>\n","protected":false},"author":2,"featured_media":0,"parent":0,"menu_order":0,"comment_status":"closed","ping_status":"closed","template":"","meta":{"_et_pb_use_builder":"on","_et_pb_old_content":"","_et_gb_content_width":"","footnotes":""},"yoast_head":"<!-- This site is optimized with the Yoast SEO Premium plugin v24.0 (Yoast SEO v24.0) - https:\/\/yoast.com\/wordpress\/plugins\/seo\/ -->\n<title>Quickguide Signup SV - WhistleSystem<\/title>\n<meta name=\"description\" content=\"Registrera dig f\u00f6r WhistleSystem och f\u00e5 tillg\u00e5ng till v\u00e5r omfattande guide f\u00f6r effektiv kommunikation.\" \/>\n<meta name=\"robots\" content=\"index, follow, max-snippet:-1, max-image-preview:large, max-video-preview:-1\" \/>\n<link rel=\"canonical\" href=\"https:\/\/whistlesystem.com\/sv\/guide-signup-sv\/\" \/>\n<meta property=\"og:locale\" content=\"sv_SE\" \/>\n<meta property=\"og:type\" content=\"article\" \/>\n<meta property=\"og:title\" content=\"Quickguide Signup SV\" \/>\n<meta property=\"og:description\" content=\"Registrera dig f\u00f6r WhistleSystem och f\u00e5 tillg\u00e5ng till v\u00e5r omfattande guide f\u00f6r effektiv kommunikation.\" \/>\n<meta property=\"og:url\" content=\"https:\/\/whistlesystem.com\/sv\/guide-signup-sv\/\" \/>\n<meta property=\"og:site_name\" content=\"WhistleSystem\" \/>\n<meta property=\"article:modified_time\" content=\"2023-06-12T06:08:56+00:00\" \/>\n<meta property=\"og:image\" content=\"https:\/\/whistlesystem.com\/wp-content\/uploads\/2022\/08\/Social-image.png\" \/>\n\t<meta property=\"og:image:width\" content=\"1080\" \/>\n\t<meta property=\"og:image:height\" content=\"1350\" \/>\n\t<meta property=\"og:image:type\" content=\"image\/png\" \/>\n<meta name=\"twitter:card\" content=\"summary_large_image\" \/>\n<meta name=\"twitter:label1\" content=\"Ber\u00e4knad l\u00e4stid\" \/>\n\t<meta name=\"twitter:data1\" content=\"1 minut\" \/>\n<script type=\"application\/ld+json\" class=\"yoast-schema-graph\">{\"@context\":\"https:\/\/schema.org\",\"@graph\":[{\"@type\":\"WebPage\",\"@id\":\"https:\/\/whistlesystem.com\/sv\/guide-signup-sv\/\",\"url\":\"https:\/\/whistlesystem.com\/sv\/guide-signup-sv\/\",\"name\":\"Quickguide Signup SV - WhistleSystem\",\"isPartOf\":{\"@id\":\"https:\/\/whistlesystem.com\/#website\"},\"datePublished\":\"2022-05-06T10:40:23+00:00\",\"dateModified\":\"2023-06-12T06:08:56+00:00\",\"description\":\"Registrera dig f\u00f6r WhistleSystem och f\u00e5 tillg\u00e5ng till v\u00e5r omfattande guide f\u00f6r effektiv kommunikation.\",\"breadcrumb\":{\"@id\":\"https:\/\/whistlesystem.com\/sv\/guide-signup-sv\/#breadcrumb\"},\"inLanguage\":\"sv-SE\",\"potentialAction\":[{\"@type\":\"ReadAction\",\"target\":[\"https:\/\/whistlesystem.com\/sv\/guide-signup-sv\/\"]}]},{\"@type\":\"BreadcrumbList\",\"@id\":\"https:\/\/whistlesystem.com\/sv\/guide-signup-sv\/#breadcrumb\",\"itemListElement\":[{\"@type\":\"ListItem\",\"position\":1,\"name\":\"Hjem\",\"item\":\"https:\/\/whistlesystem.com\/sv\/\"},{\"@type\":\"ListItem\",\"position\":2,\"name\":\"Quickguide Signup SV\"}]},{\"@type\":\"WebSite\",\"@id\":\"https:\/\/whistlesystem.com\/#website\",\"url\":\"https:\/\/whistlesystem.com\/\",\"name\":\"WhistleSystem\",\"description\":\"WhistleSystem ApS - En sikker, simpel og compliant whistleblowerordning\",\"publisher\":{\"@id\":\"https:\/\/whistlesystem.com\/#organization\"},\"potentialAction\":[{\"@type\":\"SearchAction\",\"target\":{\"@type\":\"EntryPoint\",\"urlTemplate\":\"https:\/\/whistlesystem.com\/?s={search_term_string}\"},\"query-input\":{\"@type\":\"PropertyValueSpecification\",\"valueRequired\":true,\"valueName\":\"search_term_string\"}}],\"inLanguage\":\"sv-SE\"},{\"@type\":\"Organization\",\"@id\":\"https:\/\/whistlesystem.com\/#organization\",\"name\":\"WhistleSystem ApS\",\"url\":\"https:\/\/whistlesystem.com\/\",\"logo\":{\"@type\":\"ImageObject\",\"inLanguage\":\"sv-SE\",\"@id\":\"https:\/\/whistlesystem.com\/#\/schema\/logo\/image\/\",\"url\":\"https:\/\/whistlesystem.com\/wp-content\/uploads\/2022\/05\/whistle-logo-dark.svg\",\"contentUrl\":\"https:\/\/whistlesystem.com\/wp-content\/uploads\/2022\/05\/whistle-logo-dark.svg\",\"width\":\"1024\",\"height\":\"1024\",\"caption\":\"WhistleSystem ApS\"},\"image\":{\"@id\":\"https:\/\/whistlesystem.com\/#\/schema\/logo\/image\/\"}}]}<\/script>\n<!-- \/ Yoast SEO Premium plugin. -->","yoast_head_json":{"title":"Quickguide Signup SV - WhistleSystem","description":"Registrera dig f\u00f6r WhistleSystem och f\u00e5 tillg\u00e5ng till v\u00e5r omfattande guide f\u00f6r effektiv kommunikation.","robots":{"index":"index","follow":"follow","max-snippet":"max-snippet:-1","max-image-preview":"max-image-preview:large","max-video-preview":"max-video-preview:-1"},"canonical":"https:\/\/whistlesystem.com\/sv\/guide-signup-sv\/","og_locale":"sv_SE","og_type":"article","og_title":"Quickguide Signup SV","og_description":"Registrera dig f\u00f6r WhistleSystem och f\u00e5 tillg\u00e5ng till v\u00e5r omfattande guide f\u00f6r effektiv kommunikation.","og_url":"https:\/\/whistlesystem.com\/sv\/guide-signup-sv\/","og_site_name":"WhistleSystem","article_modified_time":"2023-06-12T06:08:56+00:00","og_image":[{"width":1080,"height":1350,"url":"https:\/\/whistlesystem.com\/wp-content\/uploads\/2022\/08\/Social-image.png","type":"image\/png"}],"twitter_card":"summary_large_image","twitter_misc":{"Ber\u00e4knad l\u00e4stid":"1 minut"},"schema":{"@context":"https:\/\/schema.org","@graph":[{"@type":"WebPage","@id":"https:\/\/whistlesystem.com\/sv\/guide-signup-sv\/","url":"https:\/\/whistlesystem.com\/sv\/guide-signup-sv\/","name":"Quickguide Signup SV - WhistleSystem","isPartOf":{"@id":"https:\/\/whistlesystem.com\/#website"},"datePublished":"2022-05-06T10:40:23+00:00","dateModified":"2023-06-12T06:08:56+00:00","description":"Registrera dig f\u00f6r WhistleSystem och f\u00e5 tillg\u00e5ng till v\u00e5r omfattande guide f\u00f6r effektiv kommunikation.","breadcrumb":{"@id":"https:\/\/whistlesystem.com\/sv\/guide-signup-sv\/#breadcrumb"},"inLanguage":"sv-SE","potentialAction":[{"@type":"ReadAction","target":["https:\/\/whistlesystem.com\/sv\/guide-signup-sv\/"]}]},{"@type":"BreadcrumbList","@id":"https:\/\/whistlesystem.com\/sv\/guide-signup-sv\/#breadcrumb","itemListElement":[{"@type":"ListItem","position":1,"name":"Hjem","item":"https:\/\/whistlesystem.com\/sv\/"},{"@type":"ListItem","position":2,"name":"Quickguide Signup SV"}]},{"@type":"WebSite","@id":"https:\/\/whistlesystem.com\/#website","url":"https:\/\/whistlesystem.com\/","name":"WhistleSystem","description":"WhistleSystem ApS - En sikker, simpel og compliant whistleblowerordning","publisher":{"@id":"https:\/\/whistlesystem.com\/#organization"},"potentialAction":[{"@type":"SearchAction","target":{"@type":"EntryPoint","urlTemplate":"https:\/\/whistlesystem.com\/?s={search_term_string}"},"query-input":{"@type":"PropertyValueSpecification","valueRequired":true,"valueName":"search_term_string"}}],"inLanguage":"sv-SE"},{"@type":"Organization","@id":"https:\/\/whistlesystem.com\/#organization","name":"WhistleSystem ApS","url":"https:\/\/whistlesystem.com\/","logo":{"@type":"ImageObject","inLanguage":"sv-SE","@id":"https:\/\/whistlesystem.com\/#\/schema\/logo\/image\/","url":"https:\/\/whistlesystem.com\/wp-content\/uploads\/2022\/05\/whistle-logo-dark.svg","contentUrl":"https:\/\/whistlesystem.com\/wp-content\/uploads\/2022\/05\/whistle-logo-dark.svg","width":"1024","height":"1024","caption":"WhistleSystem ApS"},"image":{"@id":"https:\/\/whistlesystem.com\/#\/schema\/logo\/image\/"}}]}},"_links":{"self":[{"href":"https:\/\/whistlesystem.com\/sv\/wp-json\/wp\/v2\/pages\/238333"}],"collection":[{"href":"https:\/\/whistlesystem.com\/sv\/wp-json\/wp\/v2\/pages"}],"about":[{"href":"https:\/\/whistlesystem.com\/sv\/wp-json\/wp\/v2\/types\/page"}],"author":[{"embeddable":true,"href":"https:\/\/whistlesystem.com\/sv\/wp-json\/wp\/v2\/users\/2"}],"replies":[{"embeddable":true,"href":"https:\/\/whistlesystem.com\/sv\/wp-json\/wp\/v2\/comments?post=238333"}],"version-history":[{"count":6,"href":"https:\/\/whistlesystem.com\/sv\/wp-json\/wp\/v2\/pages\/238333\/revisions"}],"predecessor-version":[{"id":242522,"href":"https:\/\/whistlesystem.com\/sv\/wp-json\/wp\/v2\/pages\/238333\/revisions\/242522"}],"wp:attachment":[{"href":"https:\/\/whistlesystem.com\/sv\/wp-json\/wp\/v2\/media?parent=238333"}],"curies":[{"name":"wp","href":"https:\/\/api.w.org\/{rel}","templated":true}]}}