{"id":238369,"date":"2022-05-06T09:24:51","date_gmt":"2022-05-06T09:24:51","guid":{"rendered":"https:\/\/whistlesystem.com\/ziik\/"},"modified":"2022-06-29T10:07:10","modified_gmt":"2022-06-29T10:07:10","slug":"ziik","status":"publish","type":"page","link":"https:\/\/whistlesystem.com\/sv\/ziik\/","title":{"rendered":"Ziik integration med WhistleSystem"},"content":{"rendered":"<p>[et_pb_section fb_built=&#8221;1&#8243; _builder_version=&#8221;4.16.0&#8243; _module_preset=&#8221;default&#8221; background_color=&#8221;#2B1E6B&#8221; custom_padding=&#8221;||90px||false|false&#8221; global_colors_info=&#8221;{}&#8221;][et_pb_row make_equal=&#8221;on&#8221; _builder_version=&#8221;4.16.0&#8243; _module_preset=&#8221;default&#8221; max_width=&#8221;900px&#8221; module_alignment=&#8221;center&#8221; custom_padding=&#8221;||0px|||&#8221; global_colors_info=&#8221;{}&#8221;][et_pb_column type=&#8221;4_4&#8243; module_class=&#8221;vertical-align&#8221; _builder_version=&#8221;4.16&#8243; _module_preset=&#8221;default&#8221; global_colors_info=&#8221;{}&#8221;][et_pb_image src=&#8221;https:\/\/whistlesystem.com\/wp-content\/uploads\/2022\/05\/ziik-logo.svg&#8221; title_text=&#8221;ziik-logo&#8221; align=&#8221;center&#8221; _builder_version=&#8221;4.16.0&#8243; _module_preset=&#8221;default&#8221; width=&#8221;110px&#8221; global_colors_info=&#8221;{}&#8221;][\/et_pb_image][et_pb_text _builder_version=&#8221;4.17.4&#8243; _module_preset=&#8221;default&#8221; text_orientation=&#8221;center&#8221; background_layout=&#8221;dark&#8221; custom_margin=&#8221;||0px||false|false&#8221; custom_padding=&#8221;||0px|||&#8221; global_colors_info=&#8221;{}&#8221;]<\/p>\n<h1 class=\"title-hero\">Integration med WhistleSystem<\/h1>\n<p>[\/et_pb_text][et_pb_text module_class=&#8221;intro&#8221; _builder_version=&#8221;4.17.4&#8243; _module_preset=&#8221;default&#8221; text_orientation=&#8221;center&#8221; background_layout=&#8221;dark&#8221; custom_margin=&#8221;||60px||false|false&#8221; global_colors_info=&#8221;{}&#8221;]S\u00e4kert, anv\u00e4ndarv\u00e4nligt och kompatibelt visselbl\u00e5sarsystem som levereras direkt i Ziik[\/et_pb_text][et_pb_button button_url=&#8221;\/sv\/&#8221; button_text=&#8221;L\u00e4s mer om WhistleSystem h\u00e4r&#8221; button_alignment=&#8221;center&#8221; _builder_version=&#8221;4.17.4&#8243; _module_preset=&#8221;default&#8221; global_colors_info=&#8221;{}&#8221;][\/et_pb_button][\/et_pb_column][\/et_pb_row][\/et_pb_section][et_pb_section fb_built=&#8221;1&#8243; _builder_version=&#8221;4.16.0&#8243; _module_preset=&#8221;default&#8221; background_color=&#8221;#FFFFFF&#8221; global_colors_info=&#8221;{}&#8221;][et_pb_row column_structure=&#8221;1_2,1_2&#8243; _builder_version=&#8221;4.16.0&#8243; _module_preset=&#8221;default&#8221; global_colors_info=&#8221;{}&#8221;][et_pb_column type=&#8221;1_2&#8243; _builder_version=&#8221;4.16.0&#8243; _module_preset=&#8221;default&#8221; global_colors_info=&#8221;{}&#8221;][et_pb_image src=&#8221;https:\/\/whistlesystem.com\/wp-content\/uploads\/2022\/05\/ziik.png&#8221; title_text=&#8221;ziik&#8221; align=&#8221;center&#8221; _builder_version=&#8221;4.16.0&#8243; _module_preset=&#8221;default&#8221; global_colors_info=&#8221;{}&#8221;][\/et_pb_image][\/et_pb_column][et_pb_column type=&#8221;1_2&#8243; _builder_version=&#8221;4.16.0&#8243; _module_preset=&#8221;default&#8221; global_colors_info=&#8221;{}&#8221;][et_pb_text _builder_version=&#8221;4.17.4&#8243; _module_preset=&#8221;default&#8221; global_colors_info=&#8221;{}&#8221;]<\/p>\n<h2>F\u00e5 WhistleSystem direkt i ert intran\u00e4t med <span><a href=\"https:\/\/da.ziik.io\/\">Ziik<\/a><\/span><\/h2>\n<p class=\"intro\">Ziik \u00e4r en allt-i-ett-plattform f\u00f6r kommunikation och informationsdelning. En ny utformning av intran\u00e4tet som med v\u00e5r integrering s\u00e4kerst\u00e4ller en enkel implementering av systemet f\u00f6r visselbl\u00e5sare.<\/p>\n<p>Samarbetet med Ziik betyder, att ni kan f\u00e5 ert system f\u00f6r visselbl\u00e5sare levererat direkt in p\u00e5 ert intran\u00e4t.  Det \u00e4r l\u00e4tt att informera medarbetarna om systemet direkt i Ziik. Det har aldrig varit enklare och mer anv\u00e4ndarv\u00e4nligt att dela information och implementera m\u00f6jligheten till visselbl\u00e5sning. Vi har gl\u00e4djen att meddela att vi har ordnat ett specialerbjudande s\u00e5 att v\u00e5ra kunder kan prova implementeringen i Ziik. L\u00e4s mer om implementeringen och avtalet nedan.[\/et_pb_text][\/et_pb_column][\/et_pb_row][\/et_pb_section][et_pb_section fb_built=&#8221;1&#8243; custom_padding_last_edited=&#8221;on|phone&#8221; _builder_version=&#8221;4.16.0&#8243; _module_preset=&#8221;default&#8221; background_color=&#8221;#F5F4F9&#8243; custom_padding=&#8221;50px||100px||false|false&#8221; custom_padding_tablet=&#8221;40px||110px||false|false&#8221; custom_padding_phone=&#8221;30px||80px||false|false&#8221; global_colors_info=&#8221;{}&#8221;][et_pb_row _builder_version=&#8221;4.16.0&#8243; _module_preset=&#8221;default&#8221; max_width=&#8221;900px&#8221; module_alignment=&#8221;center&#8221; custom_padding=&#8221;||0px|||&#8221; global_colors_info=&#8221;{}&#8221;][et_pb_column type=&#8221;4_4&#8243; _builder_version=&#8221;4.16.0&#8243; _module_preset=&#8221;default&#8221; global_colors_info=&#8221;{}&#8221;][et_pb_text _builder_version=&#8221;4.17.4&#8243; _module_preset=&#8221;default&#8221; text_orientation=&#8221;center&#8221; custom_margin=&#8221;||50px||false|false&#8221; global_colors_info=&#8221;{}&#8221;]<\/p>\n<h2>Fyll i formul\u00e4ret f\u00f6r att f\u00e5 ett samtal om WhistleSystem i Ziik<\/h2>\n<p>H\u00e4r kan du l\u00e4sa mer om integrationen, systemet och erbjudandet.[\/et_pb_text][et_pb_code _builder_version=&#8221;4.17.4&#8243; _module_preset=&#8221;default&#8221; hover_enabled=&#8221;0&#8243; global_colors_info=&#8221;{}&#8221; sticky_enabled=&#8221;0&#8243;]<script charset=\"utf-8\" type=\"text\/javascript\" src=\"\/\/js-eu1.hsforms.net\/forms\/v2.js\"><\/script><!-- [et_pb_line_break_holder] --><script><!-- [et_pb_line_break_holder] -->  hbspt.forms.create({<!-- [et_pb_line_break_holder] -->    region: \"eu1\",<!-- [et_pb_line_break_holder] -->    portalId: \"25264574\",<!-- [et_pb_line_break_holder] -->    formId: \"0f66fdfb-ae2a-4267-a6dd-c2f0f3d99b46\"<!-- [et_pb_line_break_holder] -->  });<!-- [et_pb_line_break_holder] --><\/script>[\/et_pb_code][\/et_pb_column][\/et_pb_row][\/et_pb_section]<\/p>\n","protected":false},"excerpt":{"rendered":"<p>Integration med WhistleSystemS\u00e4kert, anv\u00e4ndarv\u00e4nligt och kompatibelt visselbl\u00e5sarsystem som levereras direkt i ZiikF\u00e5 WhistleSystem direkt i ert intran\u00e4t med Ziik Ziik \u00e4r en allt-i-ett-plattform f\u00f6r kommunikation och informationsdelning. En ny utformning av intran\u00e4tet som med v\u00e5r integrering s\u00e4kerst\u00e4ller en enkel implementering av systemet f\u00f6r visselbl\u00e5sare. Samarbetet med Ziik betyder, att ni kan f\u00e5 ert system f\u00f6r visselbl\u00e5sare levererat direkt in p\u00e5 ert intran\u00e4t. Det \u00e4r l\u00e4tt att informera medarbetarna om systemet direkt i Ziik. Det har aldrig varit enklare och mer anv\u00e4ndarv\u00e4nligt att dela information och implementera m\u00f6jligheten till visselbl\u00e5sning. Vi har gl\u00e4djen att meddela att vi har ordnat ett specialerbjudande s\u00e5 att v\u00e5ra kunder kan prova implementeringen i Ziik. L\u00e4s mer om implementeringen och avtalet nedan.Fyll i formul\u00e4ret f\u00f6r att f\u00e5 ett samtal om WhistleSystem i Ziik H\u00e4r kan du l\u00e4sa mer om integrationen, systemet och erbjudandet.<\/p>\n","protected":false},"author":2,"featured_media":0,"parent":0,"menu_order":0,"comment_status":"closed","ping_status":"closed","template":"","meta":{"_et_pb_use_builder":"on","_et_pb_old_content":"","_et_gb_content_width":"","footnotes":""},"yoast_head":"<!-- This site is optimized with the Yoast SEO Premium plugin v24.0 (Yoast SEO v24.0) - https:\/\/yoast.com\/wordpress\/plugins\/seo\/ -->\n<title>Ziik integration med WhistleSystem - WhistleSystem<\/title>\n<meta name=\"robots\" content=\"noindex, nofollow\" \/>\n<meta property=\"og:locale\" content=\"sv_SE\" \/>\n<meta property=\"og:type\" content=\"article\" \/>\n<meta property=\"og:title\" content=\"Ziik integration med WhistleSystem\" \/>\n<meta property=\"og:description\" content=\"Integration med WhistleSystemS\u00e4kert, anv\u00e4ndarv\u00e4nligt och kompatibelt visselbl\u00e5sarsystem som levereras direkt i ZiikF\u00e5 WhistleSystem direkt i ert intran\u00e4t med Ziik Ziik \u00e4r en allt-i-ett-plattform f\u00f6r kommunikation och informationsdelning. En ny utformning av intran\u00e4tet som med v\u00e5r integrering s\u00e4kerst\u00e4ller en enkel implementering av systemet f\u00f6r visselbl\u00e5sare. Samarbetet med Ziik betyder, att ni kan f\u00e5 ert system f\u00f6r visselbl\u00e5sare levererat direkt in p\u00e5 ert intran\u00e4t. Det \u00e4r l\u00e4tt att informera medarbetarna om systemet direkt i Ziik. Det har aldrig varit enklare och mer anv\u00e4ndarv\u00e4nligt att dela information och implementera m\u00f6jligheten till visselbl\u00e5sning. Vi har gl\u00e4djen att meddela att vi har ordnat ett specialerbjudande s\u00e5 att v\u00e5ra kunder kan prova implementeringen i Ziik. L\u00e4s mer om implementeringen och avtalet nedan.Fyll i formul\u00e4ret f\u00f6r att f\u00e5 ett samtal om WhistleSystem i Ziik H\u00e4r kan du l\u00e4sa mer om integrationen, systemet och erbjudandet.\" \/>\n<meta property=\"og:url\" content=\"https:\/\/whistlesystem.com\/sv\/ziik\/\" \/>\n<meta property=\"og:site_name\" content=\"WhistleSystem\" \/>\n<meta property=\"article:modified_time\" content=\"2022-06-29T10:07:10+00:00\" \/>\n<meta property=\"og:image\" content=\"https:\/\/whistlesystem.com\/wp-content\/uploads\/2022\/08\/Social-image.png\" \/>\n\t<meta property=\"og:image:width\" content=\"1080\" \/>\n\t<meta property=\"og:image:height\" content=\"1350\" \/>\n\t<meta property=\"og:image:type\" content=\"image\/png\" \/>\n<meta name=\"twitter:card\" content=\"summary_large_image\" \/>\n<meta name=\"twitter:label1\" content=\"Ber\u00e4knad l\u00e4stid\" \/>\n\t<meta name=\"twitter:data1\" content=\"2 minuter\" \/>\n<script type=\"application\/ld+json\" class=\"yoast-schema-graph\">{\"@context\":\"https:\/\/schema.org\",\"@graph\":[{\"@type\":\"WebPage\",\"@id\":\"https:\/\/whistlesystem.com\/sv\/ziik\/\",\"url\":\"https:\/\/whistlesystem.com\/sv\/ziik\/\",\"name\":\"Ziik integration med WhistleSystem - WhistleSystem\",\"isPartOf\":{\"@id\":\"https:\/\/whistlesystem.com\/#website\"},\"datePublished\":\"2022-05-06T09:24:51+00:00\",\"dateModified\":\"2022-06-29T10:07:10+00:00\",\"breadcrumb\":{\"@id\":\"https:\/\/whistlesystem.com\/sv\/ziik\/#breadcrumb\"},\"inLanguage\":\"sv-SE\",\"potentialAction\":[{\"@type\":\"ReadAction\",\"target\":[\"https:\/\/whistlesystem.com\/sv\/ziik\/\"]}]},{\"@type\":\"BreadcrumbList\",\"@id\":\"https:\/\/whistlesystem.com\/sv\/ziik\/#breadcrumb\",\"itemListElement\":[{\"@type\":\"ListItem\",\"position\":1,\"name\":\"Hjem\",\"item\":\"https:\/\/whistlesystem.com\/sv\/\"},{\"@type\":\"ListItem\",\"position\":2,\"name\":\"Ziik integration med WhistleSystem\"}]},{\"@type\":\"WebSite\",\"@id\":\"https:\/\/whistlesystem.com\/#website\",\"url\":\"https:\/\/whistlesystem.com\/\",\"name\":\"WhistleSystem\",\"description\":\"WhistleSystem ApS - En sikker, simpel og compliant whistleblowerordning\",\"publisher\":{\"@id\":\"https:\/\/whistlesystem.com\/#organization\"},\"potentialAction\":[{\"@type\":\"SearchAction\",\"target\":{\"@type\":\"EntryPoint\",\"urlTemplate\":\"https:\/\/whistlesystem.com\/?s={search_term_string}\"},\"query-input\":{\"@type\":\"PropertyValueSpecification\",\"valueRequired\":true,\"valueName\":\"search_term_string\"}}],\"inLanguage\":\"sv-SE\"},{\"@type\":\"Organization\",\"@id\":\"https:\/\/whistlesystem.com\/#organization\",\"name\":\"WhistleSystem ApS\",\"url\":\"https:\/\/whistlesystem.com\/\",\"logo\":{\"@type\":\"ImageObject\",\"inLanguage\":\"sv-SE\",\"@id\":\"https:\/\/whistlesystem.com\/#\/schema\/logo\/image\/\",\"url\":\"https:\/\/whistlesystem.com\/wp-content\/uploads\/2022\/05\/whistle-logo-dark.svg\",\"contentUrl\":\"https:\/\/whistlesystem.com\/wp-content\/uploads\/2022\/05\/whistle-logo-dark.svg\",\"width\":\"1024\",\"height\":\"1024\",\"caption\":\"WhistleSystem ApS\"},\"image\":{\"@id\":\"https:\/\/whistlesystem.com\/#\/schema\/logo\/image\/\"}}]}<\/script>\n<!-- \/ Yoast SEO Premium plugin. -->","yoast_head_json":{"title":"Ziik integration med WhistleSystem - WhistleSystem","robots":{"index":"noindex","follow":"nofollow"},"og_locale":"sv_SE","og_type":"article","og_title":"Ziik integration med WhistleSystem","og_description":"Integration med WhistleSystemS\u00e4kert, anv\u00e4ndarv\u00e4nligt och kompatibelt visselbl\u00e5sarsystem som levereras direkt i ZiikF\u00e5 WhistleSystem direkt i ert intran\u00e4t med Ziik Ziik \u00e4r en allt-i-ett-plattform f\u00f6r kommunikation och informationsdelning. En ny utformning av intran\u00e4tet som med v\u00e5r integrering s\u00e4kerst\u00e4ller en enkel implementering av systemet f\u00f6r visselbl\u00e5sare. Samarbetet med Ziik betyder, att ni kan f\u00e5 ert system f\u00f6r visselbl\u00e5sare levererat direkt in p\u00e5 ert intran\u00e4t. Det \u00e4r l\u00e4tt att informera medarbetarna om systemet direkt i Ziik. Det har aldrig varit enklare och mer anv\u00e4ndarv\u00e4nligt att dela information och implementera m\u00f6jligheten till visselbl\u00e5sning. Vi har gl\u00e4djen att meddela att vi har ordnat ett specialerbjudande s\u00e5 att v\u00e5ra kunder kan prova implementeringen i Ziik. L\u00e4s mer om implementeringen och avtalet nedan.Fyll i formul\u00e4ret f\u00f6r att f\u00e5 ett samtal om WhistleSystem i Ziik H\u00e4r kan du l\u00e4sa mer om integrationen, systemet och erbjudandet.","og_url":"https:\/\/whistlesystem.com\/sv\/ziik\/","og_site_name":"WhistleSystem","article_modified_time":"2022-06-29T10:07:10+00:00","og_image":[{"width":1080,"height":1350,"url":"https:\/\/whistlesystem.com\/wp-content\/uploads\/2022\/08\/Social-image.png","type":"image\/png"}],"twitter_card":"summary_large_image","twitter_misc":{"Ber\u00e4knad l\u00e4stid":"2 minuter"},"schema":{"@context":"https:\/\/schema.org","@graph":[{"@type":"WebPage","@id":"https:\/\/whistlesystem.com\/sv\/ziik\/","url":"https:\/\/whistlesystem.com\/sv\/ziik\/","name":"Ziik integration med WhistleSystem - WhistleSystem","isPartOf":{"@id":"https:\/\/whistlesystem.com\/#website"},"datePublished":"2022-05-06T09:24:51+00:00","dateModified":"2022-06-29T10:07:10+00:00","breadcrumb":{"@id":"https:\/\/whistlesystem.com\/sv\/ziik\/#breadcrumb"},"inLanguage":"sv-SE","potentialAction":[{"@type":"ReadAction","target":["https:\/\/whistlesystem.com\/sv\/ziik\/"]}]},{"@type":"BreadcrumbList","@id":"https:\/\/whistlesystem.com\/sv\/ziik\/#breadcrumb","itemListElement":[{"@type":"ListItem","position":1,"name":"Hjem","item":"https:\/\/whistlesystem.com\/sv\/"},{"@type":"ListItem","position":2,"name":"Ziik integration med WhistleSystem"}]},{"@type":"WebSite","@id":"https:\/\/whistlesystem.com\/#website","url":"https:\/\/whistlesystem.com\/","name":"WhistleSystem","description":"WhistleSystem ApS - En sikker, simpel og compliant whistleblowerordning","publisher":{"@id":"https:\/\/whistlesystem.com\/#organization"},"potentialAction":[{"@type":"SearchAction","target":{"@type":"EntryPoint","urlTemplate":"https:\/\/whistlesystem.com\/?s={search_term_string}"},"query-input":{"@type":"PropertyValueSpecification","valueRequired":true,"valueName":"search_term_string"}}],"inLanguage":"sv-SE"},{"@type":"Organization","@id":"https:\/\/whistlesystem.com\/#organization","name":"WhistleSystem ApS","url":"https:\/\/whistlesystem.com\/","logo":{"@type":"ImageObject","inLanguage":"sv-SE","@id":"https:\/\/whistlesystem.com\/#\/schema\/logo\/image\/","url":"https:\/\/whistlesystem.com\/wp-content\/uploads\/2022\/05\/whistle-logo-dark.svg","contentUrl":"https:\/\/whistlesystem.com\/wp-content\/uploads\/2022\/05\/whistle-logo-dark.svg","width":"1024","height":"1024","caption":"WhistleSystem ApS"},"image":{"@id":"https:\/\/whistlesystem.com\/#\/schema\/logo\/image\/"}}]}},"_links":{"self":[{"href":"https:\/\/whistlesystem.com\/sv\/wp-json\/wp\/v2\/pages\/238369"}],"collection":[{"href":"https:\/\/whistlesystem.com\/sv\/wp-json\/wp\/v2\/pages"}],"about":[{"href":"https:\/\/whistlesystem.com\/sv\/wp-json\/wp\/v2\/types\/page"}],"author":[{"embeddable":true,"href":"https:\/\/whistlesystem.com\/sv\/wp-json\/wp\/v2\/users\/2"}],"replies":[{"embeddable":true,"href":"https:\/\/whistlesystem.com\/sv\/wp-json\/wp\/v2\/comments?post=238369"}],"version-history":[{"count":0,"href":"https:\/\/whistlesystem.com\/sv\/wp-json\/wp\/v2\/pages\/238369\/revisions"}],"wp:attachment":[{"href":"https:\/\/whistlesystem.com\/sv\/wp-json\/wp\/v2\/media?parent=238369"}],"curies":[{"name":"wp","href":"https:\/\/api.w.org\/{rel}","templated":true}]}}