{"id":238411,"date":"2022-06-10T09:20:04","date_gmt":"2022-06-10T09:20:04","guid":{"rendered":"https:\/\/whistlesystem.com\/bestilling-specialtilbud\/"},"modified":"2022-07-21T08:33:05","modified_gmt":"2022-07-21T08:33:05","slug":"specialerbjudande","status":"publish","type":"page","link":"https:\/\/whistlesystem.com\/sv\/specialerbjudande\/","title":{"rendered":"Best\u00e4llning Specialerbjudande"},"content":{"rendered":"\n[et_pb_section fb_built=&#8221;1&#8243; _builder_version=&#8221;4.16.0&#8243; _module_preset=&#8221;default&#8221; global_colors_info=&#8221;{}&#8221;][et_pb_row column_structure=&#8221;1_2,1_2&#8243; _builder_version=&#8221;4.16.0&#8243; _module_preset=&#8221;default&#8221; custom_padding=&#8221;||0px|||&#8221; global_colors_info=&#8221;{}&#8221;][et_pb_column type=&#8221;1_2&#8243; _builder_version=&#8221;4.16.0&#8243; _module_preset=&#8221;default&#8221; hover_enabled=&#8221;0&#8243; global_colors_info=&#8221;{}&#8221; sticky_enabled=&#8221;0&#8243;][et_pb_text module_class=&#8221;intro&#8221; _builder_version=&#8221;4.17.4&#8243; _module_preset=&#8221;default&#8221; hover_enabled=&#8221;0&#8243; global_colors_info=&#8221;{}&#8221; sticky_enabled=&#8221;0&#8243;]<h1 class=\"preheader\">Best\u00e4llning av specialerbjudanden<\/h1>\n<p class=\"title-hero\">Skaffa Ert WhistleSystem<\/p>\n<p class=\"weight-text section__subtitle center\">Fyll i formul\u00e4ret med referensnumret<br \/>fr\u00e5n ditt erbjudande att anv\u00e4nda erbjudandet.<\/p>\n<div><\/div>[\/et_pb_text][et_pb_code _builder_version=&#8221;4.17.4&#8243; _module_preset=&#8221;default&#8221; hover_enabled=&#8221;0&#8243; global_colors_info=&#8221;{}&#8221; sticky_enabled=&#8221;0&#8243;]<script charset=\"utf-8\" type=\"text\/javascript\" src=\"\/\/js-eu1.hsforms.net\/forms\/v2.js\"><\/script><!-- [et_pb_line_break_holder] --><script><!-- [et_pb_line_break_holder] -->  hbspt.forms.create({<!-- [et_pb_line_break_holder] -->    region: \"eu1\",<!-- [et_pb_line_break_holder] -->    portalId: \"25264574\",<!-- [et_pb_line_break_holder] -->    formId: \"79879fce-4870-401d-8dda-4b86c691fb65\"<!-- [et_pb_line_break_holder] -->  });<!-- [et_pb_line_break_holder] --><\/script>[\/et_pb_code][\/et_pb_column][et_pb_column type=&#8221;1_2&#8243; _builder_version=&#8221;4.16.0&#8243; _module_preset=&#8221;default&#8221; global_colors_info=&#8221;{}&#8221;][et_pb_code _builder_version=&#8221;4.16.0&#8243; _module_preset=&#8221;default&#8221; global_colors_info=&#8221;{}&#8221;]<iframe src=\"https:\/\/www.videoask.com\/fxmxmlg9r\"<!-- [et_pb_line_break_holder] -->allow=&#8221;camera *; microphone *; autoplay *; encrypted-media *; fullscreen *; display-capture *;&#8221;<!-- [et_pb_line_break_holder] -->width=&#8221;100%&#8221;<!-- [et_pb_line_break_holder] -->height=&#8221;650px&#8221;<!-- [et_pb_line_break_holder] -->style=&#8221;border: none; border-radius: 24px&#8221;<!-- [et_pb_line_break_holder] -->><!-- [et_pb_line_break_holder] --><\/iframe>[\/et_pb_code][\/et_pb_column][\/et_pb_row][\/et_pb_section][et_pb_section fb_built=&#8221;1&#8243; module_class=&#8221;kundeudtalelser&#8221; _builder_version=&#8221;4.16&#8243; _module_preset=&#8221;default&#8221; background_color=&#8221;#F5F4F9&#8243; background_color_gradient_direction=&#8221;90deg&#8221; background_color_gradient_start=&#8221;#f5e9dc&#8221; background_color_gradient_end=&#8221;#f6f1ec&#8221; global_module=&#8221;235204&#8243; saved_tabs=&#8221;all&#8221; global_colors_info=&#8221;{}&#8221;][et_pb_row column_structure=&#8221;1_2,1_2&#8243; module_class=&#8221;cases&#8221; _builder_version=&#8221;4.16&#8243; _module_preset=&#8221;default&#8221; custom_padding=&#8221;||10px||false|false&#8221; animation_intensity_slide=&#8221;2%&#8221; global_colors_info=&#8221;{}&#8221;][et_pb_column type=&#8221;1_2&#8243; _builder_version=&#8221;4.16&#8243; _module_preset=&#8221;default&#8221; global_colors_info=&#8221;{}&#8221;][et_pb_text module_class=&#8221;title-big&#8221; _builder_version=&#8221;4.17.4&#8243; _module_preset=&#8221;default&#8221; custom_margin=&#8221;||0px||false|false&#8221; custom_padding=&#8221;||0px||false|false&#8221; global_colors_info=&#8221;{}&#8221;]<p class=\"preheader\">KUNDERNA HAR ORDET<\/p>\n<h2>Utformat f\u00f6r era behov<\/h2>[\/et_pb_text][\/et_pb_column][et_pb_column type=&#8221;1_2&#8243; _builder_version=&#8221;4.16&#8243; _module_preset=&#8221;default&#8221; global_colors_info=&#8221;{}&#8221;][\/et_pb_column][\/et_pb_row][et_pb_row _builder_version=&#8221;4.16&#8243; _module_preset=&#8221;default&#8221; custom_margin=&#8221;10px||||false|false&#8221; custom_padding=&#8221;0px||0px|||&#8221; animation_intensity_slide=&#8221;2%&#8221; global_colors_info=&#8221;{}&#8221;][et_pb_column type=&#8221;4_4&#8243; _builder_version=&#8221;4.16&#8243; _module_preset=&#8221;default&#8221; global_colors_info=&#8221;{}&#8221;][dsm_card_carousel slide_to_show=&#8221;2&#8243; autoplay=&#8221;off&#8221; space_between=&#8221;34&#8243; arrow_size=&#8221;30px&#8221; dots_active_color=&#8221;#4B22DD&#8221; slide_to_show_tablet=&#8221;&#8221; slide_to_show_phone=&#8221;1&#8243; slide_to_show_last_edited=&#8221;on|phone&#8221; _builder_version=&#8221;4.16&#8243; _module_preset=&#8221;default&#8221; global_colors_info=&#8221;{}&#8221;][dsm_card_carousel_child title=&#8221;Kristian Skov Petersen&#8221; subtitle=&#8221;Ejerleder i Viggo Petersens EFTF&#8221; image=&#8221;https:\/\/whistlesystem.com\/wp-content\/uploads\/2022\/03\/5-stjerner-purple.png&#8221; image_as_background=&#8221;off&#8221; image_alignment=&#8221;left&#8221; content_padding=&#8221;|40px|40px|40px|false|false&#8221; button_url_new_window=&#8221;1&#8243; _builder_version=&#8221;4.16&#8243; _module_preset=&#8221;default&#8221; background_color=&#8221;#FFFFFF&#8221; background_enable_color=&#8221;on&#8221; border_radii=&#8221;on|8px|8px|8px|8px&#8221; border_radii_image=&#8221;on|0px|0px|0px|0px&#8221; box_shadow_style=&#8221;preset1&#8243; box_shadow_color=&#8221;rgba(0,0,0,0.1)&#8221; global_colors_info=&#8221;{}&#8221; parent_button=&#8221;off&#8221; parent_header_level=&#8221;h4&#8243;]Vi ledte efter et alternativ til en dyr l\u00f8sning vi var blevet tilbudt. Vi valgte WhistleSystem, da systemet opfyldte vores krav med et helt andet prism\u00e6rke.[\/dsm_card_carousel_child][dsm_card_carousel_child title=&#8221;Kim Eriksen&#8221; subtitle=&#8221;CEO i ParsePort&#8221; image=&#8221;https:\/\/whistlesystem.com\/wp-content\/uploads\/2022\/03\/5-stjerner-purple.png&#8221; image_as_background=&#8221;off&#8221; image_alignment=&#8221;left&#8221; content_padding=&#8221;|40px|40px|40px|false|false&#8221; button_url_new_window=&#8221;1&#8243; _builder_version=&#8221;4.16&#8243; _module_preset=&#8221;default&#8221; background_color=&#8221;#FFFFFF&#8221; background_enable_color=&#8221;on&#8221; border_radii=&#8221;on|8px|8px|8px|8px&#8221; border_radii_image=&#8221;on|0px|0px|0px|0px&#8221; box_shadow_style=&#8221;preset1&#8243; box_shadow_color=&#8221;rgba(0,0,0,0.1)&#8221; global_colors_info=&#8221;{}&#8221; parent_button=&#8221;off&#8221; parent_header_level=&#8221;h4&#8243;]WhistleSystem g\u00f8r at vi selv har kontrol over anmeldelserne. Samtidig var vores IT-chef tilfreds med sikkerhedsniveauet.<\/p>[\/dsm_card_carousel_child][dsm_card_carousel_child title=&#8221; Peter Flensted&#8221; subtitle=&#8221;Direkt\u00f8r i Flyers ApS&#8221; image=&#8221;https:\/\/whistlesystem.com\/wp-content\/uploads\/2022\/03\/5-stjerner-purple.png&#8221; image_as_background=&#8221;off&#8221; image_alignment=&#8221;left&#8221; content_padding=&#8221;|40px|40px|40px|false|false&#8221; button_url_new_window=&#8221;1&#8243; _builder_version=&#8221;4.16&#8243; _module_preset=&#8221;default&#8221; background_color=&#8221;#FFFFFF&#8221; background_enable_color=&#8221;on&#8221; border_radii=&#8221;on|8px|8px|8px|8px&#8221; border_radii_image=&#8221;on|0px|0px|0px|0px&#8221; box_shadow_style=&#8221;preset1&#8243; box_shadow_color=&#8221;rgba(0,0,0,0.1)&#8221; global_colors_info=&#8221;{}&#8221; parent_button=&#8221;off&#8221; parent_header_level=&#8221;h4&#8243;]Vi kiggede p\u00e5 flere forskellige l\u00f8sninger, men valgte at g\u00e5 med WhistleSystem, fordi systemet er enkelt og lige til.<\/p>[\/dsm_card_carousel_child][\/dsm_card_carousel][\/et_pb_column][\/et_pb_row][\/et_pb_section]\n","protected":false},"excerpt":{"rendered":"<p>Best\u00e4llning av specialerbjudanden Skaffa Ert WhistleSystem Fyll i formul\u00e4ret med referensnumretfr\u00e5n ditt erbjudande att anv\u00e4nda erbjudandet. KUNDERNA HAR ORDET Utformat f\u00f6r era behov<div class=\"et_pb_module dsm_card_carousel dsm_card_carousel_0 dsm_card_carousel_layout_stacked  dsm_card_carousel_arrow_outside dsm_card_carousel_arrow_mobile_inside\">\n\t\t\t\t\n\t\t\t\t\n\t\t\t\t\n\t\t\t\t\n\t\t\t\t\n\t\t\t\t\n\t\t\t\t<div class=\"et_pb_module_inner\">\n\t\t\t\t\t\n\t\t\t\n\t\t\t<div class=\"swiper-container dsm_card_carousel_wrapper\" dir=\"ltr\" data-params=\"[{&quot;direction&quot;:&quot;horizontal&quot;,&quot;effect&quot;:&quot;default&quot;,&quot;slider_effect_shadows&quot;:false,&quot;slider_effect_coverflow_rotate&quot;:&quot;30&quot;,&quot;slider_effect_coverflow_depth&quot;:&quot;0&quot;,&quot;loop&quot;:true,&quot;slide_to_show&quot;:&quot;2&quot;,&quot;slide_to_show_tablet&quot;:&quot;1&quot;,&quot;slide_to_show_phone&quot;:&quot;1&quot;,&quot;slide_to_scroll&quot;:&quot;1&quot;,&quot;slide_to_scroll_tablet&quot;:&quot;1&quot;,&quot;slide_to_scroll_phone&quot;:&quot;1&quot;,&quot;space_between&quot;:&quot;34&quot;,&quot;space_between_tablet&quot;:&quot;34&quot;,&quot;space_between_phone&quot;:&quot;34&quot;,&quot;centered_slides&quot;:false,&quot;slide_row&quot;:&quot;1&quot;,&quot;slide_row_tablet&quot;:&quot;1&quot;,&quot;slide_row_phone&quot;:&quot;1&quot;,&quot;speed&quot;:&quot;300&quot;,&quot;autoplay&quot;:false,&quot;autoplay_speed&quot;:&quot;3000&quot;,&quot;autoplay_viewport&quot;:&quot;&quot;,&quot;touch_move&quot;:true,&quot;grab&quot;:true,&quot;pause_on_hover&quot;:false,&quot;mousewheel&quot;:false,&quot;auto_height&quot;:true,&quot;equal_height_tablet&quot;:true,&quot;equal_height_phone&quot;:true}]\">\n\t\t\t<div class=\"swiper-wrapper\"><div class=\"dsm_card_carousel_child dsm_card_carousel_child_0 swiper-slide\">\n\t\t\t\t\n\t\t\t\t\n\t\t\t\t\n\t\t\t\t\n\t\t\t\t\n\t\t\t\t\n\t\t\t\t<div class=\"et_pb_module_inner\">\n\t\t\t\t\t\n\t\t\t\n\t\t\t<figure class=\"dsm_card_carousel_child_image_wrapper dsm_card_carousel_child_badge_top_right\"><img decoding=\"async\" src=\"https:\/\/whistlesystem.com\/wp-content\/uploads\/2022\/03\/5-stjerner-purple.png\" alt=\"\" srcset=\"https:\/\/whistlesystem.com\/wp-content\/uploads\/2022\/03\/5-stjerner-purple.png 320w, https:\/\/whistlesystem.com\/wp-content\/uploads\/2022\/03\/5-stjerner-purple-300x53.png 300w\" sizes=\"(max-width: 320px) 100vw, 320px\" class=\"dsm_card_carousel_child_img  dsm_card_carousel_image_stretch skip-lazy\" \/><\/figure>\n\t\t\t<div class=\"dsm_card_wrapper et_pb_text_align_left et_pb_bg_layout_light\">\n\t\t\t\t\t<h4 class=\"dsm_card_title et_pb_module_header\">Kristian Skov Petersen<\/h4>\n\t\t\t\t\t<div class=\"dsm_card_carousel_child_subtitle\">Ejerleder i Viggo Petersens EFTF<\/div>\n\t\t\t\t\t<div class=\"dsm_card_carousel_child_description\">Vi ledte efter et alternativ til en dyr l\u00f8sning vi var blevet tilbudt. Vi valgte WhistleSystem, da systemet opfyldte vores krav med et helt andet prism\u00e6rke.<\/div>\n\t\t\t\t\t\n\t\t\t\t<\/div>\n\t\t\t\t<\/div>\n\t\t\t<\/div><div class=\"dsm_card_carousel_child dsm_card_carousel_child_1 swiper-slide\">\n\t\t\t\t\n\t\t\t\t\n\t\t\t\t\n\t\t\t\t\n\t\t\t\t\n\t\t\t\t\n\t\t\t\t<div class=\"et_pb_module_inner\">\n\t\t\t\t\t\n\t\t\t\n\t\t\t<figure class=\"dsm_card_carousel_child_image_wrapper dsm_card_carousel_child_badge_top_right\"><img decoding=\"async\" src=\"https:\/\/whistlesystem.com\/wp-content\/uploads\/2022\/03\/5-stjerner-purple.png\" alt=\"\" srcset=\"https:\/\/whistlesystem.com\/wp-content\/uploads\/2022\/03\/5-stjerner-purple.png 320w, https:\/\/whistlesystem.com\/wp-content\/uploads\/2022\/03\/5-stjerner-purple-300x53.png 300w\" sizes=\"(max-width: 320px) 100vw, 320px\" class=\"dsm_card_carousel_child_img  dsm_card_carousel_image_stretch skip-lazy\" \/><\/figure>\n\t\t\t<div class=\"dsm_card_wrapper et_pb_text_align_left et_pb_bg_layout_light\">\n\t\t\t\t\t<h4 class=\"dsm_card_title et_pb_module_header\">Kim Eriksen<\/h4>\n\t\t\t\t\t<div class=\"dsm_card_carousel_child_subtitle\">CEO i ParsePort<\/div>\n\t\t\t\t\t<div class=\"dsm_card_carousel_child_description\">WhistleSystem g\u00f8r at vi selv har kontrol over anmeldelserne. Samtidig var vores IT-chef tilfreds med sikkerhedsniveauet.<\/div>\n\t\t\t\t\t\n\t\t\t\t<\/div>\n\t\t\t\t<\/div>\n\t\t\t<\/div><div class=\"dsm_card_carousel_child dsm_card_carousel_child_2 swiper-slide\">\n\t\t\t\t\n\t\t\t\t\n\t\t\t\t\n\t\t\t\t\n\t\t\t\t\n\t\t\t\t\n\t\t\t\t<div class=\"et_pb_module_inner\">\n\t\t\t\t\t\n\t\t\t\n\t\t\t<figure class=\"dsm_card_carousel_child_image_wrapper dsm_card_carousel_child_badge_top_right\"><img decoding=\"async\" src=\"https:\/\/whistlesystem.com\/wp-content\/uploads\/2022\/03\/5-stjerner-purple.png\" alt=\"\" srcset=\"https:\/\/whistlesystem.com\/wp-content\/uploads\/2022\/03\/5-stjerner-purple.png 320w, https:\/\/whistlesystem.com\/wp-content\/uploads\/2022\/03\/5-stjerner-purple-300x53.png 300w\" sizes=\"(max-width: 320px) 100vw, 320px\" class=\"dsm_card_carousel_child_img  dsm_card_carousel_image_stretch skip-lazy\" \/><\/figure>\n\t\t\t<div class=\"dsm_card_wrapper et_pb_text_align_left et_pb_bg_layout_light\">\n\t\t\t\t\t<h4 class=\"dsm_card_title et_pb_module_header\"> Peter Flensted<\/h4>\n\t\t\t\t\t<div class=\"dsm_card_carousel_child_subtitle\">Direkt\u00f8r i Flyers ApS<\/div>\n\t\t\t\t\t<div class=\"dsm_card_carousel_child_description\">Vi kiggede p\u00e5 flere forskellige l\u00f8sninger, men valgte at g\u00e5 med WhistleSystem, fordi systemet er enkelt og lige til.<\/div>\n\t\t\t\t\t\n\t\t\t\t<\/div>\n\t\t\t\t<\/div>\n\t\t\t<\/div><\/div>\n\t\t\t<\/div><div class=\"swiper-button-prev dsm_card_carousel_arrow\" data-icon=\"4\"><\/div><div class=\"swiper-button-next dsm_card_carousel_arrow\" data-icon=\"5\"><\/div><div class=\"swiper-pagination dsm_card_carousel_pagination\"><\/div>\n\t\t\t\t<\/div>\n\t\t\t<\/div><\/p>\n","protected":false},"author":4,"featured_media":0,"parent":0,"menu_order":0,"comment_status":"closed","ping_status":"closed","template":"","meta":{"_et_pb_use_builder":"on","_et_pb_old_content":"","_et_gb_content_width":"","footnotes":""},"yoast_head":"<!-- This site is optimized with the Yoast SEO Premium plugin v24.0 (Yoast SEO v24.0) - https:\/\/yoast.com\/wordpress\/plugins\/seo\/ -->\n<title>Best\u00e4llning Specialerbjudande - WhistleSystem<\/title>\n<meta name=\"robots\" content=\"index, follow, max-snippet:-1, max-image-preview:large, max-video-preview:-1\" \/>\n<link rel=\"canonical\" href=\"https:\/\/whistlesystem.com\/sv\/specialerbjudande\/\" \/>\n<meta property=\"og:locale\" content=\"sv_SE\" \/>\n<meta property=\"og:type\" content=\"article\" \/>\n<meta property=\"og:title\" content=\"Best\u00e4llning Specialerbjudande\" \/>\n<meta property=\"og:description\" content=\"Best\u00e4llning av specialerbjudanden Skaffa Ert WhistleSystem Fyll i formul\u00e4ret med referensnumretfr\u00e5n ditt erbjudande att anv\u00e4nda erbjudandet. KUNDERNA HAR ORDET Utformat f\u00f6r era behov\" \/>\n<meta property=\"og:url\" content=\"https:\/\/whistlesystem.com\/sv\/specialerbjudande\/\" \/>\n<meta property=\"og:site_name\" content=\"WhistleSystem\" \/>\n<meta property=\"article:modified_time\" content=\"2022-07-21T08:33:05+00:00\" \/>\n<meta property=\"og:image\" content=\"https:\/\/whistlesystem.com\/wp-content\/uploads\/2022\/08\/Social-image.png\" \/>\n\t<meta property=\"og:image:width\" content=\"1080\" \/>\n\t<meta property=\"og:image:height\" content=\"1350\" \/>\n\t<meta property=\"og:image:type\" content=\"image\/png\" \/>\n<meta name=\"twitter:card\" content=\"summary_large_image\" \/>\n<meta name=\"twitter:label1\" content=\"Ber\u00e4knad l\u00e4stid\" \/>\n\t<meta name=\"twitter:data1\" content=\"2 minuter\" \/>\n<script type=\"application\/ld+json\" class=\"yoast-schema-graph\">{\"@context\":\"https:\/\/schema.org\",\"@graph\":[{\"@type\":\"WebPage\",\"@id\":\"https:\/\/whistlesystem.com\/sv\/specialerbjudande\/\",\"url\":\"https:\/\/whistlesystem.com\/sv\/specialerbjudande\/\",\"name\":\"Best\u00e4llning Specialerbjudande - WhistleSystem\",\"isPartOf\":{\"@id\":\"https:\/\/whistlesystem.com\/#website\"},\"datePublished\":\"2022-06-10T09:20:04+00:00\",\"dateModified\":\"2022-07-21T08:33:05+00:00\",\"breadcrumb\":{\"@id\":\"https:\/\/whistlesystem.com\/sv\/specialerbjudande\/#breadcrumb\"},\"inLanguage\":\"sv-SE\",\"potentialAction\":[{\"@type\":\"ReadAction\",\"target\":[\"https:\/\/whistlesystem.com\/sv\/specialerbjudande\/\"]}]},{\"@type\":\"BreadcrumbList\",\"@id\":\"https:\/\/whistlesystem.com\/sv\/specialerbjudande\/#breadcrumb\",\"itemListElement\":[{\"@type\":\"ListItem\",\"position\":1,\"name\":\"Hjem\",\"item\":\"https:\/\/whistlesystem.com\/sv\/\"},{\"@type\":\"ListItem\",\"position\":2,\"name\":\"Best\u00e4llning Specialerbjudande\"}]},{\"@type\":\"WebSite\",\"@id\":\"https:\/\/whistlesystem.com\/#website\",\"url\":\"https:\/\/whistlesystem.com\/\",\"name\":\"WhistleSystem\",\"description\":\"WhistleSystem ApS - En sikker, simpel og compliant whistleblowerordning\",\"publisher\":{\"@id\":\"https:\/\/whistlesystem.com\/#organization\"},\"potentialAction\":[{\"@type\":\"SearchAction\",\"target\":{\"@type\":\"EntryPoint\",\"urlTemplate\":\"https:\/\/whistlesystem.com\/?s={search_term_string}\"},\"query-input\":{\"@type\":\"PropertyValueSpecification\",\"valueRequired\":true,\"valueName\":\"search_term_string\"}}],\"inLanguage\":\"sv-SE\"},{\"@type\":\"Organization\",\"@id\":\"https:\/\/whistlesystem.com\/#organization\",\"name\":\"WhistleSystem ApS\",\"url\":\"https:\/\/whistlesystem.com\/\",\"logo\":{\"@type\":\"ImageObject\",\"inLanguage\":\"sv-SE\",\"@id\":\"https:\/\/whistlesystem.com\/#\/schema\/logo\/image\/\",\"url\":\"https:\/\/whistlesystem.com\/wp-content\/uploads\/2022\/05\/whistle-logo-dark.svg\",\"contentUrl\":\"https:\/\/whistlesystem.com\/wp-content\/uploads\/2022\/05\/whistle-logo-dark.svg\",\"width\":\"1024\",\"height\":\"1024\",\"caption\":\"WhistleSystem ApS\"},\"image\":{\"@id\":\"https:\/\/whistlesystem.com\/#\/schema\/logo\/image\/\"}}]}<\/script>\n<!-- \/ Yoast SEO Premium plugin. -->","yoast_head_json":{"title":"Best\u00e4llning Specialerbjudande - WhistleSystem","robots":{"index":"index","follow":"follow","max-snippet":"max-snippet:-1","max-image-preview":"max-image-preview:large","max-video-preview":"max-video-preview:-1"},"canonical":"https:\/\/whistlesystem.com\/sv\/specialerbjudande\/","og_locale":"sv_SE","og_type":"article","og_title":"Best\u00e4llning Specialerbjudande","og_description":"Best\u00e4llning av specialerbjudanden Skaffa Ert WhistleSystem Fyll i formul\u00e4ret med referensnumretfr\u00e5n ditt erbjudande att anv\u00e4nda erbjudandet. KUNDERNA HAR ORDET Utformat f\u00f6r era behov","og_url":"https:\/\/whistlesystem.com\/sv\/specialerbjudande\/","og_site_name":"WhistleSystem","article_modified_time":"2022-07-21T08:33:05+00:00","og_image":[{"width":1080,"height":1350,"url":"https:\/\/whistlesystem.com\/wp-content\/uploads\/2022\/08\/Social-image.png","type":"image\/png"}],"twitter_card":"summary_large_image","twitter_misc":{"Ber\u00e4knad l\u00e4stid":"2 minuter"},"schema":{"@context":"https:\/\/schema.org","@graph":[{"@type":"WebPage","@id":"https:\/\/whistlesystem.com\/sv\/specialerbjudande\/","url":"https:\/\/whistlesystem.com\/sv\/specialerbjudande\/","name":"Best\u00e4llning Specialerbjudande - WhistleSystem","isPartOf":{"@id":"https:\/\/whistlesystem.com\/#website"},"datePublished":"2022-06-10T09:20:04+00:00","dateModified":"2022-07-21T08:33:05+00:00","breadcrumb":{"@id":"https:\/\/whistlesystem.com\/sv\/specialerbjudande\/#breadcrumb"},"inLanguage":"sv-SE","potentialAction":[{"@type":"ReadAction","target":["https:\/\/whistlesystem.com\/sv\/specialerbjudande\/"]}]},{"@type":"BreadcrumbList","@id":"https:\/\/whistlesystem.com\/sv\/specialerbjudande\/#breadcrumb","itemListElement":[{"@type":"ListItem","position":1,"name":"Hjem","item":"https:\/\/whistlesystem.com\/sv\/"},{"@type":"ListItem","position":2,"name":"Best\u00e4llning Specialerbjudande"}]},{"@type":"WebSite","@id":"https:\/\/whistlesystem.com\/#website","url":"https:\/\/whistlesystem.com\/","name":"WhistleSystem","description":"WhistleSystem ApS - En sikker, simpel og compliant whistleblowerordning","publisher":{"@id":"https:\/\/whistlesystem.com\/#organization"},"potentialAction":[{"@type":"SearchAction","target":{"@type":"EntryPoint","urlTemplate":"https:\/\/whistlesystem.com\/?s={search_term_string}"},"query-input":{"@type":"PropertyValueSpecification","valueRequired":true,"valueName":"search_term_string"}}],"inLanguage":"sv-SE"},{"@type":"Organization","@id":"https:\/\/whistlesystem.com\/#organization","name":"WhistleSystem ApS","url":"https:\/\/whistlesystem.com\/","logo":{"@type":"ImageObject","inLanguage":"sv-SE","@id":"https:\/\/whistlesystem.com\/#\/schema\/logo\/image\/","url":"https:\/\/whistlesystem.com\/wp-content\/uploads\/2022\/05\/whistle-logo-dark.svg","contentUrl":"https:\/\/whistlesystem.com\/wp-content\/uploads\/2022\/05\/whistle-logo-dark.svg","width":"1024","height":"1024","caption":"WhistleSystem ApS"},"image":{"@id":"https:\/\/whistlesystem.com\/#\/schema\/logo\/image\/"}}]}},"_links":{"self":[{"href":"https:\/\/whistlesystem.com\/sv\/wp-json\/wp\/v2\/pages\/238411"}],"collection":[{"href":"https:\/\/whistlesystem.com\/sv\/wp-json\/wp\/v2\/pages"}],"about":[{"href":"https:\/\/whistlesystem.com\/sv\/wp-json\/wp\/v2\/types\/page"}],"author":[{"embeddable":true,"href":"https:\/\/whistlesystem.com\/sv\/wp-json\/wp\/v2\/users\/4"}],"replies":[{"embeddable":true,"href":"https:\/\/whistlesystem.com\/sv\/wp-json\/wp\/v2\/comments?post=238411"}],"version-history":[{"count":0,"href":"https:\/\/whistlesystem.com\/sv\/wp-json\/wp\/v2\/pages\/238411\/revisions"}],"wp:attachment":[{"href":"https:\/\/whistlesystem.com\/sv\/wp-json\/wp\/v2\/media?parent=238411"}],"curies":[{"name":"wp","href":"https:\/\/api.w.org\/{rel}","templated":true}]}}